

{"id":1708,"date":"2023-01-10T07:08:35","date_gmt":"2023-01-10T10:08:35","guid":{"rendered":"http:\/\/pm.go.gov.demo\/?page_id=1708"},"modified":"2025-05-20T16:49:32","modified_gmt":"2025-05-20T19:49:32","slug":"obras-paralisadas","status":"publish","type":"page","link":"https:\/\/goias.gov.br\/policiamilitar\/acesso-a-informacao__trashed\/obras-paralisadas\/","title":{"rendered":"Obras Paralisadas"},"content":{"rendered":"<p><a href=\"https:\/\/goias.gov.br\/policiamilitar\/\" rel=\"home\" title=\"In\u00edcio\">In\u00edcio<\/a><br \/>\n\t\t\tPublicado em: 10\/01\/2023<br \/>\n\t\t\tAtualizado em: 20\/05\/2025\t\t<\/p>\n<p>A Pol\u00edcia Militar do Estado de Goi\u00e1s informa que n\u00e3o possui obras paralisadas no \u00e2mbito desta Institui\u00e7\u00e3o.<\/p>\n","protected":false},"excerpt":{"rendered":"<p>In\u00edcio Publicado em: 10\/01\/2023 Atualizado em: 20\/05\/2025 A Pol\u00edcia Militar do Estado de Goi\u00e1s informa que n\u00e3o possui obras paralisadas no \u00e2mbito desta Institui\u00e7\u00e3o.<\/p>\n","protected":false},"author":2,"featured_media":0,"parent":1132,"menu_order":0,"comment_status":"closed","ping_status":"closed","template":"","meta":{"footnotes":""},"class_list":["post-1708","page","type-page","status-publish","hentry"],"rttpg_featured_image_url":null,"rttpg_author":{"display_name":"rogerioduarte","author_link":"https:\/\/goias.gov.br\/policiamilitar\/author\/rogerioduarte\/"},"rttpg_comment":0,"rttpg_category":null,"rttpg_excerpt":"In\u00edcio Publicado em: 10\/01\/2023 Atualizado em: 20\/05\/2025 A Pol\u00edcia Militar do Estado de Goi\u00e1s informa que n\u00e3o possui obras paralisadas no \u00e2mbito desta Institui\u00e7\u00e3o.","_links":{"self":[{"href":"https:\/\/goias.gov.br\/policiamilitar\/wp-json\/wp\/v2\/pages\/1708","targetHints":{"allow":["GET"]}}],"collection":[{"href":"https:\/\/goias.gov.br\/policiamilitar\/wp-json\/wp\/v2\/pages"}],"about":[{"href":"https:\/\/goias.gov.br\/policiamilitar\/wp-json\/wp\/v2\/types\/page"}],"author":[{"embeddable":true,"href":"https:\/\/goias.gov.br\/policiamilitar\/wp-json\/wp\/v2\/users\/2"}],"replies":[{"embeddable":true,"href":"https:\/\/goias.gov.br\/policiamilitar\/wp-json\/wp\/v2\/comments?post=1708"}],"version-history":[{"count":45,"href":"https:\/\/goias.gov.br\/policiamilitar\/wp-json\/wp\/v2\/pages\/1708\/revisions"}],"predecessor-version":[{"id":91095,"href":"https:\/\/goias.gov.br\/policiamilitar\/wp-json\/wp\/v2\/pages\/1708\/revisions\/91095"}],"up":[{"embeddable":true,"href":"https:\/\/goias.gov.br\/policiamilitar\/wp-json\/wp\/v2\/pages\/1132"}],"wp:attachment":[{"href":"https:\/\/goias.gov.br\/policiamilitar\/wp-json\/wp\/v2\/media?parent=1708"}],"curies":[{"name":"wp","href":"https:\/\/api.w.org\/{rel}","templated":true}]}}