

{"id":1657,"date":"2023-01-10T06:04:03","date_gmt":"2023-01-10T09:04:03","guid":{"rendered":"http:\/\/pm.go.gov.demo\/?page_id=1657"},"modified":"2023-01-10T06:04:03","modified_gmt":"2023-01-10T09:04:03","slug":"bens-moveis","status":"publish","type":"page","link":"https:\/\/goias.gov.br\/policiamilitar\/acesso-a-informacao__trashed\/bens-moveis\/","title":{"rendered":"Bens M\u00f3veis"},"content":{"rendered":"<p><a href=\"http:\/\/pm.go.gov.demo\/\" rel=\"home\" title=\"In\u00edcio\">In\u00edcio<\/a><\/p>\n<style>\/*! elementor - v3.10.0 - 09-01-2023 *\/\n.elementor-heading-title{padding:0;margin:0;line-height:1}.elementor-widget-heading .elementor-heading-title[class*=elementor-size-]>a{color:inherit;font-size:inherit;line-height:inherit}.elementor-widget-heading .elementor-heading-title.elementor-size-small{font-size:15px}.elementor-widget-heading .elementor-heading-title.elementor-size-medium{font-size:19px}.elementor-widget-heading .elementor-heading-title.elementor-size-large{font-size:29px}.elementor-widget-heading .elementor-heading-title.elementor-size-xl{font-size:39px}.elementor-widget-heading .elementor-heading-title.elementor-size-xxl{font-size:59px}<\/style>\n<h2>Bens M\u00f3veis<\/h2>\n<link rel=\"stylesheet\" href=\"http:\/\/pm.go.gov.demo\/wp-content\/plugins\/elementor\/assets\/css\/widget-icon-list.min.css\">\n<ul>\n<li>\n\t\t\t\t\t\t\t\t\t\t\t<a href=\"http:\/\/pm.go.gov.demo\/wp-content\/uploads\/sites\/67\/2023\/01\/carga-pat-mobiliario-pmgo.pdf\"><br \/>\n\t\t\t\t\t\t\t\t\t\tRela\u00e7\u00e3o de M\u00f3veis<br \/>\n\t\t\t\t\t\t\t\t\t\t\t<\/a>\n\t\t\t\t\t\t\t\t\t<\/li>\n<li>\n\t\t\t\t\t\t\t\t\t\t\t<a href=\"http:\/\/pm.go.gov.demo\/wp-content\/uploads\/sites\/67\/2023\/01\/declaracao-bens-moveis.pdf\"><br \/>\n\t\t\t\t\t\t\t\t\t\tDeclara\u00e7\u00e3o quanto ao acesso aos bens m\u00f3veis da PMGO<br \/>\n\t\t\t\t\t\t\t\t\t\t\t<\/a>\n\t\t\t\t\t\t\t\t\t<\/li>\n<li>\n\t\t\t\t\t\t\t\t\t\t\t<a href=\"http:\/\/Informa\u00e7\u00e3o%20sigilosa,%20conforme%20Portaria%207187%20de%2001\/12\/2015\"><br \/>\n\t\t\t\t\t\t\t\t\t\tDeclara\u00e7\u00e3o quanto ao acesso aos bens m\u00f3veis da PMGO<br \/>\n\t\t\t\t\t\t\t\t\t\t\t<\/a>\n\t\t\t\t\t\t\t\t\t<\/li>\n<\/ul>\n","protected":false},"excerpt":{"rendered":"<p>In\u00edcio Bens M\u00f3veis Rela\u00e7\u00e3o de M\u00f3veis Declara\u00e7\u00e3o quanto ao acesso aos bens m\u00f3veis da PMGO Declara\u00e7\u00e3o quanto ao acesso aos bens m\u00f3veis da PMGO<\/p>\n","protected":false},"author":2,"featured_media":0,"parent":1132,"menu_order":0,"comment_status":"closed","ping_status":"closed","template":"","meta":{"footnotes":""},"class_list":["post-1657","page","type-page","status-publish","hentry"],"rttpg_featured_image_url":null,"rttpg_author":{"display_name":"rogerioduarte","author_link":"https:\/\/goias.gov.br\/policiamilitar\/author\/rogerioduarte\/"},"rttpg_comment":0,"rttpg_category":null,"rttpg_excerpt":"In\u00edcio Bens M\u00f3veis Rela\u00e7\u00e3o de M\u00f3veis Declara\u00e7\u00e3o quanto ao acesso aos bens m\u00f3veis da PMGO Declara\u00e7\u00e3o quanto ao acesso aos bens m\u00f3veis da PMGO","_links":{"self":[{"href":"https:\/\/goias.gov.br\/policiamilitar\/wp-json\/wp\/v2\/pages\/1657","targetHints":{"allow":["GET"]}}],"collection":[{"href":"https:\/\/goias.gov.br\/policiamilitar\/wp-json\/wp\/v2\/pages"}],"about":[{"href":"https:\/\/goias.gov.br\/policiamilitar\/wp-json\/wp\/v2\/types\/page"}],"author":[{"embeddable":true,"href":"https:\/\/goias.gov.br\/policiamilitar\/wp-json\/wp\/v2\/users\/2"}],"replies":[{"embeddable":true,"href":"https:\/\/goias.gov.br\/policiamilitar\/wp-json\/wp\/v2\/comments?post=1657"}],"version-history":[{"count":0,"href":"https:\/\/goias.gov.br\/policiamilitar\/wp-json\/wp\/v2\/pages\/1657\/revisions"}],"up":[{"embeddable":true,"href":"https:\/\/goias.gov.br\/policiamilitar\/wp-json\/wp\/v2\/pages\/1132"}],"wp:attachment":[{"href":"https:\/\/goias.gov.br\/policiamilitar\/wp-json\/wp\/v2\/media?parent=1657"}],"curies":[{"name":"wp","href":"https:\/\/api.w.org\/{rel}","templated":true}]}}