

{"id":1648,"date":"2023-01-09T21:56:11","date_gmt":"2023-01-10T00:56:11","guid":{"rendered":"http:\/\/pm.go.gov.demo\/?page_id=1648"},"modified":"2025-05-19T11:42:53","modified_gmt":"2025-05-19T14:42:53","slug":"a-rotam-faz-parte-da-pmgo","status":"publish","type":"page","link":"https:\/\/goias.gov.br\/policiamilitar\/acesso-a-informacao__trashed\/a-rotam-faz-parte-da-pmgo\/","title":{"rendered":"A ROTAM faz parte da PMGO?"},"content":{"rendered":"<p><a href=\"https:\/\/goias.gov.br\/policiamilitar\/\" rel=\"home\" title=\"In\u00edcio\">In\u00edcio<\/a><br \/>\n\t\t\tAtualizado em: 06\/06\/2024\t\t<\/p>\n<h2>A ROTAM faz parte da PMGO?<\/h2>\n<p>Sim. A ROTAM e todas as demais tropas especializadas \u2014 como o CHOQUE, BOPE, Cavalaria, GIRO, GRAER e COD \u2014 integram a estrutura da Pol\u00edcia Militar do Estado de Goi\u00e1s. Essas unidades possuem treinamento e equipamentos espec\u00edficos para atuarem em situa\u00e7\u00f5es de alta complexidade, de acordo com suas especialidades:<\/p>\n<ul data-start=\"508\" data-end=\"1173\">\n<li data-start=\"508\" data-end=\"577\">\n<p data-start=\"510\" data-end=\"577\"><strong data-start=\"510\" data-end=\"519\">ROTAM<\/strong> \u2013 Patrulhamento t\u00e1tico especializado;<\/p>\n<\/li>\n<li data-start=\"578\" data-end=\"669\">\n<p data-start=\"580\" data-end=\"669\"><strong data-start=\"580\" data-end=\"590\">CHOQUE<\/strong> \u2013 Controle de multid\u00f5es e apoio em eventos desportivos;<\/p>\n<\/li>\n<li data-start=\"578\" data-end=\"669\">\n<p data-start=\"580\" data-end=\"669\"><strong data-start=\"672\" data-end=\"680\">BOPE<\/strong> \u2013 A\u00e7\u00f5es e opera\u00e7\u00f5es especiais, como combate ao crime organizado e resgate de ref\u00e9ns;<\/p>\n<\/li>\n<li data-start=\"768\" data-end=\"869\">\n<p data-start=\"770\" data-end=\"869\"><strong data-start=\"770\" data-end=\"783\">Regimento de Cavalaria<\/strong> \u2013 Policiamento de grandes eventos e controle de multid\u00f5es<\/p>\n<\/li>\n<li data-start=\"870\" data-end=\"943\">\n<p data-start=\"872\" data-end=\"943\"><strong data-start=\"872\" data-end=\"880\">GIRO<\/strong> \u2013 Interven\u00e7\u00f5es r\u00e1pidas e ostensivas com uso de motocicletas;<\/p>\n<\/li>\n<li data-start=\"944\" data-end=\"1038\">\n<p data-start=\"946\" data-end=\"1038\"><strong data-start=\"946\" data-end=\"955\">GRAER<\/strong> \u2013 Policiamento a\u00e9reo e apoio em opera\u00e7\u00f5es terrestres, com helic\u00f3pteros.<\/p>\n<\/li>\n<li data-start=\"1039\" data-end=\"1173\">\n<p data-start=\"1041\" data-end=\"1173\"><strong data-start=\"1041\" data-end=\"1048\">COD<\/strong> \u2013 Policiamento especializado nas regi\u00f5es de divisa do Estado, com foco em combate ao tr\u00e1fico e outros crimes interestaduais.<\/p>\n<\/li>\n<\/ul>\n<p data-start=\"1175\" data-end=\"1367\">As tropas especializadas s\u00e3o compostas por policiais militares j\u00e1 integrantes da corpora\u00e7\u00e3o, que passam por rigorosos cursos de capacita\u00e7\u00e3o e treinamentos espec\u00edficos para cada tipo de miss\u00e3o.<\/p>\n","protected":false},"excerpt":{"rendered":"<p>In\u00edcio Atualizado em: 06\/06\/2024 A ROTAM faz parte da PMGO? Sim. A ROTAM e todas as demais tropas especializadas \u2014 como o CHOQUE, BOPE, Cavalaria, GIRO, GRAER e COD \u2014 integram a estrutura da Pol\u00edcia Militar do Estado de Goi\u00e1s. Essas unidades possuem treinamento e equipamentos espec\u00edficos para atuarem em situa\u00e7\u00f5es de alta complexidade, de [&hellip;]<\/p>\n","protected":false},"author":2,"featured_media":0,"parent":1132,"menu_order":0,"comment_status":"closed","ping_status":"closed","template":"","meta":{"footnotes":""},"class_list":["post-1648","page","type-page","status-publish","hentry"],"rttpg_featured_image_url":null,"rttpg_author":{"display_name":"rogerioduarte","author_link":"https:\/\/goias.gov.br\/policiamilitar\/author\/rogerioduarte\/"},"rttpg_comment":0,"rttpg_category":null,"rttpg_excerpt":"In\u00edcio Atualizado em: 06\/06\/2024 A ROTAM faz parte da PMGO? Sim. A ROTAM e todas as demais tropas especializadas \u2014 como o CHOQUE, BOPE, Cavalaria, GIRO, GRAER e COD \u2014 integram a estrutura da Pol\u00edcia Militar do Estado de Goi\u00e1s. Essas unidades possuem treinamento e equipamentos espec\u00edficos para atuarem em situa\u00e7\u00f5es de alta complexidade, de&hellip;","_links":{"self":[{"href":"https:\/\/goias.gov.br\/policiamilitar\/wp-json\/wp\/v2\/pages\/1648","targetHints":{"allow":["GET"]}}],"collection":[{"href":"https:\/\/goias.gov.br\/policiamilitar\/wp-json\/wp\/v2\/pages"}],"about":[{"href":"https:\/\/goias.gov.br\/policiamilitar\/wp-json\/wp\/v2\/types\/page"}],"author":[{"embeddable":true,"href":"https:\/\/goias.gov.br\/policiamilitar\/wp-json\/wp\/v2\/users\/2"}],"replies":[{"embeddable":true,"href":"https:\/\/goias.gov.br\/policiamilitar\/wp-json\/wp\/v2\/comments?post=1648"}],"version-history":[{"count":6,"href":"https:\/\/goias.gov.br\/policiamilitar\/wp-json\/wp\/v2\/pages\/1648\/revisions"}],"predecessor-version":[{"id":90885,"href":"https:\/\/goias.gov.br\/policiamilitar\/wp-json\/wp\/v2\/pages\/1648\/revisions\/90885"}],"up":[{"embeddable":true,"href":"https:\/\/goias.gov.br\/policiamilitar\/wp-json\/wp\/v2\/pages\/1132"}],"wp:attachment":[{"href":"https:\/\/goias.gov.br\/policiamilitar\/wp-json\/wp\/v2\/media?parent=1648"}],"curies":[{"name":"wp","href":"https:\/\/api.w.org\/{rel}","templated":true}]}}