


{"id":1630,"date":"2023-01-09T21:44:43","date_gmt":"2023-01-10T00:44:43","guid":{"rendered":"http:\/\/pm.go.gov.demo\/?page_id=1630"},"modified":"2025-12-09T10:27:05","modified_gmt":"2025-12-09T13:27:05","slug":"ingresso-na-policia-militar-de-goias","status":"publish","type":"page","link":"https:\/\/goias.gov.br\/policiamilitar\/acesso-a-informacao__trashed\/ingresso-na-policia-militar-de-goias\/","title":{"rendered":"Ingresso na Pol\u00edcia Militar de Goi\u00e1s"},"content":{"rendered":"<p>Atualizado em: 09\/12\/2025<\/p>\n<h2>Ingresso na Pol\u00edcia Militar de Goi\u00e1s<\/h2>\n<p><strong>Como ingressar na Pol\u00edcia Militar do Estado de Goi\u00e1s?<\/strong><\/p>\n<p>O ingresso nas fileiras da Pol\u00edcia Militar de Goi\u00e1s ocorre por meio de concurso p\u00fablico, composto por provas objetiva e discursiva, ambas de car\u00e1ter eliminat\u00f3rio e classificat\u00f3rio. Al\u00e9m disso, o candidato \u00e9 submetido a exames de aptid\u00e3o f\u00edsica e mental, incluindo testes f\u00edsicos, exames m\u00e9dicos e avalia\u00e7\u00f5es psicol\u00f3gicas, conforme estabelecido em edital espec\u00edfico.<\/p>\n<p><strong>Quais requisitos para ingressar na PMGO?<\/strong><br \/>\nAl\u00e9m de outros requisitos contidos no Edital, s\u00e3o exigidos para a inscri\u00e7\u00e3o ao concurso: ser brasileiro; ter o m\u00ednimo de dezoito e o m\u00e1ximo de trinta anos de idade para o ingresso no curso de forma\u00e7\u00e3o de pra\u00e7as (CFP) no ato da inscri\u00e7\u00e3o; para o ingresso no curso de forma\u00e7\u00e3o de oficiais (CFO) o candidato deve ter o m\u00ednimo de dezoito e m\u00e1ximo de vinte e nove anos de idade, se for civil; e o m\u00ednimo de dezoito e m\u00e1ximo de trinta e dois anos de idade se o candidato j\u00e1 pertencer aos quadros da Pol\u00edcia Militar de Goi\u00e1s, no ato da matricula\/inclus\u00e3o no respectivo curso de forma\u00e7\u00e3o; estar em dia com o servi\u00e7o militar obrigat\u00f3rio; estar em dia com suas obriga\u00e7\u00f5es eleitorais; possuir idoneidade moral, comprovada mediante apresenta\u00e7\u00e3o de certid\u00f5es policial e judicial, na forma prevista em Edital; possuir estatura m\u00ednima de um metro e sessenta e cinco cent\u00edmetros se candidato do sexo masculino, e um metro e sessenta cent\u00edmetros, se do sexo feminino; ter conclu\u00eddo curso superior em Direito para ingresso no Curso de Forma\u00e7\u00e3o de Oficiais (CFO) e ter conclu\u00eddo o curso superior em qualquer \u00e1rea (reconhecido pelo MEC) para ingresso no Curso de Forma\u00e7\u00e3o de Pra\u00e7as (CFP).<br \/>\nVide: <b><span style=\"font-family: Arial; font-size: small;\">Lei n<sup><u>o<\/u><\/sup> 8.033, de 2 dezembro de 1975 &#8211;\u00a0<a href=\"https:\/\/legisla.casacivil.go.gov.br\/pesquisa_legislacao\/88165\/lei-8033\">https:\/\/legisla.casacivil.go.gov.br\/pesquisa_legislacao\/88165\/lei-8033<\/a><\/span><\/b><\/p>\n<p>Maiores informa\u00e7\u00f5es s\u00e3o divulgadas no site oficial da PMGO durante a realiza\u00e7\u00e3o de cada concurso, no endere\u00e7o:\u00a0<a role=\"link\" href=\"https:\/\/goias.gov.br\/policiamilitar\/\">https:\/\/goias.gov.br\/policiamilitar<\/a><\/p>\n","protected":false},"excerpt":{"rendered":"<p>Atualizado em: 09\/12\/2025 Ingresso na Pol\u00edcia Militar de Goi\u00e1s Como ingressar na Pol\u00edcia Militar do Estado de Goi\u00e1s? O ingresso nas fileiras da Pol\u00edcia Militar de Goi\u00e1s ocorre por meio de concurso p\u00fablico, composto por provas objetiva e discursiva, ambas de car\u00e1ter eliminat\u00f3rio e classificat\u00f3rio. Al\u00e9m disso, o candidato \u00e9 submetido a exames de aptid\u00e3o [&hellip;]<\/p>\n","protected":false},"author":2,"featured_media":0,"parent":1132,"menu_order":0,"comment_status":"closed","ping_status":"closed","template":"","meta":{"footnotes":""},"class_list":["post-1630","page","type-page","status-publish","hentry"],"rttpg_featured_image_url":null,"rttpg_author":{"display_name":"rogerioduarte","author_link":"https:\/\/goias.gov.br\/policiamilitar\/author\/rogerioduarte\/"},"rttpg_comment":0,"rttpg_category":null,"rttpg_excerpt":"Atualizado em: 09\/12\/2025 Ingresso na Pol\u00edcia Militar de Goi\u00e1s Como ingressar na Pol\u00edcia Militar do Estado de Goi\u00e1s? O ingresso nas fileiras da Pol\u00edcia Militar de Goi\u00e1s ocorre por meio de concurso p\u00fablico, composto por provas objetiva e discursiva, ambas de car\u00e1ter eliminat\u00f3rio e classificat\u00f3rio. Al\u00e9m disso, o candidato \u00e9 submetido a exames de aptid\u00e3o&hellip;","_links":{"self":[{"href":"https:\/\/goias.gov.br\/policiamilitar\/wp-json\/wp\/v2\/pages\/1630","targetHints":{"allow":["GET"]}}],"collection":[{"href":"https:\/\/goias.gov.br\/policiamilitar\/wp-json\/wp\/v2\/pages"}],"about":[{"href":"https:\/\/goias.gov.br\/policiamilitar\/wp-json\/wp\/v2\/types\/page"}],"author":[{"embeddable":true,"href":"https:\/\/goias.gov.br\/policiamilitar\/wp-json\/wp\/v2\/users\/2"}],"replies":[{"embeddable":true,"href":"https:\/\/goias.gov.br\/policiamilitar\/wp-json\/wp\/v2\/comments?post=1630"}],"version-history":[{"count":3,"href":"https:\/\/goias.gov.br\/policiamilitar\/wp-json\/wp\/v2\/pages\/1630\/revisions"}],"predecessor-version":[{"id":243267,"href":"https:\/\/goias.gov.br\/policiamilitar\/wp-json\/wp\/v2\/pages\/1630\/revisions\/243267"}],"up":[{"embeddable":true,"href":"https:\/\/goias.gov.br\/policiamilitar\/wp-json\/wp\/v2\/pages\/1132"}],"wp:attachment":[{"href":"https:\/\/goias.gov.br\/policiamilitar\/wp-json\/wp\/v2\/media?parent=1630"}],"curies":[{"name":"wp","href":"https:\/\/api.w.org\/{rel}","templated":true}]}}