

{"id":1593,"date":"2023-01-09T12:19:39","date_gmt":"2023-01-09T15:19:39","guid":{"rendered":"http:\/\/pm.go.gov.demo\/?page_id=1593"},"modified":"2025-08-11T08:40:28","modified_gmt":"2025-08-11T11:40:28","slug":"boletim-virtual","status":"publish","type":"page","link":"https:\/\/goias.gov.br\/policiamilitar\/boletim-virtual\/","title":{"rendered":"Boletim Virtual"},"content":{"rendered":"<p><a title=\"In\u00edcio\" href=\"http:\/\/pm.go.gov.demo\/\" rel=\"home\">In\u00edcio<\/a><\/p>\n<style>\/*! elementor - v3.9.2 - 21-12-2022 *\/<br \/>\n.elementor-heading-title{padding:0;margin:0;line-height:1}.elementor-widget-heading .elementor-heading-title[class*=elementor-size-]>a{color:inherit;font-size:inherit;line-height:inherit}.elementor-widget-heading .elementor-heading-title.elementor-size-small{font-size:15px}.elementor-widget-heading .elementor-heading-title.elementor-size-medium{font-size:19px}.elementor-widget-heading .elementor-heading-title.elementor-size-large{font-size:29px}.elementor-widget-heading .elementor-heading-title.elementor-size-xl{font-size:39px}.elementor-widget-heading .elementor-heading-title.elementor-size-xxl{font-size:59px}<\/style>\n<ul>\n<li><a href=\"https:\/\/raivirtual.ssp.go.gov.br\/delegacia-virtual\/#\/\" target=\"_blank\" rel=\"noopener\">Nova Ocorr\u00eancia<br \/>\n<\/a><\/li>\n<li><a href=\"https:\/\/raivirtual.ssp.go.gov.br\/delegacia-virtual\/#\/acompanhar-ocorrencia\" target=\"_blank\" rel=\"noopener\">Acompanhar Ocorr\u00eancia<br \/>\n<\/a><\/li>\n<li><a href=\"https:\/\/raivirtual.ssp.go.gov.br\/#\/imprimir-ocorrencia\" target=\"_blank\" rel=\"noopener\">Imprimir Ocorr\u00eancia<br \/>\n<\/a><\/li>\n<li><a href=\"https:\/\/raivirtual.ssp.go.gov.br\/#\/validar-ocorrencia\" target=\"_blank\" rel=\"noopener\">Validar Ocorr\u00eancia<br \/>\n<\/a><\/li>\n<\/ul>\n<h3>ACESSO ANTIGO<\/h3>\n<p>Imprima o boletim de ocorr\u00eancia gerado antes de 01\/04\/2016<\/p>\n<ul>\n<li><a href=\"https:\/\/bo.ssp.go.gov.br\/\" target=\"_blank\" rel=\"noopener\">Acessar<br \/>\n<\/a><\/li>\n<\/ul>\n","protected":false},"excerpt":{"rendered":"<p>In\u00edcio Nova Ocorr\u00eancia Acompanhar Ocorr\u00eancia Imprimir Ocorr\u00eancia Validar Ocorr\u00eancia ACESSO ANTIGO Imprima o boletim de ocorr\u00eancia gerado antes de 01\/04\/2016 Acessar<\/p>\n","protected":false},"author":2,"featured_media":0,"parent":0,"menu_order":0,"comment_status":"closed","ping_status":"closed","template":"","meta":{"footnotes":""},"class_list":["post-1593","page","type-page","status-publish","hentry"],"rttpg_featured_image_url":null,"rttpg_author":{"display_name":"rogerioduarte","author_link":"https:\/\/goias.gov.br\/policiamilitar\/author\/rogerioduarte\/"},"rttpg_comment":0,"rttpg_category":null,"rttpg_excerpt":"In\u00edcio Nova Ocorr\u00eancia Acompanhar Ocorr\u00eancia Imprimir Ocorr\u00eancia Validar Ocorr\u00eancia ACESSO ANTIGO Imprima o boletim de ocorr\u00eancia gerado antes de 01\/04\/2016 Acessar","_links":{"self":[{"href":"https:\/\/goias.gov.br\/policiamilitar\/wp-json\/wp\/v2\/pages\/1593","targetHints":{"allow":["GET"]}}],"collection":[{"href":"https:\/\/goias.gov.br\/policiamilitar\/wp-json\/wp\/v2\/pages"}],"about":[{"href":"https:\/\/goias.gov.br\/policiamilitar\/wp-json\/wp\/v2\/types\/page"}],"author":[{"embeddable":true,"href":"https:\/\/goias.gov.br\/policiamilitar\/wp-json\/wp\/v2\/users\/2"}],"replies":[{"embeddable":true,"href":"https:\/\/goias.gov.br\/policiamilitar\/wp-json\/wp\/v2\/comments?post=1593"}],"version-history":[{"count":2,"href":"https:\/\/goias.gov.br\/policiamilitar\/wp-json\/wp\/v2\/pages\/1593\/revisions"}],"predecessor-version":[{"id":212663,"href":"https:\/\/goias.gov.br\/policiamilitar\/wp-json\/wp\/v2\/pages\/1593\/revisions\/212663"}],"wp:attachment":[{"href":"https:\/\/goias.gov.br\/policiamilitar\/wp-json\/wp\/v2\/media?parent=1593"}],"curies":[{"name":"wp","href":"https:\/\/api.w.org\/{rel}","templated":true}]}}