

{"id":1544,"date":"2023-01-08T19:39:28","date_gmt":"2023-01-08T22:39:28","guid":{"rendered":"http:\/\/pm.go.gov.demo\/?page_id=1544"},"modified":"2026-03-23T12:14:57","modified_gmt":"2026-03-23T15:14:57","slug":"classificacao-das-informacoes-sigilosas","status":"publish","type":"page","link":"https:\/\/goias.gov.br\/policiamilitar\/classificacao-das-informacoes-sigilosas\/","title":{"rendered":"Classifica\u00e7\u00e3o das Informa\u00e7\u00f5es Sigilosas"},"content":{"rendered":"<p><a title=\"In\u00edcio\" href=\"https:\/\/goias.gov.br\/policiamilitar\/\" rel=\"home\">In\u00edcio<\/a><\/p>\n<h2>Classifica\u00e7\u00e3o das Informa\u00e7\u00f5es Sigilosas<\/h2>\n<p>Atualizado: 30\/05\/2025<\/p>\n<ul>\n<li><a href=\"https:\/\/goias.gov.br\/policiamilitar\/wp-content\/uploads\/sites\/67\/2025\/05\/sei-75216165-declaracao-1.pdf\">Informa\u00e7\u00f5es Desclassificadas\n<p><\/a><\/li>\n<li><a href=\"https:\/\/goias.gov.br\/policiamilitar\/wp-content\/uploads\/sites\/67\/2026\/03\/ROL_Informacoes_Classificadas-2.pdf\">Informa\u00e7\u00f5es Classificadas\n<p><\/a><\/li>\n<li><a href=\"https:\/\/goias.gov.br\/policiamilitar\/wp-content\/uploads\/sites\/67\/2023\/01\/port.-no-7187-de-01.12.15-aprova-o-regulamento-para-salvaguarda-de-assuntos-sigilosos-niveis-de-sigilo-1.pdf\">Portaria n\u00ba 7.187\/2018 \u2013 Aprova o Regulamento para salvaguarda de assuntos sigilosos produzidos e custodiados pela Corpora\u00e7\u00e3o\n<p><\/a><\/li>\n<li><a href=\"https:\/\/goias.gov.br\/policiamilitar\/wp-content\/uploads\/sites\/67\/2023\/01\/portaria-cpads-para-pm5.pdf\">Portaria de substitui\u00e7\u00e3o de membro da CPADS\n<p><\/a><\/li>\n<li><a href=\"https:\/\/goias.gov.br\/policiamilitar\/wp-content\/uploads\/sites\/67\/2023\/09\/decreto-na---10.306--de-21-de-agosto-de-2023.pdf\">Decreto N\u00ba 10.306, de 21 de agosto de 2023\n<p><\/a><\/li>\n<li><a href=\"https:\/\/goias.gov.br\/policiamilitar\/wp-content\/uploads\/sites\/67\/2023\/09\/lei-ordinaria-18.025.pdf\">Lei n\u00ba\u00a0 18.025, de 22 de maio de 2013<br \/>\n<\/a><\/li>\n<\/ul>\n","protected":false},"excerpt":{"rendered":"<p>In\u00edcio Classifica\u00e7\u00e3o das Informa\u00e7\u00f5es Sigilosas Atualizado: 30\/05\/2025 Informa\u00e7\u00f5es Desclassificadas Informa\u00e7\u00f5es Classificadas Portaria n\u00ba 7.187\/2018 \u2013 Aprova o Regulamento para salvaguarda de assuntos sigilosos produzidos e custodiados pela Corpora\u00e7\u00e3o Portaria de substitui\u00e7\u00e3o de membro da CPADS Decreto N\u00ba 10.306, de 21 de agosto de 2023 Lei n\u00ba\u00a0 18.025, de 22 de maio de 2013<\/p>\n","protected":false},"author":2,"featured_media":0,"parent":0,"menu_order":0,"comment_status":"closed","ping_status":"closed","template":"","meta":{"footnotes":""},"class_list":["post-1544","page","type-page","status-publish","hentry"],"rttpg_featured_image_url":null,"rttpg_author":{"display_name":"rogerioduarte","author_link":"https:\/\/goias.gov.br\/policiamilitar\/author\/rogerioduarte\/"},"rttpg_comment":0,"rttpg_category":null,"rttpg_excerpt":"In\u00edcio Classifica\u00e7\u00e3o das Informa\u00e7\u00f5es Sigilosas Atualizado: 30\/05\/2025 Informa\u00e7\u00f5es Desclassificadas Informa\u00e7\u00f5es Classificadas Portaria n\u00ba 7.187\/2018 \u2013 Aprova o Regulamento para salvaguarda de assuntos sigilosos produzidos e custodiados pela Corpora\u00e7\u00e3o Portaria de substitui\u00e7\u00e3o de membro da CPADS Decreto N\u00ba 10.306, de 21 de agosto de 2023 Lei n\u00ba\u00a0 18.025, de 22 de maio de 2013","_links":{"self":[{"href":"https:\/\/goias.gov.br\/policiamilitar\/wp-json\/wp\/v2\/pages\/1544","targetHints":{"allow":["GET"]}}],"collection":[{"href":"https:\/\/goias.gov.br\/policiamilitar\/wp-json\/wp\/v2\/pages"}],"about":[{"href":"https:\/\/goias.gov.br\/policiamilitar\/wp-json\/wp\/v2\/types\/page"}],"author":[{"embeddable":true,"href":"https:\/\/goias.gov.br\/policiamilitar\/wp-json\/wp\/v2\/users\/2"}],"replies":[{"embeddable":true,"href":"https:\/\/goias.gov.br\/policiamilitar\/wp-json\/wp\/v2\/comments?post=1544"}],"version-history":[{"count":2,"href":"https:\/\/goias.gov.br\/policiamilitar\/wp-json\/wp\/v2\/pages\/1544\/revisions"}],"predecessor-version":[{"id":257844,"href":"https:\/\/goias.gov.br\/policiamilitar\/wp-json\/wp\/v2\/pages\/1544\/revisions\/257844"}],"wp:attachment":[{"href":"https:\/\/goias.gov.br\/policiamilitar\/wp-json\/wp\/v2\/media?parent=1544"}],"curies":[{"name":"wp","href":"https:\/\/api.w.org\/{rel}","templated":true}]}}