

{"id":1475,"date":"2023-01-08T16:43:30","date_gmt":"2023-01-08T19:43:30","guid":{"rendered":"http:\/\/pm.go.gov.demo\/?page_id=1475"},"modified":"2024-08-22T15:30:34","modified_gmt":"2024-08-22T18:30:34","slug":"legislacao-aplicavel","status":"publish","type":"page","link":"https:\/\/goias.gov.br\/policiamilitar\/legislacao-aplicavel\/","title":{"rendered":"Legisla\u00e7\u00e3o Aplic\u00e1vel"},"content":{"rendered":"<p><a href=\"https:\/\/goias.gov.br\/policiamilitar\/\" rel=\"home\" title=\"In\u00edcio\">In\u00edcio<\/a><\/p>\n<style>\/*! elementor - v3.11.1 - 15-02-2023 *\/\n.elementor-heading-title{padding:0;margin:0;line-height:1}.elementor-widget-heading .elementor-heading-title[class*=elementor-size-]>a{color:inherit;font-size:inherit;line-height:inherit}.elementor-widget-heading .elementor-heading-title.elementor-size-small{font-size:15px}.elementor-widget-heading .elementor-heading-title.elementor-size-medium{font-size:19px}.elementor-widget-heading .elementor-heading-title.elementor-size-large{font-size:29px}.elementor-widget-heading .elementor-heading-title.elementor-size-xl{font-size:39px}.elementor-widget-heading .elementor-heading-title.elementor-size-xxl{font-size:59px}<\/style>\n<h2>Legisla\u00e7\u00e3o Aplic\u00e1vel<\/h2>\n<p>\t\t\tAtualizado: 22\/08\/2024\t\t<\/p>\n<form method=\"get\" action=\"https:\/\/goias.gov.br\/policiamilitar\/\" role=\"search\" target=\"\">\n\t\t\t\t\t\t<input type=\"search\" placeholder=\"Pesquisar ...\" value=\"\" name=\"s\" autocomplete=\"off\" \/><br \/>\n\t\t\t<input type=\"hidden\" value=\"{&quot;search_source&quot;:&quot;post&quot;,&quot;include_terms_ids&quot;:[&quot;43&quot;,&quot;44&quot;,&quot;46&quot;],&quot;results_order_by&quot;:&quot;relevance&quot;,&quot;results_order&quot;:&quot;asc&quot;}\" name=\"jet_ajax_search_settings\" \/><br \/>\n\t\t\t\t\t\t\t<input type=\"hidden\" value=\"post\" name=\"post_type\" \/><br \/>\n<button type=\"submit\" aria-label=\"search submit\"><\/button><br \/>\n<\/form>\n<p><button> Resultados<\/button><br \/>\n\t\t\t<button>Ver todos os resultados<\/button>\t\t\t<\/p>\n<style>.elementor-78730 .elementor-element.elementor-element-bbbb205{--flex-direction:column;--container-widget-width:100%;--container-widget-height:initial;--container-widget-flex-grow:0;--container-widget-align-self:initial;--gap:0px;--background-transition:0.3s;--padding-top:0px;--padding-right:0px;--padding-bottom:0px;--padding-left:0px;}.elementor-78730 .elementor-element.elementor-element-c576ab6 .jet-listing-dynamic-field .jet-listing-dynamic-field__inline-wrap{width:auto;}.elementor-78730 .elementor-element.elementor-element-c576ab6 .jet-listing-dynamic-field .jet-listing-dynamic-field__content{width:auto;}.elementor-78730 .elementor-element.elementor-element-c576ab6 .jet-listing-dynamic-field{justify-content:flex-start;}.elementor-78730 .elementor-element.elementor-element-c576ab6 .jet-listing-dynamic-field__content{text-align:left;}.elementor-78730 .elementor-element.elementor-element-ded6d88 .jet-listing-dynamic-terms{text-align:left;}.elementor-78730 .elementor-element.elementor-element-ded6d88 .jet-listing-dynamic-terms__link{font-size:12px;font-weight:600;text-transform:uppercase;color:var( --e-global-color-secondary );}.elementor-78730 .elementor-element.elementor-element-ded6d88.ha-has-bg-overlay > .elementor-widget-container:before{transition:background 0.3s;}.elementor-78730 .elementor-element.elementor-element-ded6d88 > .elementor-widget-container{border-radius:6px 6px 6px 6px;}<\/style>\n<p>\t\t\tDecreto n\u00ba 10.397, de 25 de janeiro de 2024 &#8211;  Altera o Decreto n\u00ba 7.531, de 29 de dezembro de 2011, que institui, na Secretaria de Estado da Seguran\u00e7a P\u00fablica, a Medalha da Ordem do M\u00e9rito da Seguran\u00e7a P\u00fablica Governador Mauro Borges Teixeira.<br \/>\n\t\t\tLegisla\u00e7\u00f5es e Portarias<br \/>\n\t\t<a href=\"https:\/\/goias.gov.br\/policiamilitar\/decreto-no-10-397-de-25-de-janeiro-de-2024-altera-o-decreto-no-7-531-de-29-de-dezembro-de-2011-que-institui-na-secretaria-de-estado-da-seguranca-publica-a-medalha-da-ordem-do-merito-da-seguran\/\"><\/a><\/p>\n<style>.elementor-78730 .elementor-element.elementor-element-bbbb205{--flex-direction:column;--container-widget-width:100%;--container-widget-height:initial;--container-widget-flex-grow:0;--container-widget-align-self:initial;--gap:0px;--background-transition:0.3s;--padding-top:0px;--padding-right:0px;--padding-bottom:0px;--padding-left:0px;}.elementor-78730 .elementor-element.elementor-element-c576ab6 .jet-listing-dynamic-field .jet-listing-dynamic-field__inline-wrap{width:auto;}.elementor-78730 .elementor-element.elementor-element-c576ab6 .jet-listing-dynamic-field .jet-listing-dynamic-field__content{width:auto;}.elementor-78730 .elementor-element.elementor-element-c576ab6 .jet-listing-dynamic-field{justify-content:flex-start;}.elementor-78730 .elementor-element.elementor-element-c576ab6 .jet-listing-dynamic-field__content{text-align:left;}.elementor-78730 .elementor-element.elementor-element-ded6d88 .jet-listing-dynamic-terms{text-align:left;}.elementor-78730 .elementor-element.elementor-element-ded6d88 .jet-listing-dynamic-terms__link{font-size:12px;font-weight:600;text-transform:uppercase;color:var( --e-global-color-secondary );}.elementor-78730 .elementor-element.elementor-element-ded6d88.ha-has-bg-overlay > .elementor-widget-container:before{transition:background 0.3s;}.elementor-78730 .elementor-element.elementor-element-ded6d88 > .elementor-widget-container{border-radius:6px 6px 6px 6px;}<\/style>\n<p>\t\t\tDecreto n\u00ba 10.386, de 9 de janeiro de 2024 &#8211; Define os munic\u00edpios que sediar\u00e3o as unidades regionais do 7\u00ba CRPM e do 20\u00ba CRPM.<br \/>\n\t\t\tDecretos<br \/>\n\t\t<a href=\"https:\/\/goias.gov.br\/policiamilitar\/decreto-no-10-386-de-9-de-janeiro-de-2024-define-os-municipios-que-sediarao-as-unidades-regionais-do-7o-crpm-e-do-20o-crpm\/\"><\/a><\/p>\n<style>.elementor-78730 .elementor-element.elementor-element-bbbb205{--flex-direction:column;--container-widget-width:100%;--container-widget-height:initial;--container-widget-flex-grow:0;--container-widget-align-self:initial;--gap:0px;--background-transition:0.3s;--padding-top:0px;--padding-right:0px;--padding-bottom:0px;--padding-left:0px;}.elementor-78730 .elementor-element.elementor-element-c576ab6 .jet-listing-dynamic-field .jet-listing-dynamic-field__inline-wrap{width:auto;}.elementor-78730 .elementor-element.elementor-element-c576ab6 .jet-listing-dynamic-field .jet-listing-dynamic-field__content{width:auto;}.elementor-78730 .elementor-element.elementor-element-c576ab6 .jet-listing-dynamic-field{justify-content:flex-start;}.elementor-78730 .elementor-element.elementor-element-c576ab6 .jet-listing-dynamic-field__content{text-align:left;}.elementor-78730 .elementor-element.elementor-element-ded6d88 .jet-listing-dynamic-terms{text-align:left;}.elementor-78730 .elementor-element.elementor-element-ded6d88 .jet-listing-dynamic-terms__link{font-size:12px;font-weight:600;text-transform:uppercase;color:var( --e-global-color-secondary );}.elementor-78730 .elementor-element.elementor-element-ded6d88.ha-has-bg-overlay > .elementor-widget-container:before{transition:background 0.3s;}.elementor-78730 .elementor-element.elementor-element-ded6d88 > .elementor-widget-container{border-radius:6px 6px 6px 6px;}<\/style>\n<p>\t\t\tDecreto n\u00ba 10.382, de 5 de janeiro de 2024 &#8211; Disp\u00f5e sobre a regulamenta\u00e7\u00e3o e a normatiza\u00e7\u00e3o das Fun\u00e7\u00f5es Comissionadas Educacionais, da Secretaria de Estado da Educa\u00e7\u00e3o, previstas na Lei n\u00ba 21.792, de 16 de fevereiro de 2023.<br \/>\n\t\t\tDecretos<br \/>\n\t\t<a href=\"https:\/\/goias.gov.br\/policiamilitar\/decreto-no-10-382-de-5-de-janeiro-de-2024-dispoe-sobre-a-regulamentacao-e-a-normatizacao-das-funcoes-comissionadas-educacionais-da-secretaria-de-estado-da-educacao-previstas-na-lei-no-21-792-de\/\"><\/a><\/p>\n<style>.elementor-78730 .elementor-element.elementor-element-bbbb205{--flex-direction:column;--container-widget-width:100%;--container-widget-height:initial;--container-widget-flex-grow:0;--container-widget-align-self:initial;--gap:0px;--background-transition:0.3s;--padding-top:0px;--padding-right:0px;--padding-bottom:0px;--padding-left:0px;}.elementor-78730 .elementor-element.elementor-element-c576ab6 .jet-listing-dynamic-field .jet-listing-dynamic-field__inline-wrap{width:auto;}.elementor-78730 .elementor-element.elementor-element-c576ab6 .jet-listing-dynamic-field .jet-listing-dynamic-field__content{width:auto;}.elementor-78730 .elementor-element.elementor-element-c576ab6 .jet-listing-dynamic-field{justify-content:flex-start;}.elementor-78730 .elementor-element.elementor-element-c576ab6 .jet-listing-dynamic-field__content{text-align:left;}.elementor-78730 .elementor-element.elementor-element-ded6d88 .jet-listing-dynamic-terms{text-align:left;}.elementor-78730 .elementor-element.elementor-element-ded6d88 .jet-listing-dynamic-terms__link{font-size:12px;font-weight:600;text-transform:uppercase;color:var( --e-global-color-secondary );}.elementor-78730 .elementor-element.elementor-element-ded6d88.ha-has-bg-overlay > .elementor-widget-container:before{transition:background 0.3s;}.elementor-78730 .elementor-element.elementor-element-ded6d88 > .elementor-widget-container{border-radius:6px 6px 6px 6px;}<\/style>\n<p>\t\t\tLei n\u00ba 22.514, de 28 de dezembro de 2023 &#8211; Institui o Dia Estadual do Batalh\u00e3o Rural da Pol\u00edcia Militar do Estado de Goi\u00e1s.<br \/>\n\t\t\tLegisla\u00e7\u00f5es e Portarias<br \/>\n\t\t<a href=\"https:\/\/goias.gov.br\/policiamilitar\/lei-no-22-514-de-28-de-dezembro-de-2023-institui-o-dia-estadual-do-batalhao-rural-da-policia-militar-do-estado-de-goias\/\"><\/a><\/p>\n<style>.elementor-78730 .elementor-element.elementor-element-bbbb205{--flex-direction:column;--container-widget-width:100%;--container-widget-height:initial;--container-widget-flex-grow:0;--container-widget-align-self:initial;--gap:0px;--background-transition:0.3s;--padding-top:0px;--padding-right:0px;--padding-bottom:0px;--padding-left:0px;}.elementor-78730 .elementor-element.elementor-element-c576ab6 .jet-listing-dynamic-field .jet-listing-dynamic-field__inline-wrap{width:auto;}.elementor-78730 .elementor-element.elementor-element-c576ab6 .jet-listing-dynamic-field .jet-listing-dynamic-field__content{width:auto;}.elementor-78730 .elementor-element.elementor-element-c576ab6 .jet-listing-dynamic-field{justify-content:flex-start;}.elementor-78730 .elementor-element.elementor-element-c576ab6 .jet-listing-dynamic-field__content{text-align:left;}.elementor-78730 .elementor-element.elementor-element-ded6d88 .jet-listing-dynamic-terms{text-align:left;}.elementor-78730 .elementor-element.elementor-element-ded6d88 .jet-listing-dynamic-terms__link{font-size:12px;font-weight:600;text-transform:uppercase;color:var( --e-global-color-secondary );}.elementor-78730 .elementor-element.elementor-element-ded6d88.ha-has-bg-overlay > .elementor-widget-container:before{transition:background 0.3s;}.elementor-78730 .elementor-element.elementor-element-ded6d88 > .elementor-widget-container{border-radius:6px 6px 6px 6px;}<\/style>\n<p>\t\t\tLei n\u00ba 14.751, de 12 de dezembro de 2023 &#8211; Institui a Lei Org\u00e2nica Nacional das Pol\u00edcias Militares e dos Corpos de Bombeiros Militares dos Estados, do Distrito Federal e dos Territ\u00f3rios.<br \/>\n\t\t\tLegisla\u00e7\u00f5es e Portarias<br \/>\n\t\t<a href=\"https:\/\/goias.gov.br\/policiamilitar\/lei-no-14-751-de-12-de-dezembro-de-2023-institui-a-lei-organica-nacional-das-policias-militares-e-dos-corpos-de-bombeiros-militares-dos-estados-do-distrito-federal-e-dos-territorios\/\"><\/a><\/p>\n<style>.elementor-78730 .elementor-element.elementor-element-bbbb205{--flex-direction:column;--container-widget-width:100%;--container-widget-height:initial;--container-widget-flex-grow:0;--container-widget-align-self:initial;--gap:0px;--background-transition:0.3s;--padding-top:0px;--padding-right:0px;--padding-bottom:0px;--padding-left:0px;}.elementor-78730 .elementor-element.elementor-element-c576ab6 .jet-listing-dynamic-field .jet-listing-dynamic-field__inline-wrap{width:auto;}.elementor-78730 .elementor-element.elementor-element-c576ab6 .jet-listing-dynamic-field .jet-listing-dynamic-field__content{width:auto;}.elementor-78730 .elementor-element.elementor-element-c576ab6 .jet-listing-dynamic-field{justify-content:flex-start;}.elementor-78730 .elementor-element.elementor-element-c576ab6 .jet-listing-dynamic-field__content{text-align:left;}.elementor-78730 .elementor-element.elementor-element-ded6d88 .jet-listing-dynamic-terms{text-align:left;}.elementor-78730 .elementor-element.elementor-element-ded6d88 .jet-listing-dynamic-terms__link{font-size:12px;font-weight:600;text-transform:uppercase;color:var( --e-global-color-secondary );}.elementor-78730 .elementor-element.elementor-element-ded6d88.ha-has-bg-overlay > .elementor-widget-container:before{transition:background 0.3s;}.elementor-78730 .elementor-element.elementor-element-ded6d88 > .elementor-widget-container{border-radius:6px 6px 6px 6px;}<\/style>\n<p>\t\t\tLei n\u00ba 22.244, de 28 de agosto de 2023 &#8211; Inclui, no Calend\u00e1rio C\u00edvico, Cultural e Tur\u00edstico do Estado de Goi\u00e1s, o Dia do Anivers\u00e1rio da Pol\u00edcia Militar do Estado de Goi\u00e1s e o Dia do Bombeiro Brasileiro.<br \/>\n\t\t\tLegisla\u00e7\u00f5es e Portarias<br \/>\n\t\t<a href=\"https:\/\/goias.gov.br\/policiamilitar\/lei-no-22-244-de-28-de-agosto-de-2023-inclui-no-calendario-civico-cultural-e-turistico-do-estado-de-goias-o-dia-do-aniversario-da-policia-militar-do-estado-de-goias-e-o-dia-do-bombeiro-brasileir\/\"><\/a><\/p>\n","protected":false},"excerpt":{"rendered":"<p>In\u00edcio Legisla\u00e7\u00e3o Aplic\u00e1vel Atualizado: 22\/08\/2024 Resultados Ver todos os resultados Decreto n\u00ba 10.397, de 25 de janeiro de 2024 &#8211; Altera o Decreto n\u00ba 7.531, de 29 de dezembro de 2011, que institui, na Secretaria de Estado da Seguran\u00e7a P\u00fablica, a Medalha da Ordem do M\u00e9rito da Seguran\u00e7a P\u00fablica Governador Mauro Borges Teixeira. Legisla\u00e7\u00f5es e [&hellip;]<\/p>\n","protected":false},"author":2,"featured_media":0,"parent":0,"menu_order":0,"comment_status":"closed","ping_status":"closed","template":"","meta":{"footnotes":""},"class_list":["post-1475","page","type-page","status-publish","hentry"],"rttpg_featured_image_url":null,"rttpg_author":{"display_name":"rogerioduarte","author_link":"https:\/\/goias.gov.br\/policiamilitar\/author\/rogerioduarte\/"},"rttpg_comment":0,"rttpg_category":null,"rttpg_excerpt":"In\u00edcio Legisla\u00e7\u00e3o Aplic\u00e1vel Atualizado: 22\/08\/2024 Resultados Ver todos os resultados Decreto n\u00ba 10.397, de 25 de janeiro de 2024 &#8211; Altera o Decreto n\u00ba 7.531, de 29 de dezembro de 2011, que institui, na Secretaria de Estado da Seguran\u00e7a P\u00fablica, a Medalha da Ordem do M\u00e9rito da Seguran\u00e7a P\u00fablica Governador Mauro Borges Teixeira. Legisla\u00e7\u00f5es e&hellip;","_links":{"self":[{"href":"https:\/\/goias.gov.br\/policiamilitar\/wp-json\/wp\/v2\/pages\/1475","targetHints":{"allow":["GET"]}}],"collection":[{"href":"https:\/\/goias.gov.br\/policiamilitar\/wp-json\/wp\/v2\/pages"}],"about":[{"href":"https:\/\/goias.gov.br\/policiamilitar\/wp-json\/wp\/v2\/types\/page"}],"author":[{"embeddable":true,"href":"https:\/\/goias.gov.br\/policiamilitar\/wp-json\/wp\/v2\/users\/2"}],"replies":[{"embeddable":true,"href":"https:\/\/goias.gov.br\/policiamilitar\/wp-json\/wp\/v2\/comments?post=1475"}],"version-history":[{"count":54,"href":"https:\/\/goias.gov.br\/policiamilitar\/wp-json\/wp\/v2\/pages\/1475\/revisions"}],"predecessor-version":[{"id":82112,"href":"https:\/\/goias.gov.br\/policiamilitar\/wp-json\/wp\/v2\/pages\/1475\/revisions\/82112"}],"wp:attachment":[{"href":"https:\/\/goias.gov.br\/policiamilitar\/wp-json\/wp\/v2\/media?parent=1475"}],"curies":[{"name":"wp","href":"https:\/\/api.w.org\/{rel}","templated":true}]}}