

{"id":1466,"date":"2023-01-08T14:28:31","date_gmt":"2023-01-08T17:28:31","guid":{"rendered":"http:\/\/pm.go.gov.demo\/?page_id=1466"},"modified":"2024-06-06T15:44:58","modified_gmt":"2024-06-06T18:44:58","slug":"competencias","status":"publish","type":"page","link":"https:\/\/goias.gov.br\/policiamilitar\/competencias\/","title":{"rendered":"Compet\u00eancias"},"content":{"rendered":"<p><a href=\"https:\/\/goias.gov.br\/policiamilitar\/\" rel=\"home\" title=\"In\u00edcio\">In\u00edcio<\/a><\/p>\n<style>\/*! elementor - v3.11.1 - 15-02-2023 *\/\n.elementor-heading-title{padding:0;margin:0;line-height:1}.elementor-widget-heading .elementor-heading-title[class*=elementor-size-]>a{color:inherit;font-size:inherit;line-height:inherit}.elementor-widget-heading .elementor-heading-title.elementor-size-small{font-size:15px}.elementor-widget-heading .elementor-heading-title.elementor-size-medium{font-size:19px}.elementor-widget-heading .elementor-heading-title.elementor-size-large{font-size:29px}.elementor-widget-heading .elementor-heading-title.elementor-size-xl{font-size:39px}.elementor-widget-heading .elementor-heading-title.elementor-size-xxl{font-size:59px}<\/style>\n<h2>Compet\u00eancias<\/h2>\n<p>Constitui\u00e7\u00e3o Federal de 1988<\/p>\n<p>Art. 144. A seguran\u00e7a p\u00fablica, dever do Estado, direito e responsabilidade de todos, \u00e9 exercida para a preserva\u00e7\u00e3o da ordem p\u00fablica e da incolumidade das pessoas e do patrim\u00f4nio, atrav\u00e9s dos seguintes \u00f3rg\u00e3os:<\/p>\n<p>I \u2013 pol\u00edcia federal;<\/p>\n<p>II \u2013 pol\u00edcia rodovi\u00e1ria federal;<\/p>\n<p>III \u2013 pol\u00edcia ferrovi\u00e1ria federal;<\/p>\n<p>IV \u2013 pol\u00edcias civis;<\/p>\n<p>V \u2013 pol\u00edcias militares e corpos de bombeiros militares.<\/p>\n<p>VI \u2013 pol\u00edcias penais federal, estaduais e distrital.<\/p>\n<p>\u00a7 5\u00ba \u00c0s pol\u00edcias militares cabem a pol\u00edcia ostensiva e a preserva\u00e7\u00e3o da ordem p\u00fablica; aos corpos de bombeiros militares, al\u00e9m das atribui\u00e7\u00f5es definidas em lei, incumbe a execu\u00e7\u00e3o de atividades de defesa civil.<\/p>\n<p>Link: <a href=\"https:\/\/www.planalto.gov.br\/ccivil_03\/Constituicao\/Constituicao.htm\">https:\/\/www.planalto.gov.br\/ccivil_03\/Constituicao\/Constituicao.htm<\/a><\/p>\n<p>Constitui\u00e7\u00e3o Estadual \u2013 Artigos Inerentes a PMGO<br \/>Se\u00e7\u00e3o III<br \/>DA POL\u00cdCIA MILITAR<br \/>\u2013 Vide Lei n\u00ba 8125, de 18-06-1976, D.O. de 01-07-1976.<\/p>\n<p>Art. 124 \u2013 A Pol\u00edcia Militar \u00e9 institui\u00e7\u00e3o permanente, organizada com base na disciplina e na hierarquia, competindo-lhe, entre outras, as seguintes atividades:<\/p>\n<p>I \u2013 o policiamento ostensivo de seguran\u00e7a;<\/p>\n<p>II \u2013 a preserva\u00e7\u00e3o da ordem p\u00fablica;<\/p>\n<p>III \u2013 a pol\u00edcia judici\u00e1ria militar, nos termos da lei federal;<\/p>\n<p>IV \u2013 a orienta\u00e7\u00e3o e instru\u00e7\u00e3o da Guarda Municipal, quando solicitadas pelo Poder Executivo municipal;<\/p>\n<p>V \u2013 a garantia do exerc\u00edcio do poder de pol\u00edcia, dos poderes e \u00f3rg\u00e3os p\u00fablicos estaduais, especialmente os das \u00e1reas fazend\u00e1ria, sanit\u00e1ria, de uso e ocupa\u00e7\u00e3o do solo e do patrim\u00f4nio cultural.<\/p>\n<p>Link: <a href=\"http:\/\/www.gabinetecivil.goias.gov.br\/constituicoes\/constituicao_1988.htm\">http:\/\/www.gabinetecivil.goias.gov.br\/constituicoes\/constituicao_1988.htm<\/a><\/p>\n<p>MAIS INFORMA\u00c7\u00d5ES:<br \/>Lei n\u00ba 8.033, de 02 dezembro de 1975\u2013 Baixe o Estatuto dos Policiais Militares do Estado de Goi\u00e1s que disp\u00f5e sobre a estrutura organizacional da Institui\u00e7\u00e3o e d\u00e1 outras provid\u00eancias<\/p>\n<p>Link: <a href=\"https:\/\/legisla.casacivil.go.gov.br\/pesquisa_legislacao\/88165\/lei-8033\">https:\/\/legisla.casacivil.go.gov.br\/pesquisa_legislacao\/88165\/lei-8033<\/a><\/p>\n<p>LEI N\u00ba 8.125, DE 18 JUNHO DE 1976<br \/>Art. 2\u00ba \u2013 Compete \u00e0 Pol\u00edcia Militar:<br \/>I \u2013 executar com exclusividade, ressalvadas as miss\u00f5es peculiares \u00e0s For\u00e7as Armadas, o policiamento ostensivo fardado<br \/>planejado pelas autoridades policiais competentes, a fim de assegurar o cumprimento da lei, a manuten\u00e7\u00e3o da ordem p\u00fablica e o exerc\u00edcio<br \/>dos poderes constitu\u00eddos;<br \/>II \u2013 atuar de maneira preventiva com for\u00e7a de dissuas\u00e3o, em locais ou \u00e1reas espec\u00edficas, onde se presuma ser poss\u00edvel a<br \/>perturba\u00e7\u00e3o da ordem;<br \/>III \u2013 atuar de maneira repressiva, em caso de perturba\u00e7\u00e3o da ordem, precedendo o eventual emprego das For\u00e7as<br \/>Armadas;<br \/>IV \u2013 atender \u00e0 convoca\u00e7\u00e3o do Governo Federal, em caso de guerra externa ou para prevenir ou reprimir grave subvers\u00e3o<br \/>da ordem ou amea\u00e7a de sua irrup\u00e7\u00e3o, subordinando-se ao Comando da 11\u00aa Regi\u00e3o Militar para emprego em suas atribui\u00e7\u00f5es espec\u00edficas de<br \/>Pol\u00edcia Militar e como participante da defesa territorial;<br \/>V \u2013 realizar servi\u00e7os de preven\u00e7\u00e3o e de extin\u00e7\u00e3o de inc\u00eandios, simultaneamente com o de prote\u00e7\u00e3o e salvamento de vidas<br \/>e materiais no local de sinistro, bem como o de busca e salvamento, prestando socorros em casos de afogamentos, inunda\u00e7\u00f5es,<br \/>desabamentos, acidentes em geral, cat\u00e1strofes e calamidades p\u00fablicas<\/p>\n<p>Link: <a href=\"https:\/\/legisla.casacivil.go.gov.br\/api\/v2\/pesquisa\/legislacoes\/86680\/pdf\">https:\/\/legisla.casacivil.go.gov.br\/api\/v2\/pesquisa\/legislacoes\/86680\/pdf<\/a><\/p>\n<p>Lei n\u00ba 21.792, de 16 de fevereiro de 2023 &#8211; Artigos Inerentes a PMGO<\/p>\n<p>Art. 35. \u00c0 SSP competem:<\/p>\n<p>I \u2013 a formula\u00e7\u00e3o da pol\u00edtica estadual de seguran\u00e7a p\u00fablica, para a preserva\u00e7\u00e3o da ordem p\u00fablica, bem como da incolumidade das pessoas e do patrim\u00f4nio;<br \/>II \u2013 a formula\u00e7\u00e3o da pol\u00edtica estadual penitenci\u00e1ria;<br \/>III \u2013 a execu\u00e7\u00e3o das atividades da defesa do meio ambiente e da seguran\u00e7a tanto do tr\u00e2nsito urbano quanto em rodovias, ferrovias e aquavias estaduais; e<br \/>IV \u2013 a execu\u00e7\u00e3o, pelos \u00f3rg\u00e3os a ela subordinados, das seguintes fun\u00e7\u00f5es:<\/p>\n<p>a) pela Pol\u00edcia Civil: atividades de identifica\u00e7\u00e3o civil, de pol\u00edcia judici\u00e1ria e a apura\u00e7\u00e3o das infra\u00e7\u00f5es penais, exceto as militares;<br \/>b) <strong>pela Pol\u00edcia Militar<\/strong>: policiamento ostensivo e preserva\u00e7\u00e3o da ordem p\u00fablica;<br \/>c) pelo Corpo de Bombeiros Militar: atividades de defesa civil e exerc\u00edcio do poder de pol\u00edcia sobre instala\u00e7\u00f5es, para a prote\u00e7\u00e3o contra inc\u00eandio e p\u00e2nico; e<br \/>d) pela Diretoria-Geral de Pol\u00edcia Penal \u2013 DGPP: Reda\u00e7\u00e3o dada pela Lei n\u00ba 22.457, de 12-12-2023<\/p>\n<p>1. as atividades voltadas para o acompanhamento e a fiscaliza\u00e7\u00e3o do cumprimento de penas privativas de liberdade em regime de pris\u00e3o;<br \/>2. a administra\u00e7\u00e3o, a coordena\u00e7\u00e3o, a inspe\u00e7\u00e3o e a fiscaliza\u00e7\u00e3o dos pres\u00eddios e das demais instala\u00e7\u00f5es para reclus\u00e3o;<br \/>3. a qualifica\u00e7\u00e3o e a profissionaliza\u00e7\u00e3o dos sentenciados; e<br \/>4. a socializa\u00e7\u00e3o e a reintegra\u00e7\u00e3o dos reeducandos.<br \/>Link: <a href=\"https:\/\/legisla.casacivil.go.gov.br\/pesquisa_legislacao\/106749\/lei-21792\">https:\/\/legisla.casacivil.go.gov.br\/pesquisa_legislacao\/106749\/lei-21792<\/a><\/p>\n","protected":false},"excerpt":{"rendered":"<p>In\u00edcio Compet\u00eancias Constitui\u00e7\u00e3o Federal de 1988 Art. 144. A seguran\u00e7a p\u00fablica, dever do Estado, direito e responsabilidade de todos, \u00e9 exercida para a preserva\u00e7\u00e3o da ordem p\u00fablica e da incolumidade das pessoas e do patrim\u00f4nio, atrav\u00e9s dos seguintes \u00f3rg\u00e3os: I \u2013 pol\u00edcia federal; II \u2013 pol\u00edcia rodovi\u00e1ria federal; III \u2013 pol\u00edcia ferrovi\u00e1ria federal; IV \u2013 [&hellip;]<\/p>\n","protected":false},"author":2,"featured_media":0,"parent":0,"menu_order":0,"comment_status":"closed","ping_status":"closed","template":"","meta":{"footnotes":""},"class_list":["post-1466","page","type-page","status-publish","hentry"],"rttpg_featured_image_url":null,"rttpg_author":{"display_name":"rogerioduarte","author_link":"https:\/\/goias.gov.br\/policiamilitar\/author\/rogerioduarte\/"},"rttpg_comment":0,"rttpg_category":null,"rttpg_excerpt":"In\u00edcio Compet\u00eancias Constitui\u00e7\u00e3o Federal de 1988 Art. 144. A seguran\u00e7a p\u00fablica, dever do Estado, direito e responsabilidade de todos, \u00e9 exercida para a preserva\u00e7\u00e3o da ordem p\u00fablica e da incolumidade das pessoas e do patrim\u00f4nio, atrav\u00e9s dos seguintes \u00f3rg\u00e3os: I \u2013 pol\u00edcia federal; II \u2013 pol\u00edcia rodovi\u00e1ria federal; III \u2013 pol\u00edcia ferrovi\u00e1ria federal; IV \u2013&hellip;","_links":{"self":[{"href":"https:\/\/goias.gov.br\/policiamilitar\/wp-json\/wp\/v2\/pages\/1466","targetHints":{"allow":["GET"]}}],"collection":[{"href":"https:\/\/goias.gov.br\/policiamilitar\/wp-json\/wp\/v2\/pages"}],"about":[{"href":"https:\/\/goias.gov.br\/policiamilitar\/wp-json\/wp\/v2\/types\/page"}],"author":[{"embeddable":true,"href":"https:\/\/goias.gov.br\/policiamilitar\/wp-json\/wp\/v2\/users\/2"}],"replies":[{"embeddable":true,"href":"https:\/\/goias.gov.br\/policiamilitar\/wp-json\/wp\/v2\/comments?post=1466"}],"version-history":[{"count":9,"href":"https:\/\/goias.gov.br\/policiamilitar\/wp-json\/wp\/v2\/pages\/1466\/revisions"}],"predecessor-version":[{"id":79237,"href":"https:\/\/goias.gov.br\/policiamilitar\/wp-json\/wp\/v2\/pages\/1466\/revisions\/79237"}],"wp:attachment":[{"href":"https:\/\/goias.gov.br\/policiamilitar\/wp-json\/wp\/v2\/media?parent=1466"}],"curies":[{"name":"wp","href":"https:\/\/api.w.org\/{rel}","templated":true}]}}