

{"id":84769,"date":"2020-11-12T14:07:39","date_gmt":"2020-11-12T17:07:39","guid":{"rendered":"https:\/\/goias.gov.br\/policiacivil\/?page_id=84769"},"modified":"2025-12-04T09:37:49","modified_gmt":"2025-12-04T12:37:49","slug":"mapa-do-site","status":"publish","type":"page","link":"https:\/\/goias.gov.br\/policiacivil\/mapa-do-site\/","title":{"rendered":"Mapa do site"},"content":{"rendered":"<div id=\"custom-sitemap\" class=\"sitemap-container\"><div class='sitemap-group'><h3>A<\/h3><ul><li><a href='\/policiacivil\/ii-virtual' target='_blank'>ANTECEDENTES CRIMINAIS<\/a><\/li><li><a href='\/policiacivil\/acesso-a-informacao' target='_blank'>ACESSO \u00c0 INFORMA\u00c7\u00c3O<\/a><\/li><li><a href='https:\/\/portal.al.go.leg.br\/' target='_blank'>ASSEMBLEIA LEGISLATIVA DO ESTADO DE GOI\u00c1S<\/a><\/li><li><a href='\/policiacivil\/delegacias-de-policia-civil' target='_blank'>AGENDAMENTO PARA ATENDIMENTO<\/a><\/li><li><a href='https:\/\/goias.gov.br\/policiacivil\/agenda-de-autoridades\/' target='_blank'>AGENDA DE AUTORIDADES<\/a><\/li><li><a href='https:\/\/goias.gov.br\/policiacivil\/acesso-a-informacao\/termos-de-colaboracao-termos-de-fomento-acordos-de-cooperacao' target='_blank'>ACORDOS SEM TRANSFER\u00caNCIA DE RECURSOS<\/a><\/li><li><a href='https:\/\/goias.gov.br\/policiacivil\/autoridade-de-monitoramento-de-aplicacao-da-lei\/' target='_blank'>AUTORIDADE DE MONITORAMENTO DE APLICA\u00c7\u00c3O DA LEI<\/a><\/li><li><a href='https:\/\/goias.gov.br\/policiacivil\/acesso-a-informacao\/audencias-publicas\/' target='_blank'>AUD\u00caNCIAS P\u00daBLICAS<\/a><\/li><\/ul><\/div><div class='sitemap-group'><h3>B<\/h3><ul><li><a href='\/policiacivil\/boletim-geral' target='_blank'>BOLETIM GERAL DA POL\u00cdCIA CIVIL<\/a><\/li><li><a href='\/policiacivil\/boletim-geral' target='_blank'>BOLETIM GERAL<\/a><\/li><li><a href='https:\/\/goias.gov.br\/policiacivil\/wp-content\/uploads\/sites\/71\/2025\/06\/Bens-Moveis.pdf' target='_blank'>BENS M\u00d3VEIS<\/a><\/li><li><a href='https:\/\/www.transparencia.go.gov.br\/wp-content\/uploads\/sites\/2\/painel\/lai.php?painel=bens_imoveis&orgao=dgpc' target='_blank'>BENS IM\u00d3VEIS<\/a><\/li><li><a href='https:\/\/goias.gov.br\/economia\/prestacao-de-contas-de-governo\/' target='_blank'>BALAN\u00c7O GERAL DO ESTADO<\/a><\/li><\/ul><\/div><div class='sitemap-group'><h3>C<\/h3><ul><li><a href='https:\/\/www.bombeiros.go.gov.br\/' target='_blank'>CORPO DE BOMBEIROS MILITAR<\/a><\/li><li><a href='https:\/\/consulta.ssp.go.gov.br\/' target='_blank'>CONSULTA DE OBJETOS E VE\u00cdCULOS RECUPERADOS<\/a><\/li><li><a href='https:\/\/goias.gov.br\/controladoria' target='_blank'>CONTROLADORIA-GERAL DO ESTADO DE GOI\u00c1S<\/a><\/li><li><a href='\/policiacivil\/compliance' target='_blank'>COMPLIANCE DA POL\u00cdCIA CIVIL<\/a><\/li><li><a href='\/policiacivil\/conselho-superior-da-policia-civil' target='_blank'>CONSELHO SUPERIOR DA POL\u00cdCIA CIVIL<\/a><\/li><li><a href='https:\/\/goias.gov.br\/policiacivil\/institucional\/' target='_blank'>COMPET\u00caNCIAS<\/a><\/li><li><a href='https:\/\/goias.gov.br\/policiacivil\/cargos-e-seus-ocupantes' target='_blank'>CARGOS E SEUS OCUPANTES<\/a><\/li><li><a href='https:\/\/www.go.gov.br\/servicos\/servicos-por-orgao\/delegacia-geral-da-policia-civil-do-estado-de-goias' target='_blank'>CARTA DE SERVI\u00c7OS<\/a><\/li><li><a href='https:\/\/goias.gov.br\/policiacivil\/conselho-superior-da-policia-civil' target='_blank'>CONSELHOS<\/a><\/li><li><a href='https:\/\/goias.gov.br\/policiacivil\/acesso-a-informacao\/convenios-recebidos\/' target='_blank'>CONV\u00caNIOS RECEBIDOS<\/a><\/li><li><a href='https:\/\/goias.gov.br\/policiacivil\/acesso-a-informacao\/convenios-concedidos-doc\/' target='_blank'>CONV\u00caNIOS CONCEDIDOS<\/a><\/li><li><a href='http:\/\/www.comprasnet.go.gov.br\/' target='_blank'>COMPRASNET<\/a><\/li><li><a href='https:\/\/www.transparencia.go.gov.br\/wp-content\/uploads\/sites\/2\/painel\/lai.php?painel=contratos_detalhamento&orgao=dgpc' target='_blank'>CONTRATOS<\/a><\/li><li><a href='https:\/\/goias.gov.br\/policiacivil\/acesso-a-informacao\/contratos-emergenciais\/' target='_blank'>CONTRATOS EMERGENCIAIS<\/a><\/li><li><a href='https:\/\/goias.gov.br\/policiacivil\/contratos-de-locacao-de-imoveis\/' target='_blank'>CONTRATOS DE LOCA\u00c7\u00c3O DE IM\u00d3VEIS<\/a><\/li><li><a href='https:\/\/goias.gov.br\/policiacivil\/acesso-a-informacao\/classificacao-das-informacoes-sigilosas\/' target='_blank'>CLASSIFICA\u00c7\u00c3O DAS INFORMA\u00c7\u00d5ES SIGILOSAS<\/a><\/li><li><a href='https:\/\/goias.gov.br\/policiacivil\/acesso-a-informacao\/consultas-publicas\/' target='_blank'>CONSULTAS P\u00daBLICAS<\/a><\/li><\/ul><\/div><div class='sitemap-group'><h3>D<\/h3><ul><li><a href='\/policiacivil\/delegado-geral' target='_blank'>DELEGADO GERAL DA POL\u00cdCIA CIVIL<\/a><\/li><li><a href='http:\/\/gtp.policiacivil.go.gov.br\/' target='_blank'>DIVIS\u00c3O DE ASSESSORIA T\u00c9CNICO-POLICIAL<\/a><\/li><li><a href='\/policiacivil\/cargos-e-seus-ocupantes\/' target='_blank'>DIRE\u00c7\u00c3O GERAL<\/a><\/li><li><a href='\/policiacivil\/dpss' target='_blank'>DPSS<\/a><\/li><li><a href='\/policiacivil\/delegacias-distritais' target='_blank'>DISTRITAIS<\/a><\/li><li><a href='\/policiacivil\/delegacia-de-policia-24hs' target='_blank'>DELEGACIA DE POL\u00cdCIA 24HS<\/a><\/li><li><a href='http:\/\/diariooficial.abc.go.gov.br\/' target='_blank'>DI\u00c1RIO OFICIAL<\/a><\/li><li><a href='\/policiacivil\/delegacia-virtual-pcgo' target='_blank'>DELEGACIA VIRTUAL DA POL\u00cdICIA CIVIL<\/a><\/li><li><a href='\/policiacivil\/pc-197' target='_blank'>DISQUE DEN\u00daNCIA - FONE 197<\/a><\/li><li><a href='https:\/\/desaparecidos.ssp.go.gov.br\/' target='_blank'>DESAPARECIDOS - POL\u00cdCIA CIVIL DO ESTADO DE GOI\u00c1S<\/a><\/li><li><a href='\/policiacivil\/categoria\/delegacias' target='_blank'>DELEGACIAS DE POL\u00cdCIA CIVIL<\/a><\/li><li><a href='https:\/\/dadosabertos.go.gov.br\/' target='_blank'>DADOS ABERTOS GOI\u00c1S<\/a><\/li><li><a href='https:\/\/goias.gov.br\/policiacivil\/delegacia-de-policia-24hs' target='_blank'>DELEGACIAS DE POL\u00cdCIA 24 HORAS<\/a><\/li><li><a href='https:\/\/goias.gov.br\/policiacivil\/acesso-a-informacao\/doacoes\/' target='_blank'>DOA\u00c7\u00d5ES<\/a><\/li><li><a href='https:\/\/www.transparencia.go.gov.br\/wp-content\/uploads\/sites\/2\/painel\/lai.php?painel=diarias&orgao=dgpc' target='_blank'>DI\u00c1RIAS<\/a><\/li><\/ul><\/div><div class='sitemap-group'><h3>E<\/h3><ul><li><a href='https:\/\/espc.policiacivil.go.gov.br\/' target='_blank'>ESPC<\/a><\/li><li><a href='http:\/\/espc.policiacivil.go.gov.br\/' target='_blank'>ESPC \u2013 ESCOLA SUPERIOR DA POL\u00cdCIA CIVIL<\/a><\/li><li><a href='\/policiacivil\/estrutura-organizacional' target='_blank'>ESTRUTURA ORGANIZACIONAL<\/a><\/li><li><a href='\/policiacivil\/ex-diretores' target='_blank'>EX-DIRETORES<\/a><\/li><li><a href='\/policiacivil\/elogios-policia-civil' target='_blank'>ELOGIOS POL\u00cdCIA CIVIL<\/a><\/li><li><a href='\/policiacivil\/delegacias-especializadas' target='_blank'>ESPECIALIZADAS<\/a><\/li><li><a href='https:\/\/www.go.gov.br\/servicos-digitais\/cge\/nova-ouvidoria\/nova-manifestacao\/tela-lai?orgao=34&tipo_manifestacao=7' target='_blank'>E-SIC - SERVI\u00c7O ELETR\u00d4NICO DE INFORMA\u00c7\u00c3O AO CIDAD\u00c3O<\/a><\/li><li><a href='\/policiacivil\/ex-diretores' target='_blank'>EX-DIRETORES DA POL\u00cdCIA CIVIL<\/a><\/li><li><a href='https:\/\/goias.gov.br\/policiacivil\/telefones-enderecos-e-horarios-de-atendimento' target='_blank'>ENDERE\u00c7OS, TELEFONES, E-MAILS E HOR\u00c1RIOS DE ATENDIMENTO<\/a><\/li><li><a href='https:\/\/goias.gov.br\/policiacivil\/estrutura-organizacional' target='_blank'>ESTRUTURA COMPLEMENTAR<\/a><\/li><li><a href='http:\/\/www.transparencia.go.gov.br\/lai.php?painel=empenhos&orgao=dgpc' target='_blank'>EMPENHOS E PAGAMENTOS DA PC EMPENHOS E PAGAMENTOS DA PC<\/a><\/li><li><a href='http:\/\/www.transparencia.go.gov.br\/lai.php?painel=empenhos&orgao=dgpc_fesacoc' target='_blank'>EMPENHOS E PAGAMENTOS DA PC FESACOC<\/a><\/li><li><a href='https:\/\/www.transparencia.go.gov.br\/wp-content\/uploads\/sites\/2\/painel\/lai.php?painel=execucao_orcamentaria_visao_geral&orgao=dgpc' target='_blank'>EXECU\u00c7\u00c3O OR\u00c7AMENT\u00c1RIA DA PC EXECU\u00c7\u00c3O OR\u00c7AMENT\u00c1RIA DA PC<\/a><\/li><li><a href='https:\/\/www.transparencia.go.gov.br\/wp-content\/uploads\/sites\/2\/painel\/lai.php?painel=execucao_orcamentaria_visao_geral&orgao=dgpc_fesacoc' target='_blank'>EXECU\u00c7\u00c3O OR\u00c7AMENT\u00c1RIA DA PC FESACOC<\/a><\/li><li><a href='https:\/\/transparencia.go.gov.br\/emendas-parlamentares-de-goias\/' target='_blank'>EMENDAS PARLAMENTARES ESTADUAIS<\/a><\/li><li><a href='https:\/\/app.powerbi.com\/view?r=eyJrIjoiNWU4NmVlMjktZGVjMi00Mjc2LThiZDAtOTQ1ZDliM2Y4Y2QxIiwidCI6IjY3ZmQ0MzFjLWIyYWQtNDg2Ny04MWJjLWQ3NTYyMjBiNTZkNCJ9' target='_blank'>EMENDAR PARLAMENTARES FEDERAIS<\/a><\/li><li><a href='https:\/\/www.go.gov.br\/servicos-digitais\/cge\/nova-ouvidoria\/nova-manifestacao?orgao=52' target='_blank'>E-SIC ELETR\u00d4NICO<\/a><\/li><li><a href='https:\/\/goias.gov.br\/policiacivil\/lgpd\/' target='_blank'>ENCARREGADO PELO TRATAMENTO DOS DADOS PESSOAIS<\/a><\/li><li><a href='https:\/\/www.go.gov.br\/' target='_blank'>EXPRESSO GOI\u00c1S<\/a><\/li><\/ul><\/div><div class='sitemap-group'><h3>F<\/h3><ul><li><a href='\/policiacivil\/fale-conosco' target='_blank'>FALE CONOSCO<\/a><\/li><li><a href='\/policiacivil\/fesacoc' target='_blank'>FESACOC<\/a><\/li><li><a href='\/policiacivil\/formularios' target='_blank'>FORMUL\u00c1RIOS<\/a><\/li><li><a href='https:\/\/www.transparencia.go.gov.br\/wp-content\/uploads\/sites\/2\/painel\/lai.php?painel=folha_de_pagamento_salarios_de_servidores_ativos&orgao=dgpc' target='_blank'>FOLHA DE PAGAMENTO<\/a><\/li><\/ul><\/div><div class='sitemap-group'><h3>G<\/h3><ul><li><a href='https:\/\/www.gov.br\/' target='_blank'>GOVERNO FEDERAL<\/a><\/li><li><a href='https:\/\/transparencia.go.gov.br\/' target='_blank'>GOI\u00c1S TRANSPAR\u00caNCIA<\/a><\/li><li><a href='https:\/\/www.transparencia.go.gov.br\/wp-content\/uploads\/sites\/2\/painel\/lai.php?painel=gastos_governamentais&orgao=dgpc' target='_blank'>GASTOS GOVERNAMENTAIS DA PC GASTOS GOVERNAMENTAIS DA PC<\/a><\/li><li><a href='https:\/\/www.transparencia.go.gov.br\/wp-content\/uploads\/sites\/2\/painel\/lai.php?painel=gastos_governamentais&orgao=dgpc_fesacoc' target='_blank'>GASTOS GOVERNAMENTAIS DA PC FESACOC<\/a><\/li><li><a href='http:\/\/www.transparencia.go.gov.br\/lai.php?painel=publicidade_propaganda&orgao=dgpc' target='_blank'>GASTOS COM PUBLICIDADE E PROPAGANDA PC GASTOS COM PUBLICIDADE E PROPAGANDA PC<\/a><\/li><li><a href='http:\/\/www.transparencia.go.gov.br\/lai.php?painel=publicidade_propaganda&orgao=dgpc_fesacoc' target='_blank'>GASTOS COM PUBLICIDADE E PROPAGANDA PC FESACOC<\/a><\/li><\/ul><\/div><div class='sitemap-group'><h3>H<\/h3><ul><li><a href='\/policiacivil\/categoria\/homenagens\/' target='_blank'>HOMENAGENS DA POL\u00cdCIA CIVIL<\/a><\/li><\/ul><\/div><div class='sitemap-group'><h3>I<\/h3><ul><li><a href='http:\/\/institutodeidentificacao.policiacivil.go.gov.br\/' target='_blank'>INSTITUTO DE IDENTIFICA\u00c7\u00c3O<\/a><\/li><li><a href='https:\/\/iivirtual.ssp.go.gov.br\/' target='_blank'>II VIRTUAL - CARTEIRA DE IDENTIDADE - EMISS\u00c3O DE ATESTADO DE ANTECEDENTES CRIMINAIS<\/a><\/li><li><a href='https:\/\/www.transparencia.go.gov.br\/wp-content\/uploads\/sites\/2\/painel\/lai.php?painel=pda&orgao=dgpc' target='_blank'>INVENT\u00c1RIO DE DADOS<\/a><\/li><\/ul><\/div><div class='sitemap-group'><h3>J<\/h3><ul><li><a href='https:\/\/goias.gov.br\/policiacivil\/acesso-a-informacao\/julgamento-das-contas-pelo-tce\/' target='_blank'>JULGAMENTO DAS CONTAS PELO TCE-GO<\/a><\/li><\/ul><\/div><div class='sitemap-group'><h3>L<\/h3><ul><li><a href='\/policiacivil\/licitacoes-e-contratos\/' target='_blank'>LICITA\u00c7\u00d5ES E CONTRATOS<\/a><\/li><li><a href='\/policiacivil\/lgpd' target='_blank'>LGPD<\/a><\/li><li><a href='\/policiacivil\/locais-para-recebimento-de-adolescentes-infratores-apreendidos' target='_blank'>LOCAIS PARA RECEBIMENTO DE ADOLESCENTES INFRATORES APREENDIDOS<\/a><\/li><li><a href='https:\/\/legisla.casacivil.go.gov.br\/pesquisa_ato_infralegal?orgao_emissor=68&ano&pagina=1&busca_avancada=1' target='_blank'>LEGISLA\u00c7\u00c3O APLIC\u00c1VEL<\/a><\/li><li><a href='https:\/\/www.transparencia.go.gov.br\/wp-content\/uploads\/sites\/2\/painel\/lai.php?painel=folha_de_pagamento_salarios_de_estagiarios_ativos&orgao=dgpc' target='_blank'>LISTA DE ESTAGI\u00c1RIOS<\/a><\/li><li><a href='https:\/\/goias.gov.br\/policiacivil\/acesso-a-informacao\/licitacoes\/' target='_blank'>LICITA\u00c7\u00d5ES \u2013 COMPRASNET<\/a><\/li><li><a href='https:\/\/www.transparencia.go.gov.br\/wp-content\/uploads\/sites\/2\/painel\/lai.php?painel=licitacoes_concluidas_sislog&orgao=dgpc' target='_blank'>LICITA\u00c7\u00d5ES \u2013 SISLOG<\/a><\/li><li><a href='https:\/\/transparencia.go.gov.br\/fornecedores-impedidos\/' target='_blank'>LICITANTES SANCIONADOS ADMINISTRATIVAMENTE<\/a><\/li><li><a href='https:\/\/transparencia.go.gov.br\/orcamento-e-planejamento-pecas\/' target='_blank'>LDO\/LOA<\/a><\/li><li><a href='https:\/\/www.planalto.gov.br\/ccivil_03\/leis\/lcp\/lcp101.htm' target='_blank'>LEI DE RESPONSABILIDADE FISCAL \u2013 LRF<\/a><\/li><li><a href='https:\/\/legisla.casacivil.go.gov.br\/pesquisa_legislacao\/90142\/lei-18025' target='_blank'>LEI DE ACESSO \u00c0 INFORMA\u00c7\u00c3O ESTADUAL<\/a><\/li><\/ul><\/div><div class='sitemap-group'><h3>M<\/h3><ul><li><a href='https:\/\/www.mpgo.mp.br\/portal\/' target='_blank'>MINIST\u00c9RIO P\u00daBLICO DO ESTADO DE GOI\u00c1S<\/a><\/li><li><a href='https:\/\/goias.gov.br\/policiacivil\/relatorio-do-plano-de-acao\/' target='_blank'>MONITORAMENTO DE PROGRAMAS, PROJETOS, A\u00c7\u00d5ES E ATIVIDADES<\/a><\/li><\/ul><\/div><div class='sitemap-group'><h3>O<\/h3><ul><li><a href='\/policiacivil\/acesso-a-informacao\/atendimento-presencial-ouvidoria' target='_blank'>OUVIDORIA<\/a><\/li><li><a href='https:\/\/www.go.gov.br\/servicos-digitais\/cge\/nova-ouvidoria\/nova-manifestacao?orgao=52' target='_blank'>OUVIDORIA GERAL DO ESTADO<\/a><\/li><li><a href='http:\/\/www.go.gov.br\/servicos-digitais\/cge\/nova-ouvidoria\/nova-manifestacao?orgao=46' target='_blank'>OUVIDORIA SETORIAL (EXPRESSO)<\/a><\/li><li><a href='\/policiacivil\/acesso-a-informacao\/atendimento-presencial-ouvidoria\/' target='_blank'>OUVIDORIA SETORIAL (PRESENCIAL)<\/a><\/li><li><a href='http:\/\/www.transparencia.go.gov.br\/lai.php?painel=ordem_cronologica_despesas&orgao=dgpc' target='_blank'>ORDEM CRONOL\u00d3GICA DE PAGAMENTOS DA PC ORDEM CRONOL\u00d3GICA DE PAGAMENTOS DA PC<\/a><\/li><li><a href='https:\/\/www.transparencia.go.gov.br\/wp-content\/uploads\/sites\/2\/painel\/lai.php?painel=ordem_cronologica_despesas&orgao=dgpc_fesacoc' target='_blank'>ORDEM CRONOL\u00d3GICA DE PAGAMENTOS DA PC FESACOC<\/a><\/li><li><a href='https:\/\/app.powerbi.com\/view?r=eyJrIjoiNjk3NzM4MjctZTU3Yi00ZmQ5LTljMDctMzA3YTVjMThlNDg4IiwidCI6IjY3ZmQ0MzFjLWIyYWQtNDg2Ny04MWJjLWQ3NTYyMjBiNTZkNCJ9&pageName=ReportSectiond755217298c2706b71dc' target='_blank'>OBRAS<\/a><\/li><li><a href='https:\/\/app.powerbi.com\/view?r=eyJrIjoiNjk3NzM4MjctZTU3Yi00ZmQ5LTljMDctMzA3YTVjMThlNDg4IiwidCI6IjY3ZmQ0MzFjLWIyYWQtNDg2Ny04MWJjLWQ3NTYyMjBiNTZkNCJ9&pageName=ReportSection8f435ccde7de8820eb54' target='_blank'>OBRAS PARALISADAS<\/a><\/li><li><a href='https:\/\/goias.gov.br\/policiacivil\/acesso-a-informacao\/obras-audiencias-consultas-publicas\/' target='_blank'>OBRAS \u2013 AUDI\u00caNCIAS\/CONSULTAS P\u00daBLICAS<\/a><\/li><li><a href='https:\/\/goias.gov.br\/policiacivil\/acesso-a-informacao\/atendimento-presencial-ouvidoria\/' target='_blank'>OUVIDORIA \u2013 ATENDIMENTO PRESENCIAL<\/a><\/li><\/ul><\/div><div class='sitemap-group'><h3>P<\/h3><ul><li><a href='\/policiacientifica' target='_blank'>POL\u00cdCIA CIENT\u00cdFICA<\/a><\/li><li><a href='\/policiamilitar' target='_blank'>POL\u00cdCIA MILITAR<\/a><\/li><li><a href='http:\/\/www.policiapenal.go.gov.br\/' target='_blank'>POL\u00cdCIA PENAL<\/a><\/li><li><a href='http:\/\/www.procon.go.gov.br\/' target='_blank'>PROCON<\/a><\/li><li><a href='\/policiacientifica' target='_blank'>POL\u00cdCIA CIENT\u00cdFICA DO ESTADO DE GOI\u00c1S<\/a><\/li><li><a href='http:\/\/www.procon.go.gov.br\/' target='_blank'>PROCON \u2013 ESTADO DE GOI\u00c1S<\/a><\/li><li><a href='\/policiacivil\/planejamento-estrategico' target='_blank'>PLANEJAMENTO ESTRAT\u00c9GICO<\/a><\/li><li><a href='http:\/\/intranet.ssp-go.net\/app\/processos-mapeados\/' target='_blank'>PROCESSOS MAPEADOS<\/a><\/li><li><a href='https:\/\/goias.gov.br\/procuradoria\/' target='_blank'>PROCURADORIA-GERAL DO ESTADO DE GOI\u00c1S<\/a><\/li><li><a href='https:\/\/goias.gov.br\/policiacivil\/acesso-a-informacao\/programa-de-compliance-publico-pcp\/' target='_blank'>PROGRAMA DE COMPLIANCE P\u00daBLICO \u2013 PCP<\/a><\/li><li><a href='https:\/\/goias.gov.br\/policiacivil\/pergunta-e-respostas-frequentes-da-sociedade\/' target='_blank'>PERGUNTAS E RESPOSTAS FREQUENTES<\/a><\/li><li><a href='http:\/\/www.transparencia.go.gov.br\/lai.php?painel=folha_de_pagamento_salarios_de_servidores_inativos&orgao=dgpc' target='_blank'>PENSIONISTAS \/ APOSENTADOS (INATIVOS)<\/a><\/li><li><a href='https:\/\/sislog.go.gov.br\/Pca' target='_blank'>PCA \u2013 PLANO DE CONTRATA\u00c7\u00d5ES ANUAL<\/a><\/li><li><a href='https:\/\/www.gov.br\/pncp\/pt-br\/acesso-a-informacao\/painel-pncp-em-numeros\/pncp-em-numeros-contratacoes\/pncp-em-numeros-municipio' target='_blank'>PNCP<\/a><\/li><li><a href='https:\/\/goias.gov.br\/policiacivil\/acesso-a-informacao\/parcerias-com-oscs\/' target='_blank'>PARCERIAS COM OSCS<\/a><\/li><li><a href='https:\/\/goias.gov.br\/policiacivil\/planejamento-estrategico\/' target='_blank'>PLANO ESTRAT\u00c9GICO INSTITUCIONAL<\/a><\/li><li><a href='https:\/\/ppa.go.gov.br\/' target='_blank'>PPA<\/a><\/li><li><a href='https:\/\/www.planalto.gov.br\/ccivil_03\/_ato2015-2018\/2018\/lei\/l13709.htm' target='_blank'>POL\u00cdTICA DE PRIVACIDADE E PROTE\u00c7\u00c3O DE DADOS<\/a><\/li><li><a href='https:\/\/app.powerbi.com\/view?r=eyJrIjoiNmRhN2MzZmYtMWZkMi00ODdmLWJhNGQtYTJkODcwNDJlMTU4IiwidCI6IjY3ZmQ0MzFjLWIyYWQtNDg2Ny04MWJjLWQ3NTYyMjBiNTZkNCJ9' target='_blank'>PESQUISAS DE SATISFA\u00c7\u00c3O<\/a><\/li><li><a href='http:\/\/www.transparencia.go.gov.br\/' target='_blank'>PORTAL GOI\u00c1S TRANSPARENTE<\/a><\/li><li><a href='https:\/\/goias.gov.br\/policiacivil\/acesso-a-informacao\/projetos-de-participacao-social\/' target='_blank'>PROJETOS DE PARTICIPA\u00c7\u00c3O SOCIAL<\/a><\/li><li><a href='https:\/\/goias.gov.br\/policiacivil\/acesso-a-informacao\/projetos-de-inovacao-no-servico-publico\/' target='_blank'>PROJETOS DE INOVA\u00c7\u00c3O NO SERVI\u00c7O P\u00daBLICO<\/a><\/li><\/ul><\/div><div class='sitemap-group'><h3>Q<\/h3><ul><li><a href='http:\/\/www.transparencia.go.gov.br\/lai.php?painel=folha_de_pagamento_cargos_por_orgaos&orgao=dgpc' target='_blank'>QUANTITATIVO DE CARGOS<\/a><\/li><\/ul><\/div><div class='sitemap-group'><h3>R<\/h3><ul><li><a href='\/policiacivil\/delegacias-regionais-de-policia' target='_blank'>REGIONAIS<\/a><\/li><li><a href='https:\/\/www.transparencia.go.gov.br\/wp-content\/uploads\/sites\/2\/painel\/lai.php?painel=receitas_estaduais&orgao=dgpc' target='_blank'>RECEITA ESTADUAL DA PC RECEITA ESTADUAL DA PC<\/a><\/li><li><a href='https:\/\/www.transparencia.go.gov.br\/wp-content\/uploads\/sites\/2\/painel\/lai.php?painel=receitas_estaduais&orgao=dgpc_fesacoc' target='_blank'>RECEITA ESTADUAL DA PC FESACOC<\/a><\/li><li><a href='https:\/\/goias.gov.br\/policiacivil\/acesso-a-informacao\/relacao-de-terceirizados-da-policia-civil\/' target='_blank'>RELA\u00c7\u00c3O DE TERCEIRIZADOS<\/a><\/li><li><a href='https:\/\/www.transparencia.go.gov.br\/wp-content\/uploads\/sites\/2\/painel\/lai.php?painel=contratos_fiscais_e_gestores&orgao=dgpc' target='_blank'>RELA\u00c7\u00c3O DOS FISCAIS DOS CONTRATOS<\/a><\/li><li><a href='https:\/\/goias.gov.br\/policiacivil\/acesso-a-informacao\/relacao-de-veiculos\/' target='_blank'>RELA\u00c7\u00c3O DE VE\u00cdCULOS<\/a><\/li><li><a href='https:\/\/goias.gov.br\/policiacivil\/acesso-a-informacao\/relatorio-de-gestao-ou-atividades\/' target='_blank'>RELAT\u00d3RIO DE GEST\u00c3O OU ATIVIDADES<\/a><\/li><li><a href='https:\/\/transparencia.go.gov.br\/gestao-fiscal-e-governamental-rgf\/' target='_blank'>RGF<\/a><\/li><li><a href='https:\/\/transparencia.go.gov.br\/rreo\/' target='_blank'>RREO<\/a><\/li><li><a href='https:\/\/www.ouvidoriageral.go.gov.br\/api\/relatorio_gestao.php?tipo=7&orgao=52' target='_blank'>RELAT\u00d3RIO DE PEDIDOS DE ACESSO \u00c0 INFORMA\u00c7\u00c3O<\/a><\/li><li><a href='https:\/\/goias.gov.br\/policiacivil\/wp-content\/uploads\/sites\/71\/2026\/04\/Relatorio_de_Gestao_Anual__2025.pdf' target='_blank'>RELAT\u00d3RIO DE GEST\u00c3O DE OUVIDORIA<\/a><\/li><\/ul><\/div><div class='sitemap-group'><h3>S<\/h3><ul><li><a href='\/seguranca' target='_blank'>SECRETARIA DE SEGURAN\u00c7A P\u00daBLICA<\/a><\/li><li><a href='\/seguranca' target='_blank'>SSP \u2013 SECRETARIA DA SEGURAN\u00c7A P\u00daBLICA<\/a><\/li><li><a href='\/policiacivil\/institucional\/' target='_blank'>SOBRE A PCGO<\/a><\/li><li><a href='\/policiacivil\/sei' target='_blank'>S.E.I.<\/a><\/li><li><a href='\/policiacivil\/simba' target='_blank'>SIMBA<\/a><\/li><li><a href='https:\/\/www.go.gov.br\/servicos\/servico\/consultar-unidades-do-vapt-vupt' target='_blank'>SIC - SERVI\u00c7O DE INFORMA\u00c7\u00c3O AO CIDAD\u00c3O<\/a><\/li><li><a href='https:\/\/sislog.go.gov.br\/' target='_blank'>SISLOG<\/a><\/li><li><a href='https:\/\/vaptvupt.go.gov.br\/unidades' target='_blank'>SIC F\u00cdSICO \u2013 UNIDADES DO VAPT VUPT<\/a><\/li><\/ul><\/div><div class='sitemap-group'><h3>T<\/h3><ul><li><a href='\/policiacivil\/categoria\/noticias\/' target='_blank'>TODAS AS NOT\u00cdCIAS DA PCGO<\/a><\/li><li><a href='https:\/\/www.tjgo.jus.br\/' target='_blank'>TRIBUNAL DE JUSTI\u00c7A DO ESTADO DE GOI\u00c1S<\/a><\/li><li><a href='\/policiacivil\/telefones' target='_blank'>TELEFONES DA POL\u00cdCIA CIVIL<\/a><\/li><\/ul><\/div><div class='sitemap-group'><h3>W<\/h3><ul><li><a href='https:\/\/correio.policiacivil.go.gov.br\/' target='_blank'>WEBMAIL #PCGO<\/a><\/li><li><a href='https:\/\/correio.policiacivil.go.gov.br\/' target='_blank'>WEBMAIL<\/a><\/li><\/ul><\/div><\/div>\n\n\n\n<p><\/p>\n","protected":false},"excerpt":{"rendered":"","protected":false},"author":4,"featured_media":0,"parent":0,"menu_order":0,"comment_status":"closed","ping_status":"closed","template":"","meta":{"footnotes":""},"class_list":["post-84769","page","type-page","status-publish","hentry"],"rttpg_featured_image_url":null,"rttpg_author":{"display_name":"","author_link":"https:\/\/goias.gov.br\/policiacivil\/author\/"},"rttpg_comment":0,"rttpg_category":null,"rttpg_excerpt":null,"_links":{"self":[{"href":"https:\/\/goias.gov.br\/policiacivil\/wp-json\/wp\/v2\/pages\/84769","targetHints":{"allow":["GET"]}}],"collection":[{"href":"https:\/\/goias.gov.br\/policiacivil\/wp-json\/wp\/v2\/pages"}],"about":[{"href":"https:\/\/goias.gov.br\/policiacivil\/wp-json\/wp\/v2\/types\/page"}],"author":[{"embeddable":true,"href":"https:\/\/goias.gov.br\/policiacivil\/wp-json\/wp\/v2\/users\/4"}],"replies":[{"embeddable":true,"href":"https:\/\/goias.gov.br\/policiacivil\/wp-json\/wp\/v2\/comments?post=84769"}],"version-history":[{"count":2,"href":"https:\/\/goias.gov.br\/policiacivil\/wp-json\/wp\/v2\/pages\/84769\/revisions"}],"predecessor-version":[{"id":153901,"href":"https:\/\/goias.gov.br\/policiacivil\/wp-json\/wp\/v2\/pages\/84769\/revisions\/153901"}],"wp:attachment":[{"href":"https:\/\/goias.gov.br\/policiacivil\/wp-json\/wp\/v2\/media?parent=84769"}],"curies":[{"name":"wp","href":"https:\/\/api.w.org\/{rel}","templated":true}]}}