

{"id":84766,"date":"2020-11-12T14:02:45","date_gmt":"2020-11-12T17:02:45","guid":{"rendered":"https:\/\/goias.gov.br\/policiacivil\/?page_id=84766"},"modified":"2025-12-04T09:36:15","modified_gmt":"2025-12-04T12:36:15","slug":"acessibilidade","status":"publish","type":"page","link":"https:\/\/goias.gov.br\/policiacivil\/acessibilidade\/","title":{"rendered":"Acessibilidade"},"content":{"rendered":"\t\t<div data-elementor-type=\"wp-page\" data-elementor-id=\"84766\" class=\"elementor elementor-84766\">\n\t\t\t\t\t\t<section class=\"elementor-section elementor-top-section elementor-element elementor-element-2c171c9 elementor-section-boxed elementor-section-height-default elementor-section-height-default\" data-id=\"2c171c9\" data-element_type=\"section\" data-e-type=\"section\">\n\t\t\t\t\t\t<div class=\"elementor-container elementor-column-gap-default\">\n\t\t\t\t\t<div class=\"elementor-column elementor-col-100 elementor-top-column elementor-element elementor-element-a6648b6\" data-id=\"a6648b6\" data-element_type=\"column\" data-e-type=\"column\">\n\t\t\t<div class=\"elementor-widget-wrap elementor-element-populated\">\n\t\t\t\t\t\t<div class=\"elementor-element elementor-element-18ce972 elementor-widget elementor-widget-heading\" data-id=\"18ce972\" data-element_type=\"widget\" data-e-type=\"widget\" data-widget_type=\"heading.default\">\n\t\t\t\t\t<h2 class=\"elementor-heading-title elementor-size-default\">Acessibilidade<\/h2>\t\t\t\t<\/div>\n\t\t\t\t<div class=\"elementor-element elementor-element-129dc15 elementor-widget elementor-widget-text-editor\" data-id=\"129dc15\" data-element_type=\"widget\" data-e-type=\"widget\" data-widget_type=\"text-editor.default\">\n\t\t\t\t\t\t\t\t\t<section id=\"g-container-main\" class=\"g-wrapper\"><div class=\"g-container\"><div class=\"g-grid\"><div class=\"g-block size-100\"><main id=\"g-main\"><div class=\"g-container\"><div class=\"g-grid\"><div class=\"g-block size-100\"><div class=\"g-content\"><div class=\"platform-content\"><div class=\"content-wrapper\"><section class=\"entry\"><article id=\"post-47943\" class=\"post-type-page post-47943 page type-page status-publish hentry type-wppb wppb-page wppb-page-47943\"><section class=\"entry-content\"><div id=\"wppb-builder-container\" class=\"wppb-builder-container\"><p>A acessibilidade digital \u00e9 um direito fundamental que assegura a todas as pessoas, incluindo aquelas com defici\u00eancia, a plena participa\u00e7\u00e3o na sociedade da informa\u00e7\u00e3o. O Governo de Goi\u00e1s compromete-se a eliminar barreiras digitais, proporcionando um ambiente online inclusivo, conforme estabelecido pela\u00a0<strong>Lei Brasileira de Inclus\u00e3o da Pessoa com Defici\u00eancia (Lei n\u00ba 13.146\/2015)<\/strong>\u00a0e outras normativas pertinentes. Para garantir a conformidade com as melhores pr\u00e1ticas internacionais e nacionais, os portais do Governo de Goi\u00e1s seguem rigorosamente as diretrizes:<\/p><ul><li><strong>Modelo de Acessibilidade em Governo Eletr\u00f4nico (eMAG)<\/strong>: Conjunto de recomenda\u00e7\u00f5es que orienta o desenvolvimento de s\u00edtios e\u00a0<a href=\"https:\/\/www.gov.br\/governodigital\/pt-br\/acessibilidade-e-usuario\/acessibilidade-digital\/modelo-de-acessibilidade\" target=\"_blank\" rel=\"noopener\">portais acess\u00edveis no \u00e2mbito governamental brasileiro<\/a>. A vers\u00e3o mais recente, eMAG 3.1, disponibiliza diretrizes atualizadas para a cria\u00e7\u00e3o de ambientes digitais inclusivos.<\/li><li><a href=\"https:\/\/www.w3c.br\/traducoes\/wcag\/wcag21-pt-BR\/\" target=\"_blank\" rel=\"noopener\"><strong>Diretrizes de Acessibilidade para Conte\u00fado Web (WCAG) 2.1<\/strong><\/a>: Estabelece crit\u00e9rios para tornar o conte\u00fado web mais acess\u00edvel, abrangendo defici\u00eancias visuais, auditivas, motoras, cognitivas e de aprendizagem.<\/li><\/ul><p><strong>Compatibilidade com Leitores de Tela<\/strong>: Os sites institucionais do Governo de Goi\u00e1s s\u00e3o\u00a0<strong>compat\u00edveis com leitores de tela<\/strong>, garantindo que o conte\u00fado seja acess\u00edvel para pessoas com defici\u00eancia visual. Os leitores de telas s\u00e3o programas que, interagindo com o Sistema Operacional do computador, capturam toda e qualquer informa\u00e7\u00e3o apresentada na forma de texto e a transforma em uma resposta falada utilizando um sintetizador de voz. O leitor de telas \u201cvarre\u201d os programas em busca de informa\u00e7\u00f5es que podem ser lidas para o usu\u00e1rio, possibilitando a navega\u00e7\u00e3o por menus, janelas e textos presentes em praticamente qualquer aplicativo. A navega\u00e7\u00e3o \u00e9 feita atrav\u00e9s de um teclado comum, dispensando o uso do mouse na maior parte do tempo, e o \u00e1udio \u00e9 emitido atrav\u00e9s da placa de som presente no computador. Nenhuma adapta\u00e7\u00e3o especial \u00e9 necess\u00e1ria para que o programa funcione e possibilite a utiliza\u00e7\u00e3o do computador pelo deficiente visual. Deste modo, o usu\u00e1rio pode ouvir tudo o que est\u00e1 sendo mostrado, conforme navega pelo sistema e\/ou utiliza os comandos do programa.\u00a0<strong>Leitores de tela<\/strong>\u00a01\u00aa \u2013 NVDA (Non Visual Desktop Access) 2\u00aa \u2013 ORCA<\/p><h3><strong>Recursos de Acessibilidade Dispon\u00edveis<\/strong><\/h3><p>Os portais do Governo de Goi\u00e1s oferecem diversos recursos para facilitar a navega\u00e7\u00e3o e garantir a acessibilidade:<\/p><ul><li><strong>Barra de Acessibilidade<\/strong>: Localizada na parte superior do site, proporciona atalhos de navega\u00e7\u00e3o e op\u00e7\u00f5es para ajuste de contraste e tamanho da fonte, al\u00e9m do acesso ao Mapa do Site.<\/li><li><strong>Teclas de Atalho<\/strong>: Facilitam o acesso r\u00e1pido \u00e0s principais se\u00e7\u00f5es do site:<\/li><\/ul><p><strong>Atalhos pelo teclado:<\/strong><\/p><ul><li>\u00c1rea de conte\u00fado (<strong>1<\/strong>);<\/li><li>Menu Principal (<strong>2<\/strong>);<\/li><li>Busca (<strong>3<\/strong>);<\/li><li>Rodap\u00e9 (<strong>4<\/strong>);<\/li><\/ul><p>Teclando-se\u00a0<strong>Alt + 1<\/strong>\u00a0em qualquer p\u00e1gina do site, chega-se diretamente ao come\u00e7o do conte\u00fado principal da p\u00e1gina. Teclando-se\u00a0<strong>Alt + 2<\/strong>\u00a0em qualquer p\u00e1gina do site, chega-se diretamente ao in\u00edcio do menu principal. Teclando-se\u00a0<strong>Alt + 3<\/strong>\u00a0em qualquer p\u00e1gina do site, chega-se diretamente ao campo de busca. Teclando-se\u00a0<strong>Alt + 4<\/strong>\u00a0em qualquer p\u00e1gina do site, chega-se diretamente ao rodap\u00e9.\u00a0<em>Nota<\/em>: No navegador Firefox, utilize\u00a0<strong>Alt + Shift + n\u00famero<\/strong>, no Opera,\u00a0<strong>Shift + Escape + n\u00famero<\/strong>.\u00a0<strong>Redimensionamento de Texto<\/strong>:<\/p><ul><li><strong>Ctrl + 0<\/strong>: Resetar tamanho da fonte<\/li><li><strong>Ctrl + +<\/strong>: Aumentar fonte<\/li><li><strong>Ctrl + \u2013<\/strong>: Diminuir fonte<\/li><\/ul><p><strong>Ferramenta de Int\u00e9rprete de Libras (VLIBRAS)<\/strong>: Os sites do Governo de Goi\u00e1s disponibilizam a ferramenta\u00a0<strong>VLIBRAS<\/strong>, que permite a tradu\u00e7\u00e3o de conte\u00fados para a L\u00edngua Brasileira de Sinais, garantindo a acessibilidade para pessoas surdas ou com defici\u00eancia auditiva. Para ativar o recurso, o usu\u00e1rio interessado dever\u00e1 clicar no \u00edcone do aplicativo V-Libras (que fica sempre do lado direito da tela na parte superior, pr\u00f3ximo \u00e0 barra de rolagem), o que abrir\u00e1 automaticamente uma janela com a tradu\u00e7\u00e3o do conte\u00fado para L\u00edngua Brasileira de Sinais.<\/p><h3><strong>Conformidade com as Normas Legais<\/strong><\/h3><ul><li><a href=\"https:\/\/www.planalto.gov.br\/ccivil_03\/_ato2015-2018\/2015\/lei\/l13146.htm\" target=\"_blank\" rel=\"noopener\">Lei n\u00ba 13.146, de 6 de Julho de 2015<\/a>\u00a0\u2013 Institui a Lei Brasileira de Inclus\u00e3o da Pessoa com Defici\u00eancia (Estatuto da Pessoa com Defici\u00eancia).<\/li><li><a href=\"https:\/\/www.gov.br\/governodigital\/pt-br\/estrategia-de-governanca-digital\/do-eletronico-ao-digital\" target=\"_blank\" rel=\"noopener\">Portaria n\u00ba 03, de 07 de Maio de 2007<\/a>\u00a0\u2013 formato .pdf (35,5Kb) \u2013 Institucionaliza o Modelo de Acessibilidade em Governo Eletr\u00f4nico \u2013 eMAG<\/li><li><a href=\"https:\/\/www.w3.org\/Translations\/WCAG20-pt-br\/\" target=\"_blank\" rel=\"noopener\">WCAG 2.0 de 2008<\/a>\u00a0\u2013 Diretrizes de Acessibilidade para Conte\u00fado Web do Cons\u00f3rcio World Wide Web.<\/li><li><a href=\"https:\/\/www.planalto.gov.br\/ccivil_03\/_ato2011-2014\/2012\/decreto\/d7724.htm\" target=\"_blank\" rel=\"noopener\">Decreto n\u00ba 7.724, de 16 de Maio de 2012<\/a>\u00a0\u2013 Regulamenta a Lei No 12.527, que disp\u00f5e sobre o acesso a informa\u00e7\u00f5es.<\/li><li><a href=\"https:\/\/www.planalto.gov.br\/ccivil_03\/_ato2007-2010\/2009\/decreto\/d6949.htm\" target=\"_blank\" rel=\"noopener\">Decreto n\u00ba 6.949, de 25 de agosto de 2009<\/a>\u00a0\u2013 Promulga a Conven\u00e7\u00e3o Internacional sobre os Direitos das Pessoas com Defici\u00eancia e seu Protocolo Facultativo, assinados em Nova York, em 30 de mar\u00e7o de 2007.<\/li><li><a href=\"https:\/\/www.planalto.gov.br\/ccivil_03\/_Ato2004-2006\/2004\/Decreto\/D5296.htm\" target=\"_blank\" rel=\"noopener\">Decreto n\u00ba 5.296 de 02 de dezembro de 2004<\/a>\u00a0\u2013 Regulamenta as Leis nos 10.048, de 8 de novembro de 2000, que d\u00e1 prioridade de atendimento \u00e0s pessoas que especifica, e 10.098, de 19 de dezembro de 2000, que estabelece normas gerais e crit\u00e9rios b\u00e1sicos para a promo\u00e7\u00e3o da acessibilidade das pessoas portadoras de defici\u00eancia ou com mobilidade reduzida, e d\u00e1 outras provid\u00eancias.<\/li><\/ul><h3><strong>Avalia\u00e7\u00e3o e Melhoria Cont\u00ednua<\/strong><\/h3><p>Para garantir a efetividade das pr\u00e1ticas de acessibilidade, o Governo de Goi\u00e1s realiza avalia\u00e7\u00f5es peri\u00f3dicas utilizando ferramentas automatizadas, como o ASES (Avaliador e Simulador de Acessibilidade em S\u00edtios), e valida\u00e7\u00f5es manuais, conforme recomendado pelo\u00a0<a href=\"https:\/\/emag.governoeletronico.gov.br\/\" target=\"_blank\" rel=\"noopener\">eMAG<\/a>.<\/p><h3><strong>Contato para D\u00favidas, Sugest\u00f5es e Cr\u00edticas<\/strong><\/h3><p>Para relatar dificuldades de acesso ou sugerir melhorias, entre em contato com a\u00a0<strong>Ger\u00eancia de Governo Digital<\/strong>:<\/p><ul><li><strong>Endere\u00e7o<\/strong>: Avenida Vereador Jos\u00e9 Monteiro, n\u00ba 2.233, Bloco G, Setor Nova Vila \u2013 Goi\u00e2nia\/GO \u2013 CEP: 74.653-900<\/li><li><strong>E-mail<\/strong>: sitesinstitucionais@goias.gov.br<\/li><li><strong>Unidade SEI<\/strong>: 21188<\/li><\/ul><\/div><\/section><\/article><\/section><\/div><\/div><\/div><\/div><\/div><\/div><\/main><\/div><\/div><\/div><\/section><section id=\"g-pagination\"><div class=\"g-container\"><div class=\"g-grid\"><div class=\"g-block size-100 center banner-secom\"><div class=\"g-content\"><div id=\"block-9\" class=\"widget widget_block\">\u00a0<\/div><\/div><\/div><\/div><\/div><\/section>\t\t\t\t\t\t\t\t<\/div>\n\t\t\t\t\t<\/div>\n\t\t<\/div>\n\t\t\t\t\t<\/div>\n\t\t<\/section>\n\t\t\t\t<\/div>\n\t\t","protected":false},"excerpt":{"rendered":"<p>Acessibilidade A acessibilidade digital \u00e9 um direito fundamental que assegura a todas as pessoas, incluindo aquelas com defici\u00eancia, a plena participa\u00e7\u00e3o na sociedade da informa\u00e7\u00e3o. O Governo de Goi\u00e1s compromete-se a eliminar barreiras digitais, proporcionando um ambiente online inclusivo, conforme estabelecido pela\u00a0Lei Brasileira de Inclus\u00e3o da Pessoa com Defici\u00eancia (Lei n\u00ba 13.146\/2015)\u00a0e outras normativas pertinentes. [&hellip;]<\/p>\n","protected":false},"author":4,"featured_media":0,"parent":0,"menu_order":0,"comment_status":"closed","ping_status":"closed","template":"elementor_header_footer","meta":{"footnotes":""},"class_list":["post-84766","page","type-page","status-publish","hentry"],"rttpg_featured_image_url":null,"rttpg_author":{"display_name":"","author_link":"https:\/\/goias.gov.br\/policiacivil\/author\/"},"rttpg_comment":0,"rttpg_category":null,"rttpg_excerpt":"Acessibilidade A acessibilidade digital \u00e9 um direito fundamental que assegura a todas as pessoas, incluindo aquelas com defici\u00eancia, a plena participa\u00e7\u00e3o na sociedade da informa\u00e7\u00e3o. O Governo de Goi\u00e1s compromete-se a eliminar barreiras digitais, proporcionando um ambiente online inclusivo, conforme estabelecido pela\u00a0Lei Brasileira de Inclus\u00e3o da Pessoa com Defici\u00eancia (Lei n\u00ba 13.146\/2015)\u00a0e outras normativas pertinentes.&hellip;","_links":{"self":[{"href":"https:\/\/goias.gov.br\/policiacivil\/wp-json\/wp\/v2\/pages\/84766","targetHints":{"allow":["GET"]}}],"collection":[{"href":"https:\/\/goias.gov.br\/policiacivil\/wp-json\/wp\/v2\/pages"}],"about":[{"href":"https:\/\/goias.gov.br\/policiacivil\/wp-json\/wp\/v2\/types\/page"}],"author":[{"embeddable":true,"href":"https:\/\/goias.gov.br\/policiacivil\/wp-json\/wp\/v2\/users\/4"}],"replies":[{"embeddable":true,"href":"https:\/\/goias.gov.br\/policiacivil\/wp-json\/wp\/v2\/comments?post=84766"}],"version-history":[{"count":2,"href":"https:\/\/goias.gov.br\/policiacivil\/wp-json\/wp\/v2\/pages\/84766\/revisions"}],"predecessor-version":[{"id":153900,"href":"https:\/\/goias.gov.br\/policiacivil\/wp-json\/wp\/v2\/pages\/84766\/revisions\/153900"}],"wp:attachment":[{"href":"https:\/\/goias.gov.br\/policiacivil\/wp-json\/wp\/v2\/media?parent=84766"}],"curies":[{"name":"wp","href":"https:\/\/api.w.org\/{rel}","templated":true}]}}