

{"id":79609,"date":"2020-02-20T15:38:49","date_gmt":"2020-02-20T18:38:49","guid":{"rendered":" https:\/\/goias.gov.br\/policiacivil\/?page_id=79609"},"modified":"2023-09-25T12:18:09","modified_gmt":"2023-09-25T15:18:09","slug":"ii-virtual","status":"publish","type":"page","link":"https:\/\/goias.gov.br\/policiacivil\/ii-virtual\/","title":{"rendered":"ii virtual"},"content":{"rendered":"<p>Buscando dar mais praticidade e agilidade ao cidad\u00e3o, o Governo de Goi\u00e1s disponibiliza o ambiente virtual do Instituto de Identifica\u00e7\u00e3o da Pol\u00edcia Civil do Estado de Goi\u00e1s. Neste ambiente voc\u00ea ter\u00e1 acesso a diversos servi\u00e7os diretamente pela internet.&#8221; para o seguinte informe: &#8220;O Atestado\/Certid\u00e3o de Antecedentes \u00e9 um documento que informa a exist\u00eancia ou n\u00e3o de registro criminal na Pol\u00edcia Civil do Estado de Goi\u00e1s. O documento apresenta a situa\u00e7\u00e3o do cidad\u00e3o requisitante no exato momento da solicita\u00e7\u00e3o.<\/p>\n<p><a href=\"https:\/\/iivirtual.ssp.go.gov.br\/\" target=\"_blank\" rel=\"noopener\"><img fetchpriority=\"high\" decoding=\"async\" class=\"alignnone\" src=\" https:\/\/goias.gov.br\/policiacivil\/wp-content\/uploads\/sites\/71\/2018\/07\/bn_696x80_ii_virtual.png\" alt=\"\" width=\"696\" height=\"80\" \/><\/a><\/p>\n","protected":false},"excerpt":{"rendered":"<p>Buscando dar mais praticidade e agilidade ao cidad\u00e3o, o Governo de Goi\u00e1s disponibiliza o ambiente virtual do Instituto de Identifica\u00e7\u00e3o da Pol\u00edcia Civil do Estado de Goi\u00e1s. Neste ambiente voc\u00ea ter\u00e1 acesso a diversos servi\u00e7os diretamente pela internet.&#8221; para o seguinte informe: &#8220;O Atestado\/Certid\u00e3o de Antecedentes \u00e9 um documento que informa a exist\u00eancia ou n\u00e3o [&hellip;]<\/p>\n","protected":false},"author":4,"featured_media":0,"parent":0,"menu_order":0,"comment_status":"closed","ping_status":"closed","template":"","meta":{"footnotes":""},"class_list":["post-79609","page","type-page","status-publish","hentry"],"rttpg_featured_image_url":null,"rttpg_author":{"display_name":"","author_link":"https:\/\/goias.gov.br\/policiacivil\/author\/"},"rttpg_comment":0,"rttpg_category":null,"rttpg_excerpt":"Buscando dar mais praticidade e agilidade ao cidad\u00e3o, o Governo de Goi\u00e1s disponibiliza o ambiente virtual do Instituto de Identifica\u00e7\u00e3o da Pol\u00edcia Civil do Estado de Goi\u00e1s. Neste ambiente voc\u00ea ter\u00e1 acesso a diversos servi\u00e7os diretamente pela internet.&#8221; para o seguinte informe: &#8220;O Atestado\/Certid\u00e3o de Antecedentes \u00e9 um documento que informa a exist\u00eancia ou n\u00e3o&hellip;","_links":{"self":[{"href":"https:\/\/goias.gov.br\/policiacivil\/wp-json\/wp\/v2\/pages\/79609","targetHints":{"allow":["GET"]}}],"collection":[{"href":"https:\/\/goias.gov.br\/policiacivil\/wp-json\/wp\/v2\/pages"}],"about":[{"href":"https:\/\/goias.gov.br\/policiacivil\/wp-json\/wp\/v2\/types\/page"}],"author":[{"embeddable":true,"href":"https:\/\/goias.gov.br\/policiacivil\/wp-json\/wp\/v2\/users\/4"}],"replies":[{"embeddable":true,"href":"https:\/\/goias.gov.br\/policiacivil\/wp-json\/wp\/v2\/comments?post=79609"}],"version-history":[{"count":1,"href":"https:\/\/goias.gov.br\/policiacivil\/wp-json\/wp\/v2\/pages\/79609\/revisions"}],"predecessor-version":[{"id":121468,"href":"https:\/\/goias.gov.br\/policiacivil\/wp-json\/wp\/v2\/pages\/79609\/revisions\/121468"}],"wp:attachment":[{"href":"https:\/\/goias.gov.br\/policiacivil\/wp-json\/wp\/v2\/media?parent=79609"}],"curies":[{"name":"wp","href":"https:\/\/api.w.org\/{rel}","templated":true}]}}