

{"id":68449,"date":"2018-09-04T14:46:28","date_gmt":"2018-09-04T17:46:28","guid":{"rendered":"https:\/\/goias.gov.br\/policiacivil\/?page_id=68449"},"modified":"2026-03-11T15:01:11","modified_gmt":"2026-03-11T18:01:11","slug":"fesacoc","status":"publish","type":"page","link":"https:\/\/goias.gov.br\/policiacivil\/fesacoc\/","title":{"rendered":"Fundo Especial de Apoio ao Combate \u00e0 Lavagem de Capitais e \u00e0s Organiza\u00e7\u00f5es Criminosas &#8211; FESACOC"},"content":{"rendered":"<p><a href=\" https:\/\/goias.gov.br\/policiacivil\/wp-content\/uploads\/sites\/71\/2021\/01\/logo-fasacoc.png\"><img decoding=\"async\" class=\"size-full wp-image-86614 alignnone aligncenter\" src=\" https:\/\/goias.gov.br\/policiacivil\/wp-content\/uploads\/sites\/71\/2021\/01\/logo-fasacoc.png\" alt=\"\" width=\"216\" height=\"217\" \/><\/a><\/p>\r\n<p><strong>DELEGACIA GERAL DA POL\u00cdCIA CIVIL<\/strong><\/p>\r\n<p style=\"text-align: justify;\">\u2013 \u00c9 objetivo do Fundo o provimento complementar de recursos destinados ao aperfei\u00e7oamento profissional, reaparelhamento tecnol\u00f3gico e ao custeio das atividades operacionais e investigativas das unidades da Delegacia-Geral da Pol\u00edcia Civil especializadas na repress\u00e3o dos crimes previstos na Lei federal n.\u00ba 12.850, de 02 de agosto de 2013, e na Lei federal n.\u00ba 9.613, de 03 de mar\u00e7o de 1998, e no enfrentamento da criminalidade organizada.<\/p>\r\n<p style=\"text-align: justify;\">\u2013 O FESACOC funcionar\u00e1 no \u00e2mbito da Delegacia-Geral da Pol\u00edcia Civil, que lhe proporcionar\u00e1 o suporte t\u00e9cnico necess\u00e1rio, destinando-lhe instala\u00e7\u00f5es f\u00edsicas dentro da estrutura do Conselho Superior da Pol\u00edcia Civil, recursos humanos, material de expediente, equipamentos e demais recursos necess\u00e1rios ao seu funcionamento. As atas da Fesacoc estar\u00e3o \u00e0 disposi\u00e7\u00e3o dos membros do Conselho da Pol\u00edcia Civil, conforme determina o artigo 56, \u00a7 3\u00ba, do Decreto 9218\/2018.<\/p>\r\n<hr \/>\r\n<p><strong>LEGISLA\u00c7\u00c3O:<\/strong><\/p>\r\n<p><a role=\"link\" href=\"http:\/\/www.gabinetecivil.go.gov.br\/pagina_decretos.php?id=18083\" rel=\"noopener noreferrer\"><strong>\u2013 Decreto n\u00ba 9.218, 04 de maio de 2018<\/strong>\u00a0<\/a>\u2013\u00a0 aprova o Regulamento do Fundo Especial de Apoio ao Combate \u00e0 Lavagem de Capitais e \u00e0s Organiza\u00e7\u00f5es Criminosas \u2013 FESACOC \u2013 da Delegacia-Geral da Pol\u00edcia Civil.<\/p>\r\n<p><strong>\u203a\u00a0<a role=\"link\" href=\"http:\/\/www.gabinetecivil.go.gov.br\/pagina_leis.php?id=22084\" rel=\"noopener noreferrer\">Lei 19.828<\/a><\/strong><br \/><strong>\u203a\u00a0<a role=\"link\" href=\" https:\/\/goias.gov.br\/policiacivil\/wp-content\/uploads\/sites\/71\/2020\/01\/decisao-judicial-fesacoc.pdf\" target=\"_blank\" rel=\"noopener noreferrer\">Decis\u00e3o Judicial FESACOC<\/a><\/strong><br \/><strong>\u203a\u00a0<a role=\"link\" href=\" https:\/\/goias.gov.br\/policiacivil\/wp-content\/uploads\/sites\/71\/2020\/01\/resolucao-n.-1-2019.pdf\" target=\"_blank\" rel=\"noopener noreferrer\">Resolu\u00e7\u00e3o n. 1\/2019<\/a><\/strong><br \/><strong>\u203a\u00a0<a role=\"link\" href=\" https:\/\/goias.gov.br\/policiacivil\/wp-content\/uploads\/sites\/71\/2018\/09\/resolucao-n.-1.pdf\" target=\"_blank\" rel=\"noopener noreferrer\">Resolu\u00e7\u00e3o n. 1\/2018<\/a><\/strong><br \/><strong>\u203a\u00a0<a role=\"link\" href=\" https:\/\/goias.gov.br\/policiacivil\/fesacoc\/comprovante-de-publicacao-da-portaria-no-09-2022\" target=\"_blank\" rel=\"noopener noreferrer\">Comprovante de publica\u00e7\u00e3o da Portaria n\u00ba 09\/2022<\/a><br \/><\/strong><strong>\u203a <a href=\" https:\/\/goias.gov.br\/policiacivil\/wp-content\/uploads\/sites\/71\/2021\/01\/cartilha-destinacao-de-bens.pdf\">Cartilha &#8211; Destina\u00e7\u00e3o de Bens<\/a><\/strong><br \/><strong>\u203a <a href=\" https:\/\/goias.gov.br\/policiacivil\/wp-content\/uploads\/sites\/71\/2021\/01\/resolucao-n.o-2-2020-do-conselho-diretor-do-fesacoc.pdf\">Resolu\u00e7\u00e3o n.\u00ba 2-2020 do Conselho Diretor do FESACOC<\/a><\/strong><br \/><strong>\u203a <a href=\" https:\/\/goias.gov.br\/policiacivil\/wp-content\/uploads\/sites\/71\/2021\/01\/instrucao-de-servico-com-manual-de-cadastro-dos-objetos-apreendidos-no-combate-a-lavagem-de-capitais-e-as-organizacoes-criminosas.pdf\">Instru\u00e7\u00e3o de Servi\u00e7o com manual de cadastro dos objetos apreendidos no combate \u00e0 lavagem de capitais e \u00e0s organiza\u00e7\u00f5es criminosas<\/a><\/strong><\/p>\r\n<hr \/>\r\n<p><strong>\u203a <\/strong>Lei sobre o fundo<br \/><strong>\u203a <\/strong>Decretos sobre o fundo<br \/><strong>\u203a <\/strong>Resolu\u00e7\u00f5es Aprovadas pelo Conselho Diretor do FESACOC<br \/><strong>\u203a <\/strong>Cartilhas e\/ou Manuais sobre o FESACOC<br \/><strong>\u203a <\/strong><a href=\" https:\/\/goias.gov.br\/policiacivil\/fesacoc\/contratos\" target=\"_blank\" rel=\"noopener noreferrer\"><strong>Contratos<\/strong><\/a><\/p>\r\n<hr \/>\r\n<p><strong>CONTATO:<\/strong><\/p>\r\n<p>E-mail:\u00a0<a role=\"link\" href=\"mailto:fesacoc@policiacivil.go.gov.br\">fesacoc@policiacivil.go.gov.br<\/a><br \/>Unidade do SEI: 17897<\/p>\r\n<hr \/>\r\n<p><strong>DARE FESACOC<\/strong><\/p>\r\n<p>Para imprimir o Dare para pagamento, acesse o link: <strong><a href=\"https:\/\/dare.ssp.go.gov.br\/\" target=\"_blank\" rel=\"noopener\">dare.ssp.go.gov.br<\/a><\/strong><\/p>\r\n\r\n<p>&nbsp;<\/p>\r\n","protected":false},"excerpt":{"rendered":"<p>DELEGACIA GERAL DA POL\u00cdCIA CIVIL \u2013 \u00c9 objetivo do Fundo o provimento complementar de recursos destinados ao aperfei\u00e7oamento profissional, reaparelhamento tecnol\u00f3gico e ao custeio das atividades operacionais e investigativas das unidades da Delegacia-Geral da Pol\u00edcia Civil especializadas na repress\u00e3o dos crimes previstos na Lei federal n.\u00ba 12.850, de 02 de agosto de 2013, e na [&hellip;]<\/p>\n","protected":false},"author":898,"featured_media":86614,"parent":0,"menu_order":0,"comment_status":"closed","ping_status":"closed","template":"","meta":{"footnotes":""},"class_list":["post-68449","page","type-page","status-publish","has-post-thumbnail","hentry"],"rttpg_featured_image_url":{"full":["https:\/\/goias.gov.br\/policiacivil\/wp-content\/uploads\/sites\/71\/2021\/01\/logo-fasacoc.png",216,217,false],"landscape":["https:\/\/goias.gov.br\/policiacivil\/wp-content\/uploads\/sites\/71\/2021\/01\/logo-fasacoc.png",216,217,false],"portraits":["https:\/\/goias.gov.br\/policiacivil\/wp-content\/uploads\/sites\/71\/2021\/01\/logo-fasacoc.png",216,217,false],"thumbnail":["https:\/\/goias.gov.br\/policiacivil\/wp-content\/uploads\/sites\/71\/2021\/01\/logo-fasacoc.png",150,150,false],"medium":["https:\/\/goias.gov.br\/policiacivil\/wp-content\/uploads\/sites\/71\/2021\/01\/logo-fasacoc.png",216,217,false],"large":["https:\/\/goias.gov.br\/policiacivil\/wp-content\/uploads\/sites\/71\/2021\/01\/logo-fasacoc.png",216,217,false],"1536x1536":["https:\/\/goias.gov.br\/policiacivil\/wp-content\/uploads\/sites\/71\/2021\/01\/logo-fasacoc.png",216,217,false],"2048x2048":["https:\/\/goias.gov.br\/policiacivil\/wp-content\/uploads\/sites\/71\/2021\/01\/logo-fasacoc.png",216,217,false]},"rttpg_author":{"display_name":"carlanovaes","author_link":"https:\/\/goias.gov.br\/policiacivil\/author\/carlanovaes\/"},"rttpg_comment":0,"rttpg_category":null,"rttpg_excerpt":"DELEGACIA GERAL DA POL\u00cdCIA CIVIL \u2013 \u00c9 objetivo do Fundo o provimento complementar de recursos destinados ao aperfei\u00e7oamento profissional, reaparelhamento tecnol\u00f3gico e ao custeio das atividades operacionais e investigativas das unidades da Delegacia-Geral da Pol\u00edcia Civil especializadas na repress\u00e3o dos crimes previstos na Lei federal n.\u00ba 12.850, de 02 de agosto de 2013, e na&hellip;","_links":{"self":[{"href":"https:\/\/goias.gov.br\/policiacivil\/wp-json\/wp\/v2\/pages\/68449","targetHints":{"allow":["GET"]}}],"collection":[{"href":"https:\/\/goias.gov.br\/policiacivil\/wp-json\/wp\/v2\/pages"}],"about":[{"href":"https:\/\/goias.gov.br\/policiacivil\/wp-json\/wp\/v2\/types\/page"}],"author":[{"embeddable":true,"href":"https:\/\/goias.gov.br\/policiacivil\/wp-json\/wp\/v2\/users\/898"}],"replies":[{"embeddable":true,"href":"https:\/\/goias.gov.br\/policiacivil\/wp-json\/wp\/v2\/comments?post=68449"}],"version-history":[{"count":3,"href":"https:\/\/goias.gov.br\/policiacivil\/wp-json\/wp\/v2\/pages\/68449\/revisions"}],"predecessor-version":[{"id":177224,"href":"https:\/\/goias.gov.br\/policiacivil\/wp-json\/wp\/v2\/pages\/68449\/revisions\/177224"}],"wp:featuredmedia":[{"embeddable":true,"href":"https:\/\/goias.gov.br\/policiacivil\/wp-json\/wp\/v2\/media\/86614"}],"wp:attachment":[{"href":"https:\/\/goias.gov.br\/policiacivil\/wp-json\/wp\/v2\/media?parent=68449"}],"curies":[{"name":"wp","href":"https:\/\/api.w.org\/{rel}","templated":true}]}}