

{"id":66015,"date":"2018-07-13T12:16:02","date_gmt":"2018-07-13T15:16:02","guid":{"rendered":"https:\/\/goias.gov.br\/policiacivil\/?page_id=66015"},"modified":"2026-04-14T16:24:57","modified_gmt":"2026-04-14T19:24:57","slug":"delegacias-especializadas","status":"publish","type":"page","link":"https:\/\/goias.gov.br\/policiacivil\/delegacias-especializadas\/","title":{"rendered":"Delegacias Especializadas"},"content":{"rendered":"<p>As Delegacias Especializadas descritas abaixo, exceto a DIH e a DEAM, da Regi\u00e3o Central,\u00a0 atendem a popula\u00e7\u00e3o das 8 \u00e0s 12 horas e das 14 \u00e0s 18 horas, de segunda \u00e0 sexta-feira.<\/p>\n<p class=\"linha\"><strong>Delegacia de Pol\u00edcia de Apura\u00e7\u00e3o de Atos Infracionais \u2013 DEPAI<\/strong><br \/>\nDelegado: Yuri Costa de Oliveira<br \/>\nRua 72, Qd. A, Lt. A, Parque da Crian\u00e7a \u2013 Jardim Goi\u00e1s \u2013 CEP: 74810-480 \u2013 Goi\u00e2nia-GO<br \/>\nFones: 3201-2663 \/ 2664 \/ 2665 \/ 2662<br \/>\nE-mail:\u00a0depai-goiania@policiacivil.go.gov.br<\/p>\n<p class=\"linha\"><strong>Delegacia de Pol\u00edcia Interestadual \u2013 POLINTER<\/strong><br \/>\nDelegado: Daniel Felipe Diniz Adorni<br \/>\nAlameda Sebasti\u00e3o Fleury, Qd. 251, Lt. 17, n\u00ba 119, Setor Marista (t\u00e9rreo) \u2013 CEP: 74180-060 \u2013 Goi\u00e2nia-GO<br \/>\nFones: (62) 99585-6487<br \/>\nE-mail: polinterpcgo@gmail.com<\/p>\n<p class=\"linha\"><strong>Delegacia de Prote\u00e7\u00e3o \u00e0 Crian\u00e7a e ao Adolescente \u2013 DPCA<\/strong><br \/>\nDelegado: Henrique Wilson Ferreira de Oliveira<br \/>\nRua C-190, esquina com a C-107, Qd. 226, Lt. 13, Jardim Am\u00e9rica \u2013 CEP: 74255-080 \u2013 Goi\u00e2nia-GO<br \/>\nFones: 3286-1540 \/ 3286-1298 \/ 3286-1552<br \/>\nE-mail:\u00a0dpca-goiania@policiacivil.go.gov.br<\/p>\n<p><strong>Grupo de Prote\u00e7\u00e3o Animal (GPA) &#8211; Goi\u00e2nia<\/strong><br \/>\nDelegado: Cl\u00e1udio Ant\u00f4nio da Silva Domingos (respondendo)<br \/>\nRua J-38, Qd. 68, Lt. 11, Setor Ja\u00f3 \u2013 CEP: 74673-560 \u2013 Goi\u00e2nia-GO<br \/>\nFones: 3201-2350\/ 3201-2326<br \/>\nE-mail: gpagoiania@gmail.com<\/p>\n<p class=\"linha\"><strong>Delegacia Estadual de Atendimento Especializado \u00e0 Mulher (Deaem)<\/strong><br \/>\nDelegada: Ana Elisa Gomes Martins<br \/>\nRua 24, n\u00ba 203, Qd. 49, Lt. 27, Centro \u2013 CEP: 74030-060 \u2013 Goi\u00e2nia -GO<br \/>\n<em>ATENDIMENTO DE PLANT\u00c3O 24H<\/em>: Rua 24, n\u00ba 203, Qd. 49, Lt. 27, Centro \u2013 CEP: 74030-060 \u2013 Goi\u00e2nia -GO<br \/>\nFones: 3201-2802 (sede\/plant\u00e3o) \/ (62) 3201-6344 (sede estendida)<br \/>\nE-mails: deaem.pcgo@pc.goias.gov.br (sede) e deaem.sedeestendida.pcgo@pc.goias.gov.br (sede estendida)<\/p>\n<p class=\"linha\"><strong>Cart\u00f3rio &#8211; atendimento \u00e0 mulher na Regi\u00e3o Noroeste<\/strong><br \/>\nAv. do Povo com Rua E, Qd. 10, Lt. 101, Jardim Curitiba-II \u2013 CEP: 74480-110 \u2013 Goi\u00e2nia-GO<br \/>\nFones: 3201-6344 \/ 3201-6332 \/3201- 6331<\/p>\n<p><strong>Delegacia Estadual de Atendimento \u00e0 V\u00edtima de Crimes Raciais e de Intoler\u00e2ncia \u2013 DEACRI<br \/>\n<\/strong>Delegado: Joaquim Filho Adorno Santos<br \/>\nAvenida Solar, Pra\u00e7a Padre Rom\u00e3o C\u00edcero (Pra\u00e7a do Violeiro), Setor Urias Magalh\u00e3es \u2013 CEP: 74.565-630 \u2013 Goi\u00e2nia-GO<br \/>\nNovo Endere\u00e7o: Av. 2\u00aa Radial, Qd. 48, Lt. 28, Setor Pedro Ludovico \u2013 Cep: 74820-090 \u2013 Goi\u00e2nia-GO<br \/>\nFone: (62) 98495-2047<br \/>\nE-mail: geacri-goiania@policiacivil.go.gov.br; geacri.pcgo@gmail.com<\/p>\n<p class=\"linha\"><strong>Delegacia Especializada em Investiga\u00e7\u00e3o de Crimes de Tr\u00e2nsito de Goi\u00e2nia \u2013 DICT<\/strong><br \/>\nDelegado: Paulo Ludovico Evangelista da Rocha<br \/>\nAv. At\u00edlio Corr\u00eaa Lima, N\u00ba 1875, Cidade Jardim \u2013 CEP: 74425-030 \u2013 Goi\u00e2nia-GO<br \/>\nFones: 3201-2296 \/ 3201-2227 \/ 3201-2228\u00a0 \/ 3201-2284<br \/>\nE-mail:\u00a0dict@policiacivil.go.gov.br<\/p>\n<p class=\"linha\"><strong>Delegacia Estadual de Capturas \u2013 DECAP<\/strong><br \/>\nDelegado: Fabr\u00edcio Madruga Santos<br \/>\nAv. At\u00edlio Corr\u00eaa Lima, S\/N, Cidade Jardim \u2013 CEP: 74425-030 \u2013 Goi\u00e2nia-GO<br \/>\nFone: 3201-1168<br \/>\nE-mail: capturas@policiacivil.go.gov.br<\/p>\n<p><strong>Grupo de Investiga\u00e7\u00e3o de Desaparecidos &#8211; GID\u00a0\u00a0<\/strong><br \/>\nDelegado: Pedromar Augusto de Souza<br \/>\nAv. Arist\u00f3teles, esquina com Rua Jacarand\u00e1, Qd. 48, Jardim Mariliza &#8211; CEP: 74885-030 &#8211; Goi\u00e2nia-GO<br \/>\nFone: (62) 98406-4620<br \/>\nE-mail: gid-goiania@policiacivil.go.gov.br<\/p>\n<p class=\"linha\"><strong>Delegacia Estadual de Investiga\u00e7\u00f5es Criminais \u2013 DEIC<\/strong><br \/>\nDelegado: Murillo Leal Freire<br \/>\nAv. At\u00edlio Corr\u00eaa Lima, S\/N, Cidade Jardim \u2013 CEP: 74425-030 \u2013 Goi\u00e2nia-GO<br \/>\nFones: 3201-1140 \/ 1142 \/ 1144 \/ 1145 \/ 1136 \/ 1134<br \/>\nE-mail:\u00a0deic-goiania@policiacivil.go.gov.br<\/p>\n<p class=\"linha\"><strong>Grupo Antirroubo a Banco (GAB)\/DEIC<\/strong><br \/>\nDelegado: Eduardo Gomes Junior<br \/>\nAv. At\u00edlio Corr\u00eaa Lima, S\/N, Cidade Jardim \u2013 CEP: 74425-030 \u2013 Goi\u00e2nia-GO<br \/>\nFone: 3201-1147 \/ 3201-1140<br \/>\nE-mail:\u00a0deic-gab@policiacivil.go.gov.br<\/p>\n<p class=\"linha\"><strong>Grupo Antissequestro (GAS)\/DEIC<\/strong><br \/>\nDelegado: Samuel Pereira Moura<br \/>\nAv. At\u00edlio Corr\u00eaa Lima, S\/N, Cidade Jardim \u2013 CEP: 74425-030 \u2013 Goi\u00e2nia-GO<br \/>\nFones: 3201-1152 \/ 3201-1131<br \/>\nE-mail:\u00a0deic-gas@policiacivil.go.gov.br<\/p>\n<p><strong>Grupo Especial de Prote\u00e7\u00e3o ao Torcedor (Geprot)\/DEIC<\/strong><br \/>\nDelegado: Samuel Pereira Moura<br \/>\nAv. At\u00edlio Corr\u00eaa Lima, S\/N, Cidade Jardim \u2013 CEP: 74425-030 \u2013 Goi\u00e2nia-GO<br \/>\nFones: 3201-1152 \/ 3201-1131<\/p>\n<p><strong>Grupo de Repress\u00e3o a Roubos (GARRA) \/ DEIC<\/strong><br \/>\nDelegados: Altair Gon\u00e7alves J\u00fanior e Leonardo Dias Pires<br \/>\nAv. At\u00edlio Corr\u00eaa Lima, S\/N, Cidade Jardim \u2013 CEP: 74425-030 \u2013 Goi\u00e2nia-GO<br \/>\nFones: 3201-1144 \/ 3201-1164<br \/>\nE-mail:\u00a0deic-goiania@policiacivil.go.gov.br<\/p>\n<p class=\"linha\"><strong>Grupo de Repress\u00e3o a Estelionato e Outras Fraudes (GREF) \/ DEIC<\/strong><br \/>\nDelegado: Murillo Leal Freire<br \/>\nAv. At\u00edlio Corr\u00eaa Lima, S\/N, Cidade Jardim \u2013 CEP: 74425-030 \u2013 Goi\u00e2nia-GO<br \/>\nFones: 3201-1180 \/ 3201-1145<br \/>\nE-mail:\u00a0deic-gref@policiacivil.go.gov.br<\/p>\n<p class=\"linha\"><strong>Coordenadoria de Opera\u00e7\u00f5es e Recursos Especiais (CORE\/GT3)<br \/>\n<\/strong>Delegado: Guilherme Carvalho Rocha<br \/>\nRua 9, esquina com Rua 16, Quadra 16, Lote 17, Setor Aerovi\u00e1rio \u2013 CEP: 74435-240\u00a0 \u2013 Goi\u00e2nia-GO<br \/>\nFones: 3201-2564 \/ 2566 \/ 2568<br \/>\nE-mail:\u00a0gt3@policiacivil.go.gov.br<\/p>\n<p class=\"linha\"><strong>Delegacia Estadual de Repress\u00e3o a Crimes Rurais (DERCR)<\/strong><br \/>\nDelegado: Arthur Robert George Curado Fleury de Vidigal<br \/>\nRua Itumbiara, Qd. 154, Lt. 11, Cidade Jardim \u2013 Cep: 74413-120 \u2013 Goi\u00e2nia-GO<br \/>\nFones: 3201-2610 \/ 3201-2611 \/ 3201-2613<br \/>\nE-mail: crimesrurais@policiacivil.go.gov.br<\/p>\n<p class=\"linha\"><strong>Delegacia Estadual de Repress\u00e3o a Crimes Cibern\u00e9ticos (DERCC)<\/strong><br \/>\nDelegada: Marcella Cordeiro Or\u00e7ai<br \/>\nAvenida Solar, Pra\u00e7a Padre Rom\u00e3o C\u00edcero (Pra\u00e7a do Violeiro), Setor Urias Magalh\u00e3es \u2013 CEP: 74.565-630 \u2013 Goi\u00e2nia-GO<br \/>\nFones: 3201-2651<br \/>\nE-mail: dercc.pcgo@gmail.com<\/p>\n<p class=\"linha\"><strong>Delegacia Estadual de Repress\u00e3o \u00e0s A\u00e7\u00f5es Criminosas Organizadas (DRACO)<\/strong><br \/>\nDelegado: Thiago Torres<br \/>\nRua T-50, esquina com Rua T-27, Qd. 59, Lt. 12, n\u00ba 1158, Setor Bueno, CEP 74.210-030 &#8211; Goi\u00e2nia- GO<br \/>\nFones: 3201-7181<br \/>\nE-mail:\u00a0draco@policiacivil.go.gov.br<\/p>\n<p class=\"linha\"><strong>Delegacia Estadual de Investiga\u00e7\u00f5es de Homic\u00eddios \u2013 DIH<\/strong><br \/>\nDelegado: Maur\u00edcio Rocha Passerini<br \/>\nAv. At\u00edlio Corr\u00eaa Lima, S\/N, Cidade Jardim \u2013 CEP: 74425-030 \u2013 Goi\u00e2nia-GO<br \/>\nFones: 3201-1220 \/ 1221 \/ 1223 \/ 1224 \/ 1225 \/ 1218 \/ 1229<br \/>\nE-mail:\u00a0deh-goiania@policiacivil.go.gov.br<\/p>\n<p><strong>Delegacia Estadual de Repress\u00e3o a Crimes Contra a Administra\u00e7\u00e3o P\u00fablica \u2013 DERCAP<\/strong><br \/>\nDelegado: Cleybio Janu\u00e1rio Ferreira<br \/>\nAv. Independ\u00eancia, n\u00ba 2.716 , Qd-E. Lt- 07,\u00a0 St. Leste Vila Nova (2\u00ba Andar) \u2013 CEP: 74645-010 \u2013 Goi\u00e2nia-GO<br \/>\nFones: 3201-1544\u00a0 \u00a0\/\u00a0 3201-1542\u00a0 \u00a0\/\u00a0 3201-1541<br \/>\nE-mail:\u00a0dercap-goiania@policiacivil.go.gov.br<\/p>\n<p><strong>Delegacia Estadual de Combate \u00e0 Corrup\u00e7\u00e3o &#8211; DECCOR\u00a0<\/strong><br \/>\nDelegado: Francisco Lipari Filho<br \/>\nRua 17, Qd. 03, Lt. 05,\u00a0 St. Aerovi\u00e1rio \u2013 CEP: 74435-250 \u2013 Goi\u00e2nia-GO<br \/>\nFones: 3201-6312 \/ 3201-1292 \/ 3201-1256<br \/>\nE-mail: deccor@policiacivil.go.gov.br<\/p>\n<p class=\"linha\"><strong>Delegacia Estadual de Repress\u00e3o a Crimes Contra a Ordem Tribut\u00e1ria \u2013 DOT<\/strong><br \/>\nDelegado: Alexandre Alvim Lima<br \/>\nAv. Ver. Jos\u00e9 Monteiro, n\u00ba 2.233, St. Negr\u00e3o de Lima (Pr\u00e9dio da SEFAZ) \u2013 CEP: 74653-040 \u2013 Goi\u00e2nia-GO<br \/>\nFones: 3269-2184 \/ 3269-2185 \/ 3269-2175<br \/>\nE-mail:\u00a0dot@policiacivil.go.gov.br<\/p>\n<p class=\"linha\"><strong>Delegacia Estadual de Repress\u00e3o a Crimes Contra o Consumidor \u2013 DECON<\/strong><br \/>\nDelegado: Frederico Dias Maciel<br \/>\nAv. Independ\u00eancia, 2.716 , Qd-E. Lt- 07 \u2013 St. Leste Vila Nova (1\u00ba Andar) \u2013 CEP:\u00a0 74645-010 \u2013 Goi\u00e2nia-GO<br \/>\nFones: 3201-1528 \/ 1529 \/ 1531 \/ 1533 \/ Fax: (62) 3201-1532<br \/>\nE-mail:\u00a0decon-goiania@policiacivil.go.gov.br<\/p>\n<p class=\"linha\"><strong>Delegacia Estadual de Repress\u00e3o a Crimes Contra o Meio Ambiente \u2013 DEMA<\/strong><br \/>\nDelegado:\u00a0Luziano Severino de Carvalho<br \/>\nRua T-48, N\u00b0 666, Qd. 40 Lt. 12, Setor Bueno \u2013 CEP: 74210-190\u00a0 \u2013 Goi\u00e2nia-GO<br \/>\nFones: 3201-2637 \/ 2626 \/ 2631 \/ 2632 \/2633<br \/>\nE-mail:\u00a0dema-goiania@policiacivil.go.gov.br<\/p>\n<p class=\"linha\"><strong>Delegacia Estadual de Repress\u00e3o a Furtos e Roubos de Cargas \u2013 DECAR<\/strong><br \/>\nDelegada: Alessandra Batista Dias Alvarenga<br \/>\nRua RF-9 esq. com Rua RF-13, Residencial Felicidades \u2013 Cep: 74684-010 \u2013 Goi\u00e2nia-GO<br \/>\nFones: 3201-6900 \/ 6981<br \/>\nE-mail:\u00a0decar-goiania@policiacivil.go.gov.br<\/p>\n<p class=\"linha\"><strong>Delegacia Estadual de Repress\u00e3o a Furtos e Roubos de Ve\u00edculos Automotores \u2013 DERFRVA<\/strong><br \/>\nDelegado: Danillo Martins Ferreira<br \/>\nAv. At\u00edlio Corr\u00eaa Lima, S\/N, Cidade Jardim \u2013 CEP: 74425-030\u00a0 \u2013 Goi\u00e2nia-GO<br \/>\nFones: 3201-1101 \/ 1105 \/ 1122 \/ 1107 \/ 1195<br \/>\nE-mail:\u00a0derfrva-goiania@policiacivil.go.gov.br<\/p>\n<p class=\"linha\"><strong>Delegacia Estadual de Repress\u00e3o a Narc\u00f3ticos \u2013 DENARC<\/strong><br \/>\nDelegado: Rhaniel de Almeida Pires<br \/>\nAv. At\u00edlio Corr\u00eaa Lima, S\/N, Cidade Jardim \u2013 CEP: 74425-030 \u2013 Goi\u00e2nia-GO<br \/>\nFones: 3201-1190 \/ 1191 \/ 1192 \/ 1198<br \/>\nE-mail:\u00a0denarc@policiacivil.go.gov.br<\/p>\n<p class=\"linha\"><strong>Delegacia Especializada no Atendimento ao Idoso (DEAI) e Delegacia Especializada no Atendimento \u00e0 Pessoa com Defici\u00eancia (DEAPD)\u00a0\u00a0<\/strong><br \/>\nDelegado: Alexandre Bruno de Barros<br \/>\nRua 227, Qd. 67, Lt. 17, Setor Leste Universit\u00e1rio \u2013 CEP: 74605-080 \u2013 Goi\u00e2nia-GO<br \/>\nTelefones: 3201-1501 \/3201-1511<br \/>\nE-mail:\u00a0delegacia.idoso@policiacivil.go.gov.br<\/p>\n<p>\u203a\u00a0<strong><a href=\"https:\/\/goias.gov.br\/policiacivil\/delegacia-virtual-pcgo\">Delegacia Virtual<\/a><\/strong><br \/>\n\u203a\u00a0<strong><a href=\"https:\/\/goias.gov.br\/policiacivil\/delegacias-distritais\" rel=\"noopener\">Delegacias Distritais<\/a><\/strong><br \/>\n\u203a\u00a0<strong><a href=\"https:\/\/goias.gov.br\/policiacivil\/delegacias-especializadas\" rel=\"noopener\">Delegacias Especializadas<\/a><\/strong><br \/>\n\u203a\u00a0<strong><a href=\"https:\/\/goias.gov.br\/policiacivil\/delegacias-regionais-de-policia\" rel=\"noopener\">Delegacias Regionais<\/a><\/strong><br \/>\n\u203a\u00a0<a href=\"https:\/\/goias.gov.br\/policiacivil\/telefones\" rel=\"noopener\"><strong>Lista Telef\u00f4nica da Pol\u00edcia Civil em PDF<\/strong><\/a><\/p>\n","protected":false},"excerpt":{"rendered":"<p>As Delegacias Especializadas descritas abaixo, exceto a DIH e a DEAM, da Regi\u00e3o Central,\u00a0 atendem a popula\u00e7\u00e3o das 8 \u00e0s 12 horas e das 14 \u00e0s 18 horas, de segunda \u00e0 sexta-feira. Delegacia de Pol\u00edcia de Apura\u00e7\u00e3o de Atos Infracionais \u2013 DEPAI Delegado: Yuri Costa de Oliveira Rua 72, Qd. A, Lt. A, Parque da [&hellip;]<\/p>\n","protected":false},"author":898,"featured_media":0,"parent":0,"menu_order":0,"comment_status":"closed","ping_status":"closed","template":"","meta":{"footnotes":""},"class_list":["post-66015","page","type-page","status-publish","hentry"],"rttpg_featured_image_url":null,"rttpg_author":{"display_name":"carlanovaes","author_link":"https:\/\/goias.gov.br\/policiacivil\/author\/carlanovaes\/"},"rttpg_comment":0,"rttpg_category":null,"rttpg_excerpt":"As Delegacias Especializadas descritas abaixo, exceto a DIH e a DEAM, da Regi\u00e3o Central,\u00a0 atendem a popula\u00e7\u00e3o das 8 \u00e0s 12 horas e das 14 \u00e0s 18 horas, de segunda \u00e0 sexta-feira. Delegacia de Pol\u00edcia de Apura\u00e7\u00e3o de Atos Infracionais \u2013 DEPAI Delegado: Yuri Costa de Oliveira Rua 72, Qd. A, Lt. A, Parque da&hellip;","_links":{"self":[{"href":"https:\/\/goias.gov.br\/policiacivil\/wp-json\/wp\/v2\/pages\/66015","targetHints":{"allow":["GET"]}}],"collection":[{"href":"https:\/\/goias.gov.br\/policiacivil\/wp-json\/wp\/v2\/pages"}],"about":[{"href":"https:\/\/goias.gov.br\/policiacivil\/wp-json\/wp\/v2\/types\/page"}],"author":[{"embeddable":true,"href":"https:\/\/goias.gov.br\/policiacivil\/wp-json\/wp\/v2\/users\/898"}],"replies":[{"embeddable":true,"href":"https:\/\/goias.gov.br\/policiacivil\/wp-json\/wp\/v2\/comments?post=66015"}],"version-history":[{"count":4,"href":"https:\/\/goias.gov.br\/policiacivil\/wp-json\/wp\/v2\/pages\/66015\/revisions"}],"predecessor-version":[{"id":190265,"href":"https:\/\/goias.gov.br\/policiacivil\/wp-json\/wp\/v2\/pages\/66015\/revisions\/190265"}],"wp:attachment":[{"href":"https:\/\/goias.gov.br\/policiacivil\/wp-json\/wp\/v2\/media?parent=66015"}],"curies":[{"name":"wp","href":"https:\/\/api.w.org\/{rel}","templated":true}]}}