

{"id":65955,"date":"2018-07-13T12:14:08","date_gmt":"2018-07-13T15:14:08","guid":{"rendered":"https:\/\/goias.gov.br\/policiacivil\/?page_id=65955"},"modified":"2026-03-11T11:37:31","modified_gmt":"2026-03-11T14:37:31","slug":"delegacias-distritais","status":"publish","type":"page","link":"https:\/\/goias.gov.br\/policiacivil\/delegacias-distritais\/","title":{"rendered":"Delegacias Distritais"},"content":{"rendered":"<p>Os 26 distritos policiais abaixo descritos atendem a popula\u00e7\u00e3o das 8h \u00e0s 12h e das 14h \u00e0s 18h, de segunda \u00e0 sexta-feira. A 1\u00aa DDP tamb\u00e9m registra o RAI das 18h \u00e0s 23h, na sexta-feira, e das 8h a 0h, aos s\u00e1bados, domingos e feriados. A Central-Geral de Flagrantes e Pronto Atendimento ao Cidad\u00e3o atende em regime de 24 horas, todos os dias.<\/p>\n<p><strong>Central-Geral de Flagrantes e Pronto Atendimento ao Cidad\u00e3o (CGFPAC)<br \/>\n<\/strong>Delegado: Rilmo Braga da Cruz J\u00fanior<br \/>\nAv. At\u00edlio Corr\u00eaa Lima, S\/N, Cidade Jardim \u2013 CEP: 74425-030 \u2013 Goi\u00e2nia-GO<br \/>\nFones: 3201-1188 \/ 3201-1189 \/ 3201-1258.<\/p>\n<p class=\"linha\"><strong>1\u00ba Distrito Policial<\/strong><br \/>\nDelegado: Fernando Alves Barbosa Martins<br \/>\nRua 66 n\u00ba 12, Centro \u2013 Cep: 74055-070 \u2013 Goi\u00e2nia-GO<br \/>\nFones: 3201-2760 \/ 3201- 2771 \/ 3201-2762 \/ 3201-2766 \/ 3201-2776 \/3201-2769<br \/>\nE-mail: 1dp-goiania@policiacivil.go.gov.br<\/p>\n<p class=\"linha\"><strong>2\u00ba Distrito Policial<\/strong><br \/>\nDelegado: Kleyton Manoel Dias<br \/>\nPra\u00e7a dos Violeiros, Qd. 40A, Lt. 01, Urias Magalh\u00e3es \u2013 Cep: 74565-670 \u2013 Goi\u00e2nia-GO<br \/>\nFones: 3201-2093 \/ 3201-2098<br \/>\nE-mail: 2dp-goiania@policiacivil.go.gov.br<\/p>\n<p class=\"linha\"><strong>3\u00ba Distrito Policial<\/strong><br \/>\nDelegado: Manoel Borges de Oliveira<br \/>\nRua 03, n\u00ba 88, Setor Marechal Rondon, Cep: 74560-310 \u2013 Goi\u00e2nia-GO<br \/>\nFones: 3201-2091\/ 3201-2092 \/ 3201-2090<br \/>\nE-mail: 3dp-goiania@policiacivil.go.gov.br<\/p>\n<p class=\"linha\"><strong>4\u00ba Distrito Policial<\/strong><br \/>\nDelegado: Wladimir Freire<br \/>\nRua T-29, n\u00ba 547, Setor Bueno \u2013 CEP: 74210-050 \u2013 Goi\u00e2nia-GO <span style=\"text-decoration: underline\"><strong>(em reforma)<br \/>\n<\/strong><strong>Atendendo temporariamente em:<\/strong><\/span> Rua R-17, Qd. F-13, Lt. 13 &#8211; St. Oeste, CEP: 74125-095 &#8211; Goi\u00e2nia &#8211; GO<br \/>\nFones: 3201-2603 \/ 3201-2604 \/ 3201-2602<br \/>\nE-mail: 4dp-goiania@policiacivil.go.gov.br<\/p>\n<p class=\"linha\"><strong>5\u00ba Distrito Policial<\/strong><br \/>\nDelegado: Jac\u00f3 Machado das Chagas<br \/>\nRua\u00a0Jos\u00e9 Hermano, n\u00ba 1.040, Setor Campinas &#8211; Cep: 74515-030\u2013 Goi\u00e2nia-GO<br \/>\nFones: 3201-3366 \/ 3201-7289 \/ 3201-7278<br \/>\nE-mail: 5dp-goiania@policiacivil.go.gov.br<\/p>\n<p class=\"linha\"><strong>6\u00ba Distrito Policial<\/strong><br \/>\nDelegado: Gilberto da Silva Ferro (respondendo)<br \/>\nRua C 99, Pra\u00e7a C 10, Setor Sudoeste, Goi\u00e2nia\/GO, CEP 74.303-400<br \/>\nConsiderando que o 6\u00ba Distrito funciona na mesma unidade policial que o 20\u00ba Distrito<br \/>\nFones: (62) 3201-2615 \/ 3201-2692 \/ 3201-2671 \/ 3201-2618 e 3201-2640<br \/>\nE-mail: 6dp-goiania@policiacivil.go.gov.br<\/p>\n<p class=\"linha\"><strong>7\u00ba Distrito Policial<\/strong><br \/>\nDelegada: Myrian Vidal de Castilho Cursino<br \/>\nRua C-214, Qd. 510, Jardim Am\u00e9rica \u2013 CEP: 74270-270 \u2013 Goi\u00e2nia-GO<br \/>\nFones: 3201-2697 \/ 3201-2699<br \/>\nE-mail: 7dp-goiania@policiacivil.go.gov.br<\/p>\n<p class=\"linha\"><strong>8\u00ba Distrito Policial<\/strong><br \/>\nDelegado: Daniel Marcelino da Silva<br \/>\nRua 1.012, n\u00ba 416, Qd. 34, Lt. 37, Setor Pedro Ludovico &#8211; CEP: 74.820-250 &#8211; Goi\u00e2nia-GO<br \/>\nFones: 3201-7070 \/ 3201-7072 \/ 3201-7074<br \/>\nE-mail: 8dp-goiania@policiacivil.go.gov.br<\/p>\n<p class=\"linha\"><strong>9\u00ba Distrito Policial<\/strong><br \/>\nDelegado: Moacir Tomaz de Souza Filho<br \/>\nRua 242, Qd. 42, Lt. 35, Setor Leste Universit\u00e1rio \u2013 CEP:: 74603-190 \u2013 Goi\u00e2nia-GO<br \/>\nFones: 3201-2387 \/ 3201-2392 \/ 3201-2386<br \/>\nE-mail: 9dp-goiania@policiacivil.go.gov.br<\/p>\n<p class=\"linha\"><strong>10\u00ba Distrito Policial<\/strong><br \/>\nDelegado: Breynner Vasconcelos Cursino<br \/>\nRua RF-9 esq. com Rua RF-13, Residencial Felicidade \u2013 Cep: 74684-010 \u2013 Goi\u00e2nia-GO<br \/>\nFones: (62) 98595-6496<br \/>\nE-mail: 10dp-goiania@policiacivil.go.gov.br<\/p>\n<p class=\"linha\"><strong>11\u00ba Distrito Policial<\/strong><br \/>\nDelegada: Renata Vieira da Silva Freitas (respondendo)<br \/>\nAvenida Felipe Camar\u00e3o, Qd. 22, Lt. 11, s\/n, bairro Goi\u00e1 \u2013 CEP: 74.485-320\u00a0\u2013 Goi\u00e2nia-GO<br \/>\nFones: 3296-1592<br \/>\nE-mail: 11dp.goiania.pcgo@pc.goias.gov.br<\/p>\n<p class=\"linha\"><strong>12\u00ba Distrito Policial<\/strong><br \/>\nDelegado: R\u00f4mulo Figueredo de Mattos<br \/>\nAv. Landulfo Caldeira de Melo, Lt. 07, Balne\u00e1rio Meia Ponte \u2013 Cep: 74590-800 \u2013 Goi\u00e2nia-GO<br \/>\nFones: 3201-2085 \/ 3201-2095 \/ 3201-2094<br \/>\nE-mail: 12dp-goiania@policiacivil.go.gov.br<\/p>\n<p class=\"linha\"><strong>13\u00ba Distrito Policial<\/strong><br \/>\nDelegado: Emerson Morais de Oliveira<br \/>\nRua Igap\u00f3, Qd. 66, Lt. 18, Parque Amazonas \u2013 Cep: 74835-440 \u2013 Goi\u00e2nia-GO<br \/>\nFones: 3201-2288 e 3201-2254<br \/>\nE-mail: 13dp-goiania@policiacivil.go.gov.br<\/p>\n<p class=\"linha\"><strong>14\u00ba Distrito Policial<\/strong><br \/>\nDelegado: Washington da Concei\u00e7\u00e3o<br \/>\nAv. An\u00e1polis, s\/n, Vila Pedroso \u2013 Cep: 74770-030 \u2013 Goi\u00e2nia-GO<br \/>\nFones: 3201-2372\/ 3201-2378<br \/>\nE-mail: 14dp-goiania@policiacivil.go.gov.br<\/p>\n<p class=\"linha\"><strong>15\u00ba Distrito Policial<\/strong><br \/>\nDelegada: Renata Vieira da Silva Freitas<br \/>\nAvenida Felipe Camar\u00e3o, Qd. 22, Lt. 11, s\/n, bairro Goi\u00e1 \u2013 CEP: 74.485-320 \u2013 Goi\u00e2nia-GO<br \/>\nFones: 3296-1592<br \/>\nE-mail: 15dp-goiania@policiacivil.go.gov.br<\/p>\n<p class=\"linha\"><strong>16\u00ba Distrito Policial<\/strong><br \/>\nDelegado: Diogo Luiz Barreira Gomes<br \/>\nAv. Central, Qd. 50, Lt. 22, Jardim Nova Esperan\u00e7a \u2013 Cep: 74465-100 \u2013 Goi\u00e2nia-GO<br \/>\nFones: 3201-6323 \/ 3201-6324<br \/>\nE-mail: 16dp-goiania@policiacivil.go.gov.br<\/p>\n<p class=\"linha\"><strong>17\u00ba Distrito Policial<\/strong><br \/>\nDelegado:\u00a0Anderson Cesar Pereira Pimentel Penha<br \/>\nAv. Flamboyant , Qd. 34 , Parque das Laranjeiras \u2013 Cep: 74855-340 \u2013 Goi\u00e2nia-GO<br \/>\nFones: 3201-2498 \/ 3201-2499<br \/>\nE-mail: 17dp-goiania@policiacivil.go.gov.br<\/p>\n<p class=\"linha\"><strong>18\u00ba Distrito Policial<\/strong><br \/>\nDelegada: Renata Machado Brandimarte<br \/>\nAv. Dona Gercina Borges Teixeira, Qd. 11, Lt. 29, \u00a0Vera Cruz \u2013 Cep: 74493-060 \u2013 Goi\u00e2nia-GO<br \/>\nFones: 3201-6325 \/ 3201-6326<br \/>\nE-mail: 18dp-goiania@policiacivil.go.gov.br<\/p>\n<p class=\"linha\"><strong>19\u00ba Distrito Policial<\/strong><br \/>\nDelegado: Washington da Concei\u00e7\u00e3o\u00a0(respondendo)<br \/>\nAv. An\u00e1polis, s\/n, Vila Pedroso \u2013 Cep: 74770-030 \u2013 Goi\u00e2nia-GO<br \/>\nFones: 3201-2368 \/ 3201-2362 \/ 3201-2369<br \/>\nE-mail: 19dp-goiania@policiacivil.go.gov.br<\/p>\n<p class=\"linha\"><strong>20\u00ba Distrito Policial<\/strong><br \/>\nDelegado:\u00a0Gilberto da Silva Ferro<br \/>\nRua C 99, Pra\u00e7a C 10, Setor Sudoeste, Goi\u00e2nia-GO, CEP 74303-400<br \/>\nFones: (62) 3201-2615 \/ 3201-2692 \/ 3201-2671 \/ 3201-2618 e 3201-2640<br \/>\nE-mail: 20dp-goiania@policiacivil.go.gov.br<\/p>\n<p class=\"linha\"><strong>21\u00ba Distrito Policial<\/strong><br \/>\nDelegado: Alessandro Tadeu de Carvalho Lopes (respondendo)<br \/>\nRua VF-44, Qd. 34 Lt. 15, Vila Finsocial \u2013 Cep:74473-400 \u2013 Goi\u00e2nia-GO<br \/>\nFones: 3201-9901 \/ 3201-9902 \/ 3201-9903<br \/>\nE-mail: 21dp-goiania@policiacivil.go.gov.br<\/p>\n<p class=\"linha\"><strong>22\u00ba Distrito Policial<\/strong><br \/>\nDelegado: Alessandro Tadeu de Carvalho Lopes<br \/>\nAv. do Povo com Rua JC 26, Qd. 19, Lt. 14, Pra\u00e7a do CIOPS, Jardim Curitiba-II \u2013 Cep: 74480-711 \u2013 Goi\u00e2nia-GO<br \/>\nFones: 3201-6330 \/ 3201-6336 \/ 3201-6339<br \/>\nE-mail: 22dp-goiania@policiacivil.go.gov.br<\/p>\n<p class=\"linha\"><strong>23\u00ba Distrito Policial<\/strong><br \/>\nDelegada: Tereza Daniela Nunes Ferreira Magri<br \/>\nRua Planalto, Area 07, Qd. 12, Conj. Riviera \u2013 Cep: 74730-060 \u2013 Goi\u00e2nia-GO<br \/>\nFones: 3284-3545 \/ 3542-3163 \/ 3542-3943<br \/>\nE-mail: 23dp-goiania@policiacivil.go.gov.br<\/p>\n<p class=\"linha\"><strong>24\u00ba Distrito Policial<\/strong><br \/>\nDelegado: Anderson Cesar Pereira Pimentel Penha (respondendo)<br \/>\nAv. Arist\u00f3teles, Qd. 48 com Rua Jacarand\u00e1, Jardim Mariliza \u2013 Cep: 74885-030 \u2013 Goi\u00e2nia-GO<br \/>\nFones: 3284-8633 \/ 3273-0037<br \/>\nE-mail: 24dpgoiania@policiacivil.go.gov.br<\/p>\n<p class=\"linha\"><strong>25\u00ba Distrito Policial<\/strong><br \/>\nDelegado: Bruno Henrique Soares Mateus<br \/>\nRua 10, Qd.05, Lt.03 a 07, Conj. Itatiaia \u2013 Cep: 74690-360 \u2013 Goi\u00e2nia-GO<br \/>\nFones: 3201-2366 \/ 3201-2367<br \/>\nE-mail: 25dp-goiania@policiacivil.go.gov.br<\/p>\n<p class=\"linha\"><strong>26\u00ba Distrito Policial<\/strong><br \/>\nDelegado:\u00a0Claudio Ant\u00f4nio Domingos da Silva<br \/>\nRua J-38, Qd.68, Lt.11, Setor Ja\u00f3 \u2013 CEP: 74673-560 \u2013 Goi\u00e2nia-GO<br \/>\nFones: 3201-2388 \/ 3201-2389,<br \/>\nE-mail: 26dp-goiania@policiacivil.go.gov.br<\/p>\n<p>\u203a\u00a0<strong><a href=\"https:\/\/goias.gov.br\/policiacivil\/delegacia-virtual-pcgo\">Delegacia Virtual<\/a><\/strong><br \/>\n\u203a\u00a0<strong><a href=\"https:\/\/goias.gov.br\/policiacivil\/delegacias-distritais\" rel=\"noopener\">Delegacias Distritais<\/a><\/strong><br \/>\n\u203a\u00a0<strong><a href=\"https:\/\/goias.gov.br\/policiacivil\/delegacias-especializadas\" rel=\"noopener\">Delegacias Especializadas<\/a><\/strong><br \/>\n\u203a\u00a0<strong><a href=\"https:\/\/goias.gov.br\/policiacivil\/delegacias-regionais-de-policia\" rel=\"noopener\">Delegacias Regionais<\/a><\/strong><br \/>\n\u203a\u00a0<a href=\"https:\/\/goias.gov.br\/policiacivil\/telefones\" rel=\"noopener\"><strong>Lista Telef\u00f4nica da Pol\u00edcia Civil em PDF<\/strong><\/a>[\/vc_column_text][\/vc_column][\/vc_row]<\/p>\n","protected":false},"excerpt":{"rendered":"<p>Os 26 distritos policiais abaixo descritos atendem a popula\u00e7\u00e3o das 8h \u00e0s 12h e das 14h \u00e0s 18h, de segunda \u00e0 sexta-feira. A 1\u00aa DDP tamb\u00e9m registra o RAI das 18h \u00e0s 23h, na sexta-feira, e das 8h a 0h, aos s\u00e1bados, domingos e feriados. A Central-Geral de Flagrantes e Pronto Atendimento ao Cidad\u00e3o atende [&hellip;]<\/p>\n","protected":false},"author":898,"featured_media":0,"parent":0,"menu_order":0,"comment_status":"closed","ping_status":"closed","template":"","meta":{"footnotes":""},"class_list":["post-65955","page","type-page","status-publish","hentry"],"rttpg_featured_image_url":null,"rttpg_author":{"display_name":"carlanovaes","author_link":"https:\/\/goias.gov.br\/policiacivil\/author\/carlanovaes\/"},"rttpg_comment":0,"rttpg_category":null,"rttpg_excerpt":"Os 26 distritos policiais abaixo descritos atendem a popula\u00e7\u00e3o das 8h \u00e0s 12h e das 14h \u00e0s 18h, de segunda \u00e0 sexta-feira. A 1\u00aa DDP tamb\u00e9m registra o RAI das 18h \u00e0s 23h, na sexta-feira, e das 8h a 0h, aos s\u00e1bados, domingos e feriados. A Central-Geral de Flagrantes e Pronto Atendimento ao Cidad\u00e3o atende&hellip;","_links":{"self":[{"href":"https:\/\/goias.gov.br\/policiacivil\/wp-json\/wp\/v2\/pages\/65955","targetHints":{"allow":["GET"]}}],"collection":[{"href":"https:\/\/goias.gov.br\/policiacivil\/wp-json\/wp\/v2\/pages"}],"about":[{"href":"https:\/\/goias.gov.br\/policiacivil\/wp-json\/wp\/v2\/types\/page"}],"author":[{"embeddable":true,"href":"https:\/\/goias.gov.br\/policiacivil\/wp-json\/wp\/v2\/users\/898"}],"replies":[{"embeddable":true,"href":"https:\/\/goias.gov.br\/policiacivil\/wp-json\/wp\/v2\/comments?post=65955"}],"version-history":[{"count":3,"href":"https:\/\/goias.gov.br\/policiacivil\/wp-json\/wp\/v2\/pages\/65955\/revisions"}],"predecessor-version":[{"id":176981,"href":"https:\/\/goias.gov.br\/policiacivil\/wp-json\/wp\/v2\/pages\/65955\/revisions\/176981"}],"wp:attachment":[{"href":"https:\/\/goias.gov.br\/policiacivil\/wp-json\/wp\/v2\/media?parent=65955"}],"curies":[{"name":"wp","href":"https:\/\/api.w.org\/{rel}","templated":true}]}}