

{"id":64082,"date":"2018-05-18T10:40:20","date_gmt":"2018-05-18T13:40:20","guid":{"rendered":"https:\/\/goias.gov.br\/policiacivil\/?page_id=64082"},"modified":"2026-05-09T03:31:38","modified_gmt":"2026-05-09T06:31:38","slug":"agenda-de-autoridades","status":"publish","type":"page","link":"https:\/\/goias.gov.br\/policiacivil\/agenda-de-autoridades\/","title":{"rendered":"Agenda de Autoridades"},"content":{"rendered":"<p><strong style='margin-block-end: -1.8rem'><a href='https:\/\/goias.gov.br\/policiacivil\/delegado-geral\/'>DELEGADO-GERAL<\/a><\/strong><br \/>Andr\u00e9 Gustavo Corteze Ganga<\/p>\n<p><strong style='margin-block-end: -1.8rem'><a href='https:\/\/goias.gov.br\/policiacivil\/delegado-geral-adjunto\/'>DELEGADO-GERAL ADJUNTO<\/a><\/strong><br \/>Murilo Polati Rechinelli<\/p>\n<p><strong style='margin-block-end: -1.8rem'><a href='https:\/\/goias.gov.br\/policiacivil\/chefia-de-policia-judiciaria-spj\/'>CHEFIA DE POL\u00cdCIA JUDICI\u00c1RIA (SPJ)<\/a><\/strong><br \/>Marcelo Aires Medeiros<\/p>\n<p><strong style='margin-block-end: -1.8rem'><a href='https:\/\/goias.gov.br\/policiacivil\/superintendencia-de-gestao-integrada-sgi\/'>SUPERINTEND\u00caNCIA DE GEST\u00c3O INTEGRADA (SGI)<\/a><\/strong><br \/>Renata Cheim Gomes Rocha<\/p>\n<p><strong style='margin-block-end: -1.8rem'><a href='https:\/\/goias.gov.br\/policiacivil\/superintendencia-de-correicoes-e-disciplina\/'>SUPERINTEND\u00caNCIA DE CORREI\u00c7\u00d5ES E DISCIPLINA<\/a><\/strong><br \/>Thiago Damasceno Ribeiro<\/p>\n<p><strong style='margin-block-end: -1.8rem'><a href='https:\/\/goias.gov.br\/policiacivil\/superintendencia-de-inteligencia-policial-civil\/'>SUPERINTEND\u00caNCIA DE INTELIG\u00caNCIA POLICIAL CIVIL<\/a><\/strong><br \/>Gustavo Ribeiro da Costa Rigo Guimar\u00e3es<\/p>\n<p><strong style='margin-block-end: -1.8rem'><a href='https:\/\/goias.gov.br\/policiacivil\/superintendencia-de-identificacao-humana\/'>SUPERINTEND\u00caNCIA DE IDENTIFICA\u00c7\u00c3O HUMANA<\/a><\/strong><br \/>Webert Leonardo Lopes da Silva Santos<\/p>\n<p><strong style='margin-block-end: -1.8rem'><a href='https:\/\/goias.gov.br\/policiacivil\/escola-superior-da-policia-civil-espc\/'>ESCOLA SUPERIOR DA POL\u00cdCIA CIVIL (ESPC)<\/a><\/strong><br \/>Tatyane Gon\u00e7alves Cruvinel<\/p>\n","protected":false},"excerpt":{"rendered":"<p>DELEGADO-GERALAndr\u00e9 Gustavo Corteze Ganga DELEGADO-GERAL ADJUNTOMurilo Polati Rechinelli CHEFIA DE POL\u00cdCIA JUDICI\u00c1RIA (SPJ)Marcelo Aires Medeiros SUPERINTEND\u00caNCIA DE GEST\u00c3O INTEGRADA (SGI)Renata Cheim Gomes Rocha SUPERINTEND\u00caNCIA DE CORREI\u00c7\u00d5ES E DISCIPLINAThiago Damasceno Ribeiro SUPERINTEND\u00caNCIA DE INTELIG\u00caNCIA POLICIAL CIVILGustavo Ribeiro da Costa Rigo Guimar\u00e3es SUPERINTEND\u00caNCIA DE IDENTIFICA\u00c7\u00c3O HUMANAWebert Leonardo Lopes da Silva Santos ESCOLA SUPERIOR DA POL\u00cdCIA CIVIL (ESPC)Tatyane [&hellip;]<\/p>\n","protected":false},"author":4,"featured_media":0,"parent":0,"menu_order":0,"comment_status":"closed","ping_status":"closed","template":"","meta":{"footnotes":""},"class_list":["post-64082","page","type-page","status-publish","hentry"],"rttpg_featured_image_url":null,"rttpg_author":{"display_name":"","author_link":"https:\/\/goias.gov.br\/policiacivil\/author\/"},"rttpg_comment":0,"rttpg_category":null,"rttpg_excerpt":"DELEGADO-GERALAndr\u00e9 Gustavo Corteze Ganga DELEGADO-GERAL ADJUNTOMurilo Polati Rechinelli CHEFIA DE POL\u00cdCIA JUDICI\u00c1RIA (SPJ)Marcelo Aires Medeiros SUPERINTEND\u00caNCIA DE GEST\u00c3O INTEGRADA (SGI)Renata Cheim Gomes Rocha SUPERINTEND\u00caNCIA DE CORREI\u00c7\u00d5ES E DISCIPLINAThiago Damasceno Ribeiro SUPERINTEND\u00caNCIA DE INTELIG\u00caNCIA POLICIAL CIVILGustavo Ribeiro da Costa Rigo Guimar\u00e3es SUPERINTEND\u00caNCIA DE IDENTIFICA\u00c7\u00c3O HUMANAWebert Leonardo Lopes da Silva Santos ESCOLA SUPERIOR DA POL\u00cdCIA CIVIL (ESPC)Tatyane&hellip;","_links":{"self":[{"href":"https:\/\/goias.gov.br\/policiacivil\/wp-json\/wp\/v2\/pages\/64082","targetHints":{"allow":["GET"]}}],"collection":[{"href":"https:\/\/goias.gov.br\/policiacivil\/wp-json\/wp\/v2\/pages"}],"about":[{"href":"https:\/\/goias.gov.br\/policiacivil\/wp-json\/wp\/v2\/types\/page"}],"author":[{"embeddable":true,"href":"https:\/\/goias.gov.br\/policiacivil\/wp-json\/wp\/v2\/users\/4"}],"replies":[{"embeddable":true,"href":"https:\/\/goias.gov.br\/policiacivil\/wp-json\/wp\/v2\/comments?post=64082"}],"version-history":[{"count":4,"href":"https:\/\/goias.gov.br\/policiacivil\/wp-json\/wp\/v2\/pages\/64082\/revisions"}],"predecessor-version":[{"id":196749,"href":"https:\/\/goias.gov.br\/policiacivil\/wp-json\/wp\/v2\/pages\/64082\/revisions\/196749"}],"wp:attachment":[{"href":"https:\/\/goias.gov.br\/policiacivil\/wp-json\/wp\/v2\/media?parent=64082"}],"curies":[{"name":"wp","href":"https:\/\/api.w.org\/{rel}","templated":true}]}}