

{"id":45315,"date":"2016-08-15T18:45:28","date_gmt":"2016-08-15T21:45:28","guid":{"rendered":"https:\/\/goias.gov.br\/policiacivil\/?page_id=45315"},"modified":"2023-09-25T20:18:28","modified_gmt":"2023-09-25T23:18:28","slug":"delegacia-virtual-pcgo","status":"publish","type":"page","link":"https:\/\/goias.gov.br\/policiacivil\/delegacia-virtual-pcgo\/","title":{"rendered":"Delegacia Virtual"},"content":{"rendered":"<p style=\"text-align: justify;\"><i class=\"fa fa-caret-right\"><\/i> Escolha as op\u00e7\u00f5es desejadas e preencha os campos com as informa\u00e7\u00f5es indispens\u00e1veis para o registro da ocorr\u00eancia.<\/p>\n<p style=\"text-align: justify;\">Para que sua ocorr\u00eancia seja aprovada \u00e9 necess\u00e1rio acrescentar a maior quantidade de informa\u00e7\u00f5es que voc\u00ea dispor. Se as informa\u00e7\u00f5es n\u00e3o forem satisfat\u00f3rias, a ocorr\u00eancia ser\u00e1 reprovada e devolvida com as devidas instru\u00e7\u00f5es para corre\u00e7\u00e3o e reenvio.<\/p>\n<p style=\"text-align: justify;\">No prazo de 24h do registro ser\u00e3o dadas, atrav\u00e9s do e-mail cadastrado, a valida\u00e7\u00e3o da ocorr\u00eancia e as instru\u00e7\u00f5es para sua impress\u00e3o na forma de Boletim de Ocorr\u00eancia &#8211; BO. Na mesma mensagem constar\u00e1 tamb\u00e9m a indica\u00e7\u00e3o da Delegacia de Pol\u00edcia respons\u00e1vel pelo caso.<\/p>\n<p style=\"text-align: justify;\">A impress\u00e3o da ocorr\u00eancia somente ser\u00e1 poss\u00edvel ap\u00f3s a an\u00e1lise e aprova\u00e7\u00e3o do policial civil respons\u00e1vel pelo servi\u00e7o.<\/p>\n<p style=\"text-align: justify;\">ACIDENTE: Abalroamento, capotamento, choque, colis\u00e3o ou tombamento de um ou mais ve\u00edculos, do qual n\u00e3o resulta v\u00edtima de les\u00e3o corporal, \u00e9 caracterizado quando ocorrem somente danos materiais, ou seja, nenhum dos envolvidos no fato se machucou ou morreu em decorr\u00eancia do acidente.<\/p>\n<p style=\"text-align: justify;\">FURTO: \u00c9 caracterizado pela aus\u00eancia de viol\u00eancia ou grave amea\u00e7a contra a pessoa. Portanto, se o criminoso amea\u00e7ou (com ou sem uso de arma) ou agrediu a v\u00edtima para subtrair-lhe o(s) documento(s) ou objeto(s), n\u00e3o \u00e9 poss\u00edvel solcitar o B.O. pela internet. Neste caso, procure a Delegacia de Pol\u00edcia mais pr\u00f3xima.<\/p>\n<p>Para mais informa\u00e7\u00f5es ligue: (62) 3201-4826 \/ (62) 3201-4834 &#8211;\u00a0<a href=\" https:\/\/goias.gov.br\/policiacivil\/pergunta-e-respostas-frequentes-da-sociedade\/\" target=\"_blank\" rel=\"noopener\"><strong>Pergunta e Respostas Frequentes da Sociedade<\/strong><\/a><\/p>\n<p><strong><a class=\"botao-link-1\" href=\"https:\/\/raivirtual.ssp.go.gov.br\/#\/\" target=\"_blank\" rel=\"noopener\">Delegacia Virtual<\/a><\/strong><\/p>\n<hr \/>\n<h2>Deseja imprimir um Boletim de Ocorr\u00eancia gerado antes de 01\/04\/2016 ?<\/h2>\n<p><strong><a class=\"botao-link-2\" href=\"https:\/\/dpvirtual.ssp.go.gov.br\/\" target=\"_blank\" rel=\"noopener\">Antiga Delegacia Virtual<\/a><\/strong><\/p>\n","protected":false},"excerpt":{"rendered":"<p>Escolha as op\u00e7\u00f5es desejadas e preencha os campos com as informa\u00e7\u00f5es indispens\u00e1veis para o registro da ocorr\u00eancia. Para que sua ocorr\u00eancia seja aprovada \u00e9 necess\u00e1rio acrescentar a maior quantidade de informa\u00e7\u00f5es que voc\u00ea dispor. Se as informa\u00e7\u00f5es n\u00e3o forem satisfat\u00f3rias, a ocorr\u00eancia ser\u00e1 reprovada e devolvida com as devidas instru\u00e7\u00f5es para corre\u00e7\u00e3o e reenvio. No [&hellip;]<\/p>\n","protected":false},"author":4,"featured_media":0,"parent":0,"menu_order":0,"comment_status":"closed","ping_status":"closed","template":"","meta":{"footnotes":""},"class_list":["post-45315","page","type-page","status-publish","hentry"],"rttpg_featured_image_url":null,"rttpg_author":{"display_name":"","author_link":"https:\/\/goias.gov.br\/policiacivil\/author\/"},"rttpg_comment":0,"rttpg_category":null,"rttpg_excerpt":"Escolha as op\u00e7\u00f5es desejadas e preencha os campos com as informa\u00e7\u00f5es indispens\u00e1veis para o registro da ocorr\u00eancia. Para que sua ocorr\u00eancia seja aprovada \u00e9 necess\u00e1rio acrescentar a maior quantidade de informa\u00e7\u00f5es que voc\u00ea dispor. Se as informa\u00e7\u00f5es n\u00e3o forem satisfat\u00f3rias, a ocorr\u00eancia ser\u00e1 reprovada e devolvida com as devidas instru\u00e7\u00f5es para corre\u00e7\u00e3o e reenvio. No&hellip;","_links":{"self":[{"href":"https:\/\/goias.gov.br\/policiacivil\/wp-json\/wp\/v2\/pages\/45315","targetHints":{"allow":["GET"]}}],"collection":[{"href":"https:\/\/goias.gov.br\/policiacivil\/wp-json\/wp\/v2\/pages"}],"about":[{"href":"https:\/\/goias.gov.br\/policiacivil\/wp-json\/wp\/v2\/types\/page"}],"author":[{"embeddable":true,"href":"https:\/\/goias.gov.br\/policiacivil\/wp-json\/wp\/v2\/users\/4"}],"replies":[{"embeddable":true,"href":"https:\/\/goias.gov.br\/policiacivil\/wp-json\/wp\/v2\/comments?post=45315"}],"version-history":[{"count":1,"href":"https:\/\/goias.gov.br\/policiacivil\/wp-json\/wp\/v2\/pages\/45315\/revisions"}],"predecessor-version":[{"id":121511,"href":"https:\/\/goias.gov.br\/policiacivil\/wp-json\/wp\/v2\/pages\/45315\/revisions\/121511"}],"wp:attachment":[{"href":"https:\/\/goias.gov.br\/policiacivil\/wp-json\/wp\/v2\/media?parent=45315"}],"curies":[{"name":"wp","href":"https:\/\/api.w.org\/{rel}","templated":true}]}}