

{"id":44642,"date":"2016-07-12T11:30:25","date_gmt":"2016-07-12T14:30:25","guid":{"rendered":"https:\/\/goias.gov.br\/policiacivil\/?page_id=44642"},"modified":"2023-09-25T12:24:33","modified_gmt":"2023-09-25T15:24:33","slug":"formularios","status":"publish","type":"page","link":"https:\/\/goias.gov.br\/policiacivil\/formularios\/","title":{"rendered":"Formul\u00e1rios"},"content":{"rendered":"<p>Por motivos de seguran\u00e7a, todos os formul\u00e1rios da Pol\u00edcia Civil est\u00e3o dispon\u00edveis somente na intranet da SSP, ou seja, s\u00f3 poder\u00e3o acessar quem estiver logado na rede da SSP ou Pol\u00edcia Civil.<\/p>\n<p><strong>Mais informa\u00e7\u00f5es acesse:<\/strong><br \/>\n<a href=\"https:\/\/intranet.ssp.go.gov.br\/policia-civil\">https:\/\/intranet.ssp.go.gov.br\/policia-civil<\/a><\/p>\n","protected":false},"excerpt":{"rendered":"<p>Por motivos de seguran\u00e7a, todos os formul\u00e1rios da Pol\u00edcia Civil est\u00e3o dispon\u00edveis somente na intranet da SSP, ou seja, s\u00f3 poder\u00e3o acessar quem estiver logado na rede da SSP ou Pol\u00edcia Civil. Mais informa\u00e7\u00f5es acesse: https:\/\/intranet.ssp.go.gov.br\/policia-civil<\/p>\n","protected":false},"author":4,"featured_media":0,"parent":0,"menu_order":0,"comment_status":"closed","ping_status":"closed","template":"","meta":{"footnotes":""},"class_list":["post-44642","page","type-page","status-publish","hentry"],"rttpg_featured_image_url":null,"rttpg_author":{"display_name":"","author_link":"https:\/\/goias.gov.br\/policiacivil\/author\/"},"rttpg_comment":0,"rttpg_category":null,"rttpg_excerpt":"Por motivos de seguran\u00e7a, todos os formul\u00e1rios da Pol\u00edcia Civil est\u00e3o dispon\u00edveis somente na intranet da SSP, ou seja, s\u00f3 poder\u00e3o acessar quem estiver logado na rede da SSP ou Pol\u00edcia Civil. Mais informa\u00e7\u00f5es acesse: https:\/\/intranet.ssp.go.gov.br\/policia-civil","_links":{"self":[{"href":"https:\/\/goias.gov.br\/policiacivil\/wp-json\/wp\/v2\/pages\/44642","targetHints":{"allow":["GET"]}}],"collection":[{"href":"https:\/\/goias.gov.br\/policiacivil\/wp-json\/wp\/v2\/pages"}],"about":[{"href":"https:\/\/goias.gov.br\/policiacivil\/wp-json\/wp\/v2\/types\/page"}],"author":[{"embeddable":true,"href":"https:\/\/goias.gov.br\/policiacivil\/wp-json\/wp\/v2\/users\/4"}],"replies":[{"embeddable":true,"href":"https:\/\/goias.gov.br\/policiacivil\/wp-json\/wp\/v2\/comments?post=44642"}],"version-history":[{"count":2,"href":"https:\/\/goias.gov.br\/policiacivil\/wp-json\/wp\/v2\/pages\/44642\/revisions"}],"predecessor-version":[{"id":121472,"href":"https:\/\/goias.gov.br\/policiacivil\/wp-json\/wp\/v2\/pages\/44642\/revisions\/121472"}],"wp:attachment":[{"href":"https:\/\/goias.gov.br\/policiacivil\/wp-json\/wp\/v2\/media?parent=44642"}],"curies":[{"name":"wp","href":"https:\/\/api.w.org\/{rel}","templated":true}]}}