

{"id":38,"date":"2011-09-06T09:30:21","date_gmt":"2011-09-06T12:30:21","guid":{"rendered":"http:\/\/teste.policiacivil.go.gov.br\/?page_id=38"},"modified":"2026-02-19T15:08:22","modified_gmt":"2026-02-19T18:08:22","slug":"fale-conosco","status":"publish","type":"page","link":"https:\/\/goias.gov.br\/policiacivil\/fale-conosco\/","title":{"rendered":"Fale Conosco"},"content":{"rendered":"<p align=\"justify\">Envie suas sugest\u00f5es, d\u00favidas, cr\u00edticas e elogios. Se \u00e9 importante para voc\u00ea, \u00e9 para nos tamb\u00e9m.<\/p>\n<p align=\"justify\"><strong>Pol\u00edcia Civil do Estado de Goi\u00e1s <\/strong><br \/>\nAv. Anhanguera, n. 7.364<br \/>\nSetor Aerovi\u00e1rio &#8211; Goi\u00e2nia-GO<br \/>\nCEP: 74.435-300<br \/>\nFone: (62) 3201-2549<br \/>\nSobre <span style=\"text-decoration: underline;\"><strong><span style=\"color: #800000; text-decoration: underline;\">BOLETIM DE OCORR\u00caNCIA VIRTUAL<\/span><\/strong><\/span>: (62) 3201-4834<br \/>\nSite: <a href=\"https:\/\/goias.gov.br\/policiacivil\">https:\/\/goias.gov.br\/policiacivil<\/a><\/p>\n<p align=\"justify\">\n","protected":false},"excerpt":{"rendered":"<p>Envie suas sugest\u00f5es, d\u00favidas, cr\u00edticas e elogios. Se \u00e9 importante para voc\u00ea, \u00e9 para nos tamb\u00e9m. Pol\u00edcia Civil do Estado de Goi\u00e1s Av. Anhanguera, n. 7.364 Setor Aerovi\u00e1rio &#8211; Goi\u00e2nia-GO CEP: 74.435-300 Fone: (62) 3201-2549 Sobre BOLETIM DE OCORR\u00caNCIA VIRTUAL: (62) 3201-4834 Site: https:\/\/goias.gov.br\/policiacivil<\/p>\n","protected":false},"author":4,"featured_media":0,"parent":0,"menu_order":0,"comment_status":"closed","ping_status":"closed","template":"page-pagebuilder-title.php","meta":{"footnotes":""},"class_list":["post-38","page","type-page","status-publish","hentry"],"rttpg_featured_image_url":null,"rttpg_author":{"display_name":"","author_link":"https:\/\/goias.gov.br\/policiacivil\/author\/"},"rttpg_comment":0,"rttpg_category":null,"rttpg_excerpt":"Envie suas sugest\u00f5es, d\u00favidas, cr\u00edticas e elogios. Se \u00e9 importante para voc\u00ea, \u00e9 para nos tamb\u00e9m. Pol\u00edcia Civil do Estado de Goi\u00e1s Av. Anhanguera, n. 7.364 Setor Aerovi\u00e1rio &#8211; Goi\u00e2nia-GO CEP: 74.435-300 Fone: (62) 3201-2549 Sobre BOLETIM DE OCORR\u00caNCIA VIRTUAL: (62) 3201-4834 Site: https:\/\/goias.gov.br\/policiacivil","_links":{"self":[{"href":"https:\/\/goias.gov.br\/policiacivil\/wp-json\/wp\/v2\/pages\/38","targetHints":{"allow":["GET"]}}],"collection":[{"href":"https:\/\/goias.gov.br\/policiacivil\/wp-json\/wp\/v2\/pages"}],"about":[{"href":"https:\/\/goias.gov.br\/policiacivil\/wp-json\/wp\/v2\/types\/page"}],"author":[{"embeddable":true,"href":"https:\/\/goias.gov.br\/policiacivil\/wp-json\/wp\/v2\/users\/4"}],"replies":[{"embeddable":true,"href":"https:\/\/goias.gov.br\/policiacivil\/wp-json\/wp\/v2\/comments?post=38"}],"version-history":[{"count":2,"href":"https:\/\/goias.gov.br\/policiacivil\/wp-json\/wp\/v2\/pages\/38\/revisions"}],"predecessor-version":[{"id":157839,"href":"https:\/\/goias.gov.br\/policiacivil\/wp-json\/wp\/v2\/pages\/38\/revisions\/157839"}],"wp:attachment":[{"href":"https:\/\/goias.gov.br\/policiacivil\/wp-json\/wp\/v2\/media?parent=38"}],"curies":[{"name":"wp","href":"https:\/\/api.w.org\/{rel}","templated":true}]}}