

{"id":275,"date":"2011-09-27T13:26:04","date_gmt":"2011-09-27T16:26:04","guid":{"rendered":"http:\/\/teste.policiacivil.go.gov.br\/?page_id=275"},"modified":"2023-09-25T20:26:41","modified_gmt":"2023-09-25T23:26:41","slug":"pc-197","status":"publish","type":"page","link":"https:\/\/goias.gov.br\/policiacivil\/pc-197\/","title":{"rendered":"Pol\u00edcia Civil 197"},"content":{"rendered":"<p><strong>LIGUE 197<\/strong><\/p>\n<p>Voc\u00ea n\u00e3o precisa se identificar. Informe a exist\u00eancia de qualquer crime e\/ou indique o paradeiro de criminosos foragidos.<\/p>\n<p><strong>Pol\u00edcia Civil do Estado de Goi\u00e1s <\/strong><br \/>\nAv. Anhanguera, n. 7.364<br \/>\nSetor Aerovi\u00e1rio &#8211; Goi\u00e2nia-GO<br \/>\nCEP: 74.435-300<br \/>\nFone: <strong>197<\/strong> ou <strong><a href=\"https:\/\/web.whatsapp.com\/send?phone=5562985818197&amp;text=PCGO197\">(62) 98581-8197<\/a><\/strong><\/p>\n","protected":false},"excerpt":{"rendered":"<p>LIGUE 197 Voc\u00ea n\u00e3o precisa se identificar. Informe a exist\u00eancia de qualquer crime e\/ou indique o paradeiro de criminosos foragidos. Pol\u00edcia Civil do Estado de Goi\u00e1s Av. Anhanguera, n. 7.364 Setor Aerovi\u00e1rio &#8211; Goi\u00e2nia-GO CEP: 74.435-300 Fone: 197 ou (62) 98581-8197<\/p>\n","protected":false},"author":4,"featured_media":0,"parent":0,"menu_order":0,"comment_status":"closed","ping_status":"closed","template":"","meta":{"footnotes":""},"class_list":["post-275","page","type-page","status-publish","hentry"],"rttpg_featured_image_url":null,"rttpg_author":{"display_name":"","author_link":"https:\/\/goias.gov.br\/policiacivil\/author\/"},"rttpg_comment":0,"rttpg_category":null,"rttpg_excerpt":"LIGUE 197 Voc\u00ea n\u00e3o precisa se identificar. Informe a exist\u00eancia de qualquer crime e\/ou indique o paradeiro de criminosos foragidos. Pol\u00edcia Civil do Estado de Goi\u00e1s Av. Anhanguera, n. 7.364 Setor Aerovi\u00e1rio &#8211; Goi\u00e2nia-GO CEP: 74.435-300 Fone: 197 ou (62) 98581-8197","_links":{"self":[{"href":"https:\/\/goias.gov.br\/policiacivil\/wp-json\/wp\/v2\/pages\/275","targetHints":{"allow":["GET"]}}],"collection":[{"href":"https:\/\/goias.gov.br\/policiacivil\/wp-json\/wp\/v2\/pages"}],"about":[{"href":"https:\/\/goias.gov.br\/policiacivil\/wp-json\/wp\/v2\/types\/page"}],"author":[{"embeddable":true,"href":"https:\/\/goias.gov.br\/policiacivil\/wp-json\/wp\/v2\/users\/4"}],"replies":[{"embeddable":true,"href":"https:\/\/goias.gov.br\/policiacivil\/wp-json\/wp\/v2\/comments?post=275"}],"version-history":[{"count":4,"href":"https:\/\/goias.gov.br\/policiacivil\/wp-json\/wp\/v2\/pages\/275\/revisions"}],"predecessor-version":[{"id":121513,"href":"https:\/\/goias.gov.br\/policiacivil\/wp-json\/wp\/v2\/pages\/275\/revisions\/121513"}],"wp:attachment":[{"href":"https:\/\/goias.gov.br\/policiacivil\/wp-json\/wp\/v2\/media?parent=275"}],"curies":[{"name":"wp","href":"https:\/\/api.w.org\/{rel}","templated":true}]}}