

{"id":26688,"date":"2014-05-29T09:55:50","date_gmt":"2014-05-29T12:55:50","guid":{"rendered":"https:\/\/goias.gov.br\/policiacivil\/?page_id=26688"},"modified":"2025-11-28T08:57:44","modified_gmt":"2025-11-28T11:57:44","slug":"delegacias-regionais-de-policia","status":"publish","type":"page","link":"https:\/\/goias.gov.br\/policiacivil\/delegacias-regionais-de-policia\/","title":{"rendered":"Delegacias Regionais de Pol\u00edcia"},"content":{"rendered":"<p>As Delegacias Regionais de Pol\u00edcia (DRPs) descritas abaixo\u00a0 atendem a popula\u00e7\u00e3o das 8 \u00e0s 12 horas e das 14 \u00e0s 18 horas, de segunda \u00e0 sexta-feira.<\/p>\n<p><strong>1\u00aa Delegacia Regional de Pol\u00edcia &#8211; Goi\u00e2nia<\/strong><br \/>Delegado Titular: Al\u00e9cio Moreira de Sousa Junior<br \/>Delegado Adjunto: Maur\u00edcio Massanobu Kai<br \/>Alameda Sebasti\u00e3o Fleury, Qd. 251, Lt. 17, n\u00ba 119, Setor Marista &#8211; CEP 74180-060 &#8211; Goi\u00e2nia-GO<br \/>Telefone: (62) 3201-2747 \/ 2795 \/ 98495-2937<br \/>E-mail: <a href=\"mailto:1drp-goiania@policiacivil.go.gov.br\">1drp-goiania@policiacivil.go.gov.br<\/a><\/p>\n<p><strong>2\u00aa Delegacia Regional de Pol\u00edcia &#8211; Aparecida de Goi\u00e2nia<\/strong><br \/>Delegado: Andr\u00e9 Augusto Botesini Jorge<br \/>Av. Furnas, Qd. 03, Lts. 08 e 09, Res. Maria Luiza &#8211; CEP: 74980-970 &#8211; Aparecida de Goi\u00e2nia &#8211; GO<br \/>Telefones: (62) 3201-2269 \/ 2271<br \/>E-mail: <a href=\"mailto:2drp-aparecida@policiacivil.go.gov.br\">2drp-aparecida@policiacivil.go.gov.br<\/a><\/p>\n<p><strong>3\u00aa Delegacia Regional de Pol\u00edcia &#8211; An\u00e1polis<\/strong><br \/>Delegado: F\u00e1bio Alves de Castro Vilela<br \/>Rodovia BR 153, Km 99, DAIA &#8211; CEP: 75132-400 &#8211; An\u00e1polis &#8211; GO<br \/>Telefones: (62) 3328-2700 \/ 2707<br \/>E-mail: <a href=\"mailto:3drp-anapolis@policiacivil.go.gov.br\">3drp-anapolis@policiacivil.go.gov.br<\/a><\/p>\n<p><strong>4\u00aa Delegacia Regional de Pol\u00edcia &#8211; Cidade de Goi\u00e1s<\/strong><br \/>Delegado: Kleber Leandro Toledo Rodrigues<br \/>Av. 15 de novembro, s\/n\u00ba, Centro &#8211; CEP: 76600-000 &#8211; Cidade de Goi\u00e1s &#8211; GO<br \/>Telefones: (62) 3371-7300 \/ 7301<br \/>E-mail: <a href=\"mailto:4drp-goias@policiacivil.go.gov.br\">4drp-goias@policiacivil.go.gov.br<\/a><\/p>\n<p><strong>5\u00aa Delegacia Regional de Pol\u00edcia &#8211; Luzi\u00e2nia<\/strong><br \/>Delegado: Rafael Abr\u00e3o<br \/>Rua Benedito Pimentel, n\u00ba 26, 3\u00ba piso, Centro &#8211; CEP: 72.800-550 &#8211; Luzi\u00e2nia &#8211; GO<br \/>Telefones: (61) 3622-2021 \/ 8577 \/ 1801<br \/>E-mail: <a href=\"mailto:5drp-luziania@policiacivil.go.gov.br\">5drp-luziania@policiacivil.go.gov.br<\/a><\/p>\n<p><strong>6\u00aa Delegacia Regional de Pol\u00edcia &#8211; Itumbiara<\/strong><br \/>Delegado: Ricardo Torres Chueire<br \/>Rua Bercholina, com Rua Alecrim, Bairro Novo Horizonte &#8211; CEP: 75.530-010 &#8211; Itumbiara &#8211; GO<br \/>Telefones: (64) 3431-8252 \/\u00a01768<br \/>E-mail: <a href=\"mailto:6drp-itumbiara@policiacivil.go.gov.br\">6drp-itumbiara@policiacivil.go.gov.br<\/a><\/p>\n<p><strong>7\u00aa Delegacia Regional de Pol\u00edcia &#8211; S\u00e3o Lu\u00eds de Montes Belos<\/strong><br \/>Delegado: Alexandre Otaviano Nogueira<br \/>Rua Rio Claro, n\u00ba 1631, Qd. 30-A, Lt. 10B, Centro, S\u00e3o Lu\u00eds de Montes Belos-GO<br \/>Telefones: (64) 3671-4294<br \/>E-mail: <a href=\"mailto:7drp-saoluis@policiacivil.go.gov.br\">7drp-saoluis@policiacivil.go.gov.br<\/a><\/p>\n<p><strong>8\u00aa Delegacia Regional de Pol\u00edcia &#8211; Rio Verde<\/strong><br \/>Delegado: Danilo Fabiano Carvalho e Oliveira<br \/>Rua 16, n\u00ba 76 &#8211; Bairro Popular &#8211; CEP: 75.903\u2013493 &#8211; Rio Verde &#8211; GO<br \/>Telefones: (64) 3620-0942 \/ 0941<br \/>E-mail: <a href=\"mailto:8drp-rioverde@policiacivil.go.gov.br\">8drp-rioverde@policiacivil.go.gov.br<\/a><\/p>\n<p><strong>9\u00aa Delegacia Regional de Pol\u00edcia &#8211; Catal\u00e3o<\/strong><br \/>Delegado: Jean Carlos Arruda<br \/>Avany Daurell Borges (antiga Rua 06), n\u00ba 285, Bairro M\u00e3e de Deus &#8211; CEP: 75.702-240 &#8211; Catal\u00e3o &#8211; GO<br \/>Telefones: (64) 3441-1627 \/ 1628<br \/>E-mail: <a href=\"mailto:9drp-catalao@policiacivil.go.gov.br\">9drp-catalao@policiacivil.go.gov.br<\/a><\/p>\n<p><strong>10\u00aa Delegacia Regional de Pol\u00edcia\u00a0 &#8211; Ceres<\/strong><br \/>Delegado: Matheus Costa Melo<br \/>Rua 23, n\u00ba 61, Centro &#8211; CEP: 76.300-000 &#8211; Ceres &#8211; GO<br \/>Telefones: (62) 3323-1710 \/ 1202<br \/>E-mail: 10drp-ceres@policiacivil.go.gov.br<\/p>\n<p><strong>11\u00aa Delegacia Regional de Pol\u00edcia &#8211; Formosa<\/strong><br \/>Delegado: Jos\u00e9 Ant\u00f4nio Machado Sena<br \/>Rua Ibraim Jorge Saad, S\/N, Parque Laguna II &#8211; CEP:73.814-135 &#8211; Formosa &#8211; GO<br \/>Telefones: (61) 3631-1963 \/ 2037<br \/>E-mail: <a href=\"mailto:11drp-formosa@policiacivil.go.gov.br\">11drp-formosa@policiacivil.go.gov.br<\/a><\/p>\n<p><strong>12\u00aa Delegacia Regional de Pol\u00edcia &#8211; Porangatu<\/strong><br \/>Delegado: Stanislao Mont&#8217;Serrat Garcia Neves<br \/>Rua 4, Qd. 4, Lts. 7 ao 15, Vila Vera L\u00facia &#8211; CEP: 76.550-000 &#8211; Porangatu &#8211; GO<br \/>Telefones: (62) 3362-5901 \/ 5907<br \/>E-mail: <a href=\"mailto:12drp-porangatu@policiacivil.go.gov.br\">12drp-porangatu@policiacivil.go.gov.br<\/a><\/p>\n<p><strong>13\u00aa Delegacia Regional de Pol\u00edcia &#8211; Posse<\/strong><br \/>Delegada: Jocelaine Braz Batista<br \/>Rua Nelson Vieira Brito, n\u00ba 237, Centro &#8211; CEP: 73.900\u2013000 &#8211; Posse &#8211; GO<br \/>Telefones: (62) 3481-2127 \/ 5093<br \/>E-mail: <a href=\"mailto:13drp-posse@policiacivil.go.gov.br\">13drp-posse@policiacivil.go.gov.br<\/a><\/p>\n<p><strong>14\u00aa Delegacia Regional de Pol\u00edcia &#8211; Jata\u00ed<\/strong><br \/>Delegado: Luiz Gonzaga J\u00fanior<br \/>Rua Dr. Flavinho, n\u00ba 200, Qd. 41, Lt. 29, Pra\u00e7a Prof. Maromba, ST. Central &#8211; CEP: 75.800-034 &#8211; Jata\u00ed -GO<br \/>Telefones: (64)\u00a03632-0704\u00a0\/ 0706<br \/>E-mail: <a href=\"mailto:14drp-jatai@policiacivil.go.gov.br\">14drp-jatai@policiacivil.go.gov.b<\/a>r<\/p>\n<p><strong>15\u00aa Delegacia Regional de Pol\u00edcia &#8211; Goian\u00e9sia<\/strong><br \/>Delegada: Poliana Bergamo Lomaz\u00a0<strong><em><br \/><\/em><\/strong>Avenida Brasil, n\u00ba 419 \u2013 Setor Universit\u00e1rio &#8211; CEP:\u00a0 76.380-000 &#8211; Goian\u00e9sia &#8211; GO<br \/>Fones: 62-3353-4821\u00a0 \/ 3353-7951<br \/>E-mail: 15drp-goianesia@policiacivil.go.gov.br<\/p>\n<p><strong>16\u00aa Delegacia Regional de Pol\u00edcia\u00a0 &#8211; Trindade<\/strong><br \/>Delegada: Silvana Nunes Ferreira<br \/>Rua Pedro C\u00e2ndido Ribeiro, Qd. 22, Lt. 07, Setor Cristina II &#8211; Trindade &#8211; GO<br \/>Telefones: (62) 3505-6110\/6651\/5573<br \/>E-mail: 16drp-trindade@policiacivil.go.gov.br<\/p>\n<p><strong>17\u00aa Delegacia Regional de Pol\u00edcia\u00a0 &#8211; \u00c1guas Lindas<\/strong><br \/>Delegado: <span class=\"st\">Cl\u00e9ber Junio Martins<\/span><br \/>Jardim P\u00e9rola II, Qd. 55, Lt. 08 &#8211; CEP: 72911-316 &#8211; \u00c1guas Lindas &#8211; GO<br \/>Telefone: (62) 99506-5190<br \/>E-mail: 17drp-aguaslindas@policiacivil.go.gov.br<\/p>\n<p><strong>18\u00aa Delegacia Regional de Pol\u00edcia &#8211; Urua\u00e7u<\/strong><br \/>Delegado: Adriano Pereira Melo<br \/>Rua It\u00e1lia, Qd. 03, Lt. 24, 1\u00ba andar, Pr\u00e9dio do Centro de Concilia\u00e7\u00f5es e Conflitos, Setor Jonas Veiga &#8211; CEP: 76.400-000 &#8211; Urua\u00e7u- GO<br \/>Telefones: (62) 3357-2577<br \/>E-mail: <a href=\"mailto:10drp-ceres@policiacivil.go.gov.br\">18drp-uruacu@policiacivil.go.gov.br<\/a><\/p>\n<p><strong>19\u00aa Delegacia Regional de Pol\u00edcia &#8211; Caldas Novas<\/strong><br \/>Delegado: Rodrigo Pereira<br \/>Aeroporto Nelson Ribeiro Guimar\u00e3es &#8211; SBCN &#8211; Avenida Via 04, N\u00ba 620, Setor Itaparica &#8211; CEP: 75.691-832 &#8211; Caldas Novas &#8211; GO<br \/>Telefone: (64) 3454-4231<br \/>E-mail: <a href=\"mailto:10drp-ceres@policiacivil.go.gov.br\">19drpcaldasnovas@gmail.com<\/a><\/p>\n<p><strong>20\u00aa Delegacia Regional de Pol\u00edcia &#8211; Ipor\u00e1<\/strong><br \/>Delegado: Ramon Queiroz Rodrigues da Silva<br \/>Avenida Pernambuco, n\u00ba 721, Centro, Ipor\u00e1 &#8211; GO<br \/>Telefone: (64) 3603-7401 \/ (62) 99338-6247<br \/>E-mail: 20drpipora@gmail.com e 20drp-ipora@policiacivil.go.gov.br<\/p>\n<p><strong>21\u00aa Delegacia Regional de Pol\u00edcia &#8211; Nova Crix\u00e1s<\/strong><br \/>Delegado: Jos\u00e9 Antonio de Podest\u00e0 Neto<br \/>Rua do Regente, Qd. 11, Lt 05, Setor Aeroporto \u2013 CEP: 74.520-000 \u2013 Nova Crix\u00e1s \u2013 GO<br \/>Telefones: (62) 3385-3735 \/ (62) 98413-9685<br \/>E-mail: 21drp-novacrixas@policiacivil.go.gov.br<\/p>\n<p>\u203a\u00a0<strong><a href=\" https:\/\/goias.gov.br\/policiacivil\/delegacia-virtual-pcgo\">Delegacia Virtual<\/a><\/strong><br \/>\u203a\u00a0<strong><a href=\" https:\/\/goias.gov.br\/policiacivil\/delegacias-distritais\" rel=\"noopener\">Delegacias Distritais<\/a><\/strong><br \/>\u203a\u00a0<strong><a href=\" https:\/\/goias.gov.br\/policiacivil\/delegacias-especializadas\" rel=\"noopener\">Delegacias Especializadas<\/a><\/strong><br \/>\u203a\u00a0<strong><a href=\" https:\/\/goias.gov.br\/policiacivil\/delegacias-regionais-de-policia\" rel=\"noopener\">Delegacias Regionais<\/a><\/strong><br \/>\u203a\u00a0<a href=\" https:\/\/goias.gov.br\/policiacivil\/telefones\" rel=\"noopener\"><strong>Lista Telef\u00f4nica da Pol\u00edcia Civil em PDF<\/strong><\/a><\/p>\n\n\n<p><\/p>\n","protected":false},"excerpt":{"rendered":"<p>As Delegacias Regionais de Pol\u00edcia (DRPs) descritas abaixo\u00a0 atendem a popula\u00e7\u00e3o das 8 \u00e0s 12 horas e das 14 \u00e0s 18 horas, de segunda \u00e0 sexta-feira. 1\u00aa Delegacia Regional de Pol\u00edcia &#8211; Goi\u00e2niaDelegado Titular: Al\u00e9cio Moreira de Sousa JuniorDelegado Adjunto: Maur\u00edcio Massanobu KaiAlameda Sebasti\u00e3o Fleury, Qd. 251, Lt. 17, n\u00ba 119, Setor Marista &#8211; CEP [&hellip;]<\/p>\n","protected":false},"author":4,"featured_media":0,"parent":0,"menu_order":0,"comment_status":"closed","ping_status":"closed","template":"","meta":{"footnotes":""},"class_list":["post-26688","page","type-page","status-publish","hentry"],"rttpg_featured_image_url":null,"rttpg_author":{"display_name":"","author_link":"https:\/\/goias.gov.br\/policiacivil\/author\/"},"rttpg_comment":0,"rttpg_category":null,"rttpg_excerpt":"As Delegacias Regionais de Pol\u00edcia (DRPs) descritas abaixo\u00a0 atendem a popula\u00e7\u00e3o das 8 \u00e0s 12 horas e das 14 \u00e0s 18 horas, de segunda \u00e0 sexta-feira. 1\u00aa Delegacia Regional de Pol\u00edcia &#8211; Goi\u00e2niaDelegado Titular: Al\u00e9cio Moreira de Sousa JuniorDelegado Adjunto: Maur\u00edcio Massanobu KaiAlameda Sebasti\u00e3o Fleury, Qd. 251, Lt. 17, n\u00ba 119, Setor Marista &#8211; CEP&hellip;","_links":{"self":[{"href":"https:\/\/goias.gov.br\/policiacivil\/wp-json\/wp\/v2\/pages\/26688","targetHints":{"allow":["GET"]}}],"collection":[{"href":"https:\/\/goias.gov.br\/policiacivil\/wp-json\/wp\/v2\/pages"}],"about":[{"href":"https:\/\/goias.gov.br\/policiacivil\/wp-json\/wp\/v2\/types\/page"}],"author":[{"embeddable":true,"href":"https:\/\/goias.gov.br\/policiacivil\/wp-json\/wp\/v2\/users\/4"}],"replies":[{"embeddable":true,"href":"https:\/\/goias.gov.br\/policiacivil\/wp-json\/wp\/v2\/comments?post=26688"}],"version-history":[{"count":3,"href":"https:\/\/goias.gov.br\/policiacivil\/wp-json\/wp\/v2\/pages\/26688\/revisions"}],"predecessor-version":[{"id":153649,"href":"https:\/\/goias.gov.br\/policiacivil\/wp-json\/wp\/v2\/pages\/26688\/revisions\/153649"}],"wp:attachment":[{"href":"https:\/\/goias.gov.br\/policiacivil\/wp-json\/wp\/v2\/media?parent=26688"}],"curies":[{"name":"wp","href":"https:\/\/api.w.org\/{rel}","templated":true}]}}