

{"id":20952,"date":"2013-11-06T12:36:32","date_gmt":"2013-11-06T14:36:32","guid":{"rendered":"https:\/\/goias.gov.br\/policiacivil\/?page_id=20952"},"modified":"2025-06-18T09:38:46","modified_gmt":"2025-06-18T12:38:46","slug":"dpss","status":"publish","type":"page","link":"https:\/\/goias.gov.br\/policiacivil\/dpss\/","title":{"rendered":"DPSS &#8211; Divis\u00e3o de Prote\u00e7\u00e3o \u00e0 Sa\u00fade do Servidor"},"content":{"rendered":"<p style=\"text-align: justify;\">A <strong>DPSS &#8211; Divis\u00e3o de Prote\u00e7\u00e3o \u00e0 Sa\u00fade do Servidor<\/strong>\u00a0estruturou-se com o intuito de proporcionar bem estar f\u00edsico, psicol\u00f3gico,social, afetivo, familiar e profissional aos servidores e familiares da Pol\u00edcia Civil do Estado de Goi\u00e1s.<\/p>\n<p style=\"text-align: justify;\">A <strong>DPSS<\/strong>\u00a0surgiu a partir da reestrutura\u00e7\u00e3o e amplia\u00e7\u00e3o dos servi\u00e7os oferecidos na Assist\u00eancia Social da Pol\u00edcia Civil. Atrav\u00e9s de a\u00e7\u00f5es de preven\u00e7\u00e3o e acompanhamento biopsicossocial, individual e coletivo, pretendemos oferecer atendimento integral em sa\u00fade f\u00edsica e mental para melhoria da qualidade de vida do policial civil, de seus dependentes legais e dos servidores aposentados.<\/p>\n<p class=\"widget-title\" style=\"text-align: justify;\"><strong>Objetivo<\/strong><\/p>\n<p style=\"text-align: justify;\">Promover qualidade de vida, bem estar, desenvolvimento pessoal e valoriza\u00e7\u00e3o da vida.<\/p>\n<p class=\"widget-title\" style=\"text-align: justify;\"><strong>Nossos Servi\u00e7os<\/strong><\/p>\n<p style=\"text-align: justify;\">Acolhimento, promo\u00e7\u00e3o da sa\u00fade e aten\u00e7\u00e3o \u00e0 crise; Atendimento Psicol\u00f3gico para crian\u00e7as, adolescentes, adultos e idosos; Atendimento em Fisioterapia; Atendimento em Servi\u00e7o Social; Atendimento em Fonoaudiologia; Atendimento M\u00e9dico (Clinico Geral e Fisiatria); Servi\u00e7os de Enfermagem:eletrocardiograma, aferi\u00e7\u00e3o de press\u00e3o arterial, teste de glicemia, an\u00e1lise de \u00cdndice de Massa Corporal; Servi\u00e7o do SESMT: registro de comunica\u00e7\u00e3o de acidente de trabalho(CAT); Transporte de Pacientes para hospitais e exames na capital e interior; Marca\u00e7\u00e3o de consultas e exames; Encaminhamentos para tratamentos especializados; Orienta\u00e7\u00f5es e acompanhamentos de processos de licen\u00e7as e requerimentos; Assist\u00eancia \u00e0 fam\u00edlia do policial vitimado; Orienta\u00e7\u00f5es e acompanhamento nos casos de falecimento, doen\u00e7as com ou sem afastamento do trabalho, doen\u00e7as familiares, funcionais e individuais; visitas domiciliares, hospitalares e institucionais.<\/p>\n<p class=\"widget-title\" style=\"text-align: justify;\"><strong>Equipe Multidisciplinar<\/strong><\/p>\n<p style=\"text-align: justify;\">Psicologia Servi\u00e7o Social Fisioterapia Medico Enfermagem Fonoaudiologia<\/p>\n<p class=\"widget-title\" style=\"text-align: justify;\"><strong>P\u00fablico Alvo<\/strong><\/p>\n<p style=\"text-align: justify;\">O Policial Civil e seus dependentes legais, que poder\u00e3o utilizar os servi\u00e7os por iniciativa pr\u00f3pria ou quando encaminhados por profissionais da \u00e1rea de sa\u00fade e demais \u00e1reas.<\/p>\n<p class=\"widget-title\" style=\"text-align: justify;\"><strong>A\u00e7\u00f5es Futuras<\/strong><\/p>\n<p style=\"text-align: justify;\">Projetos itinerantes de preven\u00e7\u00e3o ao estresse, ao uso de \u00e1lcool e outras drogas, \u00e0 obesidade, \u00e0 press\u00e3o alta e diabetes; Programa de prepara\u00e7\u00e3o pra a aposentadoria; Programa Qualidade de Vida- Projeto Vida Saud\u00e1vel, que visa estimular a pr\u00e1tica esportiva entre os servidores da Pol\u00edcia Civil, com a finalidade de promover sa\u00fade, bem estar e qualidade de vida.<\/p>\n<p class=\"widget-title\" style=\"text-align: justify;\">Orienta\u00e7\u00f5es sobre Licen\u00e7a M\u00e9dica<\/p>\n<p style=\"text-align: justify;\"><strong>Como proceder para realiza\u00e7\u00e3o da per\u00edcia:<\/strong> Agendar exame pericial na Junta M\u00e9dica pelo telefone: (62)3269-4202 Comparecer no dia do agendado com documenta\u00e7\u00e3o m\u00e9dica obrigat\u00f3ria<\/p>\n<p style=\"text-align: justify;\">Documentos obrigat\u00f3rios: Pasta Rosa- (caso seja 1\u00aalicen\u00e7a), dispon\u00edvel no NASPC- N\u00facleo de Aten\u00e7\u00e3o \u00e0 Sa\u00fade do Policial Civil, fone: ( 62) 3201-9587, preenchido em todos os seus campos; Relat\u00f3rio M\u00e9dico- modelo dispon\u00edvel no espa\u00e7o (formul\u00e1rios) ou no site (<a href=\"http:\/\/www.segplan.go.go.br\" target=\"_blank\" rel=\"noopener noreferrer\">www.segplan.go.go.br<\/a>), preenchido em todos os seus campos em nome do servidor, devidamente assinado e carimbado pelo m\u00e9dico assistente; Declara\u00e7\u00e3o de interna\u00e7\u00e3o (caso tenha ocorrido) em papel timbrado do hospital; Relat\u00f3rios de Centro Cir\u00fargico ( quando houver cirurgia); Exames e laudos recentes. Prazo para entrada: de imediato at\u00e9 03(tr\u00eas) dias ap\u00f3s o afastamento do trabalho Orienta\u00e7\u00f5es para Licen\u00e7a da Servidora Gestante. Como proceder para a realiza\u00e7\u00e3o da per\u00edcia: Ap\u00f3s o nascimento da crian\u00e7a- n\u00e3o \u00e9 necess\u00e1rio agendamento e nem a presen\u00e7a da servidora na Junta M\u00e9dica.<\/p>\n<p style=\"text-align: justify;\">Documentos obrigat\u00f3rios: Relat\u00f3rio M\u00e9dico( modelo dispon\u00edvel no espa\u00e7o (formul\u00e1rios) ou no site (<a href=\"http:\/\/www.segplan.go.go.br\" target=\"_blank\" rel=\"noopener noreferrer\">www.segplan.go.go.br<\/a>) e tamb\u00e9m no NASPC, preenchido em todos os seus campos e nome do servidor, devidamente assinado e carimbado pelo m\u00e9dico assistente; Certid\u00e3o de Nascimento da crian\u00e7a (original); Declara\u00e7\u00e3o de interna\u00e7\u00e3o(caso tenha ocorrido) em papel timbrado do hospital Relat\u00f3rio do M\u00e9dico informando data de afastamento do trabalho, a qual determinar\u00e1 o inicio da licen\u00e7a. Antes do nascimento da crian\u00e7a se por qualquer motivo a gestante precisar se afastar do trabalho \u00e9 necess\u00e1ria a presen\u00e7a da servidora na Junta M\u00e9dica para realiza\u00e7\u00e3o de exame m\u00e9dico; A per\u00edcia dever\u00e1 ser agendada no telefone (62) 3269-4202 Nos casos de natimorto decorridos 30(trinta) dias ap\u00f3s o parto. A servidora ser\u00e1 submetida a exame m\u00e9dico e, se julgada apta, reassumir\u00e1 o exerc\u00edcio de seu cargo.<\/p>\n<p style=\"text-align: justify;\">Per\u00edcia Itinerante: Para tramita\u00e7\u00e3o de solicita\u00e7\u00e3o de licen\u00e7a para tratamento de sa\u00fade, nos casos excepcionais em que o servidor solicitar per\u00edcia itinerante, por n\u00e3o poder comparecer a Junta M\u00e9dica por motivo de doen\u00e7a, dever\u00e3o conter a seguinte documenta\u00e7\u00e3o: 1. Atestado m\u00e9dico, firmando a impossibilidade de comparecer \u00e0 per\u00edcia m\u00e9dica e sua motiva\u00e7\u00e3o; 2. Exames que comprovem os diagn\u00f3sticos emitidos; 3. Documentos m\u00e9dicos pertinentes ao caso (declara\u00e7\u00e3o de interna\u00e7\u00e3o hospitalar, quando for o caso, etc.). Observa\u00e7\u00e3o: Conforme Parecer P.A N\u00b0 001024\/2012 da Procuradoria Geral do Estado, aprovado pelo Despacho \u201cAG\u201d n\u00b0 001658\/2012, no tocante \u00e0s per\u00edcias itinerantes, o atestado m\u00e9dico particular dever\u00e1 conter firma reconhecida do m\u00e9dico. <em>Os atestados que n\u00e3o atenderem quaisquer destes requisitos n\u00e3o s\u00e3o aceitos<\/em><\/p>\n<p class=\"widget-title\" style=\"text-align: justify;\">Mais Informa\u00e7\u00f5es<\/p>\n<p style=\"text-align: justify;\"><strong>ATEN\u00c7\u00c3O A SUA SA\u00daDE!!! <\/strong><\/p>\n<p style=\"text-align: justify;\">Sua sa\u00fade vale muito, ent\u00e3o previna-se contra doen\u00e7as cr\u00f4nicas e silenciosas, cuidado com sua press\u00e3o arterial, glicemia e obesidade m\u00f3rbida, fa\u00e7a-nos uma visita e realize um teste de glicemia, calculo de massa corp\u00f3rea e aferimos sua press\u00e3o. Se liga, fica a dica!!!<\/p>\n<p style=\"text-align: justify;\">Todo Servidor, efetivo ou comissionado, que necessitar de afastamento do trabalho por mais de tr\u00eas dias, no mesmo m\u00eas, precisa passar pela Junta M\u00e9dica munido de relat\u00f3rio m\u00e9dico preenchido pelo m\u00e9dico assistente. Telefone da Junta M\u00e9dica para agendar pericia m\u00e9dica,\u00a0fone:(62) 3269-4202.<\/p>\n<p style=\"text-align: justify;\"><strong>Projeto Vida Saud\u00e1vel<\/strong><\/p>\n<p style=\"text-align: justify;\">O Projeto \u201cVIDA SAUD\u00c1VEL\u201d visa estimular a pr\u00e1tica esportiva entre os servidores da Pol\u00edcia Civil do Estado de Goi\u00e1s, com a finalidade de promover sa\u00fade, bem estar e qualidade de vida.<\/p>\n<p style=\"text-align: justify;\">\u00c9 sabido que cresce a cada dia o n\u00famero de policiais que apresentam problemas relacionados com a falta de atividades f\u00edsicas. A desculpa mais frequente \u00e9 a falta de tempo ou a falta de condi\u00e7\u00f5es para a pr\u00e1tica, que \u00e9 agravada pela economia de movimentos em nossa rotina, como a quantidade de horas que o policial passa dentro das viaturas e\/ou dentro de cart\u00f3rios na confec\u00e7\u00e3o de documentos inerentes \u00e0s suas fun\u00e7\u00f5es. A rotina vivida pelos policiais civis interfere no seu desempenho, afeta a sa\u00fade, gerando desgaste e insatisfa\u00e7\u00e3o e provocando estresse e algum tipo de sofrimento f\u00edsico e mental. O sedentarismo agrava ainda mais essa situa\u00e7\u00e3o, pois traz consigo diversas doen\u00e7as cardiovasculares, obesidade, dentre outras.<\/p>\n<p style=\"text-align: justify;\">O objetivo do Projeto \u00e9 implantar modalidades esportivas no \u00e2mbito da institui\u00e7\u00e3o, visando o aprimoramento da capacidade f\u00edsica e mental, a redu\u00e7\u00e3o dos riscos de doen\u00e7as, o retardamento do processo de envelhecimento, dentre v\u00e1rios outros benef\u00edcios, como a motiva\u00e7\u00e3o para o trabalho, o vigor f\u00edsico e mental e a serenidade necess\u00e1ria ao bom desempenho da profiss\u00e3o. Buscaremos conv\u00eanios com Academias, Clubes e na cidade de Goi\u00e2nia\/GO, ser\u00e1 usada tamb\u00e9m a quadra poliesportiva, localizada no p\u00e1tio das Delegacias Especializadas, no Setor Cidade Jardim. O Projeto \u00e9 piloto motivo pelo qual foi aplicado apenas na cidade de Goi\u00e2nia, pretendemos ampli\u00e1-lo em todo Estado de Goi\u00e1s.<\/p>\n<p style=\"text-align: justify;\"><strong>SESMT<\/strong><\/p>\n<p style=\"text-align: justify;\">Servi\u00e7o Especializado em Engenharia de Seguran\u00e7a e em Medicina do Trabalho do ponto de vista legal, a seguran\u00e7a do trabalho \u00e9 definida por um conjunto de normas regulamentadoras institu\u00eddas pelo Minist\u00e9rio do Trabalho e Emprego.<\/p>\n<p style=\"text-align: justify;\">Do ponto de vista de planejamento, a seguran\u00e7a do trabalho pode ser entendida como um conjunto de medidas que s\u00e3o adotadas visando minimizar\/eliminar os acidentes de trabalho, doen\u00e7as ocupacionais, bem como proteger a integridade e a capacidade laboral de cada trabalhador\/servidor O SESMT\u00a0\u00e9 composto por uma equipe multidisciplinar envolvendo Engenheiros de Seguran\u00e7a\u00a0do Trabalho, M\u00e9dicos do Trabalho, Enfermeiro do Trabalho,\u00a0T\u00e9cnicos de Seguran\u00e7a do Trabalho e T\u00e9cnico de Enfermagem do Trabalho.<\/p>\n<p style=\"text-align: justify;\">Dentro da Policia Civil temos atualmente os seguintes profissionais: 1 &#8211;\u00a0Engenheiro de Seguran\u00e7a do Trabalho 2 &#8211; T\u00e9cnicos de Seguran\u00e7a do trabalho E-mail para contato: sesmt@policiacivil.go.gov.br Fone: (62) 3201-6317<\/p>\n<p style=\"text-align: justify;\"><strong>Formul\u00e1rios<\/strong><\/p>\n<p style=\"text-align: justify;\"><a href=\" https:\/\/goias.gov.br\/policiacivil\/wp-content\/uploads\/sites\/71\/sites\/71\/2013\/11\/formulario-de-licenca-acompanhamento.pdf\" target=\"_blank\" rel=\"noopener noreferrer\">Licen\u00e7a por motivo de doen\u00e7a em pessoa da fam\u00edlia do servidor<\/a><br \/>\n<a href=\" https:\/\/goias.gov.br\/policiacivil\/wp-content\/uploads\/sites\/71\/sites\/71\/2013\/11\/pericia-documental.pdf\" target=\"_blank\" rel=\"noopener noreferrer\">Solicita\u00e7\u00e3o de Per\u00edcia Documental<\/a><br \/>\n<a href=\" https:\/\/goias.gov.br\/policiacivil\/wp-content\/uploads\/sites\/71\/sites\/71\/2013\/11\/relatorio-medico-assistente-atualizado.pdf\" target=\"_blank\" rel=\"noopener noreferrer\">Relat\u00f3rio M\u00e9dico &#8211; Solicita\u00e7\u00e3o de Licen\u00e7a M\u00e9dica<\/a><br \/>\n<a href=\" https:\/\/goias.gov.br\/policiacivil\/wp-content\/uploads\/sites\/71\/sites\/71\/2013\/11\/requerimentos-diversos.pdf\" target=\"_blank\" rel=\"noopener noreferrer\">Requerimento Diversos<\/a><\/p>\n","protected":false},"excerpt":{"rendered":"<p>A DPSS &#8211; Divis\u00e3o de Prote\u00e7\u00e3o \u00e0 Sa\u00fade do Servidor\u00a0estruturou-se com o intuito de proporcionar bem estar f\u00edsico, psicol\u00f3gico,social, afetivo, familiar e profissional aos servidores e familiares da Pol\u00edcia Civil do Estado de Goi\u00e1s. A DPSS\u00a0surgiu a partir da reestrutura\u00e7\u00e3o e amplia\u00e7\u00e3o dos servi\u00e7os oferecidos na Assist\u00eancia Social da Pol\u00edcia Civil. Atrav\u00e9s de a\u00e7\u00f5es de [&hellip;]<\/p>\n","protected":false},"author":4,"featured_media":48445,"parent":0,"menu_order":0,"comment_status":"closed","ping_status":"closed","template":"","meta":{"footnotes":""},"class_list":["post-20952","page","type-page","status-publish","has-post-thumbnail","hentry"],"rttpg_featured_image_url":{"full":["https:\/\/goias.gov.br\/policiacivil\/wp-content\/uploads\/sites\/71\/2013\/11\/brasao-pc.png",620,641,false],"landscape":["https:\/\/goias.gov.br\/policiacivil\/wp-content\/uploads\/sites\/71\/2013\/11\/brasao-pc.png",620,641,false],"portraits":["https:\/\/goias.gov.br\/policiacivil\/wp-content\/uploads\/sites\/71\/2013\/11\/brasao-pc.png",620,641,false],"thumbnail":["https:\/\/goias.gov.br\/policiacivil\/wp-content\/uploads\/sites\/71\/2013\/11\/brasao-pc-300x300.png",150,150,true],"medium":["https:\/\/goias.gov.br\/policiacivil\/wp-content\/uploads\/sites\/71\/2013\/11\/brasao-pc-193x200.png",193,200,true],"large":["https:\/\/goias.gov.br\/policiacivil\/wp-content\/uploads\/sites\/71\/2013\/11\/brasao-pc-290x300.png",290,300,true],"1536x1536":["https:\/\/goias.gov.br\/policiacivil\/wp-content\/uploads\/sites\/71\/2013\/11\/brasao-pc.png",620,641,false],"2048x2048":["https:\/\/goias.gov.br\/policiacivil\/wp-content\/uploads\/sites\/71\/2013\/11\/brasao-pc.png",620,641,false]},"rttpg_author":{"display_name":"","author_link":"https:\/\/goias.gov.br\/policiacivil\/author\/"},"rttpg_comment":0,"rttpg_category":null,"rttpg_excerpt":"A DPSS &#8211; Divis\u00e3o de Prote\u00e7\u00e3o \u00e0 Sa\u00fade do Servidor\u00a0estruturou-se com o intuito de proporcionar bem estar f\u00edsico, psicol\u00f3gico,social, afetivo, familiar e profissional aos servidores e familiares da Pol\u00edcia Civil do Estado de Goi\u00e1s. A DPSS\u00a0surgiu a partir da reestrutura\u00e7\u00e3o e amplia\u00e7\u00e3o dos servi\u00e7os oferecidos na Assist\u00eancia Social da Pol\u00edcia Civil. Atrav\u00e9s de a\u00e7\u00f5es de&hellip;","_links":{"self":[{"href":"https:\/\/goias.gov.br\/policiacivil\/wp-json\/wp\/v2\/pages\/20952","targetHints":{"allow":["GET"]}}],"collection":[{"href":"https:\/\/goias.gov.br\/policiacivil\/wp-json\/wp\/v2\/pages"}],"about":[{"href":"https:\/\/goias.gov.br\/policiacivil\/wp-json\/wp\/v2\/types\/page"}],"author":[{"embeddable":true,"href":"https:\/\/goias.gov.br\/policiacivil\/wp-json\/wp\/v2\/users\/4"}],"replies":[{"embeddable":true,"href":"https:\/\/goias.gov.br\/policiacivil\/wp-json\/wp\/v2\/comments?post=20952"}],"version-history":[{"count":1,"href":"https:\/\/goias.gov.br\/policiacivil\/wp-json\/wp\/v2\/pages\/20952\/revisions"}],"predecessor-version":[{"id":121454,"href":"https:\/\/goias.gov.br\/policiacivil\/wp-json\/wp\/v2\/pages\/20952\/revisions\/121454"}],"wp:featuredmedia":[{"embeddable":true,"href":"https:\/\/goias.gov.br\/policiacivil\/wp-json\/wp\/v2\/media\/48445"}],"wp:attachment":[{"href":"https:\/\/goias.gov.br\/policiacivil\/wp-json\/wp\/v2\/media?parent=20952"}],"curies":[{"name":"wp","href":"https:\/\/api.w.org\/{rel}","templated":true}]}}