

{"id":2065,"date":"2011-11-29T13:26:32","date_gmt":"2011-11-29T15:26:32","guid":{"rendered":"https:\/\/goias.gov.br\/policiacivil\/?page_id=2065"},"modified":"2023-09-25T20:15:50","modified_gmt":"2023-09-25T23:15:50","slug":"elogios-policia-civil","status":"publish","type":"page","link":"https:\/\/goias.gov.br\/policiacivil\/elogios-policia-civil\/","title":{"rendered":"Elogios Pol\u00edcia Civil"},"content":{"rendered":"<p>Ao prestar um bom servi\u00e7o \u00e0 sociedade, seja na condu\u00e7\u00e3o e conclus\u00e3o de investiga\u00e7\u00f5es que levem \u00e0 elucida\u00e7\u00e3o de um crime ou quando demonstra cordialidade no atendimento a qualquer pessoa, o\u00a0<strong>Policial Civil<\/strong>\u00a0est\u00e1 cumprindo o seu papel como agente p\u00fablico. O faz tamb\u00e9m quando pratica demais atos compat\u00edveis com os mandamentos sociais que comp\u00f5em as normas de orienta\u00e7\u00e3o que recebe quando da sua forma\u00e7\u00e3o para ingresso na carreira. Portanto, mesmo assim, se voc\u00ea quiser fazer o reconhecimento profissional de um Policial Civil pela presta\u00e7\u00e3o de um servi\u00e7o de qualidade, o espa\u00e7o\u00a0<strong>Elogios est\u00e1 aberto.<\/strong>\u00a0Fa\u00e7a-o ! Sua mensagem de reconhecimento ser\u00e1 um est\u00edmulo ao policial e toda \u00e0 sua classe.<\/p>\n<p>Para visualizar os elogios publicados, <strong><a href=\" https:\/\/goias.gov.br\/policiacivil\/elogios\/\">clique aqui<\/a><\/strong><\/p>\n<hr \/>\n\n<div class=\"wpcf7 no-js\" id=\"wpcf7-f2093-o1\" lang=\"en-US\" dir=\"ltr\" data-wpcf7-id=\"2093\">\n<div class=\"screen-reader-response\"><p role=\"status\" aria-live=\"polite\" aria-atomic=\"true\"><\/p> <ul><\/ul><\/div>\n<form action=\"\/policiacivil\/wp-json\/wp\/v2\/pages\/2065#wpcf7-f2093-o1\" method=\"post\" class=\"wpcf7-form init\" aria-label=\"Contact form\" novalidate=\"novalidate\" data-status=\"init\">\n<fieldset class=\"hidden-fields-container\"><input type=\"hidden\" name=\"_wpcf7\" value=\"2093\" \/><input type=\"hidden\" name=\"_wpcf7_version\" value=\"6.1.5\" \/><input type=\"hidden\" name=\"_wpcf7_locale\" value=\"en_US\" \/><input type=\"hidden\" name=\"_wpcf7_unit_tag\" value=\"wpcf7-f2093-o1\" \/><input type=\"hidden\" name=\"_wpcf7_container_post\" value=\"0\" \/><input type=\"hidden\" name=\"_wpcf7_posted_data_hash\" value=\"\" \/>\n<\/fieldset>\n<p><span class=\"wpcf7-form-control-wrap\" data-name=\"nome\"><input size=\"40\" maxlength=\"400\" class=\"wpcf7-form-control wpcf7-text wpcf7-validates-as-required\" aria-required=\"true\" aria-invalid=\"false\" placeholder=\"Seu nome*\" value=\"\" type=\"text\" name=\"nome\" \/><\/span>\n<\/p>\n<p><span class=\"wpcf7-form-control-wrap\" data-name=\"email\"><input size=\"40\" maxlength=\"400\" class=\"wpcf7-form-control wpcf7-email wpcf7-validates-as-required wpcf7-text wpcf7-validates-as-email\" aria-required=\"true\" aria-invalid=\"false\" placeholder=\"E-mail*\" value=\"\" type=\"email\" name=\"email\" \/><\/span>\n<\/p>\n<p><span class=\"wpcf7-form-control-wrap\" data-name=\"elogiado\"><input size=\"40\" maxlength=\"400\" class=\"wpcf7-form-control wpcf7-text wpcf7-validates-as-required\" aria-required=\"true\" aria-invalid=\"false\" placeholder=\"Elogiado*\" value=\"\" type=\"text\" name=\"elogiado\" \/><\/span>\n<\/p>\n<p><span class=\"wpcf7-form-control-wrap\" data-name=\"mensagem\"><textarea cols=\"40\" rows=\"10\" maxlength=\"2000\" minlength=\"10\" class=\"wpcf7-form-control wpcf7-textarea wpcf7-validates-as-required\" aria-required=\"true\" aria-invalid=\"false\" placeholder=\"Digite a sua mensagem...*\" name=\"mensagem\"><\/textarea><\/span>\n<\/p>\n<p>Total de caracteres: <span class=\"wpcf7-character-count down\" data-target-name=\"mensagem\" data-starting-value=\"2000\" data-current-value=\"2000\" data-maximum-value=\"2000\" data-minimum-value=\"10\">2000<\/span>\n<\/p>\n<p>Informe o c\u00f3digo:<span style=\"color: #CC0000;\">*<\/span><br \/>\n<strong>Warning:<\/strong> The <a href=\"https:\/\/wordpress.org\/plugins\/really-simple-captcha\/\">Really Simple CAPTCHA<\/a> plugin is not active.<br \/>\n<span class=\"wpcf7-form-control-wrap\" data-name=\"corretor\"><input size=\"8\" maxlength=\"4\" class=\"wpcf7-form-control wpcf7-captchar largura_200\" autocomplete=\"off\" aria-invalid=\"false\" value=\"\" type=\"text\" name=\"corretor\" \/><\/span>\n<\/p>\n<p><span class=\"wpcf7-form-control-wrap\" data-name=\"politica_privacidade\"><span class=\"wpcf7-form-control wpcf7-acceptance\"><span class=\"wpcf7-list-item\"><label><input type=\"checkbox\" name=\"politica_privacidade\" value=\"1\" aria-invalid=\"false\" \/><span class=\"wpcf7-list-item-label\">Ao informar meus dados, eu concordo com a <a href=\" https:\/\/goias.gov.br\/policiacivil\/lgpd\" target=\"_blank\"><strong>Pol\u00edtica de Privacidade.<\/strong><\/a><span style=\"color: #CC0000;\">*<\/span><\/span><\/label><\/span><\/span><\/span>\n<\/p>\n<p><input class=\"wpcf7-form-control wpcf7-submit has-spinner buttons\" id=\"submit\" type=\"submit\" value=\"Enviar Elogio\" \/>\n<\/p><div class=\"wpcf7-response-output\" aria-hidden=\"true\"><\/div>\n<\/form>\n<\/div>\n\n","protected":false},"excerpt":{"rendered":"<p>Ao prestar um bom servi\u00e7o \u00e0 sociedade, seja na condu\u00e7\u00e3o e conclus\u00e3o de investiga\u00e7\u00f5es que levem \u00e0 elucida\u00e7\u00e3o de um crime ou quando demonstra cordialidade no atendimento a qualquer pessoa, o\u00a0Policial Civil\u00a0est\u00e1 cumprindo o seu papel como agente p\u00fablico. O faz tamb\u00e9m quando pratica demais atos compat\u00edveis com os mandamentos sociais que comp\u00f5em as normas [&hellip;]<\/p>\n","protected":false},"author":4,"featured_media":0,"parent":0,"menu_order":0,"comment_status":"closed","ping_status":"closed","template":"","meta":{"footnotes":""},"class_list":["post-2065","page","type-page","status-publish","hentry"],"rttpg_featured_image_url":null,"rttpg_author":{"display_name":"","author_link":"https:\/\/goias.gov.br\/policiacivil\/author\/"},"rttpg_comment":0,"rttpg_category":null,"rttpg_excerpt":"Ao prestar um bom servi\u00e7o \u00e0 sociedade, seja na condu\u00e7\u00e3o e conclus\u00e3o de investiga\u00e7\u00f5es que levem \u00e0 elucida\u00e7\u00e3o de um crime ou quando demonstra cordialidade no atendimento a qualquer pessoa, o\u00a0Policial Civil\u00a0est\u00e1 cumprindo o seu papel como agente p\u00fablico. O faz tamb\u00e9m quando pratica demais atos compat\u00edveis com os mandamentos sociais que comp\u00f5em as normas&hellip;","_links":{"self":[{"href":"https:\/\/goias.gov.br\/policiacivil\/wp-json\/wp\/v2\/pages\/2065","targetHints":{"allow":["GET"]}}],"collection":[{"href":"https:\/\/goias.gov.br\/policiacivil\/wp-json\/wp\/v2\/pages"}],"about":[{"href":"https:\/\/goias.gov.br\/policiacivil\/wp-json\/wp\/v2\/types\/page"}],"author":[{"embeddable":true,"href":"https:\/\/goias.gov.br\/policiacivil\/wp-json\/wp\/v2\/users\/4"}],"replies":[{"embeddable":true,"href":"https:\/\/goias.gov.br\/policiacivil\/wp-json\/wp\/v2\/comments?post=2065"}],"version-history":[{"count":4,"href":"https:\/\/goias.gov.br\/policiacivil\/wp-json\/wp\/v2\/pages\/2065\/revisions"}],"predecessor-version":[{"id":121510,"href":"https:\/\/goias.gov.br\/policiacivil\/wp-json\/wp\/v2\/pages\/2065\/revisions\/121510"}],"wp:attachment":[{"href":"https:\/\/goias.gov.br\/policiacivil\/wp-json\/wp\/v2\/media?parent=2065"}],"curies":[{"name":"wp","href":"https:\/\/api.w.org\/{rel}","templated":true}]}}