

{"id":13915,"date":"2012-09-13T15:50:17","date_gmt":"2012-09-13T18:50:17","guid":{"rendered":"https:\/\/goias.gov.br\/policiacivil\/?page_id=13915"},"modified":"2023-09-25T12:21:44","modified_gmt":"2023-09-25T15:21:44","slug":"boletim-geral","status":"publish","type":"page","link":"https:\/\/goias.gov.br\/policiacivil\/boletim-geral\/","title":{"rendered":"Boletim Geral"},"content":{"rendered":"<p><strong>BOLETIM GERAL ELETR\u00d4NICO<\/strong><\/p>\n<p style=\"text-align: justify;\">Os atos da Delegacia-Geral da Pol\u00edcia Civil do Estado de Goi\u00e1s, que antes eram publicados atrav\u00e9s do \u201cBoletim Geral\u201d, passam a ser publicados em novo formato, atrav\u00e9s do <strong>Boletim-Geral Eletr\u00f4nico<\/strong>. O objetivo do Boletim-Geral Eletr\u00f4nico \u00e9 promover a publica\u00e7\u00e3o dos atos administrativos expedidos no \u00e2mbito da Pol\u00edcia Civil, em cumprimento ao Princ\u00edpio da Publicidade, sem contudo expor dados pessoais dos servidores.\u00a0O Boletim-Geral Eletr\u00f4nico est\u00e1 dispon\u00edvel em arquivo PDF, cujo sum\u00e1rio conta com <em>hiperlink &#8211; <\/em>ferramenta que possibilita, atrav\u00e9s de um <em>click,<\/em> acessar diretamente o ato administrativo de interesse do usu\u00e1rio.<\/p>\n<p style=\"text-align: justify;\"><strong>Para ter acesso ao Boletim-Geral Eletr\u00f4nico, acesse:<\/strong><br \/>\n<a href=\"https:\/\/intranet.ssp.go.gov.br\/policia-civil\">https:\/\/intranet.ssp.go.gov.br\/policia-civil<\/a><\/p>\n<hr \/>\n<p><strong>BOLETIM DE NOTAS<\/strong><\/p>\n<p>O Boletim de Notas \u00e9 um ato elaborado pelo Conselho Superior da Pol\u00edcia Civil, destinado \u00e0 divulga\u00e7\u00e3o das notas das avalia\u00e7\u00f5es dos servidores da Pol\u00edcia Civil.<\/p>\n<p><strong>Para ter acesso ao Boletim-Geral de Notas, acesse<br \/>\n<\/strong><a href=\"https:\/\/intranet.ssp.go.gov.br\/policia-civil\">https:\/\/intranet.ssp.go.gov.br\/policia-civil<\/a><\/p>\n<hr \/>\n<p><strong>O acesso \u00e9 permitido apenas no ambiente da INTRANET da Institui\u00e7\u00e3o, ou seja, tem que estar logado na rede da SSP ou da Pol\u00edcia Civil<\/strong>.<\/p>\n","protected":false},"excerpt":{"rendered":"<p>BOLETIM GERAL ELETR\u00d4NICO Os atos da Delegacia-Geral da Pol\u00edcia Civil do Estado de Goi\u00e1s, que antes eram publicados atrav\u00e9s do \u201cBoletim Geral\u201d, passam a ser publicados em novo formato, atrav\u00e9s do Boletim-Geral Eletr\u00f4nico. O objetivo do Boletim-Geral Eletr\u00f4nico \u00e9 promover a publica\u00e7\u00e3o dos atos administrativos expedidos no \u00e2mbito da Pol\u00edcia Civil, em cumprimento ao Princ\u00edpio [&hellip;]<\/p>\n","protected":false},"author":4,"featured_media":0,"parent":0,"menu_order":0,"comment_status":"closed","ping_status":"closed","template":"","meta":{"footnotes":""},"class_list":["post-13915","page","type-page","status-publish","hentry"],"rttpg_featured_image_url":null,"rttpg_author":{"display_name":"","author_link":"https:\/\/goias.gov.br\/policiacivil\/author\/"},"rttpg_comment":0,"rttpg_category":null,"rttpg_excerpt":"BOLETIM GERAL ELETR\u00d4NICO Os atos da Delegacia-Geral da Pol\u00edcia Civil do Estado de Goi\u00e1s, que antes eram publicados atrav\u00e9s do \u201cBoletim Geral\u201d, passam a ser publicados em novo formato, atrav\u00e9s do Boletim-Geral Eletr\u00f4nico. O objetivo do Boletim-Geral Eletr\u00f4nico \u00e9 promover a publica\u00e7\u00e3o dos atos administrativos expedidos no \u00e2mbito da Pol\u00edcia Civil, em cumprimento ao Princ\u00edpio&hellip;","_links":{"self":[{"href":"https:\/\/goias.gov.br\/policiacivil\/wp-json\/wp\/v2\/pages\/13915","targetHints":{"allow":["GET"]}}],"collection":[{"href":"https:\/\/goias.gov.br\/policiacivil\/wp-json\/wp\/v2\/pages"}],"about":[{"href":"https:\/\/goias.gov.br\/policiacivil\/wp-json\/wp\/v2\/types\/page"}],"author":[{"embeddable":true,"href":"https:\/\/goias.gov.br\/policiacivil\/wp-json\/wp\/v2\/users\/4"}],"replies":[{"embeddable":true,"href":"https:\/\/goias.gov.br\/policiacivil\/wp-json\/wp\/v2\/comments?post=13915"}],"version-history":[{"count":3,"href":"https:\/\/goias.gov.br\/policiacivil\/wp-json\/wp\/v2\/pages\/13915\/revisions"}],"predecessor-version":[{"id":121470,"href":"https:\/\/goias.gov.br\/policiacivil\/wp-json\/wp\/v2\/pages\/13915\/revisions\/121470"}],"wp:attachment":[{"href":"https:\/\/goias.gov.br\/policiacivil\/wp-json\/wp\/v2\/media?parent=13915"}],"curies":[{"name":"wp","href":"https:\/\/api.w.org\/{rel}","templated":true}]}}