

{"id":131409,"date":"2024-06-05T11:38:34","date_gmt":"2024-06-05T14:38:34","guid":{"rendered":"https:\/\/goias.gov.br\/policiacivil\/?page_id=131409"},"modified":"2026-02-20T08:20:06","modified_gmt":"2026-02-20T11:20:06","slug":"relatorio-do-plano-de-acao","status":"publish","type":"page","link":"https:\/\/goias.gov.br\/policiacivil\/relatorio-do-plano-de-acao\/","title":{"rendered":"Relat\u00f3rio do Plano de A\u00e7\u00e3o 2024"},"content":{"rendered":"\n<iframe \n    src=\"https:\/\/goias.gov.br\/policiacivil\/wp-content\/uploads\/sites\/71\/2025\/04\/Relatorio-do-Plano-de-Acao-2024.pdf\" \n    width=\"100%\" \n    height=\"700px\" \n    style=\"border: none;\">\n<\/iframe>\n","protected":false},"excerpt":{"rendered":"","protected":false},"author":4,"featured_media":0,"parent":0,"menu_order":0,"comment_status":"closed","ping_status":"closed","template":"","meta":{"footnotes":""},"class_list":["post-131409","page","type-page","status-publish","hentry"],"rttpg_featured_image_url":null,"rttpg_author":{"display_name":"","author_link":"https:\/\/goias.gov.br\/policiacivil\/author\/"},"rttpg_comment":0,"rttpg_category":null,"rttpg_excerpt":null,"_links":{"self":[{"href":"https:\/\/goias.gov.br\/policiacivil\/wp-json\/wp\/v2\/pages\/131409","targetHints":{"allow":["GET"]}}],"collection":[{"href":"https:\/\/goias.gov.br\/policiacivil\/wp-json\/wp\/v2\/pages"}],"about":[{"href":"https:\/\/goias.gov.br\/policiacivil\/wp-json\/wp\/v2\/types\/page"}],"author":[{"embeddable":true,"href":"https:\/\/goias.gov.br\/policiacivil\/wp-json\/wp\/v2\/users\/4"}],"replies":[{"embeddable":true,"href":"https:\/\/goias.gov.br\/policiacivil\/wp-json\/wp\/v2\/comments?post=131409"}],"version-history":[{"count":2,"href":"https:\/\/goias.gov.br\/policiacivil\/wp-json\/wp\/v2\/pages\/131409\/revisions"}],"predecessor-version":[{"id":158884,"href":"https:\/\/goias.gov.br\/policiacivil\/wp-json\/wp\/v2\/pages\/131409\/revisions\/158884"}],"wp:attachment":[{"href":"https:\/\/goias.gov.br\/policiacivil\/wp-json\/wp\/v2\/media?parent=131409"}],"curies":[{"name":"wp","href":"https:\/\/api.w.org\/{rel}","templated":true}]}}