

{"id":121839,"date":"2023-09-27T16:04:08","date_gmt":"2023-09-27T19:04:08","guid":{"rendered":" https:\/\/goias.gov.br\/policiacivil\/?page_id=121839"},"modified":"2023-09-27T16:04:08","modified_gmt":"2023-09-27T19:04:08","slug":"delegacia-virtual","status":"publish","type":"page","link":"https:\/\/goias.gov.br\/policiacivil\/acesso-a-informacao\/projetos-de-inovacao-no-servico-publico-pagina\/delegacia-virtual\/","title":{"rendered":"Delegacia Virtual"},"content":{"rendered":"<p>Desejando sempre garantir que todos tenham acesso efetivo \u00e0 Justi\u00e7a, a Pol\u00edcia Civil do Estado de Goi\u00e1s disponibiliza portal para registro de ocorr\u00eancias sem que haja a necessidade de comparecimento a uma unidade policial.<\/p>\n<p>Acessando o site da Pol\u00edcia Civil e buscando o \u00edcone \u201cDelegacia Virtual\u201d \u00e9 poss\u00edvel realizar o registro de diversos fatos como perda ou extravio de documentos ou objetos, acidente de tr\u00e2nsito em que n\u00e3o haja v\u00edtimas feridas, danos materiais, desaparecimento de pessoas, furto de objetos e valores, estelionato, maus tratos a animais, bem como crimes de amea\u00e7a, inj\u00faria e dano quando praticados em situa\u00e7\u00e3o de viol\u00eancia dom\u00e9stica.<\/p>\n<p>Com plataforma bem simples e intuitiva, o registro \u00e9 feito pelo pr\u00f3prio cidad\u00e3o que, em caso de d\u00favidas, pode contar com o aux\u00edlio de servidores (62) 3201-4826 \/ (62) 3201-4834.<\/p>\n<p>Para acessar, clique no link: <a href=\" https:\/\/goias.gov.br\/policiacivil\/delegacia-virtual-pcgo\">Delegacia Virtual<\/a><\/p>\n","protected":false},"excerpt":{"rendered":"<p>Desejando sempre garantir que todos tenham acesso efetivo \u00e0 Justi\u00e7a, a Pol\u00edcia Civil do Estado de Goi\u00e1s disponibiliza portal para registro de ocorr\u00eancias sem que haja a necessidade de comparecimento a uma unidade policial. Acessando o site da Pol\u00edcia Civil e buscando o \u00edcone \u201cDelegacia Virtual\u201d \u00e9 poss\u00edvel realizar o registro de diversos fatos como [&hellip;]<\/p>\n","protected":false},"author":4,"featured_media":0,"parent":121824,"menu_order":0,"comment_status":"closed","ping_status":"closed","template":"","meta":{"footnotes":""},"class_list":["post-121839","page","type-page","status-publish","hentry"],"rttpg_featured_image_url":null,"rttpg_author":{"display_name":"","author_link":"https:\/\/goias.gov.br\/policiacivil\/author\/"},"rttpg_comment":0,"rttpg_category":null,"rttpg_excerpt":"Desejando sempre garantir que todos tenham acesso efetivo \u00e0 Justi\u00e7a, a Pol\u00edcia Civil do Estado de Goi\u00e1s disponibiliza portal para registro de ocorr\u00eancias sem que haja a necessidade de comparecimento a uma unidade policial. Acessando o site da Pol\u00edcia Civil e buscando o \u00edcone \u201cDelegacia Virtual\u201d \u00e9 poss\u00edvel realizar o registro de diversos fatos como&hellip;","_links":{"self":[{"href":"https:\/\/goias.gov.br\/policiacivil\/wp-json\/wp\/v2\/pages\/121839","targetHints":{"allow":["GET"]}}],"collection":[{"href":"https:\/\/goias.gov.br\/policiacivil\/wp-json\/wp\/v2\/pages"}],"about":[{"href":"https:\/\/goias.gov.br\/policiacivil\/wp-json\/wp\/v2\/types\/page"}],"author":[{"embeddable":true,"href":"https:\/\/goias.gov.br\/policiacivil\/wp-json\/wp\/v2\/users\/4"}],"replies":[{"embeddable":true,"href":"https:\/\/goias.gov.br\/policiacivil\/wp-json\/wp\/v2\/comments?post=121839"}],"version-history":[{"count":1,"href":"https:\/\/goias.gov.br\/policiacivil\/wp-json\/wp\/v2\/pages\/121839\/revisions"}],"predecessor-version":[{"id":121840,"href":"https:\/\/goias.gov.br\/policiacivil\/wp-json\/wp\/v2\/pages\/121839\/revisions\/121840"}],"up":[{"embeddable":true,"href":"https:\/\/goias.gov.br\/policiacivil\/wp-json\/wp\/v2\/pages\/121824"}],"wp:attachment":[{"href":"https:\/\/goias.gov.br\/policiacivil\/wp-json\/wp\/v2\/media?parent=121839"}],"curies":[{"name":"wp","href":"https:\/\/api.w.org\/{rel}","templated":true}]}}