

{"id":8071,"date":"2022-06-08T14:29:21","date_gmt":"2022-06-08T17:29:21","guid":{"rendered":"https:\/\/www.policiacientifica.go.gov.br\/?page_id=8071"},"modified":"2026-01-14T14:20:22","modified_gmt":"2026-01-14T17:20:22","slug":"legislacao-estadual","status":"publish","type":"page","link":"https:\/\/goias.gov.br\/policiacientifica\/legislacao\/legislacao-estadual\/","title":{"rendered":"Legisla\u00e7\u00e3o Estadual"},"content":{"rendered":"<h1>DECRETOS ESTADUAIS<\/h1>\n<p>&nbsp;<\/p>\n<p><strong>Decreto Estadual n. 213\/1970<\/strong>\u00a0(especifica\u00e7\u00e3o das atribui\u00e7\u00f5es, responsabilidades, requisitos para provimento e demais caracter\u00edsticas das Classes constantes no Anexo I do Decreto-Lei n. 84\/1969)<br \/>\n<a role=\"link\" href=\"https:\/\/legisla.casacivil.go.gov.br\/api\/v1\/arquivos\/10562\" target=\"_blank\" rel=\"noopener\">https:\/\/legisla.casacivil.go.gov.br\/api\/v1\/arquivos\/10562<\/a><\/p>\n<p><strong>Decreto Estadual n. 1.630\/1979<\/strong>\u00a0(introduz altera\u00e7\u00f5es no Decreto Estadual n. 213\/1970)<br \/>\n<a role=\"link\" href=\"https:\/\/legisla.casacivil.go.gov.br\/pesquisa_legislacao\/66964\/decreto-1630\" target=\"_blank\" rel=\"noopener\">https:\/\/legisla.casacivil.go.gov.br\/pesquisa_legislacao\/66964\/decreto-1630<\/a><\/p>\n<p><strong>Decreto Estadual n. 2.655\/1986<\/strong>\u00a0(altera o Decreto Estadual n. 213\/1970)<br \/>\n<a role=\"link\" href=\"https:\/\/legisla.casacivil.go.gov.br\/pesquisa_legislacao\/65794\/decreto-2655\" target=\"_blank\" rel=\"noopener\">https:\/\/legisla.casacivil.go.gov.br\/pesquisa_legislacao\/65794\/decreto-2655<\/a><\/p>\n<p><strong>Decreto Estadual n. 5.422\/2001<\/strong>\u00a0(altera o Anexo I do Decreto Estadual n. 2.655\/1986)<br \/>\n<a role=\"link\" href=\"https:\/\/legisla.casacivil.go.gov.br\/pesquisa_legislacao\/61656\/decreto-5422\" target=\"_blank\" rel=\"noopener\">https:\/\/legisla.casacivil.go.gov.br\/pesquisa_legislacao\/61656\/decreto-5422<\/a><\/p>\n<p><strong>Decreto Estadual n. 5.879\/2003<\/strong>\u00a0(altera o inciso II do art. 1\u00ba do Decreto Estadual n. 5.422\/2001)<br \/>\n<a role=\"link\" href=\"https:\/\/legisla.casacivil.go.gov.br\/pesquisa_legislacao\/61415\/decreto-5879\" target=\"_blank\" rel=\"noopener\">https:\/\/legisla.casacivil.go.gov.br\/pesquisa_legislacao\/61415\/decreto-5879<\/a><\/p>\n<p><strong>Decreto Estadual n. 7.664\/2012<\/strong>\u00a0(altera o Decreto Estadual n. 213\/1970)<br \/>\n<a role=\"link\" href=\"https:\/\/legisla.casacivil.go.gov.br\/pesquisa_legislacao\/65653\/decreto-7664\" target=\"_blank\" rel=\"noopener\">https:\/\/legisla.casacivil.go.gov.br\/pesquisa_legislacao\/65653\/decreto-7664<\/a><\/p>\n<p><strong>Decreto Estadual n. 7.872\/2012<\/strong>\u00a0(Regulamento do Programa Goi\u00e1s Cidad\u00e3o Seguro)<br \/>\n<a role=\"link\" href=\"https:\/\/legisla.casacivil.go.gov.br\/pesquisa_legislacao\/66179\/decreto-7872\" target=\"_blank\" rel=\"noopener\">https:\/\/legisla.casacivil.go.gov.br\/pesquisa_legislacao\/66179\/decreto-7872<\/a><\/p>\n<p><strong>Decreto Estadual n. 8.082\/2014<\/strong>\u00a0(regulamenta a Lei n. 18.303\/2013, para disciplinar os crit\u00e9rios de repasse e execu\u00e7\u00e3o do Programa Dinheiro Direto nos Quart\u00e9is e nas Delegacias \u2013 PDDQD)<br \/>\n<a role=\"link\" href=\"https:\/\/legisla.casacivil.go.gov.br\/pesquisa_legislacao\/66852\/decreto-8082\" target=\"_blank\" rel=\"noopener\">https:\/\/legisla.casacivil.go.gov.br\/pesquisa_legislacao\/66852\/decreto-8082<\/a><\/p>\n<p><strong>Decreto Estadual n. 8.869\/2017<\/strong>\u00a0(institui, no \u00e2mbito da SSP-GO, o Sistema de Intelig\u00eancia de Seguran\u00e7a P\u00fablica do Estado de Goi\u00e1s \u2013 SISP\/GO)<br \/>\n<a role=\"link\" href=\"https:\/\/legisla.casacivil.go.gov.br\/pesquisa_legislacao\/69612\/decreto-8869\" target=\"_blank\" rel=\"noopener\">https:\/\/legisla.casacivil.go.gov.br\/pesquisa_legislacao\/69612\/decreto-8869<\/a><\/p>\n<p><strong>Decreto Estadual n. 9.265\/2018<\/strong>\u00a0(institui incentivos para o desempenho profissional, no \u00e2mbito do Programa Goi\u00e1s Cidad\u00e3o Seguro)<br \/>\n<a role=\"link\" href=\"https:\/\/legisla.casacivil.go.gov.br\/pesquisa_legislacao\/71099\/decreto-9265\" target=\"_blank\" rel=\"noopener\">https:\/\/legisla.casacivil.go.gov.br\/pesquisa_legislacao\/71099\/decreto-9265<\/a><\/p>\n<p><strong>Decreto Estadual n. 9.485\/2019<\/strong>\u00a0(regulamenta o recebimento de Doa\u00e7\u00e3o de Bens M\u00f3veis e Servi\u00e7os, sem \u00f4nus ou encargos, e o recebimento de Bens em Comodato pela Adm. P\u00fablica Direta, Aut\u00e1rquica e Fundacional do Poder Executivo)<br \/>\n<a role=\"link\" href=\"https:\/\/legisla.casacivil.go.gov.br\/pesquisa_legislacao\/72397\/decreto-9485\" target=\"_blank\" rel=\"noopener\">https:\/\/legisla.casacivil.go.gov.br\/pesquisa_legislacao\/72397\/decreto-9485<\/a><\/p>\n<p><strong>Decreto Estadual n. 9.508\/2019<\/strong>\u00a0(regulamenta o Conselho Estadual de Seguran\u00e7a P\u00fablica \u2013 CESP)<br \/>\n<a role=\"link\" href=\"https:\/\/legisla.casacivil.go.gov.br\/pesquisa_legislacao\/72423\/decreto-9508\" target=\"_blank\" rel=\"noopener\">https:\/\/legisla.casacivil.go.gov.br\/pesquisa_legislacao\/72423\/decreto-9508<\/a><\/p>\n<p><strong>Decreto Estadual\u00a0 n\u00ba 10.715\/2025<\/strong>\u00a0 (Regulamento da SSP-GO)<br \/>\n<a href=\"https:\/\/legisla.casacivil.go.gov.br\/pesquisa_legislacao\/111000\/decreto-10715\">https:\/\/legisla.casacivil.go.gov.br\/pesquisa_legislacao\/111000\/decreto-10715<\/a><\/p>\n<p><strong>Decreto Estadual n. 9.842\/2021<\/strong>\u00a0(define os munic\u00edpios que sediar\u00e3o as unidades Regionais das Pol\u00edcias Civil, Militar, Penal e T\u00e9cnico-Cient\u00edfica, bem como do Corpo de Bombeiros Militar, e fixa as respectivas circunscri\u00e7\u00f5es)<br \/>\n<a role=\"link\" href=\"https:\/\/legisla.casacivil.go.gov.br\/pesquisa_legislacao\/103925\/decreto-9842\" target=\"_blank\" rel=\"noopener\">https:\/\/legisla.casacivil.go.gov.br\/pesquisa_legislacao\/103925\/decreto-9842<\/a><\/p>\n<p><strong>Decreto Estadual n. 10.138\/2022<\/strong> (Regulamenta a concess\u00e3o de medalhas na Superintend\u00eancia de Pol\u00edcia T\u00e9cnico-Cient\u00edfica)<br \/>\n<a href=\"https:\/\/drive.google.com\/file\/d\/16UUidBawI_Y5vIUbL57nSh60d7A5_ECx\/view?usp=drivesdk\" target=\"_blank\" rel=\"noopener\">https:\/\/drive.google.com\/file\/d\/16UUidBawI_Y5vIUbL57nSh60d7A5_ECx\/view?usp=drivesdk<\/a><\/p>\n<p>&nbsp;<\/p>\n<h1>LEIS COMPLEMENTARES<\/h1>\n<p>&nbsp;<\/p>\n<p><strong>Lei Complementar n. 59\/2006<\/strong>\u00a0(disp\u00f5e sobre a Aposentadoria Especial do Policial Civil)<br \/>\n<a role=\"link\" href=\"https:\/\/legisla.casacivil.go.gov.br\/pesquisa_legislacao\/100991\/lei-complementar-059\" target=\"_blank\" rel=\"noopener\">https:\/\/legisla.casacivil.go.gov.br\/pesquisa_legislacao\/100991\/lei-complementar-059<\/a><\/p>\n<p><strong>Lei Complementar n. 161\/2020<\/strong>\u00a0(Regime Pr\u00f3prio de Previd\u00eancia Social do Estado de Goi\u00e1s \u2013 RPPS\/GO)<br \/>\n<a role=\"link\" href=\"https:\/\/legisla.casacivil.go.gov.br\/pesquisa_legislacao\/103671\/lei-complementar-161\" target=\"_blank\" rel=\"noopener\">https:\/\/legisla.casacivil.go.gov.br\/pesquisa_legislacao\/103671\/lei-complementar-161<\/a><\/p>\n<p>&nbsp;<\/p>\n<h1>LEIS ESTADUAIS<\/h1>\n<p>&nbsp;<\/p>\n<p><strong>Lei Estadual n. 14.383\/2002<\/strong>\u00a0(modifica a organiza\u00e7\u00e3o administrativa do Poder Executivo)<br \/>\n<a role=\"link\" href=\"https:\/\/legisla.casacivil.go.gov.br\/pesquisa_legislacao\/81948\/lei-14383\" target=\"_blank\" rel=\"noopener\">https:\/\/legisla.casacivil.go.gov.br\/pesquisa_legislacao\/81948\/lei-14383<\/a><\/p>\n<p><strong>Lei Estadual n. 15.490\/2005<\/strong>\u00a0(cria os Cargos de Odonto-Legista)<br \/>\n<a role=\"link\" href=\"https:\/\/legisla.casacivil.go.gov.br\/pesquisa_legislacao\/80579\/lei-15490\" target=\"_blank\" rel=\"noopener\">https:\/\/legisla.casacivil.go.gov.br\/pesquisa_legislacao\/80579\/lei-15490<\/a><\/p>\n<p><strong>Lei Estadual n. 15.695\/2006<\/strong>\u00a0(Regime de Subs\u00eddio dos Cargos dos Servidores Integrantes do Quadro de Pessoal da Superintend\u00eancia de Pol\u00edcia T\u00e9cnico-Cient\u00edfica da SSP-GO)<br \/>\n<a role=\"link\" href=\"https:\/\/legisla.casacivil.go.gov.br\/pesquisa_legislacao\/79744\/lei-15695\" target=\"_blank\" rel=\"noopener\">https:\/\/legisla.casacivil.go.gov.br\/pesquisa_legislacao\/79744\/lei-15695<\/a><\/p>\n<p><strong>Lei Estadual n. 15.949\/2006<\/strong>\u00a0(disp\u00f5e sobre a Ajuda de Custo, no \u00e2mbito da SSP-GO)<br \/>\n<a role=\"link\" href=\"https:\/\/legisla.casacivil.go.gov.br\/pesquisa_legislacao\/80062\/lei-15949\" target=\"_blank\" rel=\"noopener\">https:\/\/legisla.casacivil.go.gov.br\/pesquisa_legislacao\/80062\/lei-15949<\/a><\/p>\n<p><strong>Lei Estadual n. 16.649\/2009<\/strong>\u00a0(cria, na Superintend\u00eancia da Pol\u00edcia T\u00e9cnico-Cient\u00edfica da SSP-GO, os Cargos de provimento efetivo que menciona)<br \/>\n<a role=\"link\" href=\"https:\/\/legisla.casacivil.go.gov.br\/pesquisa_legislacao\/88359\/lei-16649\" target=\"_blank\" rel=\"noopener\">https:\/\/legisla.casacivil.go.gov.br\/pesquisa_legislacao\/88359\/lei-16649<\/a><\/p>\n<p><strong>Lei Estadual n. 16.897\/2010<\/strong>\u00a0(disp\u00f5e sobre a cria\u00e7\u00e3o de Classes e N\u00edveis de Subs\u00eddios nas Carreiras e Cargos que especifica)<br \/>\n<a role=\"link\" href=\"https:\/\/legisla.casacivil.go.gov.br\/pesquisa_legislacao\/88611\/lei-16897\" target=\"_blank\" rel=\"noopener\">https:\/\/legisla.casacivil.go.gov.br\/pesquisa_legislacao\/88611\/lei-16897<\/a><\/p>\n<p><strong>Lei Estadual n. 17.219\/2010<\/strong>\u00a0(institui Medalhas de M\u00e9rito no \u00e2mbito da Superintend\u00eancia de Pol\u00edcia T\u00e9cnico-Cient\u00edfica da SSP)<br \/>\n<a role=\"link\" href=\"https:\/\/legisla.casacivil.go.gov.br\/pesquisa_legislacao\/89212\/lei-17219\" target=\"_blank\" rel=\"noopener\">https:\/\/legisla.casacivil.go.gov.br\/pesquisa_legislacao\/89212\/lei-17219<\/a><\/p>\n<p><strong>Lei Estadual n. 17.706\/2012<\/strong>\u00a0(estende a Ajuda de Custo \u201cLocalidade \u2013 AC3\u201d aos Policiais lotados e em exerc\u00edcio no Nordeste Goiano).<br \/>\n<a role=\"link\" href=\"https:\/\/legisla.casacivil.go.gov.br\/pesquisa_legislacao\/89703\/lei-17706\" target=\"_blank\" rel=\"noopener\">https:\/\/legisla.casacivil.go.gov.br\/pesquisa_legislacao\/89703\/lei-17706<\/a><\/p>\n<p><strong>Lei Estadual n. 17.881\/2012<\/strong>\u00a0(institui o Programa Goi\u00e1s Cidad\u00e3o Seguro)<br \/>\n<a role=\"link\" href=\"https:\/\/legisla.casacivil.go.gov.br\/pesquisa_legislacao\/89940\/lei-17881\" target=\"_blank\" rel=\"noopener\">https:\/\/legisla.casacivil.go.gov.br\/pesquisa_legislacao\/89940\/lei-17881<\/a><\/p>\n<p><strong>Lei Estadual n. 18.303\/2013<\/strong>\u00a0(institui o Programa Dinheiro Direto nos Quart\u00e9is e nas Delegacias \u2013 PDDQD \u2013 no \u00e2mbito da SSP-GO)<br \/>\n<a role=\"link\" href=\"https:\/\/legisla.casacivil.go.gov.br\/pesquisa_legislacao\/90458\/lei-18303\" target=\"_blank\" rel=\"noopener\">https:\/\/legisla.casacivil.go.gov.br\/pesquisa_legislacao\/90458\/lei-18303<\/a><\/p>\n<p><strong>Lei Estadual n. 18.419\/2014<\/strong>\u00a0(reajusta os valores dos Subs\u00eddios dos ocupantes dos Cargos e Perito Criminal, M\u00e9dico Legista e Odonto-Legista)<br \/>\n<a role=\"link\" href=\"https:\/\/legisla.casacivil.go.gov.br\/pesquisa_legislacao\/90633\/lei-18419\" target=\"_blank\" rel=\"noopener\">https:\/\/legisla.casacivil.go.gov.br\/pesquisa_legislacao\/90633\/lei-18419<\/a><\/p>\n<p><strong>Lei Estadual n. 18.421\/2014<\/strong>\u00a0(reajusta os valores dos Subs\u00eddios dos Cargos de Aux. de Aut\u00f3psia, Aux. de Laborat\u00f3rio, Desenhista Criminal\u00edstico e Fot\u00f3grafo Criminal\u00edstico)<br \/>\n<a role=\"link\" href=\"https:\/\/legisla.casacivil.go.gov.br\/pesquisa_legislacao\/90635\/lei-18421\" target=\"_blank\" rel=\"noopener\">https:\/\/legisla.casacivil.go.gov.br\/pesquisa_legislacao\/90635\/lei-18421<\/a><\/p>\n<p><strong>Lei Estadual n. 18.752\/2014<\/strong>\u00a0(exige CNH categoria \u201cB\u201d, no m\u00ednimo, dos Servidores Policiais da SPTC, quando de sua Posse)<br \/>\n<a role=\"link\" href=\"https:\/\/legisla.casacivil.go.gov.br\/pesquisa_legislacao\/91011\/lei-18752\" target=\"_blank\" rel=\"noopener\">https:\/\/legisla.casacivil.go.gov.br\/pesquisa_legislacao\/91011\/lei-18752<\/a><\/p>\n<p><strong>Lei Estadual n. 18.846\/2015<\/strong>\u00a0(disp\u00f5e sobre o Conflito de Interesses no exerc\u00edcio de Cargo ou Emprego no \u00e2mbito do Executivo Estadual e os impedimentos posteriores \u00e0 sua ocupa\u00e7\u00e3o)<br \/>\n<a role=\"link\" href=\"https:\/\/legisla.casacivil.go.gov.br\/pesquisa_legislacao\/92468\/lei-18846\" target=\"_blank\" rel=\"noopener\">https:\/\/legisla.casacivil.go.gov.br\/pesquisa_legislacao\/92468\/lei-18846<\/a><\/p>\n<p><strong>Lei Estadual n. 19.326\/2016<\/strong>\u00a0(institui a Indeniza\u00e7\u00e3o do Pagamento de Defesa T\u00e9cnica para os integrantes da PC-GO, PM-GO, do CBM-GO, da SPTC e da PP-GO, nas situa\u00e7\u00f5es que especifica)<br \/>\n<a role=\"link\" href=\"https:\/\/legisla.casacivil.go.gov.br\/pesquisa_legislacao\/98645\/lei-19326\" target=\"_blank\" rel=\"noopener\">https:\/\/legisla.casacivil.go.gov.br\/pesquisa_legislacao\/98645\/lei-19326<\/a><\/p>\n<p><strong>Lei Estadual n. 20.491\/2019<\/strong>\u00a0(estabelece a organiza\u00e7\u00e3o administrativa do Poder Executivo)<br \/>\n<a role=\"link\" href=\"https:\/\/legisla.casacivil.go.gov.br\/pesquisa_legislacao\/100701\/lei-20491\" target=\"_blank\" rel=\"noopener\">https:\/\/legisla.casacivil.go.gov.br\/pesquisa_legislacao\/100701\/lei-20491<\/a><\/p>\n<p><strong>Lei Estadual n. 20.756\/2020<\/strong>\u00a0(Regime Jur\u00eddico dos Servidores P\u00fablicos Civis do Estado de Goi\u00e1s, das Autarquias e Funda\u00e7\u00f5es P\u00fablicas Estaduais)<br \/>\n<a role=\"link\" href=\"https:\/\/legisla.casacivil.go.gov.br\/pesquisa_legislacao\/100979\/lei-20756\" target=\"_blank\" rel=\"noopener\">https:\/\/legisla.casacivil.go.gov.br\/pesquisa_legislacao\/100979\/lei-20756<\/a><\/p>\n<p>&nbsp;<\/p>\n","protected":false},"excerpt":{"rendered":"<p>DECRETOS ESTADUAIS &nbsp; Decreto Estadual n. 213\/1970\u00a0(especifica\u00e7\u00e3o das atribui\u00e7\u00f5es, responsabilidades, requisitos para provimento e demais caracter\u00edsticas das Classes constantes no Anexo I do Decreto-Lei n. 84\/1969) https:\/\/legisla.casacivil.go.gov.br\/api\/v1\/arquivos\/10562 Decreto Estadual n. 1.630\/1979\u00a0(introduz altera\u00e7\u00f5es no Decreto Estadual n. 213\/1970) https:\/\/legisla.casacivil.go.gov.br\/pesquisa_legislacao\/66964\/decreto-1630 Decreto Estadual n. 2.655\/1986\u00a0(altera o Decreto Estadual n. 213\/1970) https:\/\/legisla.casacivil.go.gov.br\/pesquisa_legislacao\/65794\/decreto-2655 Decreto Estadual n. 5.422\/2001\u00a0(altera o Anexo I [&hellip;]<\/p>\n","protected":false},"author":77,"featured_media":0,"parent":6892,"menu_order":0,"comment_status":"closed","ping_status":"closed","template":"","meta":{"footnotes":""},"class_list":["post-8071","page","type-page","status-publish","hentry"],"rttpg_featured_image_url":null,"rttpg_author":{"display_name":"barbaragodoy","author_link":"https:\/\/goias.gov.br\/policiacientifica\/author\/barbaragodoy\/"},"rttpg_comment":0,"rttpg_category":null,"rttpg_excerpt":"DECRETOS ESTADUAIS &nbsp; Decreto Estadual n. 213\/1970\u00a0(especifica\u00e7\u00e3o das atribui\u00e7\u00f5es, responsabilidades, requisitos para provimento e demais caracter\u00edsticas das Classes constantes no Anexo I do Decreto-Lei n. 84\/1969) https:\/\/legisla.casacivil.go.gov.br\/api\/v1\/arquivos\/10562 Decreto Estadual n. 1.630\/1979\u00a0(introduz altera\u00e7\u00f5es no Decreto Estadual n. 213\/1970) https:\/\/legisla.casacivil.go.gov.br\/pesquisa_legislacao\/66964\/decreto-1630 Decreto Estadual n. 2.655\/1986\u00a0(altera o Decreto Estadual n. 213\/1970) https:\/\/legisla.casacivil.go.gov.br\/pesquisa_legislacao\/65794\/decreto-2655 Decreto Estadual n. 5.422\/2001\u00a0(altera o Anexo I&hellip;","_links":{"self":[{"href":"https:\/\/goias.gov.br\/policiacientifica\/wp-json\/wp\/v2\/pages\/8071","targetHints":{"allow":["GET"]}}],"collection":[{"href":"https:\/\/goias.gov.br\/policiacientifica\/wp-json\/wp\/v2\/pages"}],"about":[{"href":"https:\/\/goias.gov.br\/policiacientifica\/wp-json\/wp\/v2\/types\/page"}],"author":[{"embeddable":true,"href":"https:\/\/goias.gov.br\/policiacientifica\/wp-json\/wp\/v2\/users\/77"}],"replies":[{"embeddable":true,"href":"https:\/\/goias.gov.br\/policiacientifica\/wp-json\/wp\/v2\/comments?post=8071"}],"version-history":[{"count":4,"href":"https:\/\/goias.gov.br\/policiacientifica\/wp-json\/wp\/v2\/pages\/8071\/revisions"}],"predecessor-version":[{"id":426900,"href":"https:\/\/goias.gov.br\/policiacientifica\/wp-json\/wp\/v2\/pages\/8071\/revisions\/426900"}],"up":[{"embeddable":true,"href":"https:\/\/goias.gov.br\/policiacientifica\/wp-json\/wp\/v2\/pages\/6892"}],"wp:attachment":[{"href":"https:\/\/goias.gov.br\/policiacientifica\/wp-json\/wp\/v2\/media?parent=8071"}],"curies":[{"name":"wp","href":"https:\/\/api.w.org\/{rel}","templated":true}]}}