

{"id":8069,"date":"2022-06-08T14:27:28","date_gmt":"2022-06-08T17:27:28","guid":{"rendered":"https:\/\/www.policiacientifica.go.gov.br\/?page_id=8069"},"modified":"2026-01-14T14:20:49","modified_gmt":"2026-01-14T17:20:49","slug":"legislacao-federal","status":"publish","type":"page","link":"https:\/\/goias.gov.br\/policiacientifica\/legislacao\/legislacao-federal\/","title":{"rendered":"Legisla\u00e7\u00e3o Federal"},"content":{"rendered":"<p><strong>Decreto-Lei n. 2.848\/1940<\/strong>\u00a0(C\u00f3digo Penal)<br \/>\n<a role=\"link\" href=\"https:\/\/www.planalto.gov.br\/ccivil_03\/decreto-lei\/del2848compilado.htm\" target=\"_blank\" rel=\"noopener\">https:\/\/www.planalto.gov.br\/ccivil_03\/decreto-lei\/del2848compilado.htm<\/a><\/p>\n<p><strong>Decreto-Lei n. 3.688\/1941<\/strong>\u00a0(Lei de Contraven\u00e7\u00f5es Penais)<br \/>\n<a role=\"link\" href=\"https:\/\/www.planalto.gov.br\/ccivil_03\/decreto-lei\/del3688.htm\" target=\"_blank\" rel=\"noopener\">https:\/\/www.planalto.gov.br\/ccivil_03\/decreto-lei\/del3688.htm<\/a><\/p>\n<p><strong>Decreto-Lei n. 3.689\/1941<\/strong>\u00a0(C\u00f3digo de Processo Penal)<br \/>\n<a role=\"link\" href=\"https:\/\/www.planalto.gov.br\/ccivil_03\/decreto-lei\/del3689compilado.htm\" target=\"_blank\" rel=\"noopener\">https:\/\/www.planalto.gov.br\/ccivil_03\/decreto-lei\/del3689compilado.htm<\/a><\/p>\n<p><strong>Decreto-Lei n. 1.002\/1969<\/strong>\u00a0(C\u00f3digo de Processo Penal Militar)<br \/>\n<a role=\"link\" href=\"https:\/\/www.planalto.gov.br\/ccivil_03\/decreto-lei\/del1002.htm\" target=\"_blank\" rel=\"noopener\">https:\/\/www.planalto.gov.br\/ccivil_03\/decreto-lei\/del1002.htm<\/a><\/p>\n<p><strong>Lei Complementar n. 51\/1985<\/strong>\u00a0(Aposentadoria do Servidor P\u00fablico Policial, nos termos do \u00a7 4\u00ba do art. 40 da CRFB\/1988)<br \/>\n<a role=\"link\" href=\"https:\/\/www.planalto.gov.br\/ccivil_03\/leis\/lcp\/lcp51.htm\" target=\"_blank\" rel=\"noopener\">https:\/\/www.planalto.gov.br\/ccivil_03\/leis\/lcp\/lcp51.htm<\/a><\/p>\n<p><strong>Lei n. 7.210\/1984<\/strong>\u00a0(Lei de Execu\u00e7\u00e3o Penal)<br \/>\n<a role=\"link\" href=\"https:\/\/www.planalto.gov.br\/ccivil_03\/leis\/l7210.htm\" target=\"_blank\" rel=\"noopener\">https:\/\/www.planalto.gov.br\/ccivil_03\/leis\/l7210.htm<\/a><\/p>\n<p><strong>Lei n. 7.716\/1989<\/strong>\u00a0(Crimes Resultantes de Preconceito de Ra\u00e7a ou de Cor)<br \/>\n<a role=\"link\" href=\"https:\/\/www.planalto.gov.br\/ccivil_03\/leis\/l7716.htm\" target=\"_blank\" rel=\"noopener\">https:\/\/www.planalto.gov.br\/ccivil_03\/leis\/l7716.htm<\/a><\/p>\n<p><strong>Lei n. 8.069\/1990<\/strong>\u00a0(Estatuto da Crian\u00e7a e do Adolescente)<br \/>\n<a role=\"link\" href=\"https:\/\/www.planalto.gov.br\/ccivil_03\/leis\/l8069.htm\" target=\"_blank\" rel=\"noopener\">https:\/\/www.planalto.gov.br\/ccivil_03\/leis\/l8069.htm<\/a><\/p>\n<p><strong>Lei n. 8.072\/1990<\/strong>\u00a0(Lei de Crimes Hediondos)<br \/>\n<a role=\"link\" href=\"https:\/\/www.planalto.gov.br\/ccivil_03\/leis\/l8072.htm\" target=\"_blank\" rel=\"noopener\">https:\/\/www.planalto.gov.br\/ccivil_03\/leis\/l8072.htm<\/a><\/p>\n<p><strong>Lei n. 8.078\/1990<\/strong>\u00a0(C\u00f3digo de Defesa do Consumidor)<br \/>\n<a role=\"link\" href=\"https:\/\/www.planalto.gov.br\/ccivil_03\/leis\/l8078compilado.htm\" target=\"_blank\" rel=\"noopener\">https:\/\/www.planalto.gov.br\/ccivil_03\/leis\/l8078compilado.htm<\/a><\/p>\n<p><strong>Lei n. 8.501\/1992<\/strong>\u00a0(disp\u00f5e sobre a utiliza\u00e7\u00e3o de cad\u00e1ver n\u00e3o reclamado, para fins de estudos ou pesquisas cient\u00edficas)<br \/>\n<a role=\"link\" href=\"https:\/\/www.planalto.gov.br\/ccivil_03\/leis\/l8501.htm\" target=\"_blank\" rel=\"noopener\">https:\/\/www.planalto.gov.br\/ccivil_03\/leis\/l8501.htm<\/a><\/p>\n<p><strong>Lei n. 8.625\/1993<\/strong>\u00a0(Lei Org\u00e2nica do Minist\u00e9rio P\u00fablico)<br \/>\n<a role=\"link\" href=\"https:\/\/www.planalto.gov.br\/ccivil_03\/leis\/l8625.htm\" target=\"_blank\" rel=\"noopener\">https:\/\/www.planalto.gov.br\/ccivil_03\/leis\/l8625.htm<\/a><\/p>\n<p><strong>Lei n. 9.099\/1995<\/strong>\u00a0(Juizados Especiais Criminais)<br \/>\n<a role=\"link\" href=\"https:\/\/www.planalto.gov.br\/ccivil_03\/leis\/l9099.htm\" target=\"_blank\" rel=\"noopener\">https:\/\/www.planalto.gov.br\/ccivil_03\/leis\/l9099.htm<\/a><\/p>\n<p><strong>Lei n. 9.455\/1997<\/strong>\u00a0(Lei de Tortura)<br \/>\n<a role=\"link\" href=\"https:\/\/www.planalto.gov.br\/ccivil_03\/leis\/l9455.htm\" target=\"_blank\" rel=\"noopener\">https:\/\/www.planalto.gov.br\/ccivil_03\/leis\/l9455.htm<\/a><\/p>\n<p><strong>Lei n. 9.503\/1997<\/strong>\u00a0(C\u00f3digo de Tr\u00e2nsito Brasileiro)<br \/>\n<a role=\"link\" href=\"https:\/\/www.planalto.gov.br\/ccivil_03\/leis\/l9503compilado.htm\" target=\"_blank\" rel=\"noopener\">https:\/\/www.planalto.gov.br\/ccivil_03\/leis\/l9503compilado.htm<\/a><\/p>\n<p><strong>Lei n. 9.605\/1998<\/strong>\u00a0(Lei de Crimes Ambientais)<br \/>\n<a role=\"link\" href=\"https:\/\/www.planalto.gov.br\/ccivil_03\/leis\/l9605.htm\" target=\"_blank\" rel=\"noopener\">https:\/\/www.planalto.gov.br\/ccivil_03\/leis\/l9605.htm<\/a><\/p>\n<p><strong>Lei n. 10.741\/2003<\/strong>\u00a0(Estatuto do Idoso)<br \/>\n<a role=\"link\" href=\"https:\/\/www.planalto.gov.br\/ccivil_03\/leis\/2003\/l10.741.htm\" target=\"_blank\" rel=\"noopener\">https:\/\/www.planalto.gov.br\/ccivil_03\/leis\/2003\/l10.741.htm<\/a><\/p>\n<p><strong>Lei n. 10.826\/2003<\/strong>\u00a0(Estatuto do Desarmamento)<br \/>\n<a role=\"link\" href=\"https:\/\/www.planalto.gov.br\/ccivil_03\/leis\/2003\/l10.826.htm\" target=\"_blank\" rel=\"noopener\">https:\/\/www.planalto.gov.br\/ccivil_03\/leis\/2003\/l10.826.htm<\/a><\/p>\n<p><strong>Lei n. 11.340\/2006<\/strong>\u00a0(Lei Maria da Penha)<br \/>\n<a role=\"link\" href=\"https:\/\/www.planalto.gov.br\/ccivil_03\/_ato2004-2006\/2006\/lei\/l11340.htm\" target=\"_blank\" rel=\"noopener\">https:\/\/www.planalto.gov.br\/ccivil_03\/_ato2004-2006\/2006\/lei\/l11340.htm<\/a><\/p>\n<p><strong>Lei n. 11.343\/2006<\/strong>\u00a0(Lei de Drogas)<br \/>\n<a role=\"link\" href=\"https:\/\/www.planalto.gov.br\/ccivil_03\/_ato2004-2006\/2006\/lei\/l11343.htm\" target=\"_blank\" rel=\"noopener\">https:\/\/www.planalto.gov.br\/ccivil_03\/_ato2004-2006\/2006\/lei\/l11343.htm<\/a><\/p>\n<p><strong>Lei n. 12.030\/2009<\/strong>\u00a0(Per\u00edcia Oficial Criminal)<br \/>\n<a role=\"link\" href=\"https:\/\/www.planalto.gov.br\/ccivil_03\/_ato2007-2010\/2009\/lei\/l12030.htm\" target=\"_blank\" rel=\"noopener\">https:\/\/www.planalto.gov.br\/ccivil_03\/_ato2007-2010\/2009\/lei\/l12030.htm<\/a><\/p>\n<p><strong>Lei n. 12.037\/2009<\/strong>\u00a0(Identifica\u00e7\u00e3o Criminal)<br \/>\n<a role=\"link\" href=\"https:\/\/www.planalto.gov.br\/ccivil_03\/_ato2007-2010\/2009\/lei\/l12037.htm\" target=\"_blank\" rel=\"noopener\">https:\/\/www.planalto.gov.br\/ccivil_03\/_ato2007-2010\/2009\/lei\/l12037.htm<\/a><\/p>\n<p><strong>Lei n. 12.830\/2013<\/strong>\u00a0(Investiga\u00e7\u00e3o Criminal conduzida por Delegado de Pol\u00edcia)<br \/>\n<a role=\"link\" href=\"https:\/\/www.planalto.gov.br\/ccivil_03\/_ato2011-2014\/2013\/lei\/l12830.htm\" target=\"_blank\" rel=\"noopener\">https:\/\/www.planalto.gov.br\/ccivil_03\/_ato2011-2014\/2013\/lei\/l12830.htm<\/a><\/p>\n<p><strong>Lei n. 13.675\/2019<\/strong>\u00a0(Sistema \u00danico de Seguran\u00e7a P\u00fablica)<br \/>\n<a role=\"link\" href=\"https:\/\/www.planalto.gov.br\/ccivil_03\/_ato2015-2018\/2018\/lei\/L13675.htm\" target=\"_blank\" rel=\"noopener\">https:\/\/www.planalto.gov.br\/ccivil_03\/_ato2015-2018\/2018\/lei\/L13675.htm<\/a><\/p>\n<p><strong>Lei n. 13.869\/2019<\/strong>\u00a0(Abuso de Autoridade)<br \/>\n<a role=\"link\" href=\"https:\/\/www.planalto.gov.br\/ccivil_03\/_ato2019-2022\/2019\/lei\/L13869.htm\" target=\"_blank\" rel=\"noopener\">https:\/\/www.planalto.gov.br\/ccivil_03\/_ato2019-2022\/2019\/lei\/L13869.htm<\/a><\/p>\n<p><strong>Resolu\u00e7\u00e3o n. 432\/2005\u2013CONTRAN<\/strong>\u00a0(disp\u00f5e sobre os procedimentos a serem adotados pelas Autoridades de Tr\u00e2nsito e seus Agentes na fiscaliza\u00e7\u00e3o do consumo de \u00e1lcool ou de outra subst\u00e2ncia psicoativa que determine depend\u00eancia, para aplica\u00e7\u00e3o do disposto nos arts. 165, 276, 277 e 306 da Lei n. 9.503\/1997 \u2013 C\u00f3digo de Tr\u00e2nsito Brasileiro)<br \/>\n<a role=\"link\" href=\"https:\/\/www.gov.br\/infraestrutura\/pt-br\/assuntos\/transito\/conteudo-contran\/resolucoes\/resolu-o-uo-432-2013c.pdf\" target=\"_blank\" rel=\"noopener\">https:\/\/www.gov.br\/infraestrutura\/pt-br\/assuntos\/transito\/conteudo-contran\/resolucoes\/resolu-o-uo-432-2013c.pdf<\/a><\/p>\n<p><strong>Resolu\u00e7\u00e3o n. 1.779\/2005\u2013CFM<\/strong>\u00a0(regulamenta a responsabilidade m\u00e9dica no fornecimento da Declara\u00e7\u00e3o de \u00d3bito. Revoga a Resolu\u00e7\u00e3o n. 1.601\/2000\u2013CFM)<br \/>\n<a role=\"link\" href=\"https:\/\/sistemas.cfm.org.br\/normas\/visualizar\/resolucoes\/BR\/2005\/1779\" target=\"_blank\" rel=\"noopener\">https:\/\/sistemas.cfm.org.br\/normas\/visualizar\/resolucoes\/BR\/2005\/1779<\/a><\/p>\n","protected":false},"excerpt":{"rendered":"<p>Decreto-Lei n. 2.848\/1940\u00a0(C\u00f3digo Penal) https:\/\/www.planalto.gov.br\/ccivil_03\/decreto-lei\/del2848compilado.htm Decreto-Lei n. 3.688\/1941\u00a0(Lei de Contraven\u00e7\u00f5es Penais) https:\/\/www.planalto.gov.br\/ccivil_03\/decreto-lei\/del3688.htm Decreto-Lei n. 3.689\/1941\u00a0(C\u00f3digo de Processo Penal) https:\/\/www.planalto.gov.br\/ccivil_03\/decreto-lei\/del3689compilado.htm Decreto-Lei n. 1.002\/1969\u00a0(C\u00f3digo de Processo Penal Militar) https:\/\/www.planalto.gov.br\/ccivil_03\/decreto-lei\/del1002.htm Lei Complementar n. 51\/1985\u00a0(Aposentadoria do Servidor P\u00fablico Policial, nos termos do \u00a7 4\u00ba do art. 40 da CRFB\/1988) https:\/\/www.planalto.gov.br\/ccivil_03\/leis\/lcp\/lcp51.htm Lei n. 7.210\/1984\u00a0(Lei de Execu\u00e7\u00e3o Penal) https:\/\/www.planalto.gov.br\/ccivil_03\/leis\/l7210.htm Lei n. [&hellip;]<\/p>\n","protected":false},"author":77,"featured_media":0,"parent":6892,"menu_order":0,"comment_status":"closed","ping_status":"closed","template":"","meta":{"footnotes":""},"class_list":["post-8069","page","type-page","status-publish","hentry"],"rttpg_featured_image_url":null,"rttpg_author":{"display_name":"barbaragodoy","author_link":"https:\/\/goias.gov.br\/policiacientifica\/author\/barbaragodoy\/"},"rttpg_comment":0,"rttpg_category":null,"rttpg_excerpt":"Decreto-Lei n. 2.848\/1940\u00a0(C\u00f3digo Penal) https:\/\/www.planalto.gov.br\/ccivil_03\/decreto-lei\/del2848compilado.htm Decreto-Lei n. 3.688\/1941\u00a0(Lei de Contraven\u00e7\u00f5es Penais) https:\/\/www.planalto.gov.br\/ccivil_03\/decreto-lei\/del3688.htm Decreto-Lei n. 3.689\/1941\u00a0(C\u00f3digo de Processo Penal) https:\/\/www.planalto.gov.br\/ccivil_03\/decreto-lei\/del3689compilado.htm Decreto-Lei n. 1.002\/1969\u00a0(C\u00f3digo de Processo Penal Militar) https:\/\/www.planalto.gov.br\/ccivil_03\/decreto-lei\/del1002.htm Lei Complementar n. 51\/1985\u00a0(Aposentadoria do Servidor P\u00fablico Policial, nos termos do \u00a7 4\u00ba do art. 40 da CRFB\/1988) https:\/\/www.planalto.gov.br\/ccivil_03\/leis\/lcp\/lcp51.htm Lei n. 7.210\/1984\u00a0(Lei de Execu\u00e7\u00e3o Penal) https:\/\/www.planalto.gov.br\/ccivil_03\/leis\/l7210.htm Lei n.&hellip;","_links":{"self":[{"href":"https:\/\/goias.gov.br\/policiacientifica\/wp-json\/wp\/v2\/pages\/8069","targetHints":{"allow":["GET"]}}],"collection":[{"href":"https:\/\/goias.gov.br\/policiacientifica\/wp-json\/wp\/v2\/pages"}],"about":[{"href":"https:\/\/goias.gov.br\/policiacientifica\/wp-json\/wp\/v2\/types\/page"}],"author":[{"embeddable":true,"href":"https:\/\/goias.gov.br\/policiacientifica\/wp-json\/wp\/v2\/users\/77"}],"replies":[{"embeddable":true,"href":"https:\/\/goias.gov.br\/policiacientifica\/wp-json\/wp\/v2\/comments?post=8069"}],"version-history":[{"count":3,"href":"https:\/\/goias.gov.br\/policiacientifica\/wp-json\/wp\/v2\/pages\/8069\/revisions"}],"predecessor-version":[{"id":426901,"href":"https:\/\/goias.gov.br\/policiacientifica\/wp-json\/wp\/v2\/pages\/8069\/revisions\/426901"}],"up":[{"embeddable":true,"href":"https:\/\/goias.gov.br\/policiacientifica\/wp-json\/wp\/v2\/pages\/6892"}],"wp:attachment":[{"href":"https:\/\/goias.gov.br\/policiacientifica\/wp-json\/wp\/v2\/media?parent=8069"}],"curies":[{"name":"wp","href":"https:\/\/api.w.org\/{rel}","templated":true}]}}