

{"id":8067,"date":"2022-06-08T14:25:07","date_gmt":"2022-06-08T17:25:07","guid":{"rendered":"https:\/\/www.policiacientifica.go.gov.br\/?page_id=8067"},"modified":"2026-01-14T14:19:50","modified_gmt":"2026-01-14T17:19:50","slug":"constituicoes","status":"publish","type":"page","link":"https:\/\/goias.gov.br\/policiacientifica\/legislacao\/constituicoes\/","title":{"rendered":"Constitui\u00e7\u00f5es"},"content":{"rendered":"<p><strong>Constitui\u00e7\u00e3o Federal<\/strong>\u00a0\u2013 CRFB\/1988<br \/>\n<a role=\"link\" href=\"https:\/\/www.stf.jus.br\/portal\/constituicao\/constituicao.asp\">https:\/\/www.stf.jus.br\/portal\/constituicao\/constituicao.asp<\/a><\/p>\n<p><strong>Constitui\u00e7\u00e3o Estadual do Estado de Goi\u00e1s<\/strong>\u00a0\u2013 CE-GO\/1989<br \/>\n<a role=\"link\" href=\"https:\/\/legisla.casacivil.go.gov.br\/pesquisa_legislacao\/103152\/constituicao-estadual\" target=\"_blank\" rel=\"noopener\">https:\/\/legisla.casacivil.go.gov.br\/pesquisa_legislacao\/103152\/constituicao-estadual<\/a><\/p>\n","protected":false},"excerpt":{"rendered":"<p>Constitui\u00e7\u00e3o Federal\u00a0\u2013 CRFB\/1988 https:\/\/www.stf.jus.br\/portal\/constituicao\/constituicao.asp Constitui\u00e7\u00e3o Estadual do Estado de Goi\u00e1s\u00a0\u2013 CE-GO\/1989 https:\/\/legisla.casacivil.go.gov.br\/pesquisa_legislacao\/103152\/constituicao-estadual<\/p>\n","protected":false},"author":77,"featured_media":0,"parent":6892,"menu_order":0,"comment_status":"closed","ping_status":"closed","template":"","meta":{"footnotes":""},"class_list":["post-8067","page","type-page","status-publish","hentry"],"rttpg_featured_image_url":null,"rttpg_author":{"display_name":"barbaragodoy","author_link":"https:\/\/goias.gov.br\/policiacientifica\/author\/barbaragodoy\/"},"rttpg_comment":0,"rttpg_category":null,"rttpg_excerpt":"Constitui\u00e7\u00e3o Federal\u00a0\u2013 CRFB\/1988 https:\/\/www.stf.jus.br\/portal\/constituicao\/constituicao.asp Constitui\u00e7\u00e3o Estadual do Estado de Goi\u00e1s\u00a0\u2013 CE-GO\/1989 https:\/\/legisla.casacivil.go.gov.br\/pesquisa_legislacao\/103152\/constituicao-estadual","_links":{"self":[{"href":"https:\/\/goias.gov.br\/policiacientifica\/wp-json\/wp\/v2\/pages\/8067","targetHints":{"allow":["GET"]}}],"collection":[{"href":"https:\/\/goias.gov.br\/policiacientifica\/wp-json\/wp\/v2\/pages"}],"about":[{"href":"https:\/\/goias.gov.br\/policiacientifica\/wp-json\/wp\/v2\/types\/page"}],"author":[{"embeddable":true,"href":"https:\/\/goias.gov.br\/policiacientifica\/wp-json\/wp\/v2\/users\/77"}],"replies":[{"embeddable":true,"href":"https:\/\/goias.gov.br\/policiacientifica\/wp-json\/wp\/v2\/comments?post=8067"}],"version-history":[{"count":2,"href":"https:\/\/goias.gov.br\/policiacientifica\/wp-json\/wp\/v2\/pages\/8067\/revisions"}],"predecessor-version":[{"id":426899,"href":"https:\/\/goias.gov.br\/policiacientifica\/wp-json\/wp\/v2\/pages\/8067\/revisions\/426899"}],"up":[{"embeddable":true,"href":"https:\/\/goias.gov.br\/policiacientifica\/wp-json\/wp\/v2\/pages\/6892"}],"wp:attachment":[{"href":"https:\/\/goias.gov.br\/policiacientifica\/wp-json\/wp\/v2\/media?parent=8067"}],"curies":[{"name":"wp","href":"https:\/\/api.w.org\/{rel}","templated":true}]}}