

{"id":6918,"date":"2021-08-31T11:33:37","date_gmt":"2021-08-31T14:33:37","guid":{"rendered":"https:\/\/www.policiacientifica.go.gov.br\/?page_id=6918"},"modified":"2021-08-31T11:33:37","modified_gmt":"2021-08-31T14:33:37","slug":"ceptc-ensino","status":"publish","type":"page","link":"https:\/\/goias.gov.br\/policiacientifica\/ceptc-ensino\/","title":{"rendered":"CEPTC &#8211; Ensino"},"content":{"rendered":"<div class=\"entry-content entry clearfix\">\n<h4>Link para a plataforma EaD da CEPTC.<\/h4>\n<p><a href=\"http:\/\/ead.policiacientifica.go.gov.br\">ead.policiacientifica.go.gov.br<\/a><\/p>\n<\/div>\n<h4><strong>Link para Inscri\u00e7\u00e3o de Trabalhos para a Semana do Perito 2023 &#8211; I Congresso da Pol\u00edcia Cient\u00edfica de Goi\u00e1s.<\/strong><\/h4>\n<p><a href=\"https:\/\/goias.gov.br\/policiacientifica\/noticias\/semana-do-perito-2023-i-congresso-da-policia-cientifica-de-goias-i-cpcg\">https:\/\/goias.gov.br\/policiacientifica\/noticias\/semana-do-perito\u2026-de-goias-i-cpcg<\/a><\/p>\n","protected":false},"excerpt":{"rendered":"<p>Link para a plataforma EaD da CEPTC. ead.policiacientifica.go.gov.br Link para Inscri\u00e7\u00e3o de Trabalhos para a Semana do Perito 2023 &#8211; I Congresso da Pol\u00edcia Cient\u00edfica de Goi\u00e1s. https:\/\/goias.gov.br\/policiacientifica\/noticias\/semana-do-perito\u2026-de-goias-i-cpcg<\/p>\n","protected":false},"author":77,"featured_media":0,"parent":0,"menu_order":0,"comment_status":"closed","ping_status":"closed","template":"","meta":{"footnotes":""},"class_list":["post-6918","page","type-page","status-publish","hentry"],"rttpg_featured_image_url":null,"rttpg_author":{"display_name":"barbaragodoy","author_link":"https:\/\/goias.gov.br\/policiacientifica\/author\/barbaragodoy\/"},"rttpg_comment":0,"rttpg_category":null,"rttpg_excerpt":"Link para a plataforma EaD da CEPTC. ead.policiacientifica.go.gov.br Link para Inscri\u00e7\u00e3o de Trabalhos para a Semana do Perito 2023 &#8211; I Congresso da Pol\u00edcia Cient\u00edfica de Goi\u00e1s. https:\/\/goias.gov.br\/policiacientifica\/noticias\/semana-do-perito\u2026-de-goias-i-cpcg","_links":{"self":[{"href":"https:\/\/goias.gov.br\/policiacientifica\/wp-json\/wp\/v2\/pages\/6918","targetHints":{"allow":["GET"]}}],"collection":[{"href":"https:\/\/goias.gov.br\/policiacientifica\/wp-json\/wp\/v2\/pages"}],"about":[{"href":"https:\/\/goias.gov.br\/policiacientifica\/wp-json\/wp\/v2\/types\/page"}],"author":[{"embeddable":true,"href":"https:\/\/goias.gov.br\/policiacientifica\/wp-json\/wp\/v2\/users\/77"}],"replies":[{"embeddable":true,"href":"https:\/\/goias.gov.br\/policiacientifica\/wp-json\/wp\/v2\/comments?post=6918"}],"version-history":[{"count":0,"href":"https:\/\/goias.gov.br\/policiacientifica\/wp-json\/wp\/v2\/pages\/6918\/revisions"}],"wp:attachment":[{"href":"https:\/\/goias.gov.br\/policiacientifica\/wp-json\/wp\/v2\/media?parent=6918"}],"curies":[{"name":"wp","href":"https:\/\/api.w.org\/{rel}","templated":true}]}}