

{"id":6901,"date":"2021-08-31T10:30:17","date_gmt":"2021-08-31T13:30:17","guid":{"rendered":"https:\/\/www.policiacientifica.go.gov.br\/?page_id=6901"},"modified":"2021-08-31T10:30:17","modified_gmt":"2021-08-31T13:30:17","slug":"cadaveres","status":"publish","type":"page","link":"https:\/\/goias.gov.br\/policiacientifica\/cadaveres\/","title":{"rendered":"Cad\u00e1veres"},"content":{"rendered":"<h2>Esta p\u00e1gina esta em constru\u00e7\u00e3o\u2026<\/h2>\n","protected":false},"excerpt":{"rendered":"<p>Esta p\u00e1gina esta em constru\u00e7\u00e3o\u2026<\/p>\n","protected":false},"author":77,"featured_media":0,"parent":0,"menu_order":0,"comment_status":"closed","ping_status":"closed","template":"","meta":{"footnotes":""},"class_list":["post-6901","page","type-page","status-publish","hentry"],"rttpg_featured_image_url":null,"rttpg_author":{"display_name":"barbaragodoy","author_link":"https:\/\/goias.gov.br\/policiacientifica\/author\/barbaragodoy\/"},"rttpg_comment":0,"rttpg_category":null,"rttpg_excerpt":"Esta p\u00e1gina esta em constru\u00e7\u00e3o\u2026","_links":{"self":[{"href":"https:\/\/goias.gov.br\/policiacientifica\/wp-json\/wp\/v2\/pages\/6901","targetHints":{"allow":["GET"]}}],"collection":[{"href":"https:\/\/goias.gov.br\/policiacientifica\/wp-json\/wp\/v2\/pages"}],"about":[{"href":"https:\/\/goias.gov.br\/policiacientifica\/wp-json\/wp\/v2\/types\/page"}],"author":[{"embeddable":true,"href":"https:\/\/goias.gov.br\/policiacientifica\/wp-json\/wp\/v2\/users\/77"}],"replies":[{"embeddable":true,"href":"https:\/\/goias.gov.br\/policiacientifica\/wp-json\/wp\/v2\/comments?post=6901"}],"version-history":[{"count":0,"href":"https:\/\/goias.gov.br\/policiacientifica\/wp-json\/wp\/v2\/pages\/6901\/revisions"}],"wp:attachment":[{"href":"https:\/\/goias.gov.br\/policiacientifica\/wp-json\/wp\/v2\/media?parent=6901"}],"curies":[{"name":"wp","href":"https:\/\/api.w.org\/{rel}","templated":true}]}}