

{"id":6897,"date":"2021-08-31T10:29:32","date_gmt":"2021-08-31T13:29:32","guid":{"rendered":"https:\/\/www.policiacientifica.go.gov.br\/?page_id=6897"},"modified":"2021-08-31T10:29:32","modified_gmt":"2021-08-31T13:29:32","slug":"exames-no-iml","status":"publish","type":"page","link":"https:\/\/goias.gov.br\/policiacientifica\/exames-no-iml\/","title":{"rendered":"Exames no IML"},"content":{"rendered":"<p>O Instituto M\u00e9dico Legal (IML) \u00e9 a parte da Pol\u00edcia Cient\u00edfica de Goi\u00e1s que tem por fun\u00e7\u00e3o realizar exames em pessoas vivas e mortas para auxiliar as investiga\u00e7\u00f5es de crimes (agress\u00f5es f\u00edsicas, estupros, assassinatos, suic\u00eddios, acidentes de tr\u00e2nsito, dom\u00e9sticos e de trabalho) e s\u00e3o realizados, em regra, pela determina\u00e7\u00e3o de uma autoridade (delegado, promotor ou juiz de direito). Portanto, caso a v\u00edtima queira submeter-se a exames com objetivo de comprovar a exist\u00eancia de les\u00f5es, de sinais que comprovam a ocorr\u00eancia do crime, deve primeiramente procurar uma Delegacia de Pol\u00edcia Civil para registrar a ocorr\u00eancia, e esta emitir\u00e1 a solicita\u00e7\u00e3o do exame a ser feito no IML.<\/p>\n<p>Assim, s\u00e3o exemplos de exames realizados pelo IML os de:<\/p>\n<ul>\n<li>Les\u00f5es corporais: exame onde se atesta a exist\u00eancia da les\u00e3o, tempo estimado de ocorr\u00eancia, gravidade da mesma (seq\u00fcelas e incapacidades f\u00edsicas) e tempo de convalesc\u00eancia (tempo do tratamento ou da evolu\u00e7\u00e3o cl\u00ednica); da mesma forma tamb\u00e9m realizado o exame de les\u00f5es odontol\u00f3gicas e faciais;<\/li>\n<li>Comprova\u00e7\u00e3o de viol\u00eancia sexual;<\/li>\n<li>Exame de integridade f\u00edsica do preso;<\/li>\n<li>Avalia\u00e7\u00e3o psicol\u00f3gica e psiqui\u00e1trica, tanto do suspeito quanto da v\u00edtima;<\/li>\n<li>Exame cadav\u00e9rico: exame realizado nos cad\u00e1veres e ossadas, com morte violenta ou suspeita, para descobrir as causas e circunst\u00e2ncias da morte.<\/li>\n<\/ul>\n<p>&nbsp;<\/p>\n<p>Outras informa\u00e7\u00f5es poder\u00e3o ser consultadas em nossa <a href=\"https:\/\/goias.gov.br\/policiacientifica\/carta-de-servicos\">Carta de Servi\u00e7os.<\/a><\/p>\n","protected":false},"excerpt":{"rendered":"<p>O Instituto M\u00e9dico Legal (IML) \u00e9 a parte da Pol\u00edcia Cient\u00edfica de Goi\u00e1s que tem por fun\u00e7\u00e3o realizar exames em pessoas vivas e mortas para auxiliar as investiga\u00e7\u00f5es de crimes (agress\u00f5es f\u00edsicas, estupros, assassinatos, suic\u00eddios, acidentes de tr\u00e2nsito, dom\u00e9sticos e de trabalho) e s\u00e3o realizados, em regra, pela determina\u00e7\u00e3o de uma autoridade (delegado, promotor ou [&hellip;]<\/p>\n","protected":false},"author":77,"featured_media":0,"parent":0,"menu_order":0,"comment_status":"closed","ping_status":"closed","template":"","meta":{"footnotes":""},"class_list":["post-6897","page","type-page","status-publish","hentry"],"rttpg_featured_image_url":null,"rttpg_author":{"display_name":"barbaragodoy","author_link":"https:\/\/goias.gov.br\/policiacientifica\/author\/barbaragodoy\/"},"rttpg_comment":0,"rttpg_category":null,"rttpg_excerpt":"O Instituto M\u00e9dico Legal (IML) \u00e9 a parte da Pol\u00edcia Cient\u00edfica de Goi\u00e1s que tem por fun\u00e7\u00e3o realizar exames em pessoas vivas e mortas para auxiliar as investiga\u00e7\u00f5es de crimes (agress\u00f5es f\u00edsicas, estupros, assassinatos, suic\u00eddios, acidentes de tr\u00e2nsito, dom\u00e9sticos e de trabalho) e s\u00e3o realizados, em regra, pela determina\u00e7\u00e3o de uma autoridade (delegado, promotor ou&hellip;","_links":{"self":[{"href":"https:\/\/goias.gov.br\/policiacientifica\/wp-json\/wp\/v2\/pages\/6897","targetHints":{"allow":["GET"]}}],"collection":[{"href":"https:\/\/goias.gov.br\/policiacientifica\/wp-json\/wp\/v2\/pages"}],"about":[{"href":"https:\/\/goias.gov.br\/policiacientifica\/wp-json\/wp\/v2\/types\/page"}],"author":[{"embeddable":true,"href":"https:\/\/goias.gov.br\/policiacientifica\/wp-json\/wp\/v2\/users\/77"}],"replies":[{"embeddable":true,"href":"https:\/\/goias.gov.br\/policiacientifica\/wp-json\/wp\/v2\/comments?post=6897"}],"version-history":[{"count":0,"href":"https:\/\/goias.gov.br\/policiacientifica\/wp-json\/wp\/v2\/pages\/6897\/revisions"}],"wp:attachment":[{"href":"https:\/\/goias.gov.br\/policiacientifica\/wp-json\/wp\/v2\/media?parent=6897"}],"curies":[{"name":"wp","href":"https:\/\/api.w.org\/{rel}","templated":true}]}}