

{"id":6892,"date":"2021-08-31T10:17:22","date_gmt":"2021-08-31T13:17:22","guid":{"rendered":"https:\/\/www.policiacientifica.go.gov.br\/?page_id=6892"},"modified":"2026-01-14T14:23:44","modified_gmt":"2026-01-14T17:23:44","slug":"legislacao","status":"publish","type":"page","link":"https:\/\/goias.gov.br\/policiacientifica\/legislacao\/","title":{"rendered":"Legisla\u00e7\u00e3o"},"content":{"rendered":"<h2><a href=\"https:\/\/goias.gov.br\/policiacientifica\/legislacao\/CONSTITUICOES\">Constitui\u00e7\u00f5es<\/a><\/h2>\n<h2><\/h2>\n<h2><a href=\"https:\/\/goias.gov.br\/policiacientifica\/legislacao\/legislacao-federal\">Legisla\u00e7\u00e3o Federal<\/a><\/h2>\n<h2><\/h2>\n<h2><a href=\"https:\/\/goias.gov.br\/policiacientifica\/legislacao\/legislacao-estadual\">Legisla\u00e7\u00e3o Estadual<\/a><\/h2>\n<h2><\/h2>\n<h2 class=\"post-title entry-title\"><a href=\"https:\/\/goias.gov.br\/policiacientifica\/legislacao\/normas-internas\">Normas Internas<\/a><\/h2>\n","protected":false},"excerpt":{"rendered":"<p>Constitui\u00e7\u00f5es Legisla\u00e7\u00e3o Federal Legisla\u00e7\u00e3o Estadual Normas Internas<\/p>\n","protected":false},"author":77,"featured_media":0,"parent":0,"menu_order":0,"comment_status":"closed","ping_status":"closed","template":"","meta":{"footnotes":""},"class_list":["post-6892","page","type-page","status-publish","hentry"],"rttpg_featured_image_url":null,"rttpg_author":{"display_name":"barbaragodoy","author_link":"https:\/\/goias.gov.br\/policiacientifica\/author\/barbaragodoy\/"},"rttpg_comment":0,"rttpg_category":null,"rttpg_excerpt":"Constitui\u00e7\u00f5es Legisla\u00e7\u00e3o Federal Legisla\u00e7\u00e3o Estadual Normas Internas","_links":{"self":[{"href":"https:\/\/goias.gov.br\/policiacientifica\/wp-json\/wp\/v2\/pages\/6892","targetHints":{"allow":["GET"]}}],"collection":[{"href":"https:\/\/goias.gov.br\/policiacientifica\/wp-json\/wp\/v2\/pages"}],"about":[{"href":"https:\/\/goias.gov.br\/policiacientifica\/wp-json\/wp\/v2\/types\/page"}],"author":[{"embeddable":true,"href":"https:\/\/goias.gov.br\/policiacientifica\/wp-json\/wp\/v2\/users\/77"}],"replies":[{"embeddable":true,"href":"https:\/\/goias.gov.br\/policiacientifica\/wp-json\/wp\/v2\/comments?post=6892"}],"version-history":[{"count":1,"href":"https:\/\/goias.gov.br\/policiacientifica\/wp-json\/wp\/v2\/pages\/6892\/revisions"}],"predecessor-version":[{"id":426903,"href":"https:\/\/goias.gov.br\/policiacientifica\/wp-json\/wp\/v2\/pages\/6892\/revisions\/426903"}],"wp:attachment":[{"href":"https:\/\/goias.gov.br\/policiacientifica\/wp-json\/wp\/v2\/media?parent=6892"}],"curies":[{"name":"wp","href":"https:\/\/api.w.org\/{rel}","templated":true}]}}