

{"id":6882,"date":"2021-08-31T09:49:30","date_gmt":"2021-08-31T12:49:30","guid":{"rendered":"https:\/\/www.policiacientifica.go.gov.br\/?page_id=6882"},"modified":"2025-07-17T11:37:46","modified_gmt":"2025-07-17T14:37:46","slug":"enderecos","status":"publish","type":"page","link":"https:\/\/goias.gov.br\/policiacientifica\/enderecos\/","title":{"rendered":"Endere\u00e7os, Telefones, E-mails e Hor\u00e1rios de Atendimento"},"content":{"rendered":"<p><strong>Superintend\u00eancia de Pol\u00edcia T\u00e9cnico-Cient\u00edfica<\/strong><br \/>\nEndere\u00e7o: Avenida Engenheiro At\u00edlio Correia Lima, n. 1.223, Setor Cidade Jardim, Goi\u00e2nia\/GO 74.425-030<br \/>\nTelefone: (62) 3201-9545<br \/>\nE-mail: <a href=\"mailto:superintendencia@policiacientifica.go.gov.br\">superintendencia@policiacientifica.go.gov.br<\/a><br \/>\nHor\u00e1rios de Atendimento: Das 8:00 \u00e0s 12:00 e das 14:00 \u00e0s 18:00h<\/p>\n<hr \/>\n<p><strong>Superintend\u00eancia Adjunto de Pol\u00edcia T\u00e9cnico-Ciet\u00edfica<\/strong><br \/>\nEndere\u00e7o: Avenida Engenheiro At\u00edlio Correia Lima, n. 1.223, Setor Cidade Jardim, Goi\u00e2nia\/GO 74.425-030<br \/>\nTelefone: (62) 3201-1239<br \/>\ne-mail: <a href=\"mailto:superintendencia@policiacientifica.go.gov.br\">superintendencia@policiacientifica.go.gov.br<\/a><br \/>\nHor\u00e1rios de Atendimento: Das 8:00 \u00e0s 12:00 e das 14:00 \u00e0s 18:00h<\/p>\n<hr \/>\n<p><strong>Chefia de Gabinete<\/strong><br \/>\nEndere\u00e7o: Avenida Engenheiro At\u00edlio Correia Lima, n. 1.223, Setor Cidade Jardim, Goi\u00e2nia\/GO 74.425-030<br \/>\nTelefone: (62) 3201-1239<br \/>\ne-mail: <a href=\"mailto:superintendencia@policiacientifica.go.gov.br\">superintendencia@policiacientifica.go.gov.br<\/a><br \/>\nHor\u00e1rios de Atendimento: Das 8:00 \u00e0s 12:00 e das 14:00 \u00e0s 18:00h<\/p>\n<hr \/>\n<p><strong>Ger\u00eancia de Suporte Operacional<\/strong><br \/>\nEndere\u00e7o: Avenida Engenheiro At\u00edlio Correia Lima, n. 1.223, Setor Cidade Jardim, Goi\u00e2nia\/GO 74.425-030<br \/>\nTelefone: (62) 3201-1247<br \/>\nE-mail: <a href=\"mailto:gerencia-sop@policiacientifica.go.gov.br\">gerencia-sop@policiacientifica.go.gov.br<\/a><br \/>\nHor\u00e1rios de Atendimento: Das 8:00 \u00e0s 12:00 e das 14:00 \u00e0s 18:00h<\/p>\n<hr \/>\n<p><strong>Coordena\u00e7\u00e3o Regional de Pol\u00edcia T\u00e9cnico-Cient\u00edfica<\/strong><br \/>\nEndere\u00e7o: Avenida Engenheiro At\u00edlio Correia Lima, n. 1.223, Setor Cidade Jardim, Goi\u00e2nia\/GO 74.425-030<br \/>\nTelefone: (62) 3201-9575<br \/>\ne-mail: <a href=\"mailto:coordenacaogeral@policiacientifica.go.gov.br\">coordenacaogeral@policiacientifica.go.gov.br<\/a><br \/>\nHor\u00e1rios de Atendimento: Das 8:00 \u00e0s 12:00 e das 14:00 \u00e0s 18:00h<\/p>\n<hr \/>\n<p><strong>Coordenadoria de Ensino<\/strong><br \/>\nEndere\u00e7o: Avenida Engenheiro At\u00edlio Correia Lima, n. 1.223, Setor Cidade Jardim, Goi\u00e2nia\/GO 74.425-030<br \/>\nTelefone: (62) 3201-1158<br \/>\nE-mail: <a href=\"mailto:ensino@policiacientifica.go.gov.br\">ensino@policiacientifica.go.gov.br<\/a><br \/>\nHor\u00e1rios de Atendimento: Das 8:00 \u00e0s 12:00 e das 14:00 \u00e0s 18:00h<\/p>\n<hr \/>\n<p><strong>Ger\u00eancia do Instituto de Medicina Legal Aristoclides Teixeira<\/strong><br \/>\nEndere\u00e7o: Avenida Engenheiro At\u00edlio Correia Lima, n. 1.223, Setor Cidade Jardim, Goi\u00e2nia\/GO 74.425-030<br \/>\nE-mail: <a href=\"mailto:gerencia-iml@policiacientifica.go.gov.br\">gerencia-iml@policiacientifica.go.gov.br<\/a><br \/>\nTelefones: (62) 3201-1251 \/ 3201-1255<br \/>\nHor\u00e1rios de Atendimento: Das 8:00 \u00e0s 12:00 e das 14:00 \u00e0s 18:00h<\/p>\n<hr \/>\n<p><strong>Ger\u00eancia do Instituto de Criminal\u00edstica Leonardo Rodrigues<\/strong><br \/>\nEndere\u00e7o: Avenida Engenheiro At\u00edlio Correia Lima, n. 1.223, Setor Cidade Jardim, Goi\u00e2nia\/GO 74.425-030<br \/>\nTelefones: (62) 3201-1249 \/ 3201-9518<br \/>\nE-mail: <a href=\"mailto:gerencia-ic@policiacientifica.go.gov.br\">gerencia-ic@policiacientifica.go.gov.br<\/a><br \/>\nHor\u00e1rios de Atendimento: Das 8:00 \u00e0s 12:00 e das 14:00 \u00e0s 18:00h<\/p>\n<hr \/>\n<p><strong>Coordena\u00e7\u00e3o do Departamento de Per\u00edcias em Locais de Crime<\/strong><br \/>\nEndere\u00e7o: Avenida Engenheiro At\u00edlio Correia Lima, n. 1.223, Setor Cidade Jardim, Goi\u00e2nia\/GO 74.425-030<br \/>\nTelefone: (62) 3201-1248<br \/>\nE-mail: <a href=\"mailto:yuriql@policiacientifica.go.gov.br\">yuriql@policiacientifica.go.gov.br<\/a><br \/>\nHor\u00e1rios de Atendimento: Das 8:00 \u00e0s 12:00 e das 14:00 \u00e0s 18:00h<\/p>\n<hr \/>\n<p><strong>Coordena\u00e7\u00e3o do Departamento de Per\u00edcias Criminais Laboratoriais<\/strong><br \/>\nEndere\u00e7o: Avenida Engenheiro At\u00edlio Correia Lima, n. 1.223, Setor Cidade Jardim, Goi\u00e2nia\/GO 74.425-030<br \/>\nTelefone: (62) 98162-0618<br \/>\nE-mail: <a href=\"mailto:regismf@policiacientifica.go.gov.br\">regismf@policiacientifica.go.gov.br<\/a><br \/>\nHor\u00e1rios de Atendimento: Das 8:00 \u00e0s 12:00 e das 14:00 \u00e0s 18:00h<\/p>\n<hr \/>\n<p><strong>Coordena\u00e7\u00e3o Regional da 1\u00aa CRPTC \u2013 Aparecida<\/strong><br \/>\nEndere\u00e7o: Rua 01, s\/n., Vila S\u00e3o Joaquim, Aparecida de Goi\u00e2nia\/GO 74.910-440<br \/>\nTelefones: (62) 3280-6406 \/ 3548-6928<br \/>\nE-mail: <a href=\"mailto:aparecida@policiacientifica.go.gov.br\">aparecida@policiacientifica.go.gov.br<\/a><br \/>\nHor\u00e1rios de Atendimento: Das 8:00 \u00e0s 12:00 e das 14:00 \u00e0s 18:00h<\/p>\n<hr \/>\n<p><strong>Coordena\u00e7\u00e3o Regional da 2\u00aa CRPTC \u2013 Goi\u00e1s<\/strong><br \/>\nEndere\u00e7o: Avenida Dr. Deusdeth Ferreira de Moura, Quadra 08 Lote 11, Centro, Goi\u00e1s\/GO 76.600-000<br \/>\nTelefone: (62) 99507-0547<br \/>\nE-mail: <a href=\"mailto:goias@policiacientifica.go.gov.br\">goias@policiacientifica.go.gov.br<\/a><br \/>\nHor\u00e1rios de Atendimento: Das 8:00 \u00e0s 12:00 e das 14:00 \u00e0s 18:00h<\/p>\n<hr \/>\n<p><strong>Coordena\u00e7\u00e3o Regional da 3\u00aa CRPTC \u2013 Formosa<\/strong><br \/>\nEndere\u00e7o: Avenida Celso Caldeira Nunes, Quadra 92 Lotes 02 a 04, Parque Laguna II, Formosa\/GO 73.814-110<br \/>\nTelefone: (61) 3631-2034 \/ (62) 99507-0971<br \/>\nE-mail: <a href=\"mailto:formosa@policiacientifica.go.gov.br\">formosa@policiacientifica.go.gov.br<\/a><br \/>\nHor\u00e1rios de Atendimento: Das 8:00 \u00e0s 12:00 e das 14:00 \u00e0s 18:00h<\/p>\n<hr \/>\n<p><strong>Coordena\u00e7\u00e3o Regional da 4\u00aa CRPTC \u2013 Itumbiara<\/strong><br \/>\nEndere\u00e7o: Rua 23, n. 330, Setor Vale dos Buritis III, Itumbiara\/GO 75.530-838<br \/>\nTelefone: (64) 3431-7240<br \/>\nE-mail: <a href=\"mailto:itumbiara@policiacientifica.go.gov.br\">itumbiara@policiacientifica.go.gov.br<\/a><br \/>\nHor\u00e1rios de Atendimento: Das 8:00 \u00e0s 12:00 e das 14:00 \u00e0s 18:00h<\/p>\n<hr \/>\n<p><strong>Chefia do Posto de Atendimento \u2013 4\u00aa CRPTC\/PA \u2013 Caldas Novas<\/strong><br \/>\nEndere\u00e7o: Rua U, Quadra 48 Lote 09, Setor Nova Vila, Caldas Novas\/GO 75.681-662<br \/>\nTelefone: (64) 3454-6690<br \/>\nE-mail: <a href=\"mailto:caldasnovas@policiacientifica.go.gov.br\">caldasnovas@policiacientifica.go.gov.br<\/a><br \/>\nHor\u00e1rios de Atendimento: Das 8:00 \u00e0s 12:00 e das 14:00 \u00e0s 18:00h<\/p>\n<hr \/>\n<p><strong>Chefia do Posto de Atendimento \u2013 4\u00aa CRPTC\/PA \u2013 Morrinhos<\/strong><br \/>\nEndere\u00e7o: Avenida Ant\u00f4nio Tito, Quadra 1, Lote 2, Morrinhos\/GO 75.650-000<br \/>\nTelefone: (64) 3413-2489<br \/>\nE-mail: <a href=\"mailto:morrinhos@policiacientifica.go.gov.br\">morrinhos@policiacientifica.go.gov.br<\/a><br \/>\nHor\u00e1rios de Atendimento: Das 8:00 \u00e0s 12:00 e das 14:00 \u00e0s 18:00h<\/p>\n<hr \/>\n<p><strong>Coordena\u00e7\u00e3o Regional da 5\u00aa CRPTC \u2013 Rio Verde<\/strong><br \/>\nEndere\u00e7o: Rua 15-B, n. 89, Jardim Goi\u00e1s, Rio Verde\/GO 75.903-400<br \/>\nTelefone: (64) 3620-0915<br \/>\nE-mail: <a href=\"mailto:rioverde@policiacientifica.go.gov.br\">rioverde@policiacientifica.go.gov.br<\/a><br \/>\nHor\u00e1rios de Atendimento: Das 8:00 \u00e0s 12:00 e das 14:00 \u00e0s 18:00h<\/p>\n<hr \/>\n<p><strong>Chefia do Posto de Atendimento \u2013 5\u00aa CRPTC\/PA \u2013 Quirin\u00f3polis<\/strong><br \/>\nEndere\u00e7o: Avenida Vereador J\u00falio Borges, n. 50, Centro, Quirin\u00f3polis\/GO 75.860-000<br \/>\nTelefone: (64) 3651-4621<br \/>\nE-mail: <a href=\"mailto:quirinopolis@policiacientifica.go.gov.br\">quirinopolis@policiacientifica.go.gov.br<\/a><br \/>\nHor\u00e1rios de Atendimento: Das 8:00 \u00e0s 12:00 e das 14:00 \u00e0s 18:00h<\/p>\n<hr \/>\n<p><strong>Coordena\u00e7\u00e3o Regional da 6\u00aa CRPTC \u2013 Ceres<\/strong><br \/>\nEndere\u00e7o: Rua 88, n. 150, Quadra A Lote \u00c1rea, Bairro Bernardo Sai\u00e3o, Ceres\/GO 76.300-000<br \/>\nTelefone: (62) 3307-1359<br \/>\nFax: (62) 3307-1664<br \/>\nE-mail: <a href=\"mailto:ceres@policiacientifica.go.gov.br\">ceres@policiacientifica.go.gov.br<\/a><br \/>\nHor\u00e1rios de Atendimento: Das 8:00 \u00e0s 12:00 e das 14:00 \u00e0s 18:00h<\/p>\n<hr \/>\n<p><strong>Coordena\u00e7\u00e3o Regional da 7\u00aa CRPTC \u2013 Urua\u00e7u<\/strong><br \/>\nEndere\u00e7o: Avenida Carioca, Quadra 07 Lote 03, Setor Novo Rio, Urua\u00e7u\/GO 76.400-000<br \/>\nTelefone: (62) 3357-3880<br \/>\nE-mail: <a href=\"mailto:uruacu@policiacientifica.go.gov.br\">uruacu@policiacientifica.go.gov.br<\/a><br \/>\nHor\u00e1rios de Atendimento: Das 8:00 \u00e0s 12:00 e das 14:00 \u00e0s 18:00h<\/p>\n<hr \/>\n<p><strong>Chefia do Posto de Atendimento \u2013 7\u00aa CRPTC\/PA \u2013 Porangatu<\/strong><br \/>\nEndere\u00e7o: Rua 22, Esquina com Rua 03, Setor do Lago, Porangatu\/GO 76.550-126<br \/>\nTelefone: (62) 3367-2154<br \/>\nE-mail: <a href=\"mailto:porangatu@policiacientifica.go.gov.br\">porangatu@policiacientifica.go.gov.br<\/a><br \/>\nHor\u00e1rios de Atendimento: Das 8:00 \u00e0s 12:00 e das 14:00 \u00e0s 18:00h<\/p>\n<hr \/>\n<p><strong>Coordena\u00e7\u00e3o Regional da 8\u00aa CRPTC \u2013 Catal\u00e3o<\/strong><br \/>\nEndere\u00e7o: Avenida Dr. Lamartine Pinto de Avelar, n. 1.847, Loteamento Ipanema, Catal\u00e3o\/GO 75.705-220<br \/>\nTelefone: (64) 3441-1630<br \/>\nE-mail: <a href=\"mailto:catalao@policiacientifica.go.gov.br\">catalao@policiacientifica.go.gov.br<\/a><br \/>\nHor\u00e1rios de Atendimento: Das 8:00 \u00e0s 12:00 e das 14:00 \u00e0s 18:00h<\/p>\n<hr \/>\n<p><strong>Coordena\u00e7\u00e3o Regional da 9\u00aa CRPTC \u2013 Ipor\u00e1<\/strong><br \/>\nEndere\u00e7o: Avenida Goi\u00e1s, n. 811, Centro, Ipor\u00e1\/GO 76.200-000<br \/>\nTelefones: (64) 3603-7423 \/ (64) 98413-3408<br \/>\nE-mail: <a href=\"mailto:ipora@policiacientifica.go.gov.br\">ipora@policiacientifica.go.gov.br<\/a><br \/>\nHor\u00e1rios de Atendimento: Das 8:00 \u00e0s 12:00 e das 14:00 \u00e0s 18:00h<\/p>\n<hr \/>\n<p><strong>Chefia do Posto de Atendimento \u2013 9\u00aa CRPTC\/PA \u2013 S\u00e3o L. dos Montes Belos<\/strong><br \/>\nEndere\u00e7o: Rua Rio Doce, n. 955, esq. c\/ Rua do Campo, Vila Eduarda, S\u00e3o Lu\u00eds de Montes Belos\/GO 76.100-000<br \/>\nTelefones: (64) 3671-1776 \/ (64) 9 9247-8244 \/ (64) 99322-9417<br \/>\nE-mail: <a href=\"mailto:montesbelos@policiacientifica.go.gov.br\">montesbelos@policiacientifica.go.gov.br<\/a><br \/>\nHor\u00e1rios de Atendimento: Das 8:00 \u00e0s 12:00 e das 14:00 \u00e0s 18:00h<\/p>\n<hr \/>\n<p><strong>Coordena\u00e7\u00e3o Regional da 10\u00aa CRPTC \u2013 An\u00e1polis<\/strong><br \/>\nEndere\u00e7o: Avenida Mato Verde, s\/n., Loteamento Jibran El Hadj An\u00e1polis\/GO 75.131-500<br \/>\nTelefone: (62) 3387-6864 \/ 3387-7329 \/ 3387-6951<br \/>\nE-mail: <a href=\"mailto:anapolis@policiacientifica.go.gov.br\">anapolis@policiacientifica.go.gov.br<\/a><br \/>\nHor\u00e1rios de Atendimento: Das 8:00 \u00e0s 12:00 e das 14:00 \u00e0s 18:00h<\/p>\n<hr \/>\n<p><strong>Coordena\u00e7\u00e3o Regional da 11\u00aa CRPTC \u2013 Jata\u00ed<\/strong><br \/>\nEndere\u00e7o: Rua Moises Santana, n\u00ba 340, Setor Central, Jata\u00ed-GO 75.800-510<br \/>\nTelefone: (64) 3632-0720<br \/>\nE-mail: <a href=\"mailto:jatai@policiacientifica.go.gov.br\">jatai@policiacientifica.go.gov.br<\/a><br \/>\nHor\u00e1rios de Atendimento: Das 8:00 \u00e0s 12:00 e das 14:00 \u00e0s 18:00h<\/p>\n<hr \/>\n<p><strong>Chefia de Posto de Atendimento \u2013 11\u00aa CRPTC\/PA \u2013 Mineiros<\/strong><br \/>\nEndere\u00e7o: Pra\u00e7a Coronel Carrijo, n. 18, Centro, Mineiros\/GO 75.830-046<br \/>\nTelefone: (64) 3661-0272<br \/>\nE-mail: <a href=\"mailto:mineiros@policiacientifica.go.gov.br\">mineiros@policiacientifica.go.gov.br<\/a><br \/>\nHor\u00e1rios de Atendimento: Das 8:00 \u00e0s 12:00 e das 14:00 \u00e0s 18:00h<\/p>\n<hr \/>\n<p><strong>Coordena\u00e7\u00e3o Regional da 12\u00aa CRPTC \u2013 Campos Belos<\/strong><br \/>\nEndere\u00e7o: Rodovia GO-118, Quadra QN01 Lotes 03 e 04, Vila Baiana, Campos Belos\/GO 73.840-000<br \/>\nTelefone: (62) 3451-3469<br \/>\nE-mail: <a href=\"mailto:camposbelos@policiacientifica.go.gov.br\">camposbelos@policiacientifica.go.gov.br<\/a><br \/>\nHor\u00e1rios de Atendimento: Das 8:00 \u00e0s 12:00 e das 14:00 \u00e0s 18:00h<\/p>\n<hr \/>\n<p><strong>Chefia do Posto de Atendimento \u2013 12\u00aa CRPTC\/PA \u2013 Posse<\/strong><br \/>\nEndere\u00e7o: Rua Arquimedes Vieira de Brito, n. 55, Centro, Posse\/GO 73.900-000<br \/>\nTelefone: (62) 3481-1700<br \/>\nE-mail: <a href=\"mailto:posse@policiacientifica.go.gov.br\">posse@policiacientifica.go.gov.br<\/a><br \/>\nHor\u00e1rios de Atendimento: Das 8:00 \u00e0s 12:00 e das 14:00 \u00e0s 18:00h<\/p>\n<hr \/>\n<p><strong>Coordena\u00e7\u00e3o Regional da 13\u00aa CRPTC \u2013 Goian\u00e9sia<\/strong><br \/>\nEndere\u00e7o: Avenida Brasil, n. 967, esq. c\/ Rua 15, Setor Universit\u00e1rio, Goian\u00e9sia\/GO 76.380-067<br \/>\nTelefone: (62) 3353-2789<br \/>\nE-mail: <a href=\"mailto:goianesia@policiacientifica.go.gov.br\">goianesia@policiacientifica.go.gov.br<\/a><br \/>\nHor\u00e1rios de Atendimento: Das 8:00 \u00e0s 12:00 e das 14:00 \u00e0s 18:00h<\/p>\n<hr \/>\n<p><strong>Coordena\u00e7\u00e3o Regional da 14\u00aa CRPTC \u2013 Luzi\u00e2nia<\/strong><br \/>\nEndere\u00e7o: Avenida Brasil, s\/n., Setor Leste, Luzi\u00e2nia\/GO 72.803-510<br \/>\nTelefone: (61) 3601-3374<br \/>\nE-mail: <a href=\"mailto:luziania@policiacientifica.go.gov.br\">luziania@policiacientifica.go.gov.br<\/a><br \/>\nHor\u00e1rios de Atendimento: Das 8:00 \u00e0s 12:00 e das 14:00 \u00e0s 18:00h<\/p>\n<hr \/>\n<p><strong>Chefia do Posto de Atendimento \u2013 14\u00aa CRPTC\/PA \u2013 \u00c1guas Lindas de Goi\u00e1s<\/strong><br \/>\nEndere\u00e7o: Rua Sem Nome, Quadra 69. Parque da Barragem, Setor 9. \u00c1guas Lindas de Goi\u00e1s\/GO.<br \/>\nTelefone: (61) 3613-0270<br \/>\nE-mail: <a href=\"mailto:aguaslindas@policiacientifica.go.gov.br\">aguaslindas@policiacientifica.go.gov.br<\/a><br \/>\nHor\u00e1rios de Atendimento: Das 8:00 \u00e0s 12:00 e das 14:00 \u00e0s 18:00h<\/p>\n<hr \/>\n<p>&nbsp;<\/p>\n<p style=\"text-align: right\"><span style=\"color: #000000\"><strong>Atualizado em 11\/07\/2025<\/strong><\/span><br \/>\n<em><span style=\"color: #000000\">Perito Criminal Emiliano Luiz Neto<br \/>\n<\/span>Coordenadoria de Comunica\u00e7\u00e3o e Cerimonial PCIGO<\/em><\/p>\n","protected":false},"excerpt":{"rendered":"<p>Superintend\u00eancia de Pol\u00edcia T\u00e9cnico-Cient\u00edfica Endere\u00e7o: Avenida Engenheiro At\u00edlio Correia Lima, n. 1.223, Setor Cidade Jardim, Goi\u00e2nia\/GO 74.425-030 Telefone: (62) 3201-9545 E-mail: superintendencia@policiacientifica.go.gov.br Hor\u00e1rios de Atendimento: Das 8:00 \u00e0s 12:00 e das 14:00 \u00e0s 18:00h Superintend\u00eancia Adjunto de Pol\u00edcia T\u00e9cnico-Ciet\u00edfica Endere\u00e7o: Avenida Engenheiro At\u00edlio Correia Lima, n. 1.223, Setor Cidade Jardim, Goi\u00e2nia\/GO 74.425-030 Telefone: (62) 3201-1239 [&hellip;]<\/p>\n","protected":false},"author":77,"featured_media":0,"parent":0,"menu_order":0,"comment_status":"closed","ping_status":"closed","template":"","meta":{"footnotes":""},"class_list":["post-6882","page","type-page","status-publish","hentry"],"rttpg_featured_image_url":null,"rttpg_author":{"display_name":"barbaragodoy","author_link":"https:\/\/goias.gov.br\/policiacientifica\/author\/barbaragodoy\/"},"rttpg_comment":0,"rttpg_category":null,"rttpg_excerpt":"Superintend\u00eancia de Pol\u00edcia T\u00e9cnico-Cient\u00edfica Endere\u00e7o: Avenida Engenheiro At\u00edlio Correia Lima, n. 1.223, Setor Cidade Jardim, Goi\u00e2nia\/GO 74.425-030 Telefone: (62) 3201-9545 E-mail: superintendencia@policiacientifica.go.gov.br Hor\u00e1rios de Atendimento: Das 8:00 \u00e0s 12:00 e das 14:00 \u00e0s 18:00h Superintend\u00eancia Adjunto de Pol\u00edcia T\u00e9cnico-Ciet\u00edfica Endere\u00e7o: Avenida Engenheiro At\u00edlio Correia Lima, n. 1.223, Setor Cidade Jardim, Goi\u00e2nia\/GO 74.425-030 Telefone: (62) 3201-1239&hellip;","_links":{"self":[{"href":"https:\/\/goias.gov.br\/policiacientifica\/wp-json\/wp\/v2\/pages\/6882","targetHints":{"allow":["GET"]}}],"collection":[{"href":"https:\/\/goias.gov.br\/policiacientifica\/wp-json\/wp\/v2\/pages"}],"about":[{"href":"https:\/\/goias.gov.br\/policiacientifica\/wp-json\/wp\/v2\/types\/page"}],"author":[{"embeddable":true,"href":"https:\/\/goias.gov.br\/policiacientifica\/wp-json\/wp\/v2\/users\/77"}],"replies":[{"embeddable":true,"href":"https:\/\/goias.gov.br\/policiacientifica\/wp-json\/wp\/v2\/comments?post=6882"}],"version-history":[{"count":2,"href":"https:\/\/goias.gov.br\/policiacientifica\/wp-json\/wp\/v2\/pages\/6882\/revisions"}],"predecessor-version":[{"id":426794,"href":"https:\/\/goias.gov.br\/policiacientifica\/wp-json\/wp\/v2\/pages\/6882\/revisions\/426794"}],"wp:attachment":[{"href":"https:\/\/goias.gov.br\/policiacientifica\/wp-json\/wp\/v2\/media?parent=6882"}],"curies":[{"name":"wp","href":"https:\/\/api.w.org\/{rel}","templated":true}]}}