

{"id":6880,"date":"2021-08-31T09:48:40","date_gmt":"2021-08-31T12:48:40","guid":{"rendered":"https:\/\/www.policiacientifica.go.gov.br\/?page_id=6880"},"modified":"2026-01-14T15:49:55","modified_gmt":"2026-01-14T18:49:55","slug":"unidades","status":"publish","type":"page","link":"https:\/\/goias.gov.br\/policiacientifica\/unidades\/","title":{"rendered":"Unidades"},"content":{"rendered":"<p><img fetchpriority=\"high\" decoding=\"async\" class=\"aligncenter size-full wp-image-426905\" src=\"https:\/\/goias.gov.br\/policiacientifica\/wp-content\/uploads\/sites\/63\/Mapa-PCI.png\" alt=\"\" width=\"1292\" height=\"1380\" srcset=\"https:\/\/goias.gov.br\/policiacientifica\/wp-content\/uploads\/sites\/63\/Mapa-PCI.png 1292w, https:\/\/goias.gov.br\/policiacientifica\/wp-content\/uploads\/sites\/63\/Mapa-PCI-281x300.png 281w, https:\/\/goias.gov.br\/policiacientifica\/wp-content\/uploads\/sites\/63\/Mapa-PCI-959x1024.png 959w, https:\/\/goias.gov.br\/policiacientifica\/wp-content\/uploads\/sites\/63\/Mapa-PCI-768x820.png 768w\" sizes=\"(max-width: 1292px) 100vw, 1292px\" \/><\/p>\n<p class=\"Texto_Justificado\" data-c=\"432\"><strong>REGIONAL DE POL\u00cdCIA T\u00c9CNICO-CIENT\u00cdFICA DE GOI\u00c2NIA (ICLR e IMLAT)<\/strong><\/p>\n<p class=\"Texto_Justificado\" data-c=\"433\">Goi\u00e2nia (Vila Rica), Anicuns (Boa Vista, Capelinha e Choupana), Ara\u00e7u, Avelin\u00f3polis (Allan Kardec), Brazabrantes, Campestre de Goi\u00e1s, Catura\u00ed, Goianira, Inhumas (Santa Am\u00e1lia, Vila Quilombo), Itau\u00e7u, Naz\u00e1rio (Claudin\u00e1polis), Ner\u00f3polis, Nova Veneza, Palmeiras de Goi\u00e1s, Santa B\u00e1rbara de Goi\u00e1s, Santo Ant\u00f4nio de Goi\u00e1s e Trindade.<\/p>\n<p class=\"Texto_Justificado\" data-c=\"434\">\n<p class=\"Texto_Justificado\" data-c=\"435\"><strong>1\u00aa COORDENA\u00c7\u00c3O REGIONAL DE POL\u00cdCIA \u2013 1\u00aa CRPTC\u2013APARECIDA DE GOI\u00c2NIA<\/strong><\/p>\n<p class=\"Texto_Justificado\" data-c=\"436\">Aparecida de Goi\u00e2nia (Nova Bras\u00edlia), Abadia de Goi\u00e1s (Vila Nossa Senhora do Perp\u00e9tuo Socorro), Aragoi\u00e2nia, Bela Vista de Goi\u00e1s (Rosel\u00e2ndia), Bonfin\u00f3polis, Caldazinha, Cezarina, Guap\u00f3, Hidrol\u00e2ndia (Nova F\u00e1tima), Indiara, Jandaia (Palme\u00fana), Senador Canedo e Varj\u00e3o (Gercin\u00e1polis e S\u00e3o Benedito).<\/p>\n<p class=\"Texto_Justificado\" data-c=\"437\">\n<p class=\"Texto_Justificado\" data-c=\"438\"><strong>2\u00aa COORDENA\u00c7\u00c3O REGIONAL DE POL\u00cdCIA \u2013 2\u00aa CRPTC\u2013CIDADE DE GOI\u00c1S<\/strong><\/p>\n<p class=\"Texto_Justificado\" data-c=\"439\">Cidade de Goi\u00e1s (Buenol\u00e2ndia, Calcil\u00e2ndia, David\u00f3polis, S\u00e3o Jo\u00e3o e Uv\u00e1), Americano do Brasil, Araguapaz (S\u00e3o Jos\u00e9 da Fazendinha e Tiririca), Aruan\u00e3, Brit\u00e2nia (Itacai\u00fa e Sicerl\u00e2ndia), Buriti de Goi\u00e1s, Faina (Cai\u00e7ara e Jeroaquara), Guara\u00edta, Heitora\u00ed, Itabera\u00ed, Itaguari, Itaguaru, Itapirapu\u00e3 (Jacil\u00e2ndia), Itapuranga (Diol\u00e2ndia), Jussara (Canad\u00e1, Juscel\u00e2ndia e S\u00e3o Sebasti\u00e3o do Rio Claro), Matrinch\u00e3 (Lua Nova), Moss\u00e2medes, Mozarl\u00e2ndia, Novo Brasil, Sanclerl\u00e2ndia (Aparecida), Santa F\u00e9 de Goi\u00e1s, Santa Rosa de Goi\u00e1s e Taquaral de Goi\u00e1s.<\/p>\n<p class=\"Texto_Justificado\" data-c=\"440\">\n<p class=\"Texto_Justificado\" data-c=\"441\"><strong>3\u00aa COORDENA\u00c7\u00c3O REGIONAL DE POL\u00cdCIA \u2013 3\u00aa CRPTC\u2013FORMOSA<\/strong><\/p>\n<p class=\"Texto_Justificado\" data-c=\"442\">Formosa (Bezerra, Juscelino Kubistscheck e Santa Rosa), \u00c1gua Fria de Goi\u00e1s (Matinha e Mato Seco), Alto Para\u00edso de Goi\u00e1s (Fraternidade, Moinho e S\u00e3o Jorge), Cabeceiras, Flores de Goi\u00e1s (Airdal\u00e2ndia), Planaltina de Goi\u00e1s (C\u00f3rrego Rico e S\u00e3o Gabriel), S\u00e3o Jo\u00e3o d\u2019Alian\u00e7a (Forte) e Vila Boa (Povoado da Usina de \u00c1lcool).<\/p>\n<p class=\"Texto_Justificado\" data-c=\"443\">\n<p class=\"Texto_Justificado\" data-c=\"444\"><strong>4\u00aa COORDENA\u00c7\u00c3O REGIONAL DE POL\u00cdCIA \u2013 4\u00aa CRPTC\u2013ITUMBIARA<\/strong><\/p>\n<p class=\"Texto_Justificado\" data-c=\"445\">Itumbiara (Meia Ponte), \u00c1gua Limpa, Bom Jesus de Goi\u00e1s (Brejo Bonito e Santa B\u00e1rbara), Buriti Alegre, Cachoeira Dourada (Almerindon\u00f3polis e Nil\u00f3polis), Goiatuba (Marcian\u00f3polis), Inaciol\u00e2ndia e Panam\u00e1.<\/p>\n<p class=\"Texto_Justificado\" data-c=\"446\">\n<p class=\"Texto_Justificado\" data-c=\"447\"><strong>4\u00aa CRPTC\/PA\u2013MORRINHOS (Posto Avan\u00e7ado)<\/strong><\/p>\n<p class=\"Texto_Justificado\" data-c=\"448\">Morrinhos, Alo\u00e2ndia (Nequinha), Crom\u00ednia, Edealina, Edeia, Jovi\u00e2nia, Mairipotaba, Piracanjuba, Pontalina, Professor Jamil e Vicentin\u00f3polis (Palitozinho).<\/p>\n<p class=\"Texto_Justificado\" data-c=\"449\"><strong>4\u00aa CRPTC\/PA\u2013CALDAS NOVAS (Posto Avan\u00e7ado)<\/strong><\/p>\n<p class=\"Texto_Justificado\" data-c=\"450\">Caldas Novas, Corumba\u00edba, Cristian\u00f3polis, Marzag\u00e3o, Orizona (Alto Alvorada), Palmelo, Pires do Rio, Rio Quente, Santa Cruz de Goi\u00e1s e S\u00e3o Miguel do Passa Quatro.<\/p>\n<p class=\"Texto_Justificado\" data-c=\"451\">\n<p class=\"Texto_Justificado\" data-c=\"452\"><strong>5\u00aa COORDENA\u00c7\u00c3O REGIONAL DE POL\u00cdCIA \u2013 5\u00aa CRPTC\u2013RIO VERDE<\/strong><\/p>\n<p class=\"Texto_Justificado\" data-c=\"453\">Rio Verde (Riverl\u00e2ndia, Lagoa do Bauzinho e Ouroana), Acre\u00fana (Arantina), Montividiu, Santa Helena de Goi\u00e1s e Santo Ant\u00f4nio da Barra (Santa Cruz das Lages).<\/p>\n<p class=\"Texto_Justificado\" data-c=\"454\"><strong>5\u00aa CRPTC\/PA\u2013QUIRIN\u00d3POLIS (Posto Avan\u00e7ado)<\/strong><\/p>\n<p class=\"Texto_Justificado\" data-c=\"455\">Quirin\u00f3polis (Denisl\u00f3polis), Cachoeira Alta (Nova Rep\u00fablica), Castel\u00e2ndia, Gouvel\u00e2ndia, Mauril\u00e2ndia, Paranaiguara, Porteir\u00e3o, S\u00e3o Sim\u00e3o (Itagua\u00e7u) e Turvel\u00e2ndia.<\/p>\n<p class=\"Texto_Justificado\" data-c=\"456\">\n<p class=\"Texto_Justificado\" data-c=\"457\"><strong>6\u00aa COORDENA\u00c7\u00c3O REGIONAL DE POL\u00cdCIA \u2013 6\u00aa CRPTC\u2013CERES<\/strong><\/p>\n<p class=\"Texto_Justificado\" data-c=\"458\">Ceres (Fartura e Sap\u00e9), Campos Verdes, Carmo do Rio Verde, Crix\u00e1s (Auriverde), Guarinos, Ipiranga de Goi\u00e1s (Bom Jesus, C\u00f3rrego Seco e Quebra Coco), Itapaci (Aparecida de Goi\u00e1s), Morro Agudo de Goi\u00e1s, Nova Am\u00e9rica, Nova Gl\u00f3ria, Pilar de Goi\u00e1s, Rialma (Castrin\u00f3polis), Rian\u00e1polis, Rubiataba (Valdel\u00e2ndia, Bragol\u00e2ndia, Cruzeirinho e Goiataba), Santa Isabel (Ciril\u00e2ndia), Santa Terezinha de Goi\u00e1s (Luzel\u00e2ndia), S\u00e3o Patr\u00edcio, Uirapuru e Uruana (Uruceres e Uru\u00edta).<\/p>\n<p class=\"Texto_Justificado\" data-c=\"459\">\n<p class=\"Texto_Justificado\" data-c=\"460\"><strong>7\u00aa COORDENA\u00c7\u00c3O REGIONAL DE POL\u00cdCIA \u2013 7\u00aa CRPTC\u2013URUA\u00c7U<\/strong><\/p>\n<p class=\"Texto_Justificado\" data-c=\"461\">Urua\u00e7u (Indan\u00e1polis, Pau Terra e Geria\u00e7u), Alto Horizonte, Amaralina, Campinorte (Arca\u00e7ul\u00e2ndia, Colina\u00e7u, Quil\u00f4metro 300), Colina do Sul (Vila Borba), Hidrolina, Mara Rosa, Niquel\u00e2ndia (Tupira\u00e7aba, S\u00e3o Luiz do Tocantins e Vila Taveira), Nova Igua\u00e7u de Goi\u00e1s e S\u00e3o Luiz do Norte.<\/p>\n<p class=\"Texto_Justificado\" data-c=\"462\"><strong>7\u00aa CRPTC\/PA\u2013PORANGATU (Posto Avan\u00e7ado)<\/strong><\/p>\n<p class=\"Texto_Justificado\" data-c=\"463\">Porangatu (Cruz Alta do Norte), Bon\u00f3polis, Campina\u00e7u, Estrela do Norte, Formoso, Mina\u00e7u (Santo Ant\u00f4nio da Cana Brava), Montividiu do Norte, Mundo Novo, Mutun\u00f3polis (Lagin\u00f3polis, S\u00e3o Sebasti\u00e3o, Vener\u00e2ndia, Bandeirantes), Nova Crix\u00e1s (Bandeirantes), Novo Planalto, Santa Tereza de Goi\u00e1s, S\u00e3o Miguel do Araguaia e Trombas.<\/p>\n<p class=\"Texto_Justificado\" data-c=\"464\">\n<p class=\"Texto_Justificado\" data-c=\"465\"><strong>8\u00aa COORDENA\u00c7\u00c3O REGIONAL DE POL\u00cdCIA \u2013 8\u00aa CRPTC\u2013CATAL\u00c3O<\/strong><\/p>\n<p class=\"Texto_Justificado\" data-c=\"466\">Catal\u00e3o (Santo Ant\u00f4nio do Rio Verde e Pires Belo), Anhanguera, Campo Alegre de Goi\u00e1s, Cumari, Davin\u00f3polis, Goiandira, Ipameri (Cavalheiro), Nova Aurora, Ouvidor, Tr\u00eas Ranchos e Uruta\u00ed.<\/p>\n<p class=\"Texto_Justificado\" data-c=\"467\">\n<p class=\"Texto_Justificado\" data-c=\"468\"><strong>9\u00aa COORDENA\u00c7\u00c3O REGIONAL DE POL\u00cdCIA \u2013 9\u00aa CRPTC\u2013IPOR\u00c1<\/strong><\/p>\n<p class=\"Texto_Justificado\" data-c=\"469\">Ipor\u00e1, Amorin\u00f3polis, Aragar\u00e7as, Aren\u00f3polis, Baliza, Bom Jardim de Goi\u00e1s, Caiap\u00f4nia (Boa Vista e Planalto Verde), Diorama, Montes Claros de Goi\u00e1s, Palestina de Goi\u00e1s e Piranhas.<\/p>\n<p class=\"Texto_Justificado\" data-c=\"470\"><strong>9\u00aa CRPTC\/PA\u2013S\u00c3O LU\u00cdS DOS MONTES BELOS (Posto Avan\u00e7ado)<\/strong><\/p>\n<p class=\"Texto_Justificado\" data-c=\"471\">S\u00e3o Lu\u00eds de Montes Belos, Adel\u00e2ndia, Auril\u00e2ndia, Cachoeira de Goi\u00e1s, C\u00f3rrego do Ouro, Fazenda Nova (Bacil\u00e2ndia e Serra Dourada), Firmin\u00f3polis, Israel\u00e2ndia (Messian\u00f3polis e Pilo\u00e2ndia), Ivol\u00e2ndia (Campol\u00e2ndia, Estrela do Oriente e Petrol\u00e2ndia), Jaupaci, Moipor\u00e1, Palmin\u00f3polis, Para\u00fana, S\u00e3o Jo\u00e3o da Para\u00fana e Turv\u00e2nia.<\/p>\n<p class=\"Texto_Justificado\" data-c=\"472\">\n<p class=\"Texto_Justificado\" data-c=\"473\"><strong>10\u00aa COORDENA\u00c7\u00c3O REGIONAL DE POL\u00cdCIA \u2013 10\u00aa CRPTC\u2013AN\u00c1POLIS<\/strong><\/p>\n<p class=\"Texto_Justificado\" data-c=\"474\">An\u00e1polis (Bran\u00e1polis, Goial\u00e2ndia, Interl\u00e2ndia, Joan\u00e1polis, Miran\u00f3polis e Souz\u00e2nia), Abadi\u00e2nia (Planalmira, Posse d\u2019Abadia, Santa L\u00facia e Tr\u00eas Veredas), Campo Limpo de Goi\u00e1s, Corumb\u00e1 de Goi\u00e1s, Damol\u00e2ndia, Gameleira de Goi\u00e1s, Goian\u00e1polis (Vale das Cara\u00edbas), Leopoldo de Bulh\u00f5es, Ouro Verde de Goi\u00e1s, Petrolina de Goi\u00e1s, Piren\u00f3polis (Jaran\u00e1polis e Lagol\u00e2ndia), Silv\u00e2nia, Terez\u00f3polis de Goi\u00e1s e Vian\u00f3polis (Cara\u00edba, Brasilinha e Ponte Funda).<\/p>\n<p class=\"Texto_Justificado\" data-c=\"475\">\n<p class=\"Texto_Justificado\" data-c=\"476\"><strong>11\u00aa COORDENA\u00c7\u00c3O REGIONAL DE POL\u00cdCIA \u2013 11\u00aa CRPTC\u2013JATA\u00cd<\/strong><\/p>\n<p class=\"Texto_Justificado\" data-c=\"477\">Jata\u00ed, Aparecida do Rio Doce, Apor\u00e9 (Itumirim), Ca\u00e7u, Itaj\u00e1 (Olaria), Itarum\u00e3 (Olaria do Angico), Lagoa Santa e Serran\u00f3polis.<\/p>\n<p class=\"Texto_Justificado\" data-c=\"478\"><strong>11\u00aa CRPTC\/PA\u2013MINEIROS (Posto Avan\u00e7ado)<\/strong><\/p>\n<p class=\"Texto_Justificado\" data-c=\"479\">Mineiros, Chapad\u00e3o do C\u00e9u, Doverl\u00e2ndia, Perol\u00e2ndia, Portel\u00e2ndia e Santa Rita do Araguaia.<\/p>\n<p class=\"Texto_Justificado\" data-c=\"480\">\n<p class=\"Texto_Justificado\" data-c=\"481\"><strong>12\u00aa COORDENA\u00c7\u00c3O REGIONAL DE POL\u00cdCIA \u2013 12\u00aa CRPTC\u2013CAMPOS BELOS<\/strong><\/p>\n<p class=\"Texto_Justificado\" data-c=\"482\">Campos Belos, Cavalcante, Divin\u00f3polis de Goi\u00e1s, Monte Alegre de Goi\u00e1s (Prata), S\u00e3o Domingos e Teresina de Goi\u00e1s.<\/p>\n<p class=\"Texto_Justificado\" data-c=\"483\"><strong>12\u00aa CRPTC\/PA\u2013POSSE (Posto Avan\u00e7ado)<\/strong><\/p>\n<p class=\"Texto_Justificado\" data-c=\"484\">Posse (Barbosil\u00e2ndia), Alvorada do Norte, Buritin\u00f3polis, Damian\u00f3polis, Guarani de Goi\u00e1s (S\u00e3o Pedro), Iaciara (\u00c1gua Quente, Extrema e Levantado), Mamba\u00ed, Nova Roma, Simol\u00e2ndia e S\u00edtio D\u2019Abadia.<\/p>\n<p class=\"Texto_Justificado\" data-c=\"485\">\n<p class=\"Texto_Justificado\" data-c=\"486\"><strong>13\u00aa COORDENA\u00c7\u00c3O REGIONAL DE POL\u00cdCIA \u2013 13\u00aa CRPTC\u2013GOIAN\u00c9SIA<\/strong><\/p>\n<p class=\"Texto_Justificado\" data-c=\"487\">Goian\u00e9sia (Barreiro\/Limoeiro, Cafel\u00e2ndia, Campo Alegre, Juscel\u00e2ndia, Morro Branco e Natin\u00f3polis), Barro Alto, Vila Prop\u00edcio (Assun\u00e7\u00e3o de Goi\u00e1s, Dois Irm\u00e3os e S\u00e3o Bentinho), Jaragu\u00e1 (Alvel\u00e2ndia, Artul\u00e2ndia, Cruzeirinho, Miril\u00e2ndia, Monte Castelo, Palestina, S\u00e3o Geraldo, Vila Santa B\u00e1rbara e Vila Aparecida\/Chapeul\u00e2ndia), Jes\u00fapolis, Santa Rita do Novo Destino (Placa e Verdel\u00e2ndia) e S\u00e3o Francisco de Goi\u00e1s.<\/p>\n<p class=\"Texto_Justificado\" data-c=\"488\">\n<p class=\"Texto_Justificado\" data-c=\"489\"><strong>14\u00aa COORDENA\u00c7\u00c3O REGIONAL DE POL\u00cdCIA \u2013 14\u00aa CRPTC\u2013LUZI\u00c2NIA<\/strong><\/p>\n<p class=\"Texto_Justificado\" data-c=\"490\">Luzi\u00e2nia (Jardim Ing\u00e1), Cidade Ocidental, Cristalina (Campos Lindos, S\u00e3o Bartolomeu e Domiciano Ribeiro), Novo Gama e Valpara\u00edso de Goi\u00e1s.<\/p>\n<p class=\"Texto_Justificado\" data-c=\"491\"><strong>14\u00aa CRPTC\/PA\u2013\u00c1GUAS LINDAS DE GOI\u00c1S (Posto Avan\u00e7ado)<\/strong><\/p>\n<p class=\"Texto_Justificado\" data-c=\"492\">\u00c1guas Lindas de Goi\u00e1s (Padre L\u00facio), Alex\u00e2nia (Estiva, Morada do Sol, Nova Fl\u00f3rida, Olhos d\u2019\u00c1gua e Serra do Ouro), Cocalzinho de Goi\u00e1s (Edil\u00e2ndia e Girassol), Mimoso de Goi\u00e1s, Padre Bernardo (Trajan\u00f3polis) e Santo Ant\u00f4nio do Descoberto.<\/p>\n<p data-c=\"492\">\n<p style=\"text-align: right\" data-c=\"492\"><strong>Atualizado em 14\/01\/2025<\/strong><br \/>\n<em>Jornalista Giovana Batista<br \/>\nCoordenadoria de Comunica\u00e7\u00e3o e Cerimonial PCIGO<\/em><\/p>\n","protected":false},"excerpt":{"rendered":"<p>REGIONAL DE POL\u00cdCIA T\u00c9CNICO-CIENT\u00cdFICA DE GOI\u00c2NIA (ICLR e IMLAT) Goi\u00e2nia (Vila Rica), Anicuns (Boa Vista, Capelinha e Choupana), Ara\u00e7u, Avelin\u00f3polis (Allan Kardec), Brazabrantes, Campestre de Goi\u00e1s, Catura\u00ed, Goianira, Inhumas (Santa Am\u00e1lia, Vila Quilombo), Itau\u00e7u, Naz\u00e1rio (Claudin\u00e1polis), Ner\u00f3polis, Nova Veneza, Palmeiras de Goi\u00e1s, Santa B\u00e1rbara de Goi\u00e1s, Santo Ant\u00f4nio de Goi\u00e1s e Trindade. 1\u00aa COORDENA\u00c7\u00c3O REGIONAL [&hellip;]<\/p>\n","protected":false},"author":77,"featured_media":0,"parent":0,"menu_order":0,"comment_status":"closed","ping_status":"closed","template":"","meta":{"footnotes":""},"class_list":["post-6880","page","type-page","status-publish","hentry"],"rttpg_featured_image_url":null,"rttpg_author":{"display_name":"barbaragodoy","author_link":"https:\/\/goias.gov.br\/policiacientifica\/author\/barbaragodoy\/"},"rttpg_comment":0,"rttpg_category":null,"rttpg_excerpt":"REGIONAL DE POL\u00cdCIA T\u00c9CNICO-CIENT\u00cdFICA DE GOI\u00c2NIA (ICLR e IMLAT) Goi\u00e2nia (Vila Rica), Anicuns (Boa Vista, Capelinha e Choupana), Ara\u00e7u, Avelin\u00f3polis (Allan Kardec), Brazabrantes, Campestre de Goi\u00e1s, Catura\u00ed, Goianira, Inhumas (Santa Am\u00e1lia, Vila Quilombo), Itau\u00e7u, Naz\u00e1rio (Claudin\u00e1polis), Ner\u00f3polis, Nova Veneza, Palmeiras de Goi\u00e1s, Santa B\u00e1rbara de Goi\u00e1s, Santo Ant\u00f4nio de Goi\u00e1s e Trindade. 1\u00aa COORDENA\u00c7\u00c3O REGIONAL&hellip;","_links":{"self":[{"href":"https:\/\/goias.gov.br\/policiacientifica\/wp-json\/wp\/v2\/pages\/6880","targetHints":{"allow":["GET"]}}],"collection":[{"href":"https:\/\/goias.gov.br\/policiacientifica\/wp-json\/wp\/v2\/pages"}],"about":[{"href":"https:\/\/goias.gov.br\/policiacientifica\/wp-json\/wp\/v2\/types\/page"}],"author":[{"embeddable":true,"href":"https:\/\/goias.gov.br\/policiacientifica\/wp-json\/wp\/v2\/users\/77"}],"replies":[{"embeddable":true,"href":"https:\/\/goias.gov.br\/policiacientifica\/wp-json\/wp\/v2\/comments?post=6880"}],"version-history":[{"count":2,"href":"https:\/\/goias.gov.br\/policiacientifica\/wp-json\/wp\/v2\/pages\/6880\/revisions"}],"predecessor-version":[{"id":426907,"href":"https:\/\/goias.gov.br\/policiacientifica\/wp-json\/wp\/v2\/pages\/6880\/revisions\/426907"}],"wp:attachment":[{"href":"https:\/\/goias.gov.br\/policiacientifica\/wp-json\/wp\/v2\/media?parent=6880"}],"curies":[{"name":"wp","href":"https:\/\/api.w.org\/{rel}","templated":true}]}}