

{"id":66,"date":"2023-01-11T15:00:48","date_gmt":"2023-01-11T18:00:48","guid":{"rendered":"http:\/\/localhost\/multisites\/modelo\/?page_id=49"},"modified":"2026-03-18T09:41:23","modified_gmt":"2026-03-18T12:41:23","slug":"homepage","status":"publish","type":"page","link":"https:\/\/goias.gov.br\/policiacientifica\/","title":{"rendered":"Homepage"},"content":{"rendered":"\t\t<div data-elementor-type=\"wp-page\" data-elementor-id=\"66\" class=\"elementor elementor-66\">\n\t\t\t\t<div class=\"elementor-element elementor-element-eea1ec1 e-flex e-con-boxed e-con e-parent\" data-id=\"eea1ec1\" data-element_type=\"container\" data-e-type=\"container\">\n\t\t\t\t\t<div class=\"e-con-inner\">\n\t\t\t\t<div class=\"elementor-element elementor-element-49235f0 elementor-widget elementor-widget-image\" data-id=\"49235f0\" data-element_type=\"widget\" data-e-type=\"widget\" data-widget_type=\"image.default\">\n\t\t\t\t<div class=\"elementor-widget-container\">\n\t\t\t\t\t\t\t\t\t\t\t\t\t\t\t<img decoding=\"async\" src=\"https:\/\/goias.gov.br\/policiacientifica\/wp-content\/uploads\/sites\/63\/mulher_segura.png\" title=\"\" alt=\"\" loading=\"lazy\" \/>\t\t\t\t\t\t\t\t\t\t\t\t\t\t\t<\/div>\n\t\t\t\t<\/div>\n\t\t\t\t\t<\/div>\n\t\t\t\t<\/div>\n\t\t<div class=\"elementor-element elementor-element-b8e96ba e-flex e-con-boxed e-con e-parent\" data-id=\"b8e96ba\" data-element_type=\"container\" data-e-type=\"container\">\n\t\t\t\t\t<div class=\"e-con-inner\">\n\t\t<div class=\"elementor-element elementor-element-6c36994 e-con-full e-flex e-con e-child\" data-id=\"6c36994\" data-element_type=\"container\" data-e-type=\"container\">\n\t\t\t\t<div class=\"elementor-element elementor-element-fd0426a elementor-view-default elementor-widget elementor-widget-icon\" data-id=\"fd0426a\" data-element_type=\"widget\" data-e-type=\"widget\" data-widget_type=\"icon.default\">\n\t\t\t\t<div class=\"elementor-widget-container\">\n\t\t\t\t\t\t\t<div class=\"elementor-icon-wrapper\">\n\t\t\t<div class=\"elementor-icon\">\n\t\t\t<svg aria-hidden=\"true\" class=\"e-font-icon-svg e-fas-align-justify\" viewBox=\"0 0 448 512\" xmlns=\"http:\/\/www.w3.org\/2000\/svg\"><path d=\"M432 416H16a16 16 0 0 0-16 16v32a16 16 0 0 0 16 16h416a16 16 0 0 0 16-16v-32a16 16 0 0 0-16-16zm0-128H16a16 16 0 0 0-16 16v32a16 16 0 0 0 16 16h416a16 16 0 0 0 16-16v-32a16 16 0 0 0-16-16zm0-128H16a16 16 0 0 0-16 16v32a16 16 0 0 0 16 16h416a16 16 0 0 0 16-16v-32a16 16 0 0 0-16-16zm0-128H16A16 16 0 0 0 0 48v32a16 16 0 0 0 16 16h416a16 16 0 0 0 16-16V48a16 16 0 0 0-16-16z\"><\/path><\/svg>\t\t\t<\/div>\n\t\t<\/div>\n\t\t\t\t\t\t<\/div>\n\t\t\t\t<\/div>\n\t\t\t\t<div class=\"elementor-element elementor-element-4c038e7 elementor-widget elementor-widget-heading\" data-id=\"4c038e7\" data-element_type=\"widget\" data-e-type=\"widget\" data-widget_type=\"heading.default\">\n\t\t\t\t<div class=\"elementor-widget-container\">\n\t\t\t\t\t<h3 class=\"elementor-heading-title elementor-size-default\">Artigos<\/h3>\t\t\t\t<\/div>\n\t\t\t\t<\/div>\n\t\t\t\t<\/div>\n\t\t\t\t\t<\/div>\n\t\t\t\t<\/div>\n\t\t<div class=\"elementor-element elementor-element-1dd14dc e-flex e-con-boxed e-con e-parent\" data-id=\"1dd14dc\" data-element_type=\"container\" data-e-type=\"container\">\n\t\t\t\t\t<div class=\"e-con-inner\">\n\t\t<div class=\"elementor-element elementor-element-1e8dbb9 e-con-full e-flex e-con e-child\" data-id=\"1e8dbb9\" data-element_type=\"container\" data-e-type=\"container\">\n\t\t\t\t<div class=\"elementor-element elementor-element-904dc96 elementor-widget elementor-widget-wp-widget-recent-posts\" data-id=\"904dc96\" data-element_type=\"widget\" data-e-type=\"widget\" data-widget_type=\"wp-widget-recent-posts.default\">\n\t\t\t\t<div class=\"elementor-widget-container\">\n\t\t\t\t\t\n\t\t\n\t\t<h5>Posts recentes<\/h5>\n\t\t<ul>\n\t\t\t\t\t\t\t\t\t\t\t<li>\n\t\t\t\t\t<a href=\"https:\/\/goias.gov.br\/policiacientifica\/posse-governamental-com-presenca-da-policia-cientifica\/\">Posse governamental com presen\u00e7a da Pol\u00edcia Cient\u00edfica<\/a>\n\t\t\t\t\t\t\t\t\t<\/li>\n\t\t\t\t\t\t\t\t\t\t\t<li>\n\t\t\t\t\t<a href=\"https:\/\/goias.gov.br\/policiacientifica\/inauguracao-de-melhorias-institucionais-no-iml-aristoclides-teixeira\/\">Inaugura\u00e7\u00e3o de melhorias institucionais no IML Aristoclides Teixeira<\/a>\n\t\t\t\t\t\t\t\t\t<\/li>\n\t\t\t\t\t\t\t\t\t\t\t<li>\n\t\t\t\t\t<a href=\"https:\/\/goias.gov.br\/policiacientifica\/palestra-sobre-integracao-entre-policia-cientifica-e-policia-penal-no-curso-de-formacao-de-policiais-penais\/\">Palestra sobre integra\u00e7\u00e3o entre Pol\u00edcia Cient\u00edfica e Pol\u00edcia Penal no curso de forma\u00e7\u00e3o de policiais penais<\/a>\n\t\t\t\t\t\t\t\t\t<\/li>\n\t\t\t\t\t\t\t\t\t\t\t<li>\n\t\t\t\t\t<a href=\"https:\/\/goias.gov.br\/policiacientifica\/policia-cientifica-presente-no-curso-de-formacao-da-policia-penal\/\">Pol\u00edcia Cient\u00edfica presente no curso de forma\u00e7\u00e3o da Pol\u00edcia Penal<\/a>\n\t\t\t\t\t\t\t\t\t<\/li>\n\t\t\t\t\t\t\t\t\t\t\t<li>\n\t\t\t\t\t<a href=\"https:\/\/goias.gov.br\/policiacientifica\/policia-cientifica-no-projeto-ia-contra-o-crime\/\">Pol\u00edcia Cient\u00edfica no projeto IA contra o crime<\/a>\n\t\t\t\t\t\t\t\t\t<\/li>\n\t\t\t\t\t\t\t\t\t\t\t<li>\n\t\t\t\t\t<a href=\"https:\/\/goias.gov.br\/policiacientifica\/pericia-em-cena-de-crime-contra-a-vida-em-inhumas-go\/\">Per\u00edcia em cena de crime contra a vida em Inhumas\/GO<\/a>\n\t\t\t\t\t\t\t\t\t<\/li>\n\t\t\t\t\t\t\t\t\t\t\t<li>\n\t\t\t\t\t<a href=\"https:\/\/goias.gov.br\/policiacientifica\/alteracao-ambiental-em-area-de-garimpo-ilegal-e-periciada-pela-policia-cientifica\/\">Altera\u00e7\u00e3o ambiental em \u00e1rea de garimpo ilegal \u00e9 periciada pela Pol\u00edcia Cient\u00edfica<\/a>\n\t\t\t\t\t\t\t\t\t<\/li>\n\t\t\t\t\t\t\t\t\t\t\t<li>\n\t\t\t\t\t<a href=\"https:\/\/goias.gov.br\/policiacientifica\/segunda-pesquisa-de-satisfacao-nas-salas-lilas\/\">Segunda pesquisa de satisfa\u00e7\u00e3o nas salas lil\u00e1s<\/a>\n\t\t\t\t\t\t\t\t\t<\/li>\n\t\t\t\t\t\t\t\t\t\t\t<li>\n\t\t\t\t\t<a href=\"https:\/\/goias.gov.br\/policiacientifica\/janeiro-branco-2026-saude-mental\/\">Janeiro Branco 2026 | Sa\u00fade mental<\/a>\n\t\t\t\t\t\t\t\t\t<\/li>\n\t\t\t\t\t\t\t\t\t\t\t<li>\n\t\t\t\t\t<a href=\"https:\/\/goias.gov.br\/policiacientifica\/policia-cientifica-comparece-ao-evento-de-entrega-de-aeronaves-as-forcas-de-seguranca\/\">Pol\u00edcia Cient\u00edfica comparece ao evento de entrega de aeronaves \u00e0s for\u00e7as de seguran\u00e7a<\/a>\n\t\t\t\t\t\t\t\t\t<\/li>\n\t\t\t\t\t\t\t\t\t\t\t<li>\n\t\t\t\t\t<a href=\"https:\/\/goias.gov.br\/policiacientifica\/janeiro-branco-2026-equilibrio\/\">JANEIRO BRANCO 2026 | EQUIL\u00cdBRIO<\/a>\n\t\t\t\t\t\t\t\t\t<\/li>\n\t\t\t\t\t<\/ul>\n\n\t\t\t\t\t\t<\/div>\n\t\t\t\t<\/div>\n\t\t\t\t<\/div>\n\t\t\t\t\t<\/div>\n\t\t\t\t<\/div>\n\t\t<div class=\"elementor-element elementor-element-df15b45 e-flex e-con-boxed e-con e-parent\" data-id=\"df15b45\" data-element_type=\"container\" data-e-type=\"container\">\n\t\t\t\t\t<div class=\"e-con-inner\">\n\t\t<div class=\"elementor-element elementor-element-acbdca9 e-con-full e-flex e-con e-child\" data-id=\"acbdca9\" data-element_type=\"container\" data-e-type=\"container\">\n\t\t\t\t<div class=\"elementor-element elementor-element-a4af624 elementor-widget elementor-widget-image\" data-id=\"a4af624\" data-element_type=\"widget\" data-e-type=\"widget\" data-widget_type=\"image.default\">\n\t\t\t\t<div class=\"elementor-widget-container\">\n\t\t\t\t\t\t\t\t\t\t\t\t\t\t\t\t<a href=\"https:\/\/goias.gov.br\/policiacientifica\/ceptc-ensino\/\">\n\t\t\t\t\t\t\t<img decoding=\"async\" src=\"https:\/\/goias.gov.br\/policiacientifica\/wp-content\/uploads\/sites\/63\/banner-425x100-sptc-ceptc-ensino-2.png\" title=\"\" alt=\"\" loading=\"lazy\" \/>\t\t\t\t\t\t\t\t<\/a>\n\t\t\t\t\t\t\t\t\t\t\t\t\t\t\t<\/div>\n\t\t\t\t<\/div>\n\t\t\t\t<\/div>\n\t\t<div class=\"elementor-element elementor-element-1f3ac4c e-con-full e-flex e-con e-child\" data-id=\"1f3ac4c\" data-element_type=\"container\" data-e-type=\"container\">\n\t\t\t\t<div class=\"elementor-element elementor-element-6fe18a0 elementor-widget elementor-widget-image\" data-id=\"6fe18a0\" data-element_type=\"widget\" data-e-type=\"widget\" data-widget_type=\"image.default\">\n\t\t\t\t<div class=\"elementor-widget-container\">\n\t\t\t\t\t\t\t\t\t\t\t\t\t\t\t\t<a href=\"https:\/\/goias.gov.br\/policiacientifica\/desaparecidos\/\">\n\t\t\t\t\t\t\t<img decoding=\"async\" src=\"https:\/\/goias.gov.br\/policiacientifica\/wp-content\/uploads\/sites\/63\/banner-425x100-sptc-desaparecidos-2.png\" title=\"\" alt=\"\" loading=\"lazy\" \/>\t\t\t\t\t\t\t\t<\/a>\n\t\t\t\t\t\t\t\t\t\t\t\t\t\t\t<\/div>\n\t\t\t\t<\/div>\n\t\t\t\t<\/div>\n\t\t<div class=\"elementor-element elementor-element-7007a74 e-con-full e-flex e-con e-child\" data-id=\"7007a74\" data-element_type=\"container\" data-e-type=\"container\">\n\t\t\t\t<div class=\"elementor-element elementor-element-e31eb5b elementor-widget elementor-widget-image\" data-id=\"e31eb5b\" data-element_type=\"widget\" data-e-type=\"widget\" data-widget_type=\"image.default\">\n\t\t\t\t<div class=\"elementor-widget-container\">\n\t\t\t\t\t\t\t\t\t\t\t\t\t\t\t\t<a href=\"https:\/\/goias.gov.br\/policiacientifica\/categoria\/artigos\/\">\n\t\t\t\t\t\t\t<img decoding=\"async\" src=\"https:\/\/goias.gov.br\/policiacientifica\/wp-content\/uploads\/sites\/63\/banner-425x100-sptc-artigos-2.png\" title=\"\" alt=\"\" loading=\"lazy\" \/>\t\t\t\t\t\t\t\t<\/a>\n\t\t\t\t\t\t\t\t\t\t\t\t\t\t\t<\/div>\n\t\t\t\t<\/div>\n\t\t\t\t<\/div>\n\t\t\t\t\t<\/div>\n\t\t\t\t<\/div>\n\t\t<div class=\"elementor-element elementor-element-5e3c6cd e-flex e-con-boxed e-con e-parent\" data-id=\"5e3c6cd\" data-element_type=\"container\" data-e-type=\"container\">\n\t\t\t\t\t<div class=\"e-con-inner\">\n\t\t<div class=\"elementor-element elementor-element-687c5dc e-con-full e-flex e-con e-child\" data-id=\"687c5dc\" data-element_type=\"container\" data-e-type=\"container\">\n\t\t\t\t<div class=\"elementor-element elementor-element-80a2d0f elementor-view-default elementor-widget elementor-widget-icon\" data-id=\"80a2d0f\" data-element_type=\"widget\" data-e-type=\"widget\" data-widget_type=\"icon.default\">\n\t\t\t\t<div class=\"elementor-widget-container\">\n\t\t\t\t\t\t\t<div class=\"elementor-icon-wrapper\">\n\t\t\t<div class=\"elementor-icon\">\n\t\t\t<svg aria-hidden=\"true\" class=\"e-font-icon-svg e-fas-align-justify\" viewBox=\"0 0 448 512\" xmlns=\"http:\/\/www.w3.org\/2000\/svg\"><path d=\"M432 416H16a16 16 0 0 0-16 16v32a16 16 0 0 0 16 16h416a16 16 0 0 0 16-16v-32a16 16 0 0 0-16-16zm0-128H16a16 16 0 0 0-16 16v32a16 16 0 0 0 16 16h416a16 16 0 0 0 16-16v-32a16 16 0 0 0-16-16zm0-128H16a16 16 0 0 0-16 16v32a16 16 0 0 0 16 16h416a16 16 0 0 0 16-16v-32a16 16 0 0 0-16-16zm0-128H16A16 16 0 0 0 0 48v32a16 16 0 0 0 16 16h416a16 16 0 0 0 16-16V48a16 16 0 0 0-16-16z\"><\/path><\/svg>\t\t\t<\/div>\n\t\t<\/div>\n\t\t\t\t\t\t<\/div>\n\t\t\t\t<\/div>\n\t\t\t\t<div class=\"elementor-element elementor-element-ec2b0c5 elementor-widget elementor-widget-heading\" data-id=\"ec2b0c5\" data-element_type=\"widget\" data-e-type=\"widget\" data-widget_type=\"heading.default\">\n\t\t\t\t<div class=\"elementor-widget-container\">\n\t\t\t\t\t<h3 class=\"elementor-heading-title elementor-size-default\">Na M\u00eddia<\/h3>\t\t\t\t<\/div>\n\t\t\t\t<\/div>\n\t\t\t\t<\/div>\n\t\t\t\t\t<\/div>\n\t\t\t\t<\/div>\n\t\t<div class=\"elementor-element elementor-element-e41951c e-flex e-con-boxed e-con e-parent\" data-id=\"e41951c\" data-element_type=\"container\" data-e-type=\"container\">\n\t\t\t\t\t<div class=\"e-con-inner\">\n\t\t\t\t<div class=\"elementor-element elementor-element-f13fffb elementor-widget elementor-widget-shortcode\" data-id=\"f13fffb\" data-element_type=\"widget\" data-e-type=\"widget\" data-widget_type=\"shortcode.default\">\n\t\t\t\t<div class=\"elementor-widget-container\">\n\t\t\t\t\t\t\t<div class=\"elementor-shortcode\"><style type='text\/css' media='all'>#rt-tpg-container-1831632757 .rt-holder .rt-woo-info .price{color:#0367bf;}body .rt-tpg-container .rt-tpg-isotope-buttons .selected,\n\t\t\t\t\t#rt-tpg-container-1831632757 .layout12 .rt-holder:hover .rt-detail,\n\t\t\t\t\t#rt-tpg-container-1831632757 .isotope8 .rt-holder:hover .rt-detail,\n\t\t\t\t\t#rt-tpg-container-1831632757 .carousel8 .rt-holder:hover .rt-detail,\n\t\t\t\t\t#rt-tpg-container-1831632757 .layout13 .rt-holder .overlay .post-info,\n\t\t\t\t\t#rt-tpg-container-1831632757 .isotope9 .rt-holder .overlay .post-info,\n\t\t\t\t\t#rt-tpg-container-1831632757.rt-tpg-container .layout4 .rt-holder .rt-detail,\n\t\t\t\t\t.rt-modal-1831632757 .md-content,\n\t\t\t\t\t.rt-modal-1831632757 .md-content > .rt-md-content-holder .rt-md-content,\n\t\t\t\t\t.rt-popup-wrap-1831632757.rt-popup-wrap .rt-popup-navigation-wrap,\n\t\t\t\t\t#rt-tpg-container-1831632757 .carousel9 .rt-holder .overlay .post-info{background-color:#0367bf;}#rt-tpg-container-1831632757 .layout5 .rt-holder .overlay, #rt-tpg-container-1831632757 .isotope2 .rt-holder .overlay, #rt-tpg-container-1831632757 .carousel2 .rt-holder .overlay,#rt-tpg-container-1831632757 .layout15 .rt-holder h3, #rt-tpg-container-1831632757 .isotope11 .rt-holder h3, #rt-tpg-container-1831632757 .carousel11 .rt-holder h3, #rt-tpg-container-1831632757 .layout16 .rt-holder h3,\n\t\t\t\t\t#rt-tpg-container-1831632757 .isotope12 .rt-holder h3, #rt-tpg-container-1831632757 .carousel12 .rt-holder h3 {background-color:rgba(3,103,191,0.8);}#rt-tpg-container-1831632757 .read-more a{border-radius:px;}#rt-tpg-container-1831632757 .rt-img-holder img.rt-img-responsive,#rt-tpg-container-1831632757 .rt-img-holder,\n\t\t\t\t\t#rt-tpg-container-1831632757 .rt-post-overlay .post-img,\n\t\t\t\t\t#rt-tpg-container-1831632757 .post-sm .post-img,\n\t\t\t\t\t#rt-tpg-container-1831632757 .rt-post-grid .post-img,\n\t\t\t\t\t#rt-tpg-container-1831632757 .post-img img {border-radius:px;}<\/style><div class='rt-container-fluid rt-tpg-container tpg-shortcode-main-wrapper three-destaque' id='rt-tpg-container-1831632757'   data-layout='layout1' data-grid-style='even' data-desktop-col='3'  data-tab-col='2'  data-mobile-col='1' data-sc-id='425135'><div data-title='Loading ...' class='rt-row rt-content-loader   layout1 tpg-even '><div class=\"rt-col-md-4 rt-col-sm-6 rt-col-xs-12 even-grid-item rt-grid-item\" data-id=\"426964\"><div class=\"rt-holder\"><div class=\"rt-img-holder\"><a data-id=\"426964\" class=\"\" href=\"https:\/\/goias.gov.br\/policiacientifica\/palestra-sobre-integracao-entre-policia-cientifica-e-policia-penal-no-curso-de-formacao-de-policiais-penais\/\"><img fetchpriority=\"high\" decoding=\"async\" width=\"1280\" height=\"854\" src=\"https:\/\/goias.gov.br\/policiacientifica\/wp-content\/uploads\/sites\/63\/WhatsApp-Image-2026-03-06-at-11.11.25.jpeg\" class=\"rt-img-responsive \" alt=\"\" \/><\/a><\/div><div class='rt-detail'><h3 class=\"entry-title\"><a data-id=\"426964\" class=\"\" href=\"https:\/\/goias.gov.br\/policiacientifica\/palestra-sobre-integracao-entre-policia-cientifica-e-policia-penal-no-curso-de-formacao-de-policiais-penais\/\">Palestra sobre integra\u00e7\u00e3o entre Pol\u00edcia Cient\u00edfica e Pol\u00edcia Penal no curso de forma\u00e7\u00e3o de policiais penais<\/a><\/h3><div class='post-meta-user  '><span class='date'>10 de mar\u00e7o de 2026<\/span><\/div><div class='post-meta left'><span class='read-more'><a data-id='426964' class='' href='https:\/\/goias.gov.br\/policiacientifica\/palestra-sobre-integracao-entre-policia-cientifica-e-policia-penal-no-curso-de-formacao-de-policiais-penais\/'>Saiba mais<\/a><\/span><\/div><\/div><\/div><\/div><div class=\"rt-col-md-4 rt-col-sm-6 rt-col-xs-12 even-grid-item rt-grid-item\" data-id=\"9402\"><div class=\"rt-holder\"><div class=\"rt-img-holder\"><a data-id=\"9402\" class=\"\" href=\"https:\/\/goias.gov.br\/policiacientifica\/pericia-em-veiculo\/\"><img decoding=\"async\" width=\"500\" height=\"500\" src=\"https:\/\/goias.gov.br\/policiacientifica\/wp-content\/uploads\/sites\/63\/03.jpg\" class=\"rt-img-responsive \" alt=\"\" \/><\/a><\/div><div class='rt-detail'><h3 class=\"entry-title\"><a data-id=\"9402\" class=\"\" href=\"https:\/\/goias.gov.br\/policiacientifica\/pericia-em-veiculo\/\">Per\u00edcia em ve\u00edculo<\/a><\/h3><div class='post-meta-user  '><span class='date'>23 de agosto de 2023<\/span><\/div><div class='post-meta left'><span class='read-more'><a data-id='9402' class='' href='https:\/\/goias.gov.br\/policiacientifica\/pericia-em-veiculo\/'>Saiba mais<\/a><\/span><\/div><\/div><\/div><\/div><div class=\"rt-col-md-4 rt-col-sm-6 rt-col-xs-12 even-grid-item rt-grid-item\" data-id=\"8795\"><div class=\"rt-holder\"><div class=\"rt-img-holder\"><a data-id=\"8795\" class=\"\" href=\"https:\/\/goias.gov.br\/policiacientifica\/artigo-cientifico-publicado\/\"><img decoding=\"async\" width=\"500\" height=\"500\" src=\"https:\/\/goias.gov.br\/policiacientifica\/wp-content\/uploads\/sites\/63\/01.jpg\" class=\"rt-img-responsive \" alt=\"\" \/><\/a><\/div><div class='rt-detail'><h3 class=\"entry-title\"><a data-id=\"8795\" class=\"\" href=\"https:\/\/goias.gov.br\/policiacientifica\/artigo-cientifico-publicado\/\">ARTIGO CIENT\u00cdFICO PUBLICADO<\/a><\/h3><div class='post-meta-user  '><span class='date'>28 de outubro de 2022<\/span><\/div><div class='post-meta left'><span class='read-more'><a data-id='8795' class='' href='https:\/\/goias.gov.br\/policiacientifica\/artigo-cientifico-publicado\/'>Saiba mais<\/a><\/span><\/div><\/div><\/div><\/div><\/div><\/div><\/div>\n\t\t\t\t\t\t<\/div>\n\t\t\t\t<\/div>\n\t\t\t\t\t<\/div>\n\t\t\t\t<\/div>\n\t\t<div class=\"elementor-element elementor-element-415b72b e-flex e-con-boxed e-con e-parent\" data-id=\"415b72b\" data-element_type=\"container\" data-e-type=\"container\">\n\t\t\t\t\t<div class=\"e-con-inner\">\n\t\t\t\t<div class=\"elementor-element elementor-element-29e34d3 elementor-widget elementor-widget-button\" data-id=\"29e34d3\" data-element_type=\"widget\" data-e-type=\"widget\" data-widget_type=\"button.default\">\n\t\t\t\t<div class=\"elementor-widget-container\">\n\t\t\t\t\t\t\t\t\t<div class=\"elementor-button-wrapper\">\n\t\t\t\t\t<a class=\"elementor-button elementor-button-link elementor-size-sm\" href=\"https:\/\/goias.gov.br\/policiacientifica\/categoria\/na-midia\/\">\n\t\t\t\t\t\t<span class=\"elementor-button-content-wrapper\">\n\t\t\t\t\t\t\t\t\t<span class=\"elementor-button-text\">Mais Not\u00edcias<\/span>\n\t\t\t\t\t<\/span>\n\t\t\t\t\t<\/a>\n\t\t\t\t<\/div>\n\t\t\t\t\t\t\t\t<\/div>\n\t\t\t\t<\/div>\n\t\t\t\t\t<\/div>\n\t\t\t\t<\/div>\n\t\t\t\t<\/div>\n\t\t","protected":false},"excerpt":{"rendered":"<p>Artigos Na M\u00eddia Mais Not\u00edcias<\/p>\n","protected":false},"author":1,"featured_media":0,"parent":0,"menu_order":0,"comment_status":"closed","ping_status":"closed","template":"elementor_header_footer","meta":{"footnotes":""},"class_list":["post-66","page","type-page","status-publish","hentry"],"rttpg_featured_image_url":null,"rttpg_author":{"display_name":"wagner.viana","author_link":"https:\/\/goias.gov.br\/policiacientifica\/author\/wagner-viana\/"},"rttpg_comment":0,"rttpg_category":"","rttpg_excerpt":"Artigos Na M\u00eddia Mais Not\u00edcias","_links":{"self":[{"href":"https:\/\/goias.gov.br\/policiacientifica\/wp-json\/wp\/v2\/pages\/66","targetHints":{"allow":["GET"]}}],"collection":[{"href":"https:\/\/goias.gov.br\/policiacientifica\/wp-json\/wp\/v2\/pages"}],"about":[{"href":"https:\/\/goias.gov.br\/policiacientifica\/wp-json\/wp\/v2\/types\/page"}],"author":[{"embeddable":true,"href":"https:\/\/goias.gov.br\/policiacientifica\/wp-json\/wp\/v2\/users\/1"}],"replies":[{"embeddable":true,"href":"https:\/\/goias.gov.br\/policiacientifica\/wp-json\/wp\/v2\/comments?post=66"}],"version-history":[{"count":2,"href":"https:\/\/goias.gov.br\/policiacientifica\/wp-json\/wp\/v2\/pages\/66\/revisions"}],"predecessor-version":[{"id":426982,"href":"https:\/\/goias.gov.br\/policiacientifica\/wp-json\/wp\/v2\/pages\/66\/revisions\/426982"}],"wp:attachment":[{"href":"https:\/\/goias.gov.br\/policiacientifica\/wp-json\/wp\/v2\/media?parent=66"}],"curies":[{"name":"wp","href":"https:\/\/api.w.org\/{rel}","templated":true}]}}