

{"id":65,"date":"2023-01-11T15:00:11","date_gmt":"2023-01-11T18:00:11","guid":{"rendered":"http:\/\/localhost\/multisites\/modelo\/?page_id=47"},"modified":"2025-07-29T16:55:13","modified_gmt":"2025-07-29T19:55:13","slug":"mapa-do-site","status":"publish","type":"page","link":"https:\/\/goias.gov.br\/policiacientifica\/mapa-do-site\/","title":{"rendered":"Mapa do site"},"content":{"rendered":"<div id=\"custom-sitemap\" class=\"sitemap-container\"><div class='sitemap-group'><h3>A<\/h3><ul><li><a href='https:\/\/goias.gov.br\/policiacientifica\/categoria\/agenda-da-sptc\/' target='_blank'>AGENDA DA SPTC<\/a><\/li><li><a href='https:\/\/goias.gov.br\/policiacientifica\/?page_id=41' target='_blank'>A SECRETARIA<\/a><\/li><li><a href='https:\/\/goias.gov.br\/policiacientifica\/acesso-a-informacao\/' target='_blank'>ACESSO \u00c0 INFORMA\u00c7\u00c3O<\/a><\/li><li><a href='https:\/\/vaptvupt.go.gov.br\/agendamento' target='_blank'>AGENDAMENTO VAPT VUPT<\/a><\/li><li><a href='https:\/\/play.google.com\/store\/apps\/details?id=com.go.ssp.mulhersegura&hl=pt_BR' target='_blank'>ANDROID<\/a><\/li><li><a href='https:\/\/goias.gov.br\/seguranca\/acesso-a-informacao\/' target='_blank'>ACESSO \u00c0 INFORMA\u00c7\u00c3O<\/a><\/li><li><a href='https:\/\/portal.al.go.leg.br\/' target='_blank'>ASSEMBLEIA LEGISLATIVA DO ESTADO DE GOI\u00c1S<\/a><\/li><li><a href='https:\/\/goias.gov.br\/policiacientifica\/historico\/' target='_blank'>A POL\u00cdCIA CIENT\u00cdFICA DE GOI\u00c1S<\/a><\/li><li><a href='https:\/\/goias.gov.br\/seguranca\/agenda-de-autoridades\/' target='_blank'>AGENDA DE AUTORIDADES<\/a><\/li><\/ul><\/div><div class='sitemap-group'><h3>B<\/h3><ul><li><a href='https:\/\/goias.gov.br\/policiacientifica\/categoria\/boletim-geral\/' target='_blank'>BOLETIM GERAL<\/a><\/li><li><a href='https:\/\/goias.gov.br\/policiacientifica\/categoria\/boletim-geral\/boletim-de-2011\/' target='_blank'>BOLETIM DE 2011<\/a><\/li><li><a href='https:\/\/goias.gov.br\/policiacientifica\/categoria\/boletim-geral\/boletim-de-2012\/' target='_blank'>BOLETIM DE 2012<\/a><\/li><li><a href='https:\/\/goias.gov.br\/policiacientifica\/categoria\/boletim-geral\/boletim-de-2013\/' target='_blank'>BOLETIM DE 2013<\/a><\/li><li><a href='https:\/\/goias.gov.br\/policiacientifica\/categoria\/boletim-geral\/boletim-de-2014\/' target='_blank'>BOLETIM DE 2014<\/a><\/li><li><a href='https:\/\/goias.gov.br\/policiacientifica\/categoria\/boletim-geral\/boletim-de-2015\/' target='_blank'>BOLETIM DE 2015<\/a><\/li><li><a href='https:\/\/goias.gov.br\/policiacientifica\/categoria\/boletim-geral\/boletim-de-2016\/' target='_blank'>BOLETIM DE 2016<\/a><\/li><li><a href='https:\/\/goias.gov.br\/policiacientifica\/categoria\/boletim-geral\/boletim-de-2017\/' target='_blank'>BOLETIM DE 2017<\/a><\/li><li><a href='https:\/\/goias.gov.br\/policiacientifica\/categoria\/boletim-geral\/boletim-de-2018\/' target='_blank'>BOLETIM DE 2018<\/a><\/li><\/ul><\/div><div class='sitemap-group'><h3>C<\/h3><ul><li><a href='https:\/\/www.bombeiros.go.gov.br\/' target='_blank'>CORPO DE BOMBEIROS MILITAR<\/a><\/li><li><a href='https:\/\/goias.gov.br\/policiacientifica\/categoria\/clipping\/' target='_blank'>CLIPPING<\/a><\/li><li><a href='http:\/\/goias.gov.br\/policiacientifica\/cipa\/manual-de-biosseguranca.html' target='_blank'>CIPA<\/a><\/li><li><a href='https:\/\/goias.gov.br\/policiacientifica\/categoria\/noticias\/cursos\/' target='_blank'>CURSOS E TREINAMENTOS<\/a><\/li><li><a href='https:\/\/www.go.gov.br\/servicos\/servicos-por-orgao\/\/SEUORGAO' target='_blank'>CARTA DE SERVI\u00c7OS<\/a><\/li><li><a href='https:\/\/goias.gov.br\/policiacientifica\/cargos' target='_blank'>CARGOS<\/a><\/li><li><a href='https:\/\/goias.gov.br\/policiacientifica\/concursos' target='_blank'>CONCURSOS<\/a><\/li><li><a href='https:\/\/goias.gov.br\/seguranca\/categoria\/comissao-especial-de-leilao' target='_blank'>COMISS\u00c3O ESPECIAL DE LEIL\u00c3O<\/a><\/li><li><a href='https:\/\/conseg.ssp.go.gov.br\/' target='_blank'>CONSELHO COMUNIT\u00c1RIO DE SEGURAN\u00c7A<\/a><\/li><li><a href='https:\/\/consulta.ssp.go.gov.br' target='_blank'>CONSULTA DE OBJETOS E VE\u00cdCULOS RECUPERADOS<\/a><\/li><li><a href='https:\/\/goias.gov.br\/policiacientifica\/cadaveres' target='_blank'>CAD\u00c1VERES<\/a><\/li><li><a href='https:\/\/folhapagamento.sistemas.go.gov.br\/folhapagamento\/control?cmd=ConsContraCheque' target='_blank'>CONTRACHEQUE<\/a><\/li><li><a href='https:\/\/goias.gov.br\/seguranca\/disque-combate-a-corrupcao-181\/' target='_blank'>COMBATE \u00c0 CORRUP\u00c7\u00c3O - 181<\/a><\/li><li><a href='https:\/\/goias.gov.br\/controladoria' target='_blank'>CONTROLADORIA-GERAL DO ESTADO DE GOI\u00c1S<\/a><\/li><li><a href='https:\/\/goias.gov.br\/governo\/cadastro-de-autoridade\/' target='_blank'>CADASTRO DE AUTORIDADES<\/a><\/li><\/ul><\/div><div class='sitemap-group'><h3>D<\/h3><ul><li><a href='https:\/\/goias.gov.br\/policiacientifica\/desaparecidos' target='_blank'>DESAPARECIDOS<\/a><\/li><li><a href='http:\/\/diariooficial.abc.go.gov.br\/' target='_blank'>DI\u00c1RIO OFICIAL<\/a><\/li><li><a href='https:\/\/dadosabertos.go.gov.br\/' target='_blank'>DADOS ABERTOS GOI\u00c1S<\/a><\/li><\/ul><\/div><div class='sitemap-group'><h3>E<\/h3><ul><li><a href='https:\/\/goias.gov.br\/policiacientifica\/estrutura-administrativa\/' target='_blank'>ESTRUTURA ORGANIZACIONAL<\/a><\/li><li><a href='https:\/\/goias.gov.br\/policiacientifica\/estagios' target='_blank'>EST\u00c1GIOS<\/a><\/li><li><a href='https:\/\/espc.policiacivil.go.gov.br\/' target='_blank'>ESCOLA SUPERIOR DA POL\u00cdCIA CIVIL<\/a><\/li><li><a href='https:\/\/goias.gov.br\/policiacientifica\/exames-no-iml' target='_blank'>EXAMES NO IML<\/a><\/li><li><a href='https:\/\/www.escoladegoverno.go.gov.br\/' target='_blank'>ESCOLA DE GOVERNO<\/a><\/li><li><a href='https:\/\/www.go.gov.br\/servicos-digitais\/cge\/nova-ouvidoria\/pedido-informacao-publica?orgao=46&tipo_manifestacao=7' target='_blank'>E-SIC<\/a><\/li><li><a href='https:\/\/goias.gov.br\/policiacientifica\/estrutura\/' target='_blank'>ESTRUTURA<\/a><\/li><li><a href='https:\/\/goias.gov.br\/policiacientifica\/expediente\/' target='_blank'>EXPEDIENTE<\/a><\/li><li><a href='https:\/\/www.go.gov.br\/' target='_blank'>EXPRESSO GOI\u00c1S<\/a><\/li><li><a href='https:\/\/portal.go.gov.br\/' target='_blank'>EXPRESSO APLICA\u00c7\u00d5ES<\/a><\/li><li><a href='https:\/\/www.go.gov.br\/' target='_blank'>EXPRESSO SERVIDOR<\/a><\/li><\/ul><\/div><div class='sitemap-group'><h3>F<\/h3><ul><li><a href='https:\/\/goias.gov.br\/policiacientifica\/fale-conosco\/' target='_blank'>FALE CONOSCO<\/a><\/li><li><a href='https:\/\/goias.gov.br\/policiacientifica\/fale-conosco' target='_blank'>FALE CONOSCO<\/a><\/li><\/ul><\/div><div class='sitemap-group'><h3>G<\/h3><ul><li><a href='https:\/\/www.gov.br\/' target='_blank'>GOVERNO FEDERAL<\/a><\/li><li><a href='https:\/\/transparencia.go.gov.br\/' target='_blank'>GOI\u00c1S TRANSPAR\u00caNCIA<\/a><\/li><\/ul><\/div><div class='sitemap-group'><h3>I<\/h3><ul><li><a href='http:\/\/goias.gov.br\/policiacientifica\/expediente' target='_blank'>INSTITUTOS DA SPTC<\/a><\/li><li><a href='https:\/\/goias.gov.br\/policiacientifica\/identidade-visual' target='_blank'>IDENTIDADE VISUAL<\/a><\/li><li><a href='https:\/\/institutodeidentificacao.policiacivil.go.gov.br\/' target='_blank'>INSTITUTO DE IDENTIFICA\u00c7\u00c3O<\/a><\/li><li><a href='https:\/\/apps.apple.com\/br\/app\/mulher-segura\/id6446634473' target='_blank'>IOS<\/a><\/li><\/ul><\/div><div class='sitemap-group'><h3>L<\/h3><ul><li><a href='https:\/\/goias.gov.br\/policiacientifica\/categoria\/legislacao-relacionada\/' target='_blank'>LEGISLA\u00c7\u00c3O RELACIONADA<\/a><\/li><li><a href='https:\/\/goias.gov.br\/policiacientifica\/lgpd\/' target='_blank'>LGPD<\/a><\/li><li><a href='https:\/\/goias.gov.br\/policiacientifica\/legislacao' target='_blank'>LEGISLA\u00c7\u00c3O<\/a><\/li><\/ul><\/div><div class='sitemap-group'><h3>M<\/h3><ul><li><a href='https:\/\/www.mpgo.mp.br\/portal\/' target='_blank'>MINIST\u00c9RIO P\u00daBLICO DO ESTADO DE GOI\u00c1S<\/a><\/li><\/ul><\/div><div class='sitemap-group'><h3>N<\/h3><ul><li><a href='http:\/\/goias.gov.br\/policiacientifica\/cipa\/niab' target='_blank'>NIAB<\/a><\/li><li><a href='http:\/\/goias.gov.br\/policiacientifica\/nucleos-regionais-da-sptc' target='_blank'>N\u00daCLEOS REGIONAIS<\/a><\/li><li><a href='https:\/\/goias.gov.br\/policiacientifica\/noticias' target='_blank'>NOT\u00cdCIAS<\/a><\/li><\/ul><\/div><div class='sitemap-group'><h3>O<\/h3><ul><li><a href='http:\/\/goias.gov.br\/policiacientifica\/estrutura' target='_blank'>ORGANOGRAMA<\/a><\/li><li><a href='https:\/\/www.go.gov.br\/servicos-digitais\/cge\/nova-ouvidoria\/pedido-informacao-publica?orgao=46&tipo_manifestacao=7' target='_blank'>OUVIDORIA SETORIAL<\/a><\/li><li><a href='https:\/\/www.go.gov.br\/servicos-digitais\/cge\/nova-ouvidoria?orgao=46' target='_blank'>OUVIDORIA SETORIAL (EXPRESSO)<\/a><\/li><li><a href='https:\/\/goias.gov.br\/seguranca\/ouvidoria-setorial\/' target='_blank'>OUVIDORIA SETORIAL (PRESENCIAL)<\/a><\/li><\/ul><\/div><div class='sitemap-group'><h3>P<\/h3><ul><li><a href='https:\/\/www.policiacivil.go.gov.br\/' target='_blank'>POL\u00cdCIA CIVIL<\/a><\/li><li><a href='http:\/\/www.pm.go.gov.br\/' target='_blank'>POL\u00cdCIA MILITAR<\/a><\/li><li><a href='https:\/\/www.dgap.go.gov.br\/' target='_blank'>POL\u00cdCIA PENAL<\/a><\/li><li><a href='http:\/\/www.procon.go.gov.br\/' target='_blank'>PROCON<\/a><\/li><li><a href='https:\/\/goias.gov.br\/policiacientifica\/historico' target='_blank'>POL\u00cdCIA CIENT\u00cdFICA DE GOI\u00c1S<\/a><\/li><li><a href='https:\/\/www.procon.go.gov.br\/' target='_blank'>PROCON GOI\u00c1S<\/a><\/li><li><a href='https:\/\/proconweb.ssp.go.gov.br' target='_blank'>PROCON WEB<\/a><\/li><li><a href='https:\/\/goias.gov.br\/policiacientifica\/pericias' target='_blank'>PER\u00cdCIAS<\/a><\/li><li><a href='https:\/\/www.portaldoservidor.go.gov.br\/' target='_blank'>PORTAL DO SERVIDOR<\/a><\/li><li><a href='https:\/\/goias.gov.br\/procuradoria\/' target='_blank'>PROCURADORIA-GERAL DO ESTADO DE GOI\u00c1S<\/a><\/li><\/ul><\/div><div class='sitemap-group'><h3>R<\/h3><ul><li><a href='https:\/\/raivirtual.ssp.go.gov.br' target='_blank'>REGISTRO DE OCORR\u00caNCIAS<\/a><\/li><\/ul><\/div><div class='sitemap-group'><h3>S<\/h3><ul><li><a href='http:\/\/www.ssp.go.gov.br\/' target='_blank'>SECRETARIA DE SEGURAN\u00c7A P\u00daBLICA<\/a><\/li><li><a href='http:\/\/goias.gov.br\/policiacientifica\/cipa\/sesmt' target='_blank'>SESMT<\/a><\/li><li><a href='http:\/\/goias.gov.br\/policiacientifica\/servidor' target='_blank'>SERVIDOR<\/a><\/li><li><a href='https:\/\/goias.gov.br\/policiacientifica\/sala-lilas' target='_blank'>SALA LIL\u00c1S<\/a><\/li><li><a href='https:\/\/www.go.gov.br\/unidadesvaptvupt' target='_blank'>SIC \u2013 SERVI\u00c7O DE INFORMA\u00c7\u00c3O AO CIDAD\u00c3O<\/a><\/li><li><a href='https:\/\/goias.gov.br\/policiacientifica\/superintendente\/' target='_blank'>SUPERINTENDENTE<\/a><\/li><li><a href='https:\/\/goias.gov.br\/policiacientifica\/sistemas' target='_blank'>SISTEMAS<\/a><\/li><li><a href='https:\/\/sei.go.gov.br\/sei\/modulos\/goias\/login-sei\/MdGoiasLoginSEI.php?acao=md_goias_login_SEI&sigla_orgao_sistema=GOVERNADORIA&sigla_sistema=SEI&infra_url=L3NlaS8=' target='_blank'>SEI GOVERNADORIA<\/a><\/li><\/ul><\/div><div class='sitemap-group'><h3>T<\/h3><ul><li><a href='https:\/\/taxas.ssp.go.gov.br\/taxas\/' target='_blank'>TAXAS (FUNESP)<\/a><\/li><li><a href='https:\/\/www.tjgo.jus.br\/' target='_blank'>TRIBUNAL DE JUSTI\u00c7A DO ESTADO DE GOI\u00c1S<\/a><\/li><li><a href='https:\/\/goias.gov.br\/policiacientifica\/telefones\/' target='_blank'>TELEFONES<\/a><\/li><\/ul><\/div><div class='sitemap-group'><h3>U<\/h3><ul><li><a href='https:\/\/goias.gov.br\/policiacientifica\/unidades' target='_blank'>UNIDADES<\/a><\/li><\/ul><\/div><div class='sitemap-group'><h3>W<\/h3><ul><li><a href='https:\/\/webmail.ssp.go.gov.br\/' target='_blank'>WEBMAIL<\/a><\/li><\/ul><\/div><\/div>\n","protected":false},"excerpt":{"rendered":"","protected":false},"author":1,"featured_media":0,"parent":0,"menu_order":0,"comment_status":"closed","ping_status":"closed","template":"","meta":{"footnotes":""},"class_list":["post-65","page","type-page","status-publish","hentry"],"rttpg_featured_image_url":null,"rttpg_author":{"display_name":"wagner.viana","author_link":"https:\/\/goias.gov.br\/policiacientifica\/author\/wagner-viana\/"},"rttpg_comment":0,"rttpg_category":null,"rttpg_excerpt":null,"_links":{"self":[{"href":"https:\/\/goias.gov.br\/policiacientifica\/wp-json\/wp\/v2\/pages\/65","targetHints":{"allow":["GET"]}}],"collection":[{"href":"https:\/\/goias.gov.br\/policiacientifica\/wp-json\/wp\/v2\/pages"}],"about":[{"href":"https:\/\/goias.gov.br\/policiacientifica\/wp-json\/wp\/v2\/types\/page"}],"author":[{"embeddable":true,"href":"https:\/\/goias.gov.br\/policiacientifica\/wp-json\/wp\/v2\/users\/1"}],"replies":[{"embeddable":true,"href":"https:\/\/goias.gov.br\/policiacientifica\/wp-json\/wp\/v2\/comments?post=65"}],"version-history":[{"count":2,"href":"https:\/\/goias.gov.br\/policiacientifica\/wp-json\/wp\/v2\/pages\/65\/revisions"}],"predecessor-version":[{"id":426811,"href":"https:\/\/goias.gov.br\/policiacientifica\/wp-json\/wp\/v2\/pages\/65\/revisions\/426811"}],"wp:attachment":[{"href":"https:\/\/goias.gov.br\/policiacientifica\/wp-json\/wp\/v2\/media?parent=65"}],"curies":[{"name":"wp","href":"https:\/\/api.w.org\/{rel}","templated":true}]}}