
{"id":4733,"date":"2026-04-22T11:06:06","date_gmt":"2026-04-22T14:06:06","guid":{"rendered":"https:\/\/goias.gov.br\/parquesdegoias\/?page_id=4733"},"modified":"2026-04-22T12:02:56","modified_gmt":"2026-04-22T15:02:56","slug":"psa-brigadas","status":"publish","type":"page","link":"https:\/\/goias.gov.br\/parquesdegoias\/psa-brigadas\/","title":{"rendered":"PSA Brigadas"},"content":{"rendered":"\t\t<div data-elementor-type=\"wp-page\" data-elementor-id=\"4733\" class=\"elementor elementor-4733\">\n\t\t\t\t<div class=\"elementor-element elementor-element-2fdb94b2 e-con-full e-flex e-con e-parent\" data-id=\"2fdb94b2\" data-element_type=\"container\" data-e-type=\"container\">\n\t\t<div class=\"elementor-element elementor-element-1b9af6f8 e-con-full e-flex e-con e-child\" data-id=\"1b9af6f8\" data-element_type=\"container\" data-e-type=\"container\" data-settings=\"{&quot;background_background&quot;:&quot;classic&quot;}\">\n\t\t\t\t<div class=\"elementor-element elementor-element-32f26a3a elementor-widget__width-initial elementor-widget-tablet__width-initial elementor-widget elementor-widget-heading\" data-id=\"32f26a3a\" data-element_type=\"widget\" data-e-type=\"widget\" data-widget_type=\"heading.default\">\n\t\t\t\t\t<h2 class=\"elementor-heading-title elementor-size-default\">PSA BRIGADAS<\/h2>\t\t\t\t<\/div>\n\t\t\t\t<\/div>\n\t\t<div class=\"elementor-element elementor-element-1ab0da2b e-con-full e-flex e-con e-child\" data-id=\"1ab0da2b\" data-element_type=\"container\" data-e-type=\"container\">\n\t\t<div class=\"elementor-element elementor-element-7c03d52e e-con-full e-flex e-con e-child\" data-id=\"7c03d52e\" data-element_type=\"container\" data-e-type=\"container\">\n\t\t\t\t<div class=\"elementor-element elementor-element-44979706 elementor-widget__width-initial elementor-widget-tablet__width-initial elementor-widget-mobile__width-initial elementor-widget elementor-widget-text-editor\" data-id=\"44979706\" data-element_type=\"widget\" data-e-type=\"widget\" data-widget_type=\"text-editor.default\">\n\t\t\t\t\t\t\t\t\t<p><span style=\"font-family: arial, helvetica, sans-serif; font-size: 12pt; color: #000000;\">O Projeto Piloto PSA Brigadas \u00e9 uma iniciativa do Governo de Goi\u00e1s, coordenada pela Secretaria de Estado de Meio Ambiente e Desenvolvimento Sustent\u00e1vel (SEMAD), no \u00e2mbito do Programa Estadual de Pagamento por Servi\u00e7os Ambientais (PEPSA). O projeto incentiva, por meio de apoio financeiro, a atua\u00e7\u00e3o de brigadas comunit\u00e1rias na preven\u00e7\u00e3o e combate a inc\u00eandios florestais no Cerrado.<\/span><\/p><h2><span style=\"font-family: arial, helvetica, sans-serif; font-size: 12pt; color: #000000;\">Como funciona<\/span><\/h2><p data-start=\"18\" data-end=\"302\"><span style=\"font-family: arial, helvetica, sans-serif; font-size: 12pt; color: #000000;\">Para participar, \u00e9 necess\u00e1rio realizar a inscri\u00e7\u00e3o no processo seletivo, ser aprovado no Curso de Forma\u00e7\u00e3o de Brigadas Comunit\u00e1rias (CBRIC), realizado em parceria com o <span class=\"hover:entity-accent entity-underline inline cursor-pointer align-baseline\"><span class=\"whitespace-normal\">Corpo de Bombeiros Militar do Estado de Goi\u00e1s<\/span><\/span>, e, ap\u00f3s a certifica\u00e7\u00e3o, formalizar a ades\u00e3o ao projeto por meio de contrato.<\/span><\/p><h2><span style=\"font-family: arial, helvetica, sans-serif; font-size: 12pt; color: #000000;\">Incentivo financeiro<\/span><\/h2><p><span style=\"font-family: arial, helvetica, sans-serif; color: #000000; font-size: 12pt;\">O valor de refer\u00eancia \u00e9 de R$ 267,24 por per\u00edodo de 12 horas, com pagamento mensal ap\u00f3s valida\u00e7\u00e3o. O pagamento est\u00e1 condicionado \u00e0 comprova\u00e7\u00e3o das atividades realizadas e \u00e0 valida\u00e7\u00e3o t\u00e9cnica dos resultados ambientais. <\/span><\/p><p><span style=\"color: #000000; font-family: arial, helvetica, sans-serif; font-size: 12pt;\"><strong>P\u00fablico-alvo<\/strong><\/span><\/p><p><span style=\"font-family: arial, helvetica, sans-serif; font-size: 12pt; color: #000000;\">Pessoas f\u00edsicas com 18 anos ou mais, residentes nos munic\u00edpios de Colinas do Sul, Alto Para\u00edso de Goi\u00e1s, Teresina de Goi\u00e1s, Cavalcante, Nova Roma e S\u00e3o Domingos, que sejam aprovadas no Curso de Forma\u00e7\u00e3o de Brigadas Comunit\u00e1rias.<\/span><\/p><p><strong><span style=\"font-family: arial, helvetica, sans-serif; font-size: 12pt; color: #000000;\">Edital<\/span><\/strong><\/p><p><span style=\"font-family: arial, helvetica, sans-serif; font-size: 12pt; color: #000000;\">Est\u00e1 aberto o <a href=\"https:\/\/goias.gov.br\/parquesdegoias\/wp-content\/uploads\/sites\/70\/2026\/04\/Publicacao___DOE__N___24.763_de_22_de_abril_de_2026.pdf\">Edital SEMAD n\u00ba 14\/2026<\/a>, que regulamenta a participa\u00e7\u00e3o no Projeto Piloto PSA Brigadas e estabelece\u00a0crit\u00e9rios de sele\u00e7\u00e3o, capacita\u00e7\u00e3o e regras de ades\u00e3o.<\/span><\/p><ul><li style=\"list-style-type: none;\"><ul style=\"list-style-type: circle;\"><li><span style=\"font-family: arial, helvetica, sans-serif; font-size: 12pt; color: #000000;\">Inscri\u00e7\u00f5es: 11 a 19 de junho de 2026;<\/span><\/li><li><span style=\"font-family: arial, helvetica, sans-serif; font-size: 12pt; color: #000000;\">Realiza\u00e7\u00e3o: exclusivamente pelo <a href=\"https:\/\/goias.gov.br\/meioambiente\">site da SEMAD<\/a>.<\/span><\/li><\/ul><\/li><\/ul>\t\t\t\t\t\t\t\t<\/div>\n\t\t\t\t<\/div>\n\t\t\t\t<\/div>\n\t\t\t\t<\/div>\n\t\t\t\t<\/div>\n\t\t","protected":false},"excerpt":{"rendered":"<p>PSA BRIGADAS O Projeto Piloto PSA Brigadas \u00e9 uma iniciativa do Governo de Goi\u00e1s, coordenada pela Secretaria de Estado de Meio Ambiente e Desenvolvimento Sustent\u00e1vel (SEMAD), no \u00e2mbito do Programa Estadual de Pagamento por Servi\u00e7os Ambientais (PEPSA). O projeto incentiva, por meio de apoio financeiro, a atua\u00e7\u00e3o de brigadas comunit\u00e1rias na preven\u00e7\u00e3o e combate a [&hellip;]<\/p>\n","protected":false},"author":855,"featured_media":0,"parent":0,"menu_order":0,"comment_status":"closed","ping_status":"closed","template":"","meta":{"footnotes":""},"class_list":["post-4733","page","type-page","status-publish","hentry"],"acf":[],"rttpg_featured_image_url":null,"rttpg_author":{"display_name":"danyellaoliveira","author_link":"https:\/\/goias.gov.br\/parquesdegoias\/author\/danyellaoliveira\/"},"rttpg_comment":0,"rttpg_category":null,"rttpg_excerpt":"PSA BRIGADAS O Projeto Piloto PSA Brigadas \u00e9 uma iniciativa do Governo de Goi\u00e1s, coordenada pela Secretaria de Estado de Meio Ambiente e Desenvolvimento Sustent\u00e1vel (SEMAD), no \u00e2mbito do Programa Estadual de Pagamento por Servi\u00e7os Ambientais (PEPSA). O projeto incentiva, por meio de apoio financeiro, a atua\u00e7\u00e3o de brigadas comunit\u00e1rias na preven\u00e7\u00e3o e combate a&hellip;","_links":{"self":[{"href":"https:\/\/goias.gov.br\/parquesdegoias\/wp-json\/wp\/v2\/pages\/4733","targetHints":{"allow":["GET"]}}],"collection":[{"href":"https:\/\/goias.gov.br\/parquesdegoias\/wp-json\/wp\/v2\/pages"}],"about":[{"href":"https:\/\/goias.gov.br\/parquesdegoias\/wp-json\/wp\/v2\/types\/page"}],"author":[{"embeddable":true,"href":"https:\/\/goias.gov.br\/parquesdegoias\/wp-json\/wp\/v2\/users\/855"}],"replies":[{"embeddable":true,"href":"https:\/\/goias.gov.br\/parquesdegoias\/wp-json\/wp\/v2\/comments?post=4733"}],"version-history":[{"count":3,"href":"https:\/\/goias.gov.br\/parquesdegoias\/wp-json\/wp\/v2\/pages\/4733\/revisions"}],"predecessor-version":[{"id":4753,"href":"https:\/\/goias.gov.br\/parquesdegoias\/wp-json\/wp\/v2\/pages\/4733\/revisions\/4753"}],"wp:attachment":[{"href":"https:\/\/goias.gov.br\/parquesdegoias\/wp-json\/wp\/v2\/media?parent=4733"}],"curies":[{"name":"wp","href":"https:\/\/api.w.org\/{rel}","templated":true}]}}