
{"id":4623,"date":"2026-04-16T10:33:52","date_gmt":"2026-04-16T13:33:52","guid":{"rendered":"https:\/\/goias.gov.br\/parquesdegoias\/?page_id=4623"},"modified":"2026-04-16T12:01:00","modified_gmt":"2026-04-16T15:01:00","slug":"planos-de-manejo-integrado-do-fogo-pmifs","status":"publish","type":"page","link":"https:\/\/goias.gov.br\/parquesdegoias\/planos-de-manejo-integrado-do-fogo-pmifs\/","title":{"rendered":"Planos de Manejo Integrado do Fogo (PMIFs)"},"content":{"rendered":"\t\t<div data-elementor-type=\"wp-page\" data-elementor-id=\"4623\" class=\"elementor elementor-4623\">\n\t\t\t\t<div class=\"elementor-element elementor-element-1bf3b82d e-con-full e-flex e-con e-parent\" data-id=\"1bf3b82d\" data-element_type=\"container\" data-e-type=\"container\">\n\t\t<div class=\"elementor-element elementor-element-7e1b596 e-con-full e-flex e-con e-child\" data-id=\"7e1b596\" data-element_type=\"container\" data-e-type=\"container\" data-settings=\"{&quot;background_background&quot;:&quot;classic&quot;}\">\n\t\t\t\t<div class=\"elementor-element elementor-element-3dad490b elementor-widget__width-initial elementor-widget-tablet__width-initial elementor-widget elementor-widget-heading\" data-id=\"3dad490b\" data-element_type=\"widget\" data-e-type=\"widget\" data-widget_type=\"heading.default\">\n\t\t\t\t\t<h2 class=\"elementor-heading-title elementor-size-default\">PLANOS DE MANEJO INTEGRADO DO FOGO (PMIFs)<\/h2>\t\t\t\t<\/div>\n\t\t\t\t<\/div>\n\t\t<div class=\"elementor-element elementor-element-dd7b5e3 e-con-full e-flex e-con e-child\" data-id=\"dd7b5e3\" data-element_type=\"container\" data-e-type=\"container\">\n\t\t<div class=\"elementor-element elementor-element-5fcd3713 e-con-full e-flex e-con e-child\" data-id=\"5fcd3713\" data-element_type=\"container\" data-e-type=\"container\">\n\t\t\t\t<div class=\"elementor-element elementor-element-41bbcb0f elementor-widget__width-initial elementor-widget-tablet__width-initial elementor-widget-mobile__width-initial elementor-widget elementor-widget-text-editor\" data-id=\"41bbcb0f\" data-element_type=\"widget\" data-e-type=\"widget\" data-widget_type=\"text-editor.default\">\n\t\t\t\t\t\t\t\t\t<p><span style=\"font-family: arial, helvetica, sans-serif; font-size: 12pt; color: #000000;\">Os Planos de Manejo Integrado do Fogo (PMIFs) s\u00e3o instrumentos de planejamento voltados \u00e0 gest\u00e3o do fogo em Unidades de Conserva\u00e7\u00e3o (UCs) e em \u00e1reas do entorno. Diferentemente de a\u00e7\u00f5es focadas apenas no combate a inc\u00eandios, os PMIFs adotam uma abordagem preventiva, estrat\u00e9gica e adaptativa.<\/span><\/p><p><span style=\"font-family: arial, helvetica, sans-serif; font-size: 12pt; color: #000000;\">Esses planos integram diversas a\u00e7\u00f5es, como preven\u00e7\u00e3o, monitoramento, resposta a inc\u00eandios e, quando necess\u00e1rio, o uso de t\u00e9cnicas como queimas prescritas e controladas. Tamb\u00e9m consideram aspectos ecol\u00f3gicos, sociais, culturais e t\u00e9cnicos, reconhecendo o uso tradicional do fogo e sua aplica\u00e7\u00e3o de forma planejada.<\/span><\/p><p><span style=\"font-family: arial, helvetica, sans-serif; font-size: 12pt; color: #000000;\">Os PMIFs s\u00e3o baseados em um processo cont\u00ednuo de planejamento, monitoramento e avalia\u00e7\u00e3o, com os seguintes objetivos:<\/span><\/p><ul><li style=\"list-style-type: none;\"><ul style=\"list-style-type: circle;\"><li><span style=\"font-family: arial, helvetica, sans-serif; font-size: 12pt; color: #000000;\">Reduzir a ocorr\u00eancia e a intensidade dos inc\u00eandios florestais;<\/span><\/li><li><span style=\"font-family: arial, helvetica, sans-serif; font-size: 12pt; color: #000000;\">Conservar a biodiversidade;<\/span><\/li><li><span style=\"font-family: arial, helvetica, sans-serif; font-size: 12pt; color: #000000;\">Diminuir impactos ambientais, como emiss\u00f5es de gases e material particulado;<\/span><\/li><li><span style=\"font-family: arial, helvetica, sans-serif; font-size: 12pt; color: #000000;\">Orientar o uso adequado e seguro do fogo.<\/span><\/li><\/ul><\/li><\/ul><p><span style=\"font-family: arial, helvetica, sans-serif; font-size: 12pt; color: #000000;\">Todos os planos seguem as diretrizes da Pol\u00edtica Nacional de Manejo Integrado do Fogo e s\u00e3o elaborados de forma colaborativa, com participa\u00e7\u00e3o de diferentes institui\u00e7\u00f5es e \u00e1reas do conhecimento.<\/span><\/p><p><strong><span style=\"font-family: arial, helvetica, sans-serif; font-size: 12pt; color: #000000;\">Planos publicados<\/span><\/strong><\/p><p><span style=\"font-family: arial, helvetica, sans-serif; font-size: 12pt; color: #000000;\">Atualmente, est\u00e3o dispon\u00edveis os seguintes Planos de Manejo Integrado do Fogo:<\/span><\/p><ul><li style=\"list-style-type: none;\"><ul style=\"list-style-type: circle;\"><li><span style=\"font-family: arial, helvetica, sans-serif; font-size: 12pt;\"><a href=\"https:\/\/goias.gov.br\/parquesdegoias\/wp-content\/uploads\/sites\/70\/2026\/04\/Produto5_PMIF_PESD_v4.pdf\" data-type=\"link\" data-id=\"https:\/\/goias.gov.br\/parquesdegoias\/wp-content\/uploads\/sites\/70\/2026\/04\/Produto5_PMIF_PESD_v4.pdf\"><span dir=\"auto\">Plano de Manejo Integrado do Fogo \u2013 Parque Estadual da Serra Dourada (PESD)<\/span><\/a><\/span><\/li><li><span style=\"font-family: arial, helvetica, sans-serif; font-size: 12pt; color: #000000;\"> <a href=\"https:\/\/goias.gov.br\/parquesdegoias\/wp-content\/uploads\/sites\/70\/2026\/04\/Produto4_PMIF_PETER.pdf\" data-type=\"link\" data-id=\"https:\/\/goias.gov.br\/parquesdegoias\/wp-content\/uploads\/sites\/70\/2026\/04\/Produto5_PMIF_PESD_v4.pdf\">Plano de Manejo Integrado do Fogo \u2013 Parque Estadual de Terra Ronca (PETeR)<\/a><\/span><\/li><\/ul><\/li><\/ul>\t\t\t\t\t\t\t\t<\/div>\n\t\t\t\t<\/div>\n\t\t\t\t<\/div>\n\t\t\t\t<\/div>\n\t\t\t\t<\/div>\n\t\t","protected":false},"excerpt":{"rendered":"<p>PLANOS DE MANEJO INTEGRADO DO FOGO (PMIFs) Os Planos de Manejo Integrado do Fogo (PMIFs) s\u00e3o instrumentos de planejamento voltados \u00e0 gest\u00e3o do fogo em Unidades de Conserva\u00e7\u00e3o (UCs) e em \u00e1reas do entorno. Diferentemente de a\u00e7\u00f5es focadas apenas no combate a inc\u00eandios, os PMIFs adotam uma abordagem preventiva, estrat\u00e9gica e adaptativa. Esses planos integram [&hellip;]<\/p>\n","protected":false},"author":855,"featured_media":0,"parent":0,"menu_order":0,"comment_status":"closed","ping_status":"closed","template":"","meta":{"footnotes":""},"class_list":["post-4623","page","type-page","status-publish","hentry"],"acf":[],"rttpg_featured_image_url":null,"rttpg_author":{"display_name":"danyellaoliveira","author_link":"https:\/\/goias.gov.br\/parquesdegoias\/author\/danyellaoliveira\/"},"rttpg_comment":0,"rttpg_category":null,"rttpg_excerpt":"PLANOS DE MANEJO INTEGRADO DO FOGO (PMIFs) Os Planos de Manejo Integrado do Fogo (PMIFs) s\u00e3o instrumentos de planejamento voltados \u00e0 gest\u00e3o do fogo em Unidades de Conserva\u00e7\u00e3o (UCs) e em \u00e1reas do entorno. Diferentemente de a\u00e7\u00f5es focadas apenas no combate a inc\u00eandios, os PMIFs adotam uma abordagem preventiva, estrat\u00e9gica e adaptativa. Esses planos integram&hellip;","_links":{"self":[{"href":"https:\/\/goias.gov.br\/parquesdegoias\/wp-json\/wp\/v2\/pages\/4623","targetHints":{"allow":["GET"]}}],"collection":[{"href":"https:\/\/goias.gov.br\/parquesdegoias\/wp-json\/wp\/v2\/pages"}],"about":[{"href":"https:\/\/goias.gov.br\/parquesdegoias\/wp-json\/wp\/v2\/types\/page"}],"author":[{"embeddable":true,"href":"https:\/\/goias.gov.br\/parquesdegoias\/wp-json\/wp\/v2\/users\/855"}],"replies":[{"embeddable":true,"href":"https:\/\/goias.gov.br\/parquesdegoias\/wp-json\/wp\/v2\/comments?post=4623"}],"version-history":[{"count":2,"href":"https:\/\/goias.gov.br\/parquesdegoias\/wp-json\/wp\/v2\/pages\/4623\/revisions"}],"predecessor-version":[{"id":4650,"href":"https:\/\/goias.gov.br\/parquesdegoias\/wp-json\/wp\/v2\/pages\/4623\/revisions\/4650"}],"wp:attachment":[{"href":"https:\/\/goias.gov.br\/parquesdegoias\/wp-json\/wp\/v2\/media?parent=4623"}],"curies":[{"name":"wp","href":"https:\/\/api.w.org\/{rel}","templated":true}]}}