
{"id":4474,"date":"2026-02-24T08:27:58","date_gmt":"2026-02-24T11:27:58","guid":{"rendered":"https:\/\/goias.gov.br\/parquesdegoias\/?page_id=4474"},"modified":"2026-02-24T13:25:29","modified_gmt":"2026-02-24T16:25:29","slug":"projeto-detetives-ecologicos","status":"publish","type":"page","link":"https:\/\/goias.gov.br\/parquesdegoias\/projeto-detetives-ecologicos\/","title":{"rendered":"Projeto Detetives Ecol\u00f3gicos"},"content":{"rendered":"\t\t<div data-elementor-type=\"wp-page\" data-elementor-id=\"4474\" class=\"elementor elementor-4474\">\n\t\t\t\t<div class=\"elementor-element elementor-element-54b1c69a e-con-full e-flex e-con e-parent\" data-id=\"54b1c69a\" data-element_type=\"container\" data-e-type=\"container\">\n\t\t<div class=\"elementor-element elementor-element-75a8f693 e-con-full e-flex e-con e-child\" data-id=\"75a8f693\" data-element_type=\"container\" data-e-type=\"container\" data-settings=\"{&quot;background_background&quot;:&quot;classic&quot;}\">\n\t\t\t\t<div class=\"elementor-element elementor-element-6ee626f5 elementor-widget__width-initial elementor-widget-tablet__width-initial elementor-widget elementor-widget-heading\" data-id=\"6ee626f5\" data-element_type=\"widget\" data-e-type=\"widget\" data-widget_type=\"heading.default\">\n\t\t\t\t\t<h2 class=\"elementor-heading-title elementor-size-default\">PROJETO DETETIVES ECOL\u00d3GICOS\n<\/h2>\t\t\t\t<\/div>\n\t\t\t\t<\/div>\n\t\t<div class=\"elementor-element elementor-element-c7b6e67 e-con-full e-flex e-con e-child\" data-id=\"c7b6e67\" data-element_type=\"container\" data-e-type=\"container\">\n\t\t<div class=\"elementor-element elementor-element-3f20870e e-con-full e-flex e-con e-child\" data-id=\"3f20870e\" data-element_type=\"container\" data-e-type=\"container\">\n\t\t\t\t<div class=\"elementor-element elementor-element-724b405a elementor-widget__width-initial elementor-widget-tablet__width-initial elementor-widget-mobile__width-initial elementor-widget elementor-widget-text-editor\" data-id=\"724b405a\" data-element_type=\"widget\" data-e-type=\"widget\" data-widget_type=\"text-editor.default\">\n\t\t\t\t\t\t\t\t\t<p><span style=\"font-family: arial, helvetica, sans-serif; font-size: 12pt; color: #000000;\"><span style=\"font-weight: 400;\">O Projeto Detetives Ecol\u00f3gicos \u00e9 uma iniciativa de pesquisa aplicada \u00e0 conserva\u00e7\u00e3o da biodiversidade em Goi\u00e1s, desenvolvida no \u00e2mbito da Secretaria de Estado de Meio Ambiente e Desenvolvimento Sustent\u00e1vel (SEMAD). O projeto utiliza o conceito de esp\u00e9cies-detetives, com destaque para a on\u00e7a-parda (<\/span><i><span style=\"font-weight: 400;\">Puma concolor<\/span><\/i><span style=\"font-weight: 400;\">), para compreender a din\u00e2mica da paisagem, o uso do territ\u00f3rio e os desafios \u00e0 conserva\u00e7\u00e3o no estado.<\/span><\/span><\/p><p><span style=\"font-family: arial, helvetica, sans-serif; font-size: 12pt; color: #000000;\"><b>Por que o projeto foi criado?<\/b><\/span><\/p><p><span style=\"font-family: arial, helvetica, sans-serif; font-size: 12pt; color: #000000;\"><span style=\"font-weight: 400;\">O projeto foi criado a partir da necessidade de ampliar o conhecimento sobre grandes mam\u00edferos e sua rela\u00e7\u00e3o com a paisagem, especialmente em \u00e1reas protegidas e em seu entorno. Esp\u00e9cies de topo de cadeia, como a on\u00e7a-parda, atuam como indicadores da qualidade ambiental e da conectividade entre habitats.<\/span><span style=\"font-weight: 400;\"><br \/><\/span><span style=\"font-weight: 400;\">Diante da fragmenta\u00e7\u00e3o de ambientes naturais e do avan\u00e7o de press\u00f5es antr\u00f3picas, o Projeto Detetives Ecol\u00f3gicos busca gerar informa\u00e7\u00f5es estrat\u00e9gicas para subsidiar a\u00e7\u00f5es de conserva\u00e7\u00e3o, planejamento territorial e gest\u00e3o das Unidades de Conserva\u00e7\u00e3o em Goi\u00e1s.<\/span><\/span><\/p><p><span style=\"font-family: arial, helvetica, sans-serif; font-size: 12pt; color: #000000;\"><b>Como o projeto foi realizado?<\/b><\/span><\/p><p><span style=\"font-weight: 400; font-family: arial, helvetica, sans-serif; font-size: 12pt; color: #000000;\">O Projeto Detetives Ecol\u00f3gicos \u00e9 desenvolvido por meio de parceria entre a SEMAD, a Universidade Federal de Catal\u00e3o (UFCAT) e o Programa de Conserva\u00e7\u00e3o Mam\u00edferos do Cerrado (PCMC). As a\u00e7\u00f5es envolvem o uso de c\u00e2meras-armadilha e monitoramento por colares GPS em indiv\u00edduos de on\u00e7a-parda, permitindo acompanhar seus deslocamentos, \u00e1reas de vida, padr\u00f5es de uso do habitat e conectividade entre \u00e1reas naturais. As atividades de campo foram realizadas principalmente na regi\u00e3o do Parque Estadual da Serra de Caldas Novas (PESCaN) e \u00e1reas adjacentes, integrando pesquisa cient\u00edfica e gest\u00e3o ambiental.<\/span><\/p><p><span style=\"font-family: arial, helvetica, sans-serif; font-size: 12pt; color: #000000;\"><b>Resultados at\u00e9 o momento<\/b><\/span><\/p><p><span style=\"font-weight: 400; font-family: arial, helvetica, sans-serif; font-size: 12pt; color: #000000;\">At\u00e9 o momento, o projeto j\u00e1 possibilitou:<\/span><\/p><ul><li style=\"list-style-type: none;\"><ul style=\"list-style-type: circle;\"><li style=\"font-weight: 400;\" aria-level=\"1\"><span style=\"font-weight: 400; font-family: arial, helvetica, sans-serif; font-size: 12pt; color: #000000;\">A coleta de dados in\u00e9ditos sobre o deslocamento e o uso do habitat pela on\u00e7a-parda;<\/span><\/li><li style=\"font-weight: 400;\" aria-level=\"1\"><span style=\"font-weight: 400; font-family: arial, helvetica, sans-serif; font-size: 12pt; color: #000000;\">A identifica\u00e7\u00e3o de \u00e1reas priorit\u00e1rias para a conserva\u00e7\u00e3o e conectividade ecol\u00f3gica;<\/span><\/li><li style=\"font-weight: 400;\" aria-level=\"1\"><span style=\"font-weight: 400; font-family: arial, helvetica, sans-serif; font-size: 12pt; color: #000000;\">O avan\u00e7o no entendimento sobre a rela\u00e7\u00e3o entre \u00e1reas protegidas e a paisagem do entorno;<\/span><\/li><li style=\"font-weight: 400;\" aria-level=\"1\"><span style=\"font-weight: 400; font-family: arial, helvetica, sans-serif; font-size: 12pt; color: #000000;\">A produ\u00e7\u00e3o de informa\u00e7\u00f5es cient\u00edficas relevantes para a gest\u00e3o do PESCaN e de outras \u00e1reas naturais.<\/span><\/li><\/ul><\/li><\/ul><p><strong><span style=\"font-family: arial, helvetica, sans-serif; font-size: 12pt; color: #000000;\">Contribui\u00e7\u00f5es do projeto<\/span><\/strong><\/p><p><span style=\"font-family: arial, helvetica, sans-serif; font-size: 12pt; color: #000000;\">O Projeto Detetives Ecol\u00f3gicos contribui para:<\/span><\/p><ul><li style=\"list-style-type: none;\"><ul style=\"list-style-type: circle;\"><li style=\"font-weight: 400;\" aria-level=\"1\"><span style=\"font-weight: 400; font-family: arial, helvetica, sans-serif; font-size: 12pt; color: #000000;\">O fortalecimento da conserva\u00e7\u00e3o de grandes mam\u00edferos em Goi\u00e1s;<\/span><\/li><li style=\"font-weight: 400;\" aria-level=\"1\"><span style=\"font-weight: 400; font-family: arial, helvetica, sans-serif; font-size: 12pt; color: #000000;\">O apoio \u00e0 gest\u00e3o das Unidades de Conserva\u00e7\u00e3o, com base em dados cient\u00edficos;<\/span><\/li><li style=\"font-weight: 400;\" aria-level=\"1\"><span style=\"font-weight: 400; font-family: arial, helvetica, sans-serif; font-size: 12pt; color: #000000;\">A identifica\u00e7\u00e3o de corredores ecol\u00f3gicos e \u00e1reas estrat\u00e9gicas para a biodiversidade;<\/span><\/li><li style=\"font-weight: 400;\" aria-level=\"1\"><span style=\"font-weight: 400; font-family: arial, helvetica, sans-serif; font-size: 12pt; color: #000000;\">A integra\u00e7\u00e3o entre pesquisa cient\u00edfica e pol\u00edticas p\u00fablicas ambientais;<\/span><\/li><li style=\"font-weight: 400;\" aria-level=\"1\"><span style=\"font-weight: 400; font-family: arial, helvetica, sans-serif; font-size: 12pt; color: #000000;\">A qualifica\u00e7\u00e3o da tomada de decis\u00e3o da SEMAD em a\u00e7\u00f5es de conserva\u00e7\u00e3o e planejamento territorial.<\/span><\/li><\/ul><\/li><\/ul>\t\t\t\t\t\t\t\t<\/div>\n\t\t\t\t<\/div>\n\t\t\t\t<\/div>\n\t\t\t\t<\/div>\n\t\t\t\t<\/div>\n\t\t","protected":false},"excerpt":{"rendered":"<p>PROJETO DETETIVES ECOL\u00d3GICOS O Projeto Detetives Ecol\u00f3gicos \u00e9 uma iniciativa de pesquisa aplicada \u00e0 conserva\u00e7\u00e3o da biodiversidade em Goi\u00e1s, desenvolvida no \u00e2mbito da Secretaria de Estado de Meio Ambiente e Desenvolvimento Sustent\u00e1vel (SEMAD). O projeto utiliza o conceito de esp\u00e9cies-detetives, com destaque para a on\u00e7a-parda (Puma concolor), para compreender a din\u00e2mica da paisagem, o uso [&hellip;]<\/p>\n","protected":false},"author":855,"featured_media":0,"parent":0,"menu_order":0,"comment_status":"closed","ping_status":"closed","template":"elementor_header_footer","meta":{"footnotes":""},"class_list":["post-4474","page","type-page","status-publish","hentry"],"acf":[],"rttpg_featured_image_url":null,"rttpg_author":{"display_name":"danyellaoliveira","author_link":"https:\/\/goias.gov.br\/parquesdegoias\/author\/danyellaoliveira\/"},"rttpg_comment":0,"rttpg_category":null,"rttpg_excerpt":"PROJETO DETETIVES ECOL\u00d3GICOS O Projeto Detetives Ecol\u00f3gicos \u00e9 uma iniciativa de pesquisa aplicada \u00e0 conserva\u00e7\u00e3o da biodiversidade em Goi\u00e1s, desenvolvida no \u00e2mbito da Secretaria de Estado de Meio Ambiente e Desenvolvimento Sustent\u00e1vel (SEMAD). O projeto utiliza o conceito de esp\u00e9cies-detetives, com destaque para a on\u00e7a-parda (Puma concolor), para compreender a din\u00e2mica da paisagem, o uso&hellip;","_links":{"self":[{"href":"https:\/\/goias.gov.br\/parquesdegoias\/wp-json\/wp\/v2\/pages\/4474","targetHints":{"allow":["GET"]}}],"collection":[{"href":"https:\/\/goias.gov.br\/parquesdegoias\/wp-json\/wp\/v2\/pages"}],"about":[{"href":"https:\/\/goias.gov.br\/parquesdegoias\/wp-json\/wp\/v2\/types\/page"}],"author":[{"embeddable":true,"href":"https:\/\/goias.gov.br\/parquesdegoias\/wp-json\/wp\/v2\/users\/855"}],"replies":[{"embeddable":true,"href":"https:\/\/goias.gov.br\/parquesdegoias\/wp-json\/wp\/v2\/comments?post=4474"}],"version-history":[{"count":3,"href":"https:\/\/goias.gov.br\/parquesdegoias\/wp-json\/wp\/v2\/pages\/4474\/revisions"}],"predecessor-version":[{"id":4480,"href":"https:\/\/goias.gov.br\/parquesdegoias\/wp-json\/wp\/v2\/pages\/4474\/revisions\/4480"}],"wp:attachment":[{"href":"https:\/\/goias.gov.br\/parquesdegoias\/wp-json\/wp\/v2\/media?parent=4474"}],"curies":[{"name":"wp","href":"https:\/\/api.w.org\/{rel}","templated":true}]}}