
{"id":4454,"date":"2026-02-20T15:59:03","date_gmt":"2026-02-20T18:59:03","guid":{"rendered":"https:\/\/goias.gov.br\/parquesdegoias\/?page_id=4454"},"modified":"2026-02-20T16:13:48","modified_gmt":"2026-02-20T19:13:48","slug":"projeto-botos-do-araguaia","status":"publish","type":"page","link":"https:\/\/goias.gov.br\/parquesdegoias\/projeto-botos-do-araguaia\/","title":{"rendered":"Projeto Botos do Araguaia"},"content":{"rendered":"\t\t<div data-elementor-type=\"wp-page\" data-elementor-id=\"4454\" class=\"elementor elementor-4454\">\n\t\t\t\t<div class=\"elementor-element elementor-element-5f8afbe4 e-con-full e-flex e-con e-parent\" data-id=\"5f8afbe4\" data-element_type=\"container\" data-e-type=\"container\">\n\t\t<div class=\"elementor-element elementor-element-5a3fc30c e-con-full e-flex e-con e-child\" data-id=\"5a3fc30c\" data-element_type=\"container\" data-e-type=\"container\" data-settings=\"{&quot;background_background&quot;:&quot;classic&quot;}\">\n\t\t\t\t<div class=\"elementor-element elementor-element-ea3456b elementor-widget__width-initial elementor-widget-tablet__width-initial elementor-widget elementor-widget-heading\" data-id=\"ea3456b\" data-element_type=\"widget\" data-e-type=\"widget\" data-widget_type=\"heading.default\">\n\t\t\t\t\t<h2 class=\"elementor-heading-title elementor-size-default\">PROJETO BOTOS DO ARAGUAIA<\/h2>\t\t\t\t<\/div>\n\t\t\t\t<\/div>\n\t\t<div class=\"elementor-element elementor-element-2ce932d e-con-full e-flex e-con e-child\" data-id=\"2ce932d\" data-element_type=\"container\" data-e-type=\"container\">\n\t\t<div class=\"elementor-element elementor-element-50e8b94 e-con-full e-flex e-con e-child\" data-id=\"50e8b94\" data-element_type=\"container\" data-e-type=\"container\">\n\t\t\t\t<div class=\"elementor-element elementor-element-c9966d9 elementor-widget__width-initial elementor-widget-tablet__width-initial elementor-widget-mobile__width-initial elementor-widget elementor-widget-text-editor\" data-id=\"c9966d9\" data-element_type=\"widget\" data-e-type=\"widget\" data-widget_type=\"text-editor.default\">\n\t\t\t\t\t\t\t\t\t<p><span style=\"font-family: arial, helvetica, sans-serif; font-size: 12pt; color: #000000;\"><span style=\"font-weight: 400;\">O\u00a0Projeto Botos do Araguaia\u00a0\u00e9 uma iniciativa dedicada ao conhecimento, \u00e0 conserva\u00e7\u00e3o e \u00e0 valoriza\u00e7\u00e3o do\u00a0boto-do-Araguaia (<\/span><i><span style=\"font-weight: 400;\">Inia\u00a0araguaiaensis<\/span><\/i><span style=\"font-weight: 400;\">),\u00a0esp\u00e9cie de golfinho de \u00e1gua doce end\u00eamica da bacia Tocantins-Araguaia e considerada amea\u00e7ada de extin\u00e7\u00e3o. O projeto une pesquisa cient\u00edfica, educa\u00e7\u00e3o ambiental e mobiliza\u00e7\u00e3o social para proteger uma das esp\u00e9cies mais emblem\u00e1ticas dos rios brasileiros.\u00a0<\/span><\/span><\/p><p><span style=\"font-family: arial, helvetica, sans-serif; font-size: 12pt; color: #000000;\"><b>Por que o projeto foi criado?<\/b><span style=\"font-weight: 400;\">\u00a0<\/span><\/span><\/p><p><span style=\"font-family: arial, helvetica, sans-serif; font-size: 12pt; color: #000000;\"><span style=\"font-weight: 400;\">O projeto surgiu da necessidade urgente de\u00a0ampliar o conhecimento cient\u00edfico sobre<\/span><b>\u00a0<\/b><span style=\"font-weight: 400;\">o\u00a0boto-do-Araguaia,\u00a0uma esp\u00e9cie descrita recentemente pela ci\u00eancia e ainda pouco estudada. A popula\u00e7\u00e3o desses animais enfrenta diversas amea\u00e7as, como a degrada\u00e7\u00e3o dos habitats aqu\u00e1ticos, altera\u00e7\u00f5es no regime dos rios, conflitos com atividades humanas e a falta de informa\u00e7\u00e3o sobre sua import\u00e2ncia ecol\u00f3gica. Diante desse cen\u00e1rio, tornou-se fundamental produzir dados confi\u00e1veis e promover a conscientiza\u00e7\u00e3o da sociedade para garantir a conserva\u00e7\u00e3o da esp\u00e9cie e dos ecossistemas onde ela vive.\u00a0<\/span><\/span><\/p><p><span style=\"font-family: arial, helvetica, sans-serif; font-size: 12pt; color: #000000;\"><b>Como o projeto foi realizado?<\/b><span style=\"font-weight: 400;\">\u00a0<\/span><\/span><\/p><p><span style=\"font-weight: 400; font-family: arial, helvetica, sans-serif; font-size: 12pt; color: #000000;\">As a\u00e7\u00f5es do projeto foram desenvolvidas por meio de\u00a0expedi\u00e7\u00f5es cient\u00edficas, parcerias institucionais e iniciativas educativas. Foram realizadas pesquisas de campo nos rios Araguaia e Tocantins, com o objetivo de identificar a distribui\u00e7\u00e3o dos botos, estimar popula\u00e7\u00f5es e registrar as principais press\u00f5es ambientais existentes na regi\u00e3o. Paralelamente, o projeto investiu fortemente em\u00a0educa\u00e7\u00e3o ambiental, traduzindo o conhecimento cient\u00edfico em uma linguagem acess\u00edvel para a popula\u00e7\u00e3o, especialmente crian\u00e7as, jovens e comunidades ribeirinhas.\u00a0<\/span><\/p><p><span style=\"font-weight: 400; font-family: arial, helvetica, sans-serif; font-size: 12pt; color: #000000;\">Um dos principais produtos dessa estrat\u00e9gia foi a elabora\u00e7\u00e3o da\u00a0cartilha \u201cOs Botos do Araguaia: um mergulho nas \u00e1guas da bacia Tocantins-Araguaia\u201d, que re\u00fane informa\u00e7\u00f5es sobre a esp\u00e9cie, seu comportamento, amea\u00e7as e a import\u00e2ncia da conserva\u00e7\u00e3o dos rios.\u00a0<\/span><\/p><p><span style=\"font-family: arial, helvetica, sans-serif; font-size: 12pt; color: #000000;\"><b>Resultados alcan\u00e7ados at\u00e9 o momento<\/b><span style=\"font-weight: 400;\">\u00a0<\/span><\/span><\/p><p><span style=\"font-weight: 400; font-family: arial, helvetica, sans-serif; font-size: 12pt; color: #000000;\">At\u00e9 o momento, o projeto contribuiu para:\u00a0<\/span><\/p><ul><li style=\"list-style-type: none;\"><ul style=\"list-style-type: circle;\"><li style=\"font-weight: 400;\" aria-level=\"1\"><span style=\"font-weight: 400; font-family: arial, helvetica, sans-serif; font-size: 12pt; color: #000000;\">A realiza\u00e7\u00e3o de expedi\u00e7\u00f5es cient\u00edficas que ampliaram o conhecimento sobre a ocorr\u00eancia e o status de conserva\u00e7\u00e3o do boto-do-araguaia;\u00a0<\/span><\/li><li style=\"font-weight: 400;\" aria-level=\"1\"><span style=\"font-weight: 400; font-family: arial, helvetica, sans-serif; font-size: 12pt; color: #000000;\">A produ\u00e7\u00e3o e disponibiliza\u00e7\u00e3o gratuita de material educativo de alta qualidade;\u00a0<\/span><\/li><li style=\"font-weight: 400;\" aria-level=\"1\"><span style=\"font-weight: 400; font-family: arial, helvetica, sans-serif; font-size: 12pt; color: #000000;\">O fortalecimento da educa\u00e7\u00e3o ambiental em munic\u00edpios da regi\u00e3o do Araguaia, alcan\u00e7ando estudantes, professores e comunidades locais;\u00a0<\/span><\/li><li style=\"font-weight: 400;\" aria-level=\"1\"><span style=\"font-weight: 400; font-family: arial, helvetica, sans-serif; font-size: 12pt; color: #000000;\">O aumento da visibilidade p\u00fablica sobre a exist\u00eancia e a import\u00e2ncia do boto-do-araguaia.\u00a0<\/span><\/li><\/ul><\/li><\/ul><p><span style=\"font-family: arial, helvetica, sans-serif; font-size: 12pt; color: #000000;\"><b>Contribui\u00e7\u00f5es do projeto<\/b><span style=\"font-weight: 400;\">\u00a0<\/span><\/span><\/p><p><span style=\"font-weight: 400; font-family: arial, helvetica, sans-serif; font-size: 12pt; color: #000000;\">O Projeto Botos do Araguaia tem contribu\u00eddo diretamente para a\u00a0prote\u00e7\u00e3o da biodiversidade aqu\u00e1tica, ao gerar informa\u00e7\u00f5es que podem subsidiar pol\u00edticas p\u00fablicas e a\u00e7\u00f5es de conserva\u00e7\u00e3o. Al\u00e9m disso, promove a\u00a0sensibiliza\u00e7\u00e3o da sociedade\u00a0sobre a rela\u00e7\u00e3o entre a sa\u00fade dos rios e a sobreviv\u00eancia das esp\u00e9cies que deles dependem, fortalecendo uma cultura de cuidado com o meio ambiente.\u00a0<\/span><\/p><p><span style=\"font-family: arial, helvetica, sans-serif; font-size: 12pt; color: #000000;\"><b>Conhe\u00e7a a cartilha \u201cOs Botos do Araguaia\u201d<\/b><span style=\"font-weight: 400;\">\u00a0<\/span><\/span><\/p><p><span style=\"font-weight: 400; font-family: arial, helvetica, sans-serif; font-size: 12pt; color: #000000;\">Quer saber mais sobre o boto-do-araguaia e a import\u00e2ncia da conserva\u00e7\u00e3o dos rios da bacia Tocantins-Araguaia?\u00a0<\/span><\/p><p><span style=\"font-weight: 400; font-family: arial, helvetica, sans-serif; font-size: 12pt; color: #000000;\">Acesse gratuitamente a cartilha educativa do projeto e mergulhe nesse universo:\u00a0<\/span><\/p><p><span style=\"font-family: arial, helvetica, sans-serif; font-size: 12pt; color: #61ce70;\"><a style=\"color: #61ce70;\" href=\"https:\/\/goias.gov.br\/meioambiente\/wp-content\/uploads\/sites\/33\/2023\/06\/WWF_Cartilha_Os_Botos_do_Araguaia_2-477.pdf\"><b>Clique aqui para acessar a cartilha \u201cOs Botos do Araguaia\u201d.<\/b><\/a><\/span><\/p>\t\t\t\t\t\t\t\t<\/div>\n\t\t\t\t<\/div>\n\t\t\t\t<\/div>\n\t\t\t\t<\/div>\n\t\t\t\t<\/div>\n\t\t","protected":false},"excerpt":{"rendered":"<p>PROJETO BOTOS DO ARAGUAIA O\u00a0Projeto Botos do Araguaia\u00a0\u00e9 uma iniciativa dedicada ao conhecimento, \u00e0 conserva\u00e7\u00e3o e \u00e0 valoriza\u00e7\u00e3o do\u00a0boto-do-Araguaia (Inia\u00a0araguaiaensis),\u00a0esp\u00e9cie de golfinho de \u00e1gua doce end\u00eamica da bacia Tocantins-Araguaia e considerada amea\u00e7ada de extin\u00e7\u00e3o. O projeto une pesquisa cient\u00edfica, educa\u00e7\u00e3o ambiental e mobiliza\u00e7\u00e3o social para proteger uma das esp\u00e9cies mais emblem\u00e1ticas dos rios brasileiros.\u00a0 Por [&hellip;]<\/p>\n","protected":false},"author":855,"featured_media":0,"parent":0,"menu_order":0,"comment_status":"closed","ping_status":"closed","template":"elementor_header_footer","meta":{"footnotes":""},"class_list":["post-4454","page","type-page","status-publish","hentry"],"acf":[],"rttpg_featured_image_url":null,"rttpg_author":{"display_name":"danyellaoliveira","author_link":"https:\/\/goias.gov.br\/parquesdegoias\/author\/danyellaoliveira\/"},"rttpg_comment":0,"rttpg_category":null,"rttpg_excerpt":"PROJETO BOTOS DO ARAGUAIA O\u00a0Projeto Botos do Araguaia\u00a0\u00e9 uma iniciativa dedicada ao conhecimento, \u00e0 conserva\u00e7\u00e3o e \u00e0 valoriza\u00e7\u00e3o do\u00a0boto-do-Araguaia (Inia\u00a0araguaiaensis),\u00a0esp\u00e9cie de golfinho de \u00e1gua doce end\u00eamica da bacia Tocantins-Araguaia e considerada amea\u00e7ada de extin\u00e7\u00e3o. O projeto une pesquisa cient\u00edfica, educa\u00e7\u00e3o ambiental e mobiliza\u00e7\u00e3o social para proteger uma das esp\u00e9cies mais emblem\u00e1ticas dos rios brasileiros.\u00a0 Por&hellip;","_links":{"self":[{"href":"https:\/\/goias.gov.br\/parquesdegoias\/wp-json\/wp\/v2\/pages\/4454","targetHints":{"allow":["GET"]}}],"collection":[{"href":"https:\/\/goias.gov.br\/parquesdegoias\/wp-json\/wp\/v2\/pages"}],"about":[{"href":"https:\/\/goias.gov.br\/parquesdegoias\/wp-json\/wp\/v2\/types\/page"}],"author":[{"embeddable":true,"href":"https:\/\/goias.gov.br\/parquesdegoias\/wp-json\/wp\/v2\/users\/855"}],"replies":[{"embeddable":true,"href":"https:\/\/goias.gov.br\/parquesdegoias\/wp-json\/wp\/v2\/comments?post=4454"}],"version-history":[{"count":2,"href":"https:\/\/goias.gov.br\/parquesdegoias\/wp-json\/wp\/v2\/pages\/4454\/revisions"}],"predecessor-version":[{"id":4463,"href":"https:\/\/goias.gov.br\/parquesdegoias\/wp-json\/wp\/v2\/pages\/4454\/revisions\/4463"}],"wp:attachment":[{"href":"https:\/\/goias.gov.br\/parquesdegoias\/wp-json\/wp\/v2\/media?parent=4454"}],"curies":[{"name":"wp","href":"https:\/\/api.w.org\/{rel}","templated":true}]}}