
{"id":4360,"date":"2026-01-26T11:40:36","date_gmt":"2026-01-26T14:40:36","guid":{"rendered":"https:\/\/goias.gov.br\/parquesdegoias\/?page_id=4360"},"modified":"2026-01-28T08:51:56","modified_gmt":"2026-01-28T11:51:56","slug":"sistema-de-gestao-de-fauna-silvestre-sigex","status":"publish","type":"page","link":"https:\/\/goias.gov.br\/parquesdegoias\/sistema-de-gestao-de-fauna-silvestre-sigex\/","title":{"rendered":"Sistema de Gest\u00e3o de Fauna Silvestre na Condi\u00e7\u00e3o Ex situ (SIGEX)"},"content":{"rendered":"\t\t<div data-elementor-type=\"wp-page\" data-elementor-id=\"4360\" class=\"elementor elementor-4360\">\n\t\t\t\t<div class=\"elementor-element elementor-element-5cd21acf e-con-full e-flex e-con e-parent\" data-id=\"5cd21acf\" data-element_type=\"container\" data-e-type=\"container\">\n\t\t<div class=\"elementor-element elementor-element-3981e96c e-con-full e-flex e-con e-child\" data-id=\"3981e96c\" data-element_type=\"container\" data-e-type=\"container\" data-settings=\"{&quot;background_background&quot;:&quot;classic&quot;}\">\n\t\t\t\t<\/div>\n\t\t<div class=\"elementor-element elementor-element-11233af6 e-con-full e-flex e-con e-child\" data-id=\"11233af6\" data-element_type=\"container\" data-e-type=\"container\">\n\t\t<div class=\"elementor-element elementor-element-14e72583 e-con-full e-flex e-con e-child\" data-id=\"14e72583\" data-element_type=\"container\" data-e-type=\"container\">\n\t\t\t\t<div class=\"elementor-element elementor-element-d0a7565 elementor-widget__width-initial elementor-widget-tablet__width-initial elementor-widget-mobile__width-initial elementor-widget elementor-widget-text-editor\" data-id=\"d0a7565\" data-element_type=\"widget\" data-e-type=\"widget\" data-widget_type=\"text-editor.default\">\n\t\t\t\t\t\t\t\t\t<p><span style=\"font-weight: 400; font-family: arial, helvetica, sans-serif; font-size: 12pt; color: #000000;\">A Secretaria de Estado de Meio Ambiente e Desenvolvimento Sustent\u00e1vel (SEMAD), por meio da Ger\u00eancia de Conserva\u00e7\u00e3o, Biodiversidade e Fauna (GEBIO), realizou a implementa\u00e7\u00e3o do Sistema de Gest\u00e3o de Fauna Silvestre na Condi\u00e7\u00e3o Ex situ \u2013 SIGEX.<\/span><\/p><p><span style=\"font-family: arial, helvetica, sans-serif; font-size: 12pt; color: #000000;\"><span style=\"font-weight: 400;\">A\u00a0<\/span><a href=\"https:\/\/legisla.casacivil.go.gov.br\/api\/v2\/pesquisa\/legislacoes\/81803\/pdf#:~:text=Os%20animais%20silvestres%20permanecer%C3%A3o%2C%20prioritariamente,de%2023%2D09%2D2021\"><span style=\"font-weight: 400;\">Lei Estadual n\u00ba. 14.241\/2002<\/span><\/a><span style=\"font-weight: 400;\"> regulamenta, de maneira espec\u00edfica, o previsto na Pol\u00edtica Nacional de Meio Ambiente e na Constitui\u00e7\u00e3o Federal, em rela\u00e7\u00e3o \u00e0 prote\u00e7\u00e3o da fauna silvestre no Estado de Goi\u00e1s.<\/span><span style=\"font-weight: 400;\"><br \/><\/span><\/span><\/p><p><span style=\"font-family: arial, helvetica, sans-serif; font-size: 12pt; color: #000000;\"><span style=\"font-weight: 400;\">Considerando o disposto na\u00a0<\/span><a href=\"https:\/\/www.in.gov.br\/materia\/-\/asset_publisher\/Kujrw0TZC2Mb\/content\/id\/47542644\/do1-2018-10-29-resolucao-n-489-de-26-de-outubro-de-2018-47542603\"><span style=\"font-weight: 400;\">Resolu\u00e7\u00e3o CONAMA N\u00b0. 489\/2018<\/span><\/a><span style=\"font-weight: 400;\">, que define as categorias de atividades ou empreendimentos e estabelece crit\u00e9rios gerais para a autoriza\u00e7\u00e3o de uso e manejo em cativeiro da fauna silvestre e da fauna ex\u00f3tica, foi publicada a\u00a0<\/span><a href=\"https:\/\/diariooficial.abc.go.gov.br\/portal\/visualizacoes\/pdf\/4566#\/p:17\/e:4566?find=Instru%C3%A7%C3%A3o%20Normativa%20n%C2%BA%201\/2021\"><span style=\"font-weight: 400;\">Instru\u00e7\u00e3o Normativa 01\/2021-SEMAD<\/span><\/a><span style=\"font-weight: 400;\">, atualizada pela <\/span><span style=\"font-weight: 400;\"><a href=\"https:\/\/goias.gov.br\/parquesdegoias\/wp-content\/uploads\/sites\/70\/2026\/01\/Instrucao-Normativa-13-2023-SEMADGO-AUTORIZACOES-MANEJO-EX-SITU.pdf\"><span style=\"color: #000000;\"><span style=\"color: #61ce70;\">Instru\u00e7\u00e3o Normativa n\u00ba 13\/2023-SEMAD<\/span><\/span><\/a>,<\/span> <span style=\"font-weight: 400;\">que estabelece os\u00a0procedimentos para solicita\u00e7\u00e3o de autoriza\u00e7\u00f5es para uso e manejo em cativeiro, de fauna silvestre nativa e fauna silvestre ex\u00f3tica no Estado de Goi\u00e1s.<\/span><span style=\"font-weight: 400;\"><br \/><\/span><\/span><\/p><p><span style=\"font-family: arial, helvetica, sans-serif; font-size: 12pt; color: #000000;\"><span style=\"font-weight: 400;\">O SIGEX \u00e9 um sistema eletr\u00f4nico de gest\u00e3o e controle dos empreendimentos e atividades relacionadas ao uso e manejo da fauna silvestre em cativeiro do Estado de Goi\u00e1s.<\/span><span style=\"font-weight: 400;\"><br \/><\/span><\/span><\/p><p><span style=\"font-weight: 400; font-family: arial, helvetica, sans-serif; font-size: 12pt; color: #000000;\">Atrav\u00e9s dele, os empreendedores poder\u00e3o realizar uma s\u00e9rie de a\u00e7\u00f5es relativas aos seus empreendimentos, tais como requerer autoriza\u00e7\u00f5es, cadastrar, atualizar e trocar informa\u00e7\u00f5es com a Secretaria de Estado de Meio Ambiente e Desenvolvimento Sustent\u00e1vel (SEMAD) que atuar\u00e1 na an\u00e1lise de demandas e gerenciamento desses empreendimentos.<\/span><\/p><p><span style=\"font-family: arial, helvetica, sans-serif; font-size: 12pt; color: #000000;\"><span style=\"font-weight: 400;\">Acesse o sistema clicando no link: <\/span><a href=\"https:\/\/portal.meioambiente.go.gov.br\/sigex\/inicio.mago\"><span style=\"font-weight: 400;\">https:\/\/portal.meioambiente.go.gov.br\/sigex\/inicio.mago<\/span><\/a>.<\/span><\/p>\t\t\t\t\t\t\t\t<\/div>\n\t\t\t\t<\/div>\n\t\t\t\t<\/div>\n\t\t\t\t<\/div>\n\t\t\t\t<\/div>\n\t\t","protected":false},"excerpt":{"rendered":"<p>A Secretaria de Estado de Meio Ambiente e Desenvolvimento Sustent\u00e1vel (SEMAD), por meio da Ger\u00eancia de Conserva\u00e7\u00e3o, Biodiversidade e Fauna (GEBIO), realizou a implementa\u00e7\u00e3o do Sistema de Gest\u00e3o de Fauna Silvestre na Condi\u00e7\u00e3o Ex situ \u2013 SIGEX. A\u00a0Lei Estadual n\u00ba. 14.241\/2002 regulamenta, de maneira espec\u00edfica, o previsto na Pol\u00edtica Nacional de Meio Ambiente e na [&hellip;]<\/p>\n","protected":false},"author":855,"featured_media":0,"parent":0,"menu_order":0,"comment_status":"closed","ping_status":"closed","template":"elementor_header_footer","meta":{"footnotes":""},"class_list":["post-4360","page","type-page","status-publish","hentry"],"acf":[],"rttpg_featured_image_url":null,"rttpg_author":{"display_name":"danyellaoliveira","author_link":"https:\/\/goias.gov.br\/parquesdegoias\/author\/danyellaoliveira\/"},"rttpg_comment":0,"rttpg_category":null,"rttpg_excerpt":"A Secretaria de Estado de Meio Ambiente e Desenvolvimento Sustent\u00e1vel (SEMAD), por meio da Ger\u00eancia de Conserva\u00e7\u00e3o, Biodiversidade e Fauna (GEBIO), realizou a implementa\u00e7\u00e3o do Sistema de Gest\u00e3o de Fauna Silvestre na Condi\u00e7\u00e3o Ex situ \u2013 SIGEX. A\u00a0Lei Estadual n\u00ba. 14.241\/2002 regulamenta, de maneira espec\u00edfica, o previsto na Pol\u00edtica Nacional de Meio Ambiente e na&hellip;","_links":{"self":[{"href":"https:\/\/goias.gov.br\/parquesdegoias\/wp-json\/wp\/v2\/pages\/4360","targetHints":{"allow":["GET"]}}],"collection":[{"href":"https:\/\/goias.gov.br\/parquesdegoias\/wp-json\/wp\/v2\/pages"}],"about":[{"href":"https:\/\/goias.gov.br\/parquesdegoias\/wp-json\/wp\/v2\/types\/page"}],"author":[{"embeddable":true,"href":"https:\/\/goias.gov.br\/parquesdegoias\/wp-json\/wp\/v2\/users\/855"}],"replies":[{"embeddable":true,"href":"https:\/\/goias.gov.br\/parquesdegoias\/wp-json\/wp\/v2\/comments?post=4360"}],"version-history":[{"count":2,"href":"https:\/\/goias.gov.br\/parquesdegoias\/wp-json\/wp\/v2\/pages\/4360\/revisions"}],"predecessor-version":[{"id":4399,"href":"https:\/\/goias.gov.br\/parquesdegoias\/wp-json\/wp\/v2\/pages\/4360\/revisions\/4399"}],"wp:attachment":[{"href":"https:\/\/goias.gov.br\/parquesdegoias\/wp-json\/wp\/v2\/media?parent=4360"}],"curies":[{"name":"wp","href":"https:\/\/api.w.org\/{rel}","templated":true}]}}