
{"id":4335,"date":"2026-01-26T10:52:08","date_gmt":"2026-01-26T13:52:08","guid":{"rendered":"https:\/\/goias.gov.br\/parquesdegoias\/?page_id=4335"},"modified":"2026-01-26T11:16:00","modified_gmt":"2026-01-26T14:16:00","slug":"projeto-bandeiras-no-corredor","status":"publish","type":"page","link":"https:\/\/goias.gov.br\/parquesdegoias\/projeto-bandeiras-no-corredor\/","title":{"rendered":"Projeto Bandeiras no Corredor"},"content":{"rendered":"\t\t<div data-elementor-type=\"wp-page\" data-elementor-id=\"4335\" class=\"elementor elementor-4335\">\n\t\t\t\t<div class=\"elementor-element elementor-element-667a2d02 e-con-full e-flex e-con e-parent\" data-id=\"667a2d02\" data-element_type=\"container\" data-e-type=\"container\">\n\t\t<div class=\"elementor-element elementor-element-4653fcf0 e-con-full e-flex e-con e-child\" data-id=\"4653fcf0\" data-element_type=\"container\" data-e-type=\"container\" data-settings=\"{&quot;background_background&quot;:&quot;classic&quot;}\">\n\t\t\t\t<div class=\"elementor-element elementor-element-2c120c60 elementor-widget__width-initial elementor-widget-tablet__width-initial elementor-widget elementor-widget-heading\" data-id=\"2c120c60\" data-element_type=\"widget\" data-e-type=\"widget\" data-widget_type=\"heading.default\">\n\t\t\t\t\t<h2 class=\"elementor-heading-title elementor-size-default\">PROJETO BANDEIRAS NO CORREDOR<\/h2>\t\t\t\t<\/div>\n\t\t\t\t<\/div>\n\t\t<div class=\"elementor-element elementor-element-73e6083f e-con-full e-flex e-con e-child\" data-id=\"73e6083f\" data-element_type=\"container\" data-e-type=\"container\">\n\t\t<div class=\"elementor-element elementor-element-19f2beeb e-con-full e-flex e-con e-child\" data-id=\"19f2beeb\" data-element_type=\"container\" data-e-type=\"container\">\n\t\t\t\t<div class=\"elementor-element elementor-element-14a3a79a elementor-widget__width-initial elementor-widget-tablet__width-initial elementor-widget-mobile__width-initial elementor-widget elementor-widget-text-editor\" data-id=\"14a3a79a\" data-element_type=\"widget\" data-e-type=\"widget\" data-widget_type=\"text-editor.default\">\n\t\t\t\t\t\t\t\t\t<p><span style=\"font-weight: 400; font-family: arial, helvetica, sans-serif; font-size: 12pt; color: #000000;\">O Projeto Bandeiras no Corredor \u00e9 uma iniciativa cient\u00edfica da Universidade Federal de Goi\u00e1s (UFG), em parceria com a Alian\u00e7a da Terra, o Governo de Goi\u00e1s e o Funbio, com apoio da Secretaria de Estado de Meio Ambiente e Desenvolvimento Sustent\u00e1vel (Semad). Criado para monitorar a fauna de mam\u00edferos e aves no corredor ecol\u00f3gico entre os Parques Estaduais da Serra de Caldas Novas e da Mata Atl\u00e2ntica, o projeto busca entender a distribui\u00e7\u00e3o, comportamento dos animais e a sua reprodu\u00e7\u00e3o e manuten\u00e7\u00e3o das popula\u00e7\u00f5es, al\u00e9m de apoiar a\u00e7\u00f5es de conserva\u00e7\u00e3o baseadas em dados cient\u00edficos e estimular a participa\u00e7\u00e3o de comunidades locais e propriet\u00e1rios rurais na prote\u00e7\u00e3o da biodiversidade.<\/span><\/p><p><span style=\"font-weight: 400; font-family: arial, helvetica, sans-serif; font-size: 12pt; color: #000000;\">Utilizando mais de 70 c\u00e2meras e armadilhas fotogr\u00e1ficas distribu\u00eddas em cerca de 60 mil hectares, os pesquisadores registram e monitoram as esp\u00e9cies silvestres da regi\u00e3o para produzir um panorama detalhado da fauna local e dar subs\u00eddios para decis\u00f5es de conserva\u00e7\u00e3o baseadas em dados.\u00a0<\/span><\/p><p><span style=\"font-weight: 400; font-family: arial, helvetica, sans-serif; font-size: 12pt; color: #000000;\">Em pouco mais de um ano de trabalho, o projeto j\u00e1 identificou mais de 30 esp\u00e9cies de mam\u00edferos e aves, incluindo registros de tamandu\u00e1s-bandeira com filhotes, iraras, cachorros-do-mato, catetos e aves como o gavi\u00e3o-de-rabo-branco, al\u00e9m de intera\u00e7\u00f5es sociais e comportamentais que enriquecem o conhecimento cient\u00edfico sobre esses animais em seu habitat natural.\u00a0<\/span><\/p><p><span style=\"font-family: arial, helvetica, sans-serif; font-size: 12pt; color: #000000;\"><b>Quem faz parte da equipe<\/b><\/span><\/p><p><span style=\"font-family: arial, helvetica, sans-serif; font-size: 12pt; color: #000000;\">A coordena\u00e7\u00e3o cient\u00edfica \u00e9 liderada pelos doutores Alessandra Bertassoni e Paulo de Marco J\u00fanior (UFG). Entre os pesquisadores e colaboradores est\u00e3o:<\/span><\/p><ul><li style=\"font-weight: 400;\" aria-level=\"1\"><span style=\"font-family: arial, helvetica, sans-serif; font-size: 12pt; color: #000000;\">Maur\u00edcio Tambellini e Paula Tambellini (pesquisadores associados \u2013 Semad)<\/span><\/li><li style=\"font-weight: 400;\" aria-level=\"1\"><span style=\"font-family: arial, helvetica, sans-serif; font-size: 12pt; color: #000000;\">Filipe Guimar\u00e3es Lima (doutorando \u2013 UFG)<\/span><\/li><li style=\"font-weight: 400;\" aria-level=\"1\"><span style=\"font-family: arial, helvetica, sans-serif; font-size: 12pt; color: #000000;\">Cristiano Henrique Gon\u00e7alves Machado\u2011Filho (doutor)<\/span><\/li><li style=\"font-weight: 400;\" aria-level=\"1\"><span style=\"font-family: arial, helvetica, sans-serif; font-size: 12pt; color: #000000;\">Estudantes volunt\u00e1rios da UFG<\/span><\/li><li style=\"font-weight: 400;\" aria-level=\"1\"><span style=\"font-family: arial, helvetica, sans-serif; font-size: 12pt; color: #000000;\">Caroline Corr\u00eaa N\u00f3brega e integrantes da equipe da Alian\u00e7a da Terra (analistas e brigadistas)\u00a0<\/span><\/li><\/ul><p><span style=\"font-weight: 400; font-family: arial, helvetica, sans-serif; font-size: 12pt; color: #000000;\">Juntos, eles coletam dados fundamentais para entender como diferentes esp\u00e9cies ocupam e utilizam o corredor ecol\u00f3gico, como fatores ambientais e atividades humanas influenciam a fauna, e como promover estrat\u00e9gias de conserva\u00e7\u00e3o eficazes no longo prazo.\u00a0<\/span><\/p><p><span style=\"font-family: arial, helvetica, sans-serif; font-size: 12pt; color: #000000;\"><b>Perspectivas e pr\u00f3ximos passos<\/b><\/span><\/p><p><span style=\"font-weight: 400; font-family: arial, helvetica, sans-serif; font-size: 12pt; color: #000000;\">Com a primeira fase prevista para consolidar estimativas populacionais de esp\u00e9cies-chave, em especial o tamandu\u00e1-bandeira, o projeto segue reunindo informa\u00e7\u00f5es que ser\u00e3o usadas para orientar pol\u00edticas p\u00fablicas, programas de manejo e iniciativas de educa\u00e7\u00e3o ambiental no estado de Goi\u00e1s.\u00a0<\/span><\/p><p><span style=\"font-family: arial, helvetica, sans-serif; font-size: 12pt; color: #000000;\"><b>Acompanhe tudo pelo Instagram<\/b><\/span><\/p><p><span style=\"font-weight: 400; font-family: arial, helvetica, sans-serif; font-size: 12pt; color: #000000;\">Fique por dentro das \u00faltimas fotos, v\u00eddeos e curiosidades sobre os registros e descobertas do projeto no Instagram: <a href=\"https:\/\/www.instagram.com\/bandeiras_no_corredor\">@bandeiras_no_corredor<\/a>.\u00a0<\/span><\/p>\t\t\t\t\t\t\t\t<\/div>\n\t\t\t\t<\/div>\n\t\t\t\t<\/div>\n\t\t\t\t<\/div>\n\t\t\t\t<\/div>\n\t\t","protected":false},"excerpt":{"rendered":"<p>PROJETO BANDEIRAS NO CORREDOR O Projeto Bandeiras no Corredor \u00e9 uma iniciativa cient\u00edfica da Universidade Federal de Goi\u00e1s (UFG), em parceria com a Alian\u00e7a da Terra, o Governo de Goi\u00e1s e o Funbio, com apoio da Secretaria de Estado de Meio Ambiente e Desenvolvimento Sustent\u00e1vel (Semad). Criado para monitorar a fauna de mam\u00edferos e aves [&hellip;]<\/p>\n","protected":false},"author":855,"featured_media":0,"parent":0,"menu_order":0,"comment_status":"closed","ping_status":"closed","template":"elementor_header_footer","meta":{"footnotes":""},"class_list":["post-4335","page","type-page","status-publish","hentry"],"acf":[],"rttpg_featured_image_url":null,"rttpg_author":{"display_name":"danyellaoliveira","author_link":"https:\/\/goias.gov.br\/parquesdegoias\/author\/danyellaoliveira\/"},"rttpg_comment":0,"rttpg_category":null,"rttpg_excerpt":"PROJETO BANDEIRAS NO CORREDOR O Projeto Bandeiras no Corredor \u00e9 uma iniciativa cient\u00edfica da Universidade Federal de Goi\u00e1s (UFG), em parceria com a Alian\u00e7a da Terra, o Governo de Goi\u00e1s e o Funbio, com apoio da Secretaria de Estado de Meio Ambiente e Desenvolvimento Sustent\u00e1vel (Semad). Criado para monitorar a fauna de mam\u00edferos e aves&hellip;","_links":{"self":[{"href":"https:\/\/goias.gov.br\/parquesdegoias\/wp-json\/wp\/v2\/pages\/4335","targetHints":{"allow":["GET"]}}],"collection":[{"href":"https:\/\/goias.gov.br\/parquesdegoias\/wp-json\/wp\/v2\/pages"}],"about":[{"href":"https:\/\/goias.gov.br\/parquesdegoias\/wp-json\/wp\/v2\/types\/page"}],"author":[{"embeddable":true,"href":"https:\/\/goias.gov.br\/parquesdegoias\/wp-json\/wp\/v2\/users\/855"}],"replies":[{"embeddable":true,"href":"https:\/\/goias.gov.br\/parquesdegoias\/wp-json\/wp\/v2\/comments?post=4335"}],"version-history":[{"count":2,"href":"https:\/\/goias.gov.br\/parquesdegoias\/wp-json\/wp\/v2\/pages\/4335\/revisions"}],"predecessor-version":[{"id":4355,"href":"https:\/\/goias.gov.br\/parquesdegoias\/wp-json\/wp\/v2\/pages\/4335\/revisions\/4355"}],"wp:attachment":[{"href":"https:\/\/goias.gov.br\/parquesdegoias\/wp-json\/wp\/v2\/media?parent=4335"}],"curies":[{"name":"wp","href":"https:\/\/api.w.org\/{rel}","templated":true}]}}