
{"id":4259,"date":"2026-01-22T10:06:39","date_gmt":"2026-01-22T13:06:39","guid":{"rendered":"https:\/\/goias.gov.br\/parquesdegoias\/?page_id=4259"},"modified":"2026-01-23T07:25:31","modified_gmt":"2026-01-23T10:25:31","slug":"turismo-de-observacao-de-aves","status":"publish","type":"page","link":"https:\/\/goias.gov.br\/parquesdegoias\/turismo-de-observacao-de-aves\/","title":{"rendered":"Turismo de Observa\u00e7\u00e3o de Aves"},"content":{"rendered":"\t\t<div data-elementor-type=\"wp-page\" data-elementor-id=\"4259\" class=\"elementor elementor-4259\">\n\t\t\t\t<div class=\"elementor-element elementor-element-21ca4524 e-con-full e-flex e-con e-parent\" data-id=\"21ca4524\" data-element_type=\"container\" data-e-type=\"container\">\n\t\t<div class=\"elementor-element elementor-element-2e3fdc91 e-con-full e-flex e-con e-child\" data-id=\"2e3fdc91\" data-element_type=\"container\" data-e-type=\"container\" data-settings=\"{&quot;background_background&quot;:&quot;classic&quot;}\">\n\t\t\t\t<div class=\"elementor-element elementor-element-4c8598d2 elementor-widget__width-initial elementor-widget-tablet__width-initial elementor-widget elementor-widget-heading\" data-id=\"4c8598d2\" data-element_type=\"widget\" data-e-type=\"widget\" data-widget_type=\"heading.default\">\n\t\t\t\t\t<h2 class=\"elementor-heading-title elementor-size-default\">TURISMO DE OBSERVA\u00c7\u00c3O DE AVES<\/h2>\t\t\t\t<\/div>\n\t\t\t\t<\/div>\n\t\t<div class=\"elementor-element elementor-element-2af7279d e-con-full e-flex e-con e-child\" data-id=\"2af7279d\" data-element_type=\"container\" data-e-type=\"container\">\n\t\t<div class=\"elementor-element elementor-element-316e25f4 e-con-full e-flex e-con e-child\" data-id=\"316e25f4\" data-element_type=\"container\" data-e-type=\"container\">\n\t\t\t\t<div class=\"elementor-element elementor-element-34b9eb90 elementor-widget__width-initial elementor-widget-tablet__width-initial elementor-widget-mobile__width-initial elementor-widget elementor-widget-text-editor\" data-id=\"34b9eb90\" data-element_type=\"widget\" data-e-type=\"widget\" data-widget_type=\"text-editor.default\">\n\t\t\t\t\t\t\t\t\t<p><span style=\"font-family: arial, helvetica, sans-serif; font-size: 12pt; color: #000000;\">A Secretaria de Meio Ambiente e Desenvolvimento Sustent\u00e1vel (SEMAD), por meio da Ger\u00eancia de Biodiversidade (GEBIO) e da coordena\u00e7\u00e3o do Parque Estadual \u00c1guas do Para\u00edso (PEAP), apresenta uma iniciativa estrat\u00e9gica que une ci\u00eancia, conserva\u00e7\u00e3o e desenvolvimento socioecon\u00f4mico: o fomento ao turismo de observa\u00e7\u00e3o de aves (birdwatching) em Alto Para\u00edso. O projeto, estruturado por meio do mecanismo de convers\u00e3o de multas ambientais e apoiado pelo Programa COPA\u00cdBAS, financiado pela Iniciativa Internacional da Noruega para Clima e Florestas (NICFI), por meio do Minist\u00e9rio das Rela\u00e7\u00f5es Exteriores da Noruega, e gerido pelo FUNBIO, tem como objetivo transformar a rica biodiversidade do Cerrado em um ativo sustent\u00e1vel, promovendo a prote\u00e7\u00e3o dos ecossistemas e, simultaneamente, a gera\u00e7\u00e3o de novas oportunidades de renda para as comunidades locais.<\/span><\/p><p><span style=\"font-family: arial, helvetica, sans-serif; font-size: 12pt; color: #000000;\">A execu\u00e7\u00e3o do projeto integra rigor t\u00e9cnico e engajamento social. Em parceria com o Instituto Pouso Alto (IPA) e o grupo de observadores &#8220;Oia Passarinhar&#8221;, foi realizado um invent\u00e1rio ornitol\u00f3gico detalhado ao longo de 12 meses, cobrindo todas as fitofisionomias do parque e de seu entorno, tanto na esta\u00e7\u00e3o seca quanto na chuvosa. Paralelamente \u00e0 pesquisa, a iniciativa atua diretamente nos assentamentos rurais vizinhos ao PEAP, promovendo atividades de sensibiliza\u00e7\u00e3o e curso de capacita\u00e7\u00e3o. O objetivo \u00e9 formar condutores locais qualificados, despertando o empreendedorismo verde e consolidando a vis\u00e3o de que a fauna livre e preservada \u00e9 um motor de prosperidade econ\u00f4mica.<\/span><\/p><p><span style=\"font-family: arial, helvetica, sans-serif; font-size: 12pt; color: #000000;\">Os resultados esperados deixar\u00e3o um legado permanente para o turismo e a gest\u00e3o ambiental de Goi\u00e1s. Como produtos diretos, o projeto entregar\u00e1 a lista oficial da avifauna do PEAP, preenchendo lacunas de conhecimento sobre esp\u00e9cies raras, e materiais de apoio essenciais para a profissionaliza\u00e7\u00e3o da atividade. Ser\u00e3o produzidos e distribu\u00eddos 500 exemplares de um Manual de Apoio t\u00e9cnico para condutores e 5.000 c\u00f3pias de um Guia de Bolso ilustrado com as principais esp\u00e9cies da regi\u00e3o, al\u00e9m de vers\u00f5es digitais para ampla distribui\u00e7\u00e3o. Esses materiais s\u00e3o fundamentais para atrair observadores de aves do mundo todo e elevar a qualidade da experi\u00eancia tur\u00edstica no PEAP.<\/span><\/p><p><span style=\"font-family: arial, helvetica, sans-serif; font-size: 12pt; color: #000000;\">Ao final, a iniciativa beneficiar\u00e1 n\u00e3o apenas a gest\u00e3o da unidade de conserva\u00e7\u00e3o, fornecendo dados cruciais para o manejo da fauna, mas toda a sociedade do nordeste goiano. O fomento ao <em>birdwatching<\/em> posiciona o Estado como refer\u00eancia em turismo sustent\u00e1vel de alto valor agregado, promove a educa\u00e7\u00e3o ambiental pr\u00e1tica e oferece uma alternativa econ\u00f4mica vi\u00e1vel para as comunidades rurais. Trata-se de uma pol\u00edtica p\u00fablica inovadora da SEMAD que demonstra, na pr\u00e1tica, como a conserva\u00e7\u00e3o da natureza e o desenvolvimento regional podem e devem caminhar juntos.<\/span><\/p><p><span style=\"font-family: arial, helvetica, sans-serif; font-size: 12pt; color: #000000;\">Acompanhe aqui as novidades e andamento do projeto!<\/span><\/p>\t\t\t\t\t\t\t\t<\/div>\n\t\t\t\t<\/div>\n\t\t\t\t<\/div>\n\t\t\t\t<\/div>\n\t\t\t\t<\/div>\n\t\t","protected":false},"excerpt":{"rendered":"<p>TURISMO DE OBSERVA\u00c7\u00c3O DE AVES A Secretaria de Meio Ambiente e Desenvolvimento Sustent\u00e1vel (SEMAD), por meio da Ger\u00eancia de Biodiversidade (GEBIO) e da coordena\u00e7\u00e3o do Parque Estadual \u00c1guas do Para\u00edso (PEAP), apresenta uma iniciativa estrat\u00e9gica que une ci\u00eancia, conserva\u00e7\u00e3o e desenvolvimento socioecon\u00f4mico: o fomento ao turismo de observa\u00e7\u00e3o de aves (birdwatching) em Alto Para\u00edso. O [&hellip;]<\/p>\n","protected":false},"author":855,"featured_media":0,"parent":0,"menu_order":0,"comment_status":"closed","ping_status":"closed","template":"elementor_header_footer","meta":{"footnotes":""},"class_list":["post-4259","page","type-page","status-publish","hentry"],"acf":[],"rttpg_featured_image_url":null,"rttpg_author":{"display_name":"danyellaoliveira","author_link":"https:\/\/goias.gov.br\/parquesdegoias\/author\/danyellaoliveira\/"},"rttpg_comment":0,"rttpg_category":null,"rttpg_excerpt":"TURISMO DE OBSERVA\u00c7\u00c3O DE AVES A Secretaria de Meio Ambiente e Desenvolvimento Sustent\u00e1vel (SEMAD), por meio da Ger\u00eancia de Biodiversidade (GEBIO) e da coordena\u00e7\u00e3o do Parque Estadual \u00c1guas do Para\u00edso (PEAP), apresenta uma iniciativa estrat\u00e9gica que une ci\u00eancia, conserva\u00e7\u00e3o e desenvolvimento socioecon\u00f4mico: o fomento ao turismo de observa\u00e7\u00e3o de aves (birdwatching) em Alto Para\u00edso. O&hellip;","_links":{"self":[{"href":"https:\/\/goias.gov.br\/parquesdegoias\/wp-json\/wp\/v2\/pages\/4259","targetHints":{"allow":["GET"]}}],"collection":[{"href":"https:\/\/goias.gov.br\/parquesdegoias\/wp-json\/wp\/v2\/pages"}],"about":[{"href":"https:\/\/goias.gov.br\/parquesdegoias\/wp-json\/wp\/v2\/types\/page"}],"author":[{"embeddable":true,"href":"https:\/\/goias.gov.br\/parquesdegoias\/wp-json\/wp\/v2\/users\/855"}],"replies":[{"embeddable":true,"href":"https:\/\/goias.gov.br\/parquesdegoias\/wp-json\/wp\/v2\/comments?post=4259"}],"version-history":[{"count":2,"href":"https:\/\/goias.gov.br\/parquesdegoias\/wp-json\/wp\/v2\/pages\/4259\/revisions"}],"predecessor-version":[{"id":4332,"href":"https:\/\/goias.gov.br\/parquesdegoias\/wp-json\/wp\/v2\/pages\/4259\/revisions\/4332"}],"wp:attachment":[{"href":"https:\/\/goias.gov.br\/parquesdegoias\/wp-json\/wp\/v2\/media?parent=4259"}],"curies":[{"name":"wp","href":"https:\/\/api.w.org\/{rel}","templated":true}]}}