
{"id":40,"date":"2024-07-24T10:02:21","date_gmt":"2024-07-24T13:02:21","guid":{"rendered":"https:\/\/goias.gov.br\/parquesdegoias\/?page_id=40"},"modified":"2025-12-19T16:03:38","modified_gmt":"2025-12-19T19:03:38","slug":"home","status":"publish","type":"page","link":"https:\/\/goias.gov.br\/parquesdegoias\/","title":{"rendered":"Home"},"content":{"rendered":"\t\t<div data-elementor-type=\"wp-page\" data-elementor-id=\"40\" class=\"elementor elementor-40\">\n\t\t\t\t<div class=\"elementor-element elementor-element-027714b e-flex e-con-boxed e-con e-parent\" data-id=\"027714b\" data-element_type=\"container\" data-e-type=\"container\">\n\t\t\t\t\t<div class=\"e-con-inner\">\n\t\t<div class=\"elementor-element elementor-element-1395e6e e-con-full e-flex e-con e-child\" data-id=\"1395e6e\" data-element_type=\"container\" data-e-type=\"container\">\n\t\t\t\t<div class=\"elementor-element elementor-element-3771e78 elementor-widget elementor-widget-heading\" data-id=\"3771e78\" data-element_type=\"widget\" data-e-type=\"widget\" data-widget_type=\"heading.default\">\n\t\t\t\t\t<h2 class=\"elementor-heading-title elementor-size-default\">Conhe\u00e7a as belezas naturais de Goi\u00e1s<\/h2>\t\t\t\t<\/div>\n\t\t\t\t<div class=\"elementor-element elementor-element-a641534 elementor-widget__width-initial elementor-widget-tablet__width-initial elementor-widget elementor-widget-text-editor\" data-id=\"a641534\" data-element_type=\"widget\" data-e-type=\"widget\" data-widget_type=\"text-editor.default\">\n\t\t\t\t\t\t\t\t\t<div style=\"font-family: Arial, Helvetica, sans-serif; font-size: 18px; line-height: 1.6; color: #222;\"><p><span style=\"font-family: arial, helvetica, sans-serif; font-size: 14pt; color: #000000;\">Somos o espa\u00e7o reservado para as Unidades de Conserva\u00e7\u00e3o goianas, \u00e1reas naturais que guardam a hist\u00f3ria, a diversidade e a for\u00e7a do Cerrado, al\u00e9m de protegerem tamb\u00e9m uma parcela da Mata Atl\u00e2ntica presente no territ\u00f3rio goiano.<\/span><\/p><p><span style=\"font-family: arial, helvetica, sans-serif; font-size: 14pt; color: #000000;\">O Parques GO \u00e9 a marca que re\u00fane todas as Unidades de Conserva\u00e7\u00e3o do Estado de Goi\u00e1s, em suas diferentes modalidades e objetivos. A escolha do nome partiu da modalidade mais conhecida pelo p\u00fablico, os parques, como estrat\u00e9gia para aproximar as pessoas e ampliar a visibilidade das demais categorias de \u00e1reas protegidas existentes no estado.<\/span><\/p><p><span style=\"font-family: arial, helvetica, sans-serif; font-size: 14pt; color: #000000;\">O Parques GO nasce para aproximar o cidad\u00e3o das nossas \u00e1reas conservadas, valorizando o turismo de natureza, a educa\u00e7\u00e3o ambiental, a pesquisa cient\u00edfica e a economia sustent\u00e1vel. Trabalhamos para fortalecer a conex\u00e3o entre a natureza e a sociedade, promovendo experi\u00eancias que aproximam as pessoas dos territ\u00f3rios que protegem o Cerrado e os remanescentes de Mata Atl\u00e2ntica em Goi\u00e1s.<\/span><\/p><p><span style=\"font-family: arial, helvetica, sans-serif; font-size: 14pt; color: #000000;\">O Estado de Goi\u00e1s possui as seguintes modalidades de Unidades de Conserva\u00e7\u00e3o:<\/span><\/p><ul><li style=\"list-style-type: none;\"><ul><li style=\"list-style-type: none;\"><ul style=\"list-style-type: circle;\"><li><span style=\"font-family: arial, helvetica, sans-serif; font-size: 14pt; color: #000000;\">Parques Estaduais (PEs) &#8211; preservam ecossistemas naturais utilizados para visita\u00e7\u00e3o, pesquisa cient\u00edfica e educa\u00e7\u00e3o ambiental.<\/span>\u00a0<\/li><\/ul><\/li><li style=\"list-style-type: none;\">\u00a0<ul style=\"list-style-type: circle;\"><li><span style=\"font-family: arial, helvetica, sans-serif; font-size: 14pt; color: #000000;\">\u00c1reas de Prote\u00e7\u00e3o Ambiental (APAs) &#8211; grandes territ\u00f3rios que conciliam conserva\u00e7\u00e3o com o uso sustent\u00e1vel dos recursos naturais e o bem viver das comunidades locais.<\/span><\/li><\/ul><\/li><li style=\"list-style-type: none;\">\u00a0<ul style=\"list-style-type: circle;\"><li>Monumentos Naturais (MONAs) &#8211; protegem forma\u00e7\u00f5es naturais de grande valor ecol\u00f3gico, paisag\u00edstico ou geol\u00f3gico, como cavernas, cachoeiras e serras.<\/li><\/ul><\/li><li style=\"list-style-type: none;\">\u00a0<ul style=\"list-style-type: circle;\"><li><span style=\"font-family: arial, helvetica, sans-serif; font-size: 14pt; color: #000000;\">\u00c1reas de Relevante Interesse Ecol\u00f3gico (ARIEs) &#8211; resguardam ambientes fr\u00e1geis ou raros, assegurando a manuten\u00e7\u00e3o dos processos ecol\u00f3gicos essenciais e o equil\u00edbrio ambiental.<\/span><\/li><\/ul><\/li><li style=\"list-style-type: none;\">\u00a0<ul style=\"list-style-type: circle;\"><li><span style=\"font-family: arial, helvetica, sans-serif; font-size: 14pt; color: #000000;\">Esta\u00e7\u00f5es Ecol\u00f3gicas (ESECs) &#8211; voltadas \u00e0 preserva\u00e7\u00e3o integral da natureza e \u00e0 realiza\u00e7\u00e3o de pesquisas cient\u00edficas, com visita\u00e7\u00e3o restrita a fins educacionais.<\/span><\/li><\/ul><\/li><li style=\"list-style-type: none;\">\u00a0<ul style=\"list-style-type: circle;\"><li><span style=\"font-family: arial, helvetica, sans-serif; font-size: 14pt; color: #000000;\">Reservas Particulares do Patrim\u00f4nio Natural (RPPNs) &#8211; \u00e1reas de dom\u00ednio privado criadas voluntariamente pelos propriet\u00e1rios, com prote\u00e7\u00e3o perp\u00e9tua.<\/span><\/li><\/ul><\/li><li style=\"list-style-type: none;\">\u00a0<ul style=\"list-style-type: circle;\"><li><span style=\"font-family: arial, helvetica, sans-serif; font-size: 14pt; color: #000000;\">Reservas Privadas de Desenvolvimento Sustent\u00e1vel (RPDS) &#8211; combinam conserva\u00e7\u00e3o ambiental com pr\u00e1ticas produtivas sustent\u00e1veis e regenerativas.<\/span><\/li><\/ul><\/li><li style=\"list-style-type: none;\">\u00a0<ul style=\"list-style-type: circle;\"><li><span style=\"font-family: arial, helvetica, sans-serif; font-size: 14pt; color: #000000;\">Parques Naturais Colaborativos (PNCs) &#8211; integram natureza e pessoas por meio de processos coletivos, a\u00e7\u00f5es de regenera\u00e7\u00e3o e valoriza\u00e7\u00e3o das comunidades locais.<\/span><\/li><\/ul><\/li><\/ul><\/li><\/ul><p>Goi\u00e1s se destaca por ser um estado din\u00e2mico e inovador, ao incluir em seu sistema duas categorias que n\u00e3o est\u00e3o previstas no Sistema Nacional de Unidades de Conserva\u00e7\u00e3o: as Reservas Privadas de Desenvolvimento Sustent\u00e1vel e os Parques Naturais Colaborativos. Essas inova\u00e7\u00f5es refletem o compromisso do estado com modelos modernos de gest\u00e3o ambiental, baseados na colabora\u00e7\u00e3o, na sustentabilidade e no protagonismo das comunidades locais.<\/p><p><span style=\"font-family: arial, helvetica, sans-serif; font-size: 14pt; color: #000000;\">Juntas, essas modalidades formam uma rede viva de \u00e1reas protegidas que mant\u00e9m o Cerrado em p\u00e9, protege remanescentes da Mata Atl\u00e2ntica, assegura a diversidade da vida e inspira novas formas de conviv\u00eancia harmoniosa entre o ser humano e a natureza.<\/span><\/p><p><span style=\"font-family: arial, helvetica, sans-serif; font-size: 14pt; color: #000000;\">O Parques GO \u00e9 mais do que uma marca: \u00e9 um movimento por um futuro sustent\u00e1vel, no qual cada unidade de conserva\u00e7\u00e3o \u00e9 um peda\u00e7o essencial do que somos e do que queremos preservar.<\/span><\/p><p style=\"text-align: center;\">\u2014\u2014\u2014\u2014\u2014\u2014\u2014\u2014\u2014\u2014<\/p><p dir=\"ltr\" style=\"text-align: center;\"><span style=\"font-weight: bold; font-family: arial, helvetica, sans-serif; color: #000000; font-size: 14pt;\">Carta da Secret\u00e1ria<\/span><\/p><p dir=\"ltr\" style=\"line-height: 1.92; background-color: #ffffff; margin-top: 18pt; margin-bottom: 0pt; padding: 0pt 0pt 18pt 0pt;\"><span style=\"font-size: 14pt; font-family: arial, helvetica, sans-serif; color: #222222; background-color: #ffffff; font-weight: 400; font-style: normal; font-variant: normal; text-decoration: none; vertical-align: baseline; white-space: pre-wrap;\">Com alegria, apresentamos as Unidades de Conserva\u00e7\u00e3o Estaduais de Goi\u00e1s. S\u00e3o \u00e1reas que guardam a rica biodiversidade do Cerrado e da Mata Atl\u00e2ntica, e prestam servi\u00e7os essenciais \u00e0 vida, como a regula\u00e7\u00e3o do clima, a prote\u00e7\u00e3o dos solos e a recarga dos aqu\u00edferos, sustentando a vida nas cidades e no campo.<\/span><\/p><p dir=\"ltr\" style=\"line-height: 1.92; background-color: #ffffff; margin-top: 0pt; margin-bottom: 0pt; padding: 0pt 0pt 18pt 0pt;\"><span style=\"font-size: 14pt; font-family: arial, helvetica, sans-serif; color: #222222; background-color: #ffffff; font-weight: 400; font-style: normal; font-variant: normal; text-decoration: none; vertical-align: baseline; white-space: pre-wrap;\">Mais do que \u00e1reas de preserva\u00e7\u00e3o, esses territ\u00f3rios s\u00e3o espa\u00e7os vivos de cuidado, reconex\u00e3o e bem-estar. A governan\u00e7a das UCs estaduais praticada pela Secretaria de Estado de Meio Ambiente e Desenvolvimento Sustent\u00e1vel se baseia em uma concep\u00e7\u00e3o de ecologia integral que coloca os coletivos humanos e suas necessidades f\u00edsicas, emocionais e espirituais no centro da atua\u00e7\u00e3o governamental.<\/span><\/p><p dir=\"ltr\" style=\"line-height: 1.92; background-color: #ffffff; margin-top: 0pt; margin-bottom: 18pt;\"><span style=\"font-size: 14pt; font-family: arial, helvetica, sans-serif; color: #222222; background-color: #ffffff; font-weight: 400; font-style: normal; font-variant: normal; text-decoration: none; vertical-align: baseline; white-space: pre-wrap;\">Nosso desejo \u00e9 despertar em voc\u00ea a consci\u00eancia de que todos os seres vivos est\u00e3o interligados. Que cada paisagem, som e forma da natureza toque o seu cora\u00e7\u00e3o e reforce o encantamento pela vida que floresce em nosso Estado.<\/span><\/p><p style=\"text-align: center;\"><span style=\"font-weight: bold; font-family: arial, helvetica, sans-serif; color: #000000; font-size: 14pt;\">Andr\u00e9a Vulcanis<\/span><br \/><span style=\"font-family: arial, helvetica, sans-serif; color: #000000; font-size: 14pt;\">Secret\u00e1ria de Estado de Meio Ambiente e Desenvolvimento Sustent\u00e1vel<\/span><\/p><\/div>\t\t\t\t\t\t\t\t<\/div>\n\t\t\t\t<\/div>\n\t\t\t\t\t<\/div>\n\t\t\t\t<\/div>\n\t\t<div class=\"elementor-element elementor-element-b2feefe e-con-full e-flex e-con e-parent\" data-id=\"b2feefe\" data-element_type=\"container\" data-e-type=\"container\" data-settings=\"{&quot;background_background&quot;:&quot;gradient&quot;,&quot;shape_divider_top&quot;:&quot;mountains&quot;}\">\n\t\t\t\t<div class=\"elementor-shape elementor-shape-top\" aria-hidden=\"true\" data-negative=\"false\">\n\t\t\t<svg xmlns=\"http:\/\/www.w3.org\/2000\/svg\" viewBox=\"0 0 1000 100\" preserveAspectRatio=\"none\">\n\t<path class=\"elementor-shape-fill\" opacity=\"0.33\" d=\"M473,67.3c-203.9,88.3-263.1-34-320.3,0C66,119.1,0,59.7,0,59.7V0h1000v59.7 c0,0-62.1,26.1-94.9,29.3c-32.8,3.3-62.8-12.3-75.8-22.1C806,49.6,745.3,8.7,694.9,4.7S492.4,59,473,67.3z\"\/>\n\t<path class=\"elementor-shape-fill\" opacity=\"0.66\" d=\"M734,67.3c-45.5,0-77.2-23.2-129.1-39.1c-28.6-8.7-150.3-10.1-254,39.1 s-91.7-34.4-149.2,0C115.7,118.3,0,39.8,0,39.8V0h1000v36.5c0,0-28.2-18.5-92.1-18.5C810.2,18.1,775.7,67.3,734,67.3z\"\/>\n\t<path class=\"elementor-shape-fill\" d=\"M766.1,28.9c-200-57.5-266,65.5-395.1,19.5C242,1.8,242,5.4,184.8,20.6C128,35.8,132.3,44.9,89.9,52.5C28.6,63.7,0,0,0,0 h1000c0,0-9.9,40.9-83.6,48.1S829.6,47,766.1,28.9z\"\/>\n<\/svg>\t\t<\/div>\n\t\t\t\t<div class=\"elementor-element elementor-element-785945a elementor-widget elementor-widget-heading\" data-id=\"785945a\" data-element_type=\"widget\" data-e-type=\"widget\" data-widget_type=\"heading.default\">\n\t\t\t\t\t<h2 class=\"elementor-heading-title elementor-size-default\">Nossas Unidades <\/h2>\t\t\t\t<\/div>\n\t\t\t\t<div class=\"elementor-element elementor-element-9873568 elementor-widget__width-initial elementor-widget elementor-widget-shortcode\" data-id=\"9873568\" data-element_type=\"widget\" data-e-type=\"widget\" data-widget_type=\"shortcode.default\">\n\t\t\t\t\t\t\t<div class=\"elementor-shortcode\"><\/div>\n\t\t\t\t\t\t<\/div>\n\t\t\t\t<\/div>\n\t\t<div class=\"elementor-element elementor-element-e1eb7fc e-flex e-con-boxed e-con e-parent\" data-id=\"e1eb7fc\" data-element_type=\"container\" data-e-type=\"container\">\n\t\t\t\t\t<div class=\"e-con-inner\">\n\t\t<div class=\"elementor-element elementor-element-66e9d69 e-con-full e-flex e-con e-child\" data-id=\"66e9d69\" data-element_type=\"container\" data-e-type=\"container\">\n\t\t\t\t<div class=\"elementor-element elementor-element-0117784 elementor-widget elementor-widget-heading\" data-id=\"0117784\" data-element_type=\"widget\" data-e-type=\"widget\" data-widget_type=\"heading.default\">\n\t\t\t\t\t<h2 class=\"elementor-heading-title elementor-size-default\">Viaje pelos Parques\u00a0de\u00a0Goi\u00e1s<\/h2>\t\t\t\t<\/div>\n\t\t\t\t<div class=\"elementor-element elementor-element-2d43278 elementor-widget__width-initial elementor-widget elementor-widget-video\" data-id=\"2d43278\" data-element_type=\"widget\" data-e-type=\"widget\" data-settings=\"{&quot;youtube_url&quot;:&quot;https:\\\/\\\/youtu.be\\\/2cWVGSBwlnM&quot;,&quot;video_type&quot;:&quot;youtube&quot;,&quot;controls&quot;:&quot;yes&quot;}\" data-widget_type=\"video.default\">\n\t\t\t\t\t\t\t<div class=\"elementor-wrapper elementor-open-inline\">\n\t\t\t<div class=\"elementor-video\"><\/div>\t\t<\/div>\n\t\t\t\t\t\t<\/div>\n\t\t\t\t<\/div>\n\t\t\t\t\t<\/div>\n\t\t\t\t<\/div>\n\t\t<div class=\"elementor-element elementor-element-1c870bf e-flex e-con-boxed e-con e-parent\" data-id=\"1c870bf\" data-element_type=\"container\" data-e-type=\"container\">\n\t\t\t\t\t<div class=\"e-con-inner\">\n\t\t\t\t<div class=\"elementor-element elementor-element-8854d96 elementor-widget elementor-widget-heading\" data-id=\"8854d96\" data-element_type=\"widget\" data-e-type=\"widget\" data-widget_type=\"heading.default\">\n\t\t\t\t\t<h2 class=\"elementor-heading-title elementor-size-default\">\u00daltimas not\u00edcias<\/h2>\t\t\t\t<\/div>\n\t\t\t\t<div class=\"elementor-element elementor-element-efccc99 elementor-widget elementor-widget-shortcode\" data-id=\"efccc99\" data-element_type=\"widget\" data-e-type=\"widget\" data-widget_type=\"shortcode.default\">\n\t\t\t\t\t\t\t<div class=\"elementor-shortcode\"><style type='text\/css' media='all'>#rt-tpg-container-390229750 .rt-holder .rt-woo-info .price{color:#0367bf;}body .rt-tpg-container .rt-tpg-isotope-buttons .selected,\n\t\t\t\t\t#rt-tpg-container-390229750 .layout12 .rt-holder:hover .rt-detail,\n\t\t\t\t\t#rt-tpg-container-390229750 .isotope8 .rt-holder:hover .rt-detail,\n\t\t\t\t\t#rt-tpg-container-390229750 .carousel8 .rt-holder:hover .rt-detail,\n\t\t\t\t\t#rt-tpg-container-390229750 .layout13 .rt-holder .overlay .post-info,\n\t\t\t\t\t#rt-tpg-container-390229750 .isotope9 .rt-holder .overlay .post-info,\n\t\t\t\t\t#rt-tpg-container-390229750.rt-tpg-container .layout4 .rt-holder .rt-detail,\n\t\t\t\t\t.rt-modal-390229750 .md-content,\n\t\t\t\t\t.rt-modal-390229750 .md-content > .rt-md-content-holder .rt-md-content,\n\t\t\t\t\t.rt-popup-wrap-390229750.rt-popup-wrap .rt-popup-navigation-wrap,\n\t\t\t\t\t#rt-tpg-container-390229750 .carousel9 .rt-holder .overlay .post-info{background-color:#0367bf;}#rt-tpg-container-390229750 .layout5 .rt-holder .overlay, #rt-tpg-container-390229750 .isotope2 .rt-holder .overlay, #rt-tpg-container-390229750 .carousel2 .rt-holder .overlay,#rt-tpg-container-390229750 .layout15 .rt-holder h3, #rt-tpg-container-390229750 .isotope11 .rt-holder h3, #rt-tpg-container-390229750 .carousel11 .rt-holder h3, #rt-tpg-container-390229750 .layout16 .rt-holder h3,\n\t\t\t\t\t#rt-tpg-container-390229750 .isotope12 .rt-holder h3, #rt-tpg-container-390229750 .carousel12 .rt-holder h3 {background-color:rgba(3,103,191,0.8);}#rt-tpg-container-390229750 .read-more a{border-radius:px;}#rt-tpg-container-390229750 .rt-img-holder img.rt-img-responsive,#rt-tpg-container-390229750 .rt-img-holder,\n\t\t\t\t\t#rt-tpg-container-390229750 .rt-post-overlay .post-img,\n\t\t\t\t\t#rt-tpg-container-390229750 .post-sm .post-img,\n\t\t\t\t\t#rt-tpg-container-390229750 .rt-post-grid .post-img,\n\t\t\t\t\t#rt-tpg-container-390229750 .post-img img {border-radius:px;}<\/style><div class='rt-container-fluid rt-tpg-container tpg-shortcode-main-wrapper ' id='rt-tpg-container-390229750'   data-layout='layout1' data-grid-style='even' data-desktop-col='3'  data-tab-col='2'  data-mobile-col='1' data-sc-id='2272'><div data-title='Loading ...' class='rt-row rt-content-loader   layout1 tpg-even '><div class=\"rt-col-md-4 rt-col-sm-6 rt-col-xs-12 even-grid-item rt-grid-item\" data-id=\"4040\"><div class=\"rt-holder\"><div class=\"rt-img-holder\"><a data-id=\"4040\" class=\"\" href=\"https:\/\/goias.gov.br\/parquesdegoias\/2026\/01\/19\/semad-aprova-tres-planos-de-manejo-e-reforca-protecao-das-unidades-de-conservacao-em-goias\/\"><img fetchpriority=\"high\" decoding=\"async\" width=\"1200\" height=\"600\" src=\"https:\/\/goias.gov.br\/parquesdegoias\/wp-content\/uploads\/sites\/70\/2026\/01\/OAL4790-3-1.jpg\" class=\"rt-img-responsive \" alt=\"\" \/><\/a><\/div><div class='rt-detail'><h3 class=\"entry-title\"><a data-id=\"4040\" class=\"\" href=\"https:\/\/goias.gov.br\/parquesdegoias\/2026\/01\/19\/semad-aprova-tres-planos-de-manejo-e-reforca-protecao-das-unidades-de-conservacao-em-goias\/\">Semad aprova tr\u00eas novos Planos de Manejo e refor\u00e7a prote\u00e7\u00e3o das unidades de conserva\u00e7\u00e3o em Goi\u00e1s<\/a><\/h3><div class='post-meta-user  '><span class='date'><i class='far fa-calendar-alt '><\/i>19 de janeiro de 2026<\/span><span class='categories-links'><i class='fas fa-folder-open '><\/i><a class=\"noticias\" href=\"https:\/\/goias.gov.br\/parquesdegoias\/category\/noticias\/\" rel=\"tag\">Not\u00edcias<\/a><\/span><\/div><div class='post-meta '><span class='read-more'><a data-id='4040' class='' href='https:\/\/goias.gov.br\/parquesdegoias\/2026\/01\/19\/semad-aprova-tres-planos-de-manejo-e-reforca-protecao-das-unidades-de-conservacao-em-goias\/'>Leia Mais<\/a><\/span><\/div><\/div><\/div><\/div><div class=\"rt-col-md-4 rt-col-sm-6 rt-col-xs-12 even-grid-item rt-grid-item\" data-id=\"157\"><div class=\"rt-holder\"><div class=\"rt-img-holder\"><a data-id=\"157\" class=\"\" href=\"https:\/\/goias.gov.br\/parquesdegoias\/2024\/07\/24\/estado-toma-medida-para-agilizar-resposta-contra-incendios-florestais-em-goias\/\"><img decoding=\"async\" width=\"1200\" height=\"600\" src=\"https:\/\/goias.gov.br\/parquesdegoias\/wp-content\/uploads\/sites\/70\/2024\/07\/Materia2-1.jpeg\" class=\"rt-img-responsive \" alt=\"\" \/><\/a><\/div><div class='rt-detail'><h3 class=\"entry-title\"><a data-id=\"157\" class=\"\" href=\"https:\/\/goias.gov.br\/parquesdegoias\/2024\/07\/24\/estado-toma-medida-para-agilizar-resposta-contra-incendios-florestais-em-goias\/\">Estado toma medida para agilizar resposta contra inc\u00eandios florestais em Goi\u00e1s<\/a><\/h3><div class='post-meta-user  '><span class='date'><i class='far fa-calendar-alt '><\/i>24 de julho de 2024<\/span><span class='categories-links'><i class='fas fa-folder-open '><\/i><a class=\"noticias\" href=\"https:\/\/goias.gov.br\/parquesdegoias\/category\/noticias\/\" rel=\"tag\">Not\u00edcias<\/a><\/span><\/div><div class='post-meta '><span class='read-more'><a data-id='157' class='' href='https:\/\/goias.gov.br\/parquesdegoias\/2024\/07\/24\/estado-toma-medida-para-agilizar-resposta-contra-incendios-florestais-em-goias\/'>Leia Mais<\/a><\/span><\/div><\/div><\/div><\/div><div class=\"rt-col-md-4 rt-col-sm-6 rt-col-xs-12 even-grid-item rt-grid-item\" data-id=\"381\"><div class=\"rt-holder\"><div class=\"rt-img-holder\"><a data-id=\"381\" class=\"\" href=\"https:\/\/goias.gov.br\/parquesdegoias\/2024\/07\/17\/bebidas-pets-fogueira-semad-diz-o-que-pode-e-o-que-e-proibido-nos-parques-de-goias\/\"><img decoding=\"async\" width=\"1200\" height=\"600\" src=\"https:\/\/goias.gov.br\/parquesdegoias\/wp-content\/uploads\/sites\/70\/2024\/07\/Materia3.jpeg\" class=\"rt-img-responsive \" alt=\"\" \/><\/a><\/div><div class='rt-detail'><h3 class=\"entry-title\"><a data-id=\"381\" class=\"\" href=\"https:\/\/goias.gov.br\/parquesdegoias\/2024\/07\/17\/bebidas-pets-fogueira-semad-diz-o-que-pode-e-o-que-e-proibido-nos-parques-de-goias\/\">Bebidas, pets, fogueira: Semad diz o que pode e o que \u00e9 proibido nos parques de Goi\u00e1s<\/a><\/h3><div class='post-meta-user  '><span class='date'><i class='far fa-calendar-alt '><\/i>17 de julho de 2024<\/span><span class='categories-links'><i class='fas fa-folder-open '><\/i><a class=\"noticias\" href=\"https:\/\/goias.gov.br\/parquesdegoias\/category\/noticias\/\" rel=\"tag\">Not\u00edcias<\/a><\/span><\/div><div class='post-meta '><span class='read-more'><a data-id='381' class='' href='https:\/\/goias.gov.br\/parquesdegoias\/2024\/07\/17\/bebidas-pets-fogueira-semad-diz-o-que-pode-e-o-que-e-proibido-nos-parques-de-goias\/'>Leia Mais<\/a><\/span><\/div><\/div><\/div><\/div><\/div><\/div><\/div>\n\t\t\t\t\t\t<\/div>\n\t\t\t\t\t<\/div>\n\t\t\t\t<\/div>\n\t\t\t\t<\/div>\n\t\t","protected":false},"excerpt":{"rendered":"<p>Conhe\u00e7a as belezas naturais de Goi\u00e1s Somos o espa\u00e7o reservado para as Unidades de Conserva\u00e7\u00e3o goianas, \u00e1reas naturais que guardam a hist\u00f3ria, a diversidade e a for\u00e7a do Cerrado, al\u00e9m de protegerem tamb\u00e9m uma parcela da Mata Atl\u00e2ntica presente no territ\u00f3rio goiano. O Parques GO \u00e9 a marca que re\u00fane todas as Unidades de Conserva\u00e7\u00e3o [&hellip;]<\/p>\n","protected":false},"author":1471,"featured_media":0,"parent":0,"menu_order":0,"comment_status":"closed","ping_status":"closed","template":"elementor_header_footer","meta":{"footnotes":""},"class_list":["post-40","page","type-page","status-publish","hentry"],"acf":[],"rttpg_featured_image_url":null,"rttpg_author":{"display_name":"","author_link":"https:\/\/goias.gov.br\/parquesdegoias\/author\/"},"rttpg_comment":0,"rttpg_category":"","rttpg_excerpt":"Conhe\u00e7a as belezas naturais de Goi\u00e1s Somos o espa\u00e7o reservado para as Unidades de Conserva\u00e7\u00e3o goianas, \u00e1reas naturais que guardam a hist\u00f3ria, a diversidade e a for\u00e7a do Cerrado, al\u00e9m de protegerem tamb\u00e9m uma parcela da Mata Atl\u00e2ntica presente no territ\u00f3rio goiano. O Parques GO \u00e9 a marca que re\u00fane todas as Unidades de Conserva\u00e7\u00e3o&hellip;","_links":{"self":[{"href":"https:\/\/goias.gov.br\/parquesdegoias\/wp-json\/wp\/v2\/pages\/40","targetHints":{"allow":["GET"]}}],"collection":[{"href":"https:\/\/goias.gov.br\/parquesdegoias\/wp-json\/wp\/v2\/pages"}],"about":[{"href":"https:\/\/goias.gov.br\/parquesdegoias\/wp-json\/wp\/v2\/types\/page"}],"author":[{"embeddable":true,"href":"https:\/\/goias.gov.br\/parquesdegoias\/wp-json\/wp\/v2\/users\/1471"}],"replies":[{"embeddable":true,"href":"https:\/\/goias.gov.br\/parquesdegoias\/wp-json\/wp\/v2\/comments?post=40"}],"version-history":[{"count":2,"href":"https:\/\/goias.gov.br\/parquesdegoias\/wp-json\/wp\/v2\/pages\/40\/revisions"}],"predecessor-version":[{"id":3432,"href":"https:\/\/goias.gov.br\/parquesdegoias\/wp-json\/wp\/v2\/pages\/40\/revisions\/3432"}],"wp:attachment":[{"href":"https:\/\/goias.gov.br\/parquesdegoias\/wp-json\/wp\/v2\/media?parent=40"}],"curies":[{"name":"wp","href":"https:\/\/api.w.org\/{rel}","templated":true}]}}