
{"id":3955,"date":"2026-01-14T23:07:42","date_gmt":"2026-01-15T02:07:42","guid":{"rendered":"https:\/\/goias.gov.br\/parquesdegoias\/?page_id=3955"},"modified":"2026-01-16T21:46:01","modified_gmt":"2026-01-17T00:46:01","slug":"atlas-goias","status":"publish","type":"page","link":"https:\/\/goias.gov.br\/parquesdegoias\/atlas-goias\/","title":{"rendered":"Atlas Goi\u00e1s"},"content":{"rendered":"\t\t<div data-elementor-type=\"wp-page\" data-elementor-id=\"3955\" class=\"elementor elementor-3955\">\n\t\t\t\t<div class=\"elementor-element elementor-element-4b7fe579 e-con-full e-flex e-con e-parent\" data-id=\"4b7fe579\" data-element_type=\"container\" data-e-type=\"container\">\n\t\t<div class=\"elementor-element elementor-element-2befc0ea e-con-full e-flex e-con e-child\" data-id=\"2befc0ea\" data-element_type=\"container\" data-e-type=\"container\" data-settings=\"{&quot;background_background&quot;:&quot;classic&quot;}\">\n\t\t\t\t<div class=\"elementor-element elementor-element-4d7e47e1 elementor-widget__width-initial elementor-widget-tablet__width-initial elementor-widget elementor-widget-heading\" data-id=\"4d7e47e1\" data-element_type=\"widget\" data-e-type=\"widget\" data-widget_type=\"heading.default\">\n\t\t\t\t\t<h2 class=\"elementor-heading-title elementor-size-default\">ATLAS GOI\u00c1S: REMANESCENTES DE VEGETA\u00c7\u00c3O NATIVA<\/h2>\t\t\t\t<\/div>\n\t\t\t\t<\/div>\n\t\t<div class=\"elementor-element elementor-element-34e8ff6d e-con-full e-flex e-con e-child\" data-id=\"34e8ff6d\" data-element_type=\"container\" data-e-type=\"container\">\n\t\t<div class=\"elementor-element elementor-element-2b22d5ce e-con-full e-flex e-con e-child\" data-id=\"2b22d5ce\" data-element_type=\"container\" data-e-type=\"container\">\n\t\t\t\t<div class=\"elementor-element elementor-element-390b6824 elementor-widget__width-initial elementor-widget-tablet__width-initial elementor-widget-mobile__width-initial elementor-widget elementor-widget-text-editor\" data-id=\"390b6824\" data-element_type=\"widget\" data-e-type=\"widget\" data-widget_type=\"text-editor.default\">\n\t\t\t\t\t\t\t\t\t<p align=\"justify\"><span style=\"font-family: arial, helvetica, sans-serif; font-size: 12pt; color: #000000;\">O Projeto Atlas dos Remanescentes de Vegeta\u00e7\u00e3o Nativa do Estado de Goi\u00e1s \u00e9 uma iniciativa estrat\u00e9gica da Secretaria de Estado de Meio Ambiente e Desenvolvimento Sustent\u00e1vel (SEMAD), em parceria com a Universidade Federal de Goi\u00e1s (UFG), por meio da Funda\u00e7\u00e3o de Apoio \u00e0 Pesquisa (FUNAPE) e execu\u00e7\u00e3o pelo Laborat\u00f3rio de Sensoriamento Remoto e Geoprocessamento (LAPIG\/IESA\/UFG). O objetivo \u00e9 mapear, quantificar e qualificar a vegeta\u00e7\u00e3o nativa remanescente em todo o territ\u00f3rio goiano, oferecendo dados essenciais para conservar a biodiversidade e promover o desenvolvimento sustent\u00e1vel.<\/span><\/p><p align=\"justify\"><span style=\"font-family: arial, helvetica, sans-serif; font-size: 12pt; color: #000000;\"><b>Por que o projeto foi criado?<\/b>\u00a0<\/span><\/p><p align=\"justify\"><span style=\"font-family: arial, helvetica, sans-serif; font-size: 12pt; color: #000000;\">Goi\u00e1s abriga grande parte do bioma Cerrado, considerado um dos mais amea\u00e7ados do mundo, com perda significativa de cobertura vegetal nos \u00faltimos anos. Essa redu\u00e7\u00e3o impacta diretamente a fauna, a flora e os servi\u00e7os ecossist\u00eamicos vitais para a vida humana. Para planejar a conserva\u00e7\u00e3o e o uso sustent\u00e1vel dos recursos naturais, era urgente dispor de um mapeamento da vegeta\u00e7\u00e3o nativa remanescente no estado com maior n\u00edvel de detalhamento, com classifica\u00e7\u00e3o adequada das diferentes fitofisionomias e atualizado, algo que n\u00e3o existia em n\u00edvel estadual antes do projeto Atlas. Conhecer a localiza\u00e7\u00e3o espacial dos remanescentes de vegeta\u00e7\u00e3o nativa \u00e9 essencial para a sustentabilidade ambiental, a biodiversidade, a seguran\u00e7a h\u00eddrica e a economia local, fundamentando a necessidade de pol\u00edticas de gest\u00e3o, conserva\u00e7\u00e3o e monitoramento dos recursos ambientais. <\/span><\/p><p align=\"justify\"><span style=\"font-family: arial, helvetica, sans-serif; font-size: 12pt; color: #000000;\"><b>Como o projeto est\u00e1 sendo executado?<\/b>\u00a0<\/span><\/p><p align=\"justify\"><span style=\"font-family: arial, helvetica, sans-serif; font-size: 12pt; color: #000000;\">O Atlas utiliza imagens de sat\u00e9lite de alta resolu\u00e7\u00e3o, como CBERS-4A e Sentinel-2, combinadas com valida\u00e7\u00f5es em campo e an\u00e1lises por meio de t\u00e9cnicas avan\u00e7adas para identificar diferentes tipos de fitofisionomias e seus est\u00e1gios de conserva\u00e7\u00e3o. Para o desenvolvimento do mapeamento, foram adotadas as metodologias mais atuais e reconhecidas pela comunidade acad\u00eamica e cient\u00edfica da \u00e1rea. A precis\u00e3o e a consist\u00eancia dos resultados obtidos dependem diretamente da forma como as imagens de sat\u00e9lite s\u00e3o organizadas e divididas em \u00e1reas semelhantes, da escolha adequada das informa\u00e7\u00f5es analisadas, da interpreta\u00e7\u00e3o visual e da valida\u00e7\u00e3o das amostras em campo. O trabalho foi organizado em seis regi\u00f5es, delimitadas por bacias hidrogr\u00e1ficas, de modo a abranger todo o Estado. Para a execu\u00e7\u00e3o do projeto, a SEMAD conta com um grupo de servidores que acompanha os trabalhos de campo para a coleta de amostras, al\u00e9m de avaliar os relat\u00f3rios e os produtos do mapeamento elaborados por pesquisadores do LAPIG.<\/span><\/p><p align=\"justify\"><span style=\"font-family: arial, helvetica, sans-serif; font-size: 12pt; color: #000000;\"><b>Resultados at\u00e9 o momento<\/b>\u00a0<\/span><\/p><p align=\"justify\"><span style=\"font-family: arial, helvetica, sans-serif; font-size: 12pt; color: #000000;\">Na primeira etapa do mapeamento, foi realizada a classifica\u00e7\u00e3o dos remanescentes de vegeta\u00e7\u00e3o nas bacias dos rios Meia Ponte e dos Bois. Os resultados obtidos revelaram que a \u00e1rea de vegeta\u00e7\u00e3o nativa, em compara\u00e7\u00e3o aos dados das bases oficiais at\u00e9 ent\u00e3o dispon\u00edveis, como a Cole\u00e7\u00e3o 9 do MapBiomas, \u00e9 42% maior, indicando que muitas forma\u00e7\u00f5es naturais ainda persistem no estado. Nesse contexto, o Atlas tem contribu\u00eddo para a identifica\u00e7\u00e3o de fragmentos de vegeta\u00e7\u00e3o que ainda n\u00e3o haviam sido mapeados em Goi\u00e1s. Essa descoberta demonstra a import\u00e2ncia de um levantamento mais preciso do que o permitido pelas bases de dados anteriores, contribuindo para a gest\u00e3o ambiental do estado. E tem mais vindo por a\u00ed: ap\u00f3s a classifica\u00e7\u00e3o dessas bacias, est\u00e1 em andamento o mapeamento das demais regi\u00f5es.<\/span><\/p><p align=\"justify\"><span style=\"font-family: arial, helvetica, sans-serif; font-size: 12pt; color: #000000;\"><b>Contribui\u00e7\u00f5es do projeto<\/b>\u00a0<\/span><\/p><p align=\"justify\"><span style=\"font-family: arial, helvetica, sans-serif; font-size: 12pt; color: #000000;\">O Atlas se transforma rapidamente em um instrumento-chave para a gest\u00e3o ambiental em Goi\u00e1s, ao:\u00a0<\/span><\/p><ul><li style=\"list-style-type: none;\"><ul><li><span style=\"font-family: arial, helvetica, sans-serif; font-size: 12pt; color: #000000;\">apoiar decis\u00f5es t\u00e9cnicas no licenciamento e fiscaliza\u00e7\u00e3o ambiental;\u00a0<\/span><\/li><li><span style=\"font-family: arial, helvetica, sans-serif; font-size: 12pt; color: #000000;\">identificar \u00e1reas priorit\u00e1rias para\u00a0conserva\u00e7\u00e3o e restaura\u00e7\u00e3o;\u00a0<\/span><\/li><li><span style=\"font-family: arial, helvetica, sans-serif; font-size: 12pt; color: #000000;\">subsidiar o planejamento de\u00a0corredores ecol\u00f3gicos e prote\u00e7\u00e3o de ecossistemas sens\u00edveis;\u00a0<\/span><\/li><li><span style=\"font-family: arial, helvetica, sans-serif; font-size: 12pt; color: #000000;\">melhorar o monitoramento da vegeta\u00e7\u00e3o nativa e cen\u00e1rios de uso sustent\u00e1vel do solo;\u00a0<\/span><\/li><li><span style=\"font-family: arial, helvetica, sans-serif; font-size: 12pt; color: #000000;\">auxiliar em programas e a\u00e7\u00f5es para recupera\u00e7\u00e3o de \u00e1reas impactadas, promovendo a restaura\u00e7\u00e3o ecol\u00f3gica;<\/span><\/li><li><span style=\"font-family: arial, helvetica, sans-serif; font-size: 12pt; color: #000000;\">planejamento e gest\u00e3o sustent\u00e1vel de recursos h\u00eddricos.<\/span><\/li><\/ul><\/li><\/ul><p align=\"justify\"><span style=\"font-family: arial, helvetica, sans-serif; font-size: 12pt; color: #000000;\">Esse projeto representa uma contribui\u00e7\u00e3o s\u00f3lida para que gestores, pesquisadores e a sociedade entendam melhor a vegeta\u00e7\u00e3o remanescente no estado e possam agir com mais efic\u00e1cia na prote\u00e7\u00e3o e recupera\u00e7\u00e3o dos ecossistemas de Goi\u00e1s.\u00a0<\/span><\/p><p><span style=\"font-family: arial, helvetica, sans-serif; font-size: 12pt; color: #000000;\">Quer saber mais sobre a metodologia, acompanhar atualiza\u00e7\u00f5es e explorar os dados do<b> <\/b>projeto? Visite a p\u00e1gina desenvolvida em parceria com o LAPIG: <a href=\"https:\/\/lapig.iesa.ufg.br\/p\/atlasremanescentesgo\">https:\/\/lapig.iesa.ufg.br\/p\/atlasre<\/a><\/span><a style=\"font-family: arial, helvetica, sans-serif; font-size: 12pt; background-color: #ffffff;\" href=\"https:\/\/lapig.iesa.ufg.br\/p\/atlasremanescentesgo\">anescentesgo<\/a><span style=\"color: #000000; font-family: arial, helvetica, sans-serif; font-size: 12pt;\">.<\/span><\/p><p align=\"justify\"><span style=\"font-family: arial, helvetica, sans-serif; font-size: 12pt; color: #000000;\">Consulte os resultados no Sistema de Informa\u00e7\u00f5es Geogr\u00e1ficas Ambientais do Estado de Goi\u00e1s (SIGA): <a href=\"https:\/\/siga.meioambiente.go.gov.br\/catalogue\/#\/dataset\/1548\">https:\/\/siga.meioambiente.go.gov.br\/catalogue\/#\/dataset\/1548<\/a>.<\/span><\/p>\t\t\t\t\t\t\t\t<\/div>\n\t\t\t\t<\/div>\n\t\t\t\t<\/div>\n\t\t\t\t<\/div>\n\t\t<div class=\"elementor-element elementor-element-dffc7bf e-flex e-con-boxed e-con e-parent\" data-id=\"dffc7bf\" data-element_type=\"container\" data-e-type=\"container\">\n\t\t\t\t\t<div class=\"e-con-inner\">\n\t\t\t\t<div class=\"elementor-element elementor-element-efe811e elementor-widget__width-inherit elementor-widget elementor-widget-image\" data-id=\"efe811e\" data-element_type=\"widget\" data-e-type=\"widget\" data-widget_type=\"image.default\">\n\t\t\t\t\t\t\t\t\t\t\t\t\t\t\t<img fetchpriority=\"high\" decoding=\"async\" width=\"813\" height=\"307\" src=\"https:\/\/goias.gov.br\/parquesdegoias\/wp-content\/uploads\/sites\/70\/2026\/01\/Design-sem-nome.png\" class=\"attachment-large size-large wp-image-4035\" alt=\"\" srcset=\"https:\/\/goias.gov.br\/parquesdegoias\/wp-content\/uploads\/sites\/70\/2026\/01\/Design-sem-nome.png 813w, https:\/\/goias.gov.br\/parquesdegoias\/wp-content\/uploads\/sites\/70\/2026\/01\/Design-sem-nome-300x113.png 300w, https:\/\/goias.gov.br\/parquesdegoias\/wp-content\/uploads\/sites\/70\/2026\/01\/Design-sem-nome-768x290.png 768w\" sizes=\"(max-width: 813px) 100vw, 813px\" \/>\t\t\t\t\t\t\t\t\t\t\t\t\t\t\t<\/div>\n\t\t\t\t\t<\/div>\n\t\t\t\t<\/div>\n\t\t\t\t<\/div>\n\t\t","protected":false},"excerpt":{"rendered":"<p>ATLAS GOI\u00c1S: REMANESCENTES DE VEGETA\u00c7\u00c3O NATIVA O Projeto Atlas dos Remanescentes de Vegeta\u00e7\u00e3o Nativa do Estado de Goi\u00e1s \u00e9 uma iniciativa estrat\u00e9gica da Secretaria de Estado de Meio Ambiente e Desenvolvimento Sustent\u00e1vel (SEMAD), em parceria com a Universidade Federal de Goi\u00e1s (UFG), por meio da Funda\u00e7\u00e3o de Apoio \u00e0 Pesquisa (FUNAPE) e execu\u00e7\u00e3o pelo Laborat\u00f3rio [&hellip;]<\/p>\n","protected":false},"author":855,"featured_media":0,"parent":0,"menu_order":0,"comment_status":"closed","ping_status":"closed","template":"elementor_header_footer","meta":{"footnotes":""},"class_list":["post-3955","page","type-page","status-publish","hentry"],"acf":[],"rttpg_featured_image_url":null,"rttpg_author":{"display_name":"danyellaoliveira","author_link":"https:\/\/goias.gov.br\/parquesdegoias\/author\/danyellaoliveira\/"},"rttpg_comment":0,"rttpg_category":null,"rttpg_excerpt":"ATLAS GOI\u00c1S: REMANESCENTES DE VEGETA\u00c7\u00c3O NATIVA O Projeto Atlas dos Remanescentes de Vegeta\u00e7\u00e3o Nativa do Estado de Goi\u00e1s \u00e9 uma iniciativa estrat\u00e9gica da Secretaria de Estado de Meio Ambiente e Desenvolvimento Sustent\u00e1vel (SEMAD), em parceria com a Universidade Federal de Goi\u00e1s (UFG), por meio da Funda\u00e7\u00e3o de Apoio \u00e0 Pesquisa (FUNAPE) e execu\u00e7\u00e3o pelo Laborat\u00f3rio&hellip;","_links":{"self":[{"href":"https:\/\/goias.gov.br\/parquesdegoias\/wp-json\/wp\/v2\/pages\/3955","targetHints":{"allow":["GET"]}}],"collection":[{"href":"https:\/\/goias.gov.br\/parquesdegoias\/wp-json\/wp\/v2\/pages"}],"about":[{"href":"https:\/\/goias.gov.br\/parquesdegoias\/wp-json\/wp\/v2\/types\/page"}],"author":[{"embeddable":true,"href":"https:\/\/goias.gov.br\/parquesdegoias\/wp-json\/wp\/v2\/users\/855"}],"replies":[{"embeddable":true,"href":"https:\/\/goias.gov.br\/parquesdegoias\/wp-json\/wp\/v2\/comments?post=3955"}],"version-history":[{"count":3,"href":"https:\/\/goias.gov.br\/parquesdegoias\/wp-json\/wp\/v2\/pages\/3955\/revisions"}],"predecessor-version":[{"id":4095,"href":"https:\/\/goias.gov.br\/parquesdegoias\/wp-json\/wp\/v2\/pages\/3955\/revisions\/4095"}],"wp:attachment":[{"href":"https:\/\/goias.gov.br\/parquesdegoias\/wp-json\/wp\/v2\/media?parent=3955"}],"curies":[{"name":"wp","href":"https:\/\/api.w.org\/{rel}","templated":true}]}}