
{"id":38,"date":"2024-07-24T10:02:21","date_gmt":"2024-07-24T13:02:21","guid":{"rendered":"https:\/\/goias.gov.br\/parquesdegoias\/?page_id=38"},"modified":"2025-10-06T11:54:25","modified_gmt":"2025-10-06T14:54:25","slug":"novidades","status":"publish","type":"page","link":"https:\/\/goias.gov.br\/parquesdegoias\/novidades\/","title":{"rendered":"Novidades"},"content":{"rendered":"\t\t<div data-elementor-type=\"wp-page\" data-elementor-id=\"38\" class=\"elementor elementor-38\">\n\t\t\t\t<div class=\"elementor-element elementor-element-e55b4b5 e-con-full e-flex e-con e-parent\" data-id=\"e55b4b5\" data-element_type=\"container\" data-e-type=\"container\">\n\t\t\t\t<div class=\"elementor-element elementor-element-07db80d elementor-widget elementor-widget-shortcode\" data-id=\"07db80d\" data-element_type=\"widget\" data-e-type=\"widget\" data-widget_type=\"shortcode.default\">\n\t\t\t\t\t\t\t<div class=\"elementor-shortcode\"><\/div>\n\t\t\t\t\t\t<\/div>\n\t\t\t\t<\/div>\n\t\t<div class=\"elementor-element elementor-element-2369cc3 e-flex e-con-boxed e-con e-parent\" data-id=\"2369cc3\" data-element_type=\"container\" data-e-type=\"container\">\n\t\t\t\t\t<div class=\"e-con-inner\">\n\t\t\t\t<div class=\"elementor-element elementor-element-71a70bd elementor-widget elementor-widget-shortcode\" data-id=\"71a70bd\" data-element_type=\"widget\" data-e-type=\"widget\" data-widget_type=\"shortcode.default\">\n\t\t\t\t\t\t\t<div class=\"elementor-shortcode\"><style type='text\/css' media='all'>#rt-tpg-container-1696907414 .rt-holder .rt-woo-info .price{color:#0367bf;}body .rt-tpg-container .rt-tpg-isotope-buttons .selected,\n\t\t\t\t\t#rt-tpg-container-1696907414 .layout12 .rt-holder:hover .rt-detail,\n\t\t\t\t\t#rt-tpg-container-1696907414 .isotope8 .rt-holder:hover .rt-detail,\n\t\t\t\t\t#rt-tpg-container-1696907414 .carousel8 .rt-holder:hover .rt-detail,\n\t\t\t\t\t#rt-tpg-container-1696907414 .layout13 .rt-holder .overlay .post-info,\n\t\t\t\t\t#rt-tpg-container-1696907414 .isotope9 .rt-holder .overlay .post-info,\n\t\t\t\t\t#rt-tpg-container-1696907414.rt-tpg-container .layout4 .rt-holder .rt-detail,\n\t\t\t\t\t.rt-modal-1696907414 .md-content,\n\t\t\t\t\t.rt-modal-1696907414 .md-content > .rt-md-content-holder .rt-md-content,\n\t\t\t\t\t.rt-popup-wrap-1696907414.rt-popup-wrap .rt-popup-navigation-wrap,\n\t\t\t\t\t#rt-tpg-container-1696907414 .carousel9 .rt-holder .overlay .post-info{background-color:#0367bf;}#rt-tpg-container-1696907414 .layout5 .rt-holder .overlay, #rt-tpg-container-1696907414 .isotope2 .rt-holder .overlay, #rt-tpg-container-1696907414 .carousel2 .rt-holder .overlay,#rt-tpg-container-1696907414 .layout15 .rt-holder h3, #rt-tpg-container-1696907414 .isotope11 .rt-holder h3, #rt-tpg-container-1696907414 .carousel11 .rt-holder h3, #rt-tpg-container-1696907414 .layout16 .rt-holder h3,\n\t\t\t\t\t#rt-tpg-container-1696907414 .isotope12 .rt-holder h3, #rt-tpg-container-1696907414 .carousel12 .rt-holder h3 {background-color:rgba(3,103,191,0.8);}#rt-tpg-container-1696907414 .read-more a{border-radius:px;}#rt-tpg-container-1696907414 .rt-img-holder img.rt-img-responsive,#rt-tpg-container-1696907414 .rt-img-holder,\n\t\t\t\t\t#rt-tpg-container-1696907414 .rt-post-overlay .post-img,\n\t\t\t\t\t#rt-tpg-container-1696907414 .post-sm .post-img,\n\t\t\t\t\t#rt-tpg-container-1696907414 .rt-post-grid .post-img,\n\t\t\t\t\t#rt-tpg-container-1696907414 .post-img img {border-radius:px;}<\/style><div class='rt-container-fluid rt-tpg-container tpg-shortcode-main-wrapper ' id='rt-tpg-container-1696907414'   data-layout='layout1' data-grid-style='even' data-desktop-col='3'  data-tab-col='2'  data-mobile-col='1' data-sc-id='2272'><div data-title='Loading ...' class='rt-row rt-content-loader   layout1 tpg-even '><div class=\"rt-col-md-4 rt-col-sm-6 rt-col-xs-12 even-grid-item rt-grid-item\" data-id=\"4040\"><div class=\"rt-holder\"><div class=\"rt-img-holder\"><a data-id=\"4040\" class=\"\" href=\"https:\/\/goias.gov.br\/parquesdegoias\/2026\/01\/19\/semad-aprova-tres-planos-de-manejo-e-reforca-protecao-das-unidades-de-conservacao-em-goias\/\"><img fetchpriority=\"high\" decoding=\"async\" width=\"1200\" height=\"600\" src=\"https:\/\/goias.gov.br\/parquesdegoias\/wp-content\/uploads\/sites\/70\/2026\/01\/OAL4790-3-1.jpg\" class=\"rt-img-responsive \" alt=\"\" \/><\/a><\/div><div class='rt-detail'><h3 class=\"entry-title\"><a data-id=\"4040\" class=\"\" href=\"https:\/\/goias.gov.br\/parquesdegoias\/2026\/01\/19\/semad-aprova-tres-planos-de-manejo-e-reforca-protecao-das-unidades-de-conservacao-em-goias\/\">Semad aprova tr\u00eas novos Planos de Manejo e refor\u00e7a prote\u00e7\u00e3o das unidades de conserva\u00e7\u00e3o em Goi\u00e1s<\/a><\/h3><div class='post-meta-user  '><span class='date'><i class='far fa-calendar-alt '><\/i>19 de janeiro de 2026<\/span><span class='categories-links'><i class='fas fa-folder-open '><\/i><a class=\"noticias\" href=\"https:\/\/goias.gov.br\/parquesdegoias\/category\/noticias\/\" rel=\"tag\">Not\u00edcias<\/a><\/span><\/div><div class='post-meta '><span class='read-more'><a data-id='4040' class='' href='https:\/\/goias.gov.br\/parquesdegoias\/2026\/01\/19\/semad-aprova-tres-planos-de-manejo-e-reforca-protecao-das-unidades-de-conservacao-em-goias\/'>Leia Mais<\/a><\/span><\/div><\/div><\/div><\/div><div class=\"rt-col-md-4 rt-col-sm-6 rt-col-xs-12 even-grid-item rt-grid-item\" data-id=\"157\"><div class=\"rt-holder\"><div class=\"rt-img-holder\"><a data-id=\"157\" class=\"\" href=\"https:\/\/goias.gov.br\/parquesdegoias\/2024\/07\/24\/estado-toma-medida-para-agilizar-resposta-contra-incendios-florestais-em-goias\/\"><img decoding=\"async\" width=\"1200\" height=\"600\" src=\"https:\/\/goias.gov.br\/parquesdegoias\/wp-content\/uploads\/sites\/70\/2024\/07\/Materia2-1.jpeg\" class=\"rt-img-responsive \" alt=\"\" \/><\/a><\/div><div class='rt-detail'><h3 class=\"entry-title\"><a data-id=\"157\" class=\"\" href=\"https:\/\/goias.gov.br\/parquesdegoias\/2024\/07\/24\/estado-toma-medida-para-agilizar-resposta-contra-incendios-florestais-em-goias\/\">Estado toma medida para agilizar resposta contra inc\u00eandios florestais em Goi\u00e1s<\/a><\/h3><div class='post-meta-user  '><span class='date'><i class='far fa-calendar-alt '><\/i>24 de julho de 2024<\/span><span class='categories-links'><i class='fas fa-folder-open '><\/i><a class=\"noticias\" href=\"https:\/\/goias.gov.br\/parquesdegoias\/category\/noticias\/\" rel=\"tag\">Not\u00edcias<\/a><\/span><\/div><div class='post-meta '><span class='read-more'><a data-id='157' class='' href='https:\/\/goias.gov.br\/parquesdegoias\/2024\/07\/24\/estado-toma-medida-para-agilizar-resposta-contra-incendios-florestais-em-goias\/'>Leia Mais<\/a><\/span><\/div><\/div><\/div><\/div><div class=\"rt-col-md-4 rt-col-sm-6 rt-col-xs-12 even-grid-item rt-grid-item\" data-id=\"381\"><div class=\"rt-holder\"><div class=\"rt-img-holder\"><a data-id=\"381\" class=\"\" href=\"https:\/\/goias.gov.br\/parquesdegoias\/2024\/07\/17\/bebidas-pets-fogueira-semad-diz-o-que-pode-e-o-que-e-proibido-nos-parques-de-goias\/\"><img decoding=\"async\" width=\"1200\" height=\"600\" src=\"https:\/\/goias.gov.br\/parquesdegoias\/wp-content\/uploads\/sites\/70\/2024\/07\/Materia3.jpeg\" class=\"rt-img-responsive \" alt=\"\" \/><\/a><\/div><div class='rt-detail'><h3 class=\"entry-title\"><a data-id=\"381\" class=\"\" href=\"https:\/\/goias.gov.br\/parquesdegoias\/2024\/07\/17\/bebidas-pets-fogueira-semad-diz-o-que-pode-e-o-que-e-proibido-nos-parques-de-goias\/\">Bebidas, pets, fogueira: Semad diz o que pode e o que \u00e9 proibido nos parques de Goi\u00e1s<\/a><\/h3><div class='post-meta-user  '><span class='date'><i class='far fa-calendar-alt '><\/i>17 de julho de 2024<\/span><span class='categories-links'><i class='fas fa-folder-open '><\/i><a class=\"noticias\" href=\"https:\/\/goias.gov.br\/parquesdegoias\/category\/noticias\/\" rel=\"tag\">Not\u00edcias<\/a><\/span><\/div><div class='post-meta '><span class='read-more'><a data-id='381' class='' href='https:\/\/goias.gov.br\/parquesdegoias\/2024\/07\/17\/bebidas-pets-fogueira-semad-diz-o-que-pode-e-o-que-e-proibido-nos-parques-de-goias\/'>Leia Mais<\/a><\/span><\/div><\/div><\/div><\/div><\/div><\/div><\/div>\n\t\t\t\t\t\t<\/div>\n\t\t\t\t\t<\/div>\n\t\t\t\t<\/div>\n\t\t\t\t<\/div>\n\t\t","protected":false},"excerpt":{"rendered":"","protected":false},"author":1471,"featured_media":0,"parent":0,"menu_order":0,"comment_status":"closed","ping_status":"closed","template":"elementor_header_footer","meta":{"footnotes":""},"class_list":["post-38","page","type-page","status-publish","hentry"],"acf":[],"rttpg_featured_image_url":null,"rttpg_author":{"display_name":"","author_link":"https:\/\/goias.gov.br\/parquesdegoias\/author\/"},"rttpg_comment":0,"rttpg_category":"","rttpg_excerpt":null,"_links":{"self":[{"href":"https:\/\/goias.gov.br\/parquesdegoias\/wp-json\/wp\/v2\/pages\/38","targetHints":{"allow":["GET"]}}],"collection":[{"href":"https:\/\/goias.gov.br\/parquesdegoias\/wp-json\/wp\/v2\/pages"}],"about":[{"href":"https:\/\/goias.gov.br\/parquesdegoias\/wp-json\/wp\/v2\/types\/page"}],"author":[{"embeddable":true,"href":"https:\/\/goias.gov.br\/parquesdegoias\/wp-json\/wp\/v2\/users\/1471"}],"replies":[{"embeddable":true,"href":"https:\/\/goias.gov.br\/parquesdegoias\/wp-json\/wp\/v2\/comments?post=38"}],"version-history":[{"count":2,"href":"https:\/\/goias.gov.br\/parquesdegoias\/wp-json\/wp\/v2\/pages\/38\/revisions"}],"predecessor-version":[{"id":2315,"href":"https:\/\/goias.gov.br\/parquesdegoias\/wp-json\/wp\/v2\/pages\/38\/revisions\/2315"}],"wp:attachment":[{"href":"https:\/\/goias.gov.br\/parquesdegoias\/wp-json\/wp\/v2\/media?parent=38"}],"curies":[{"name":"wp","href":"https:\/\/api.w.org\/{rel}","templated":true}]}}