
{"id":3503,"date":"2025-12-19T17:38:55","date_gmt":"2025-12-19T20:38:55","guid":{"rendered":"https:\/\/goias.gov.br\/parquesdegoias\/?page_id=3503"},"modified":"2026-01-22T14:28:38","modified_gmt":"2026-01-22T17:28:38","slug":"planbio","status":"publish","type":"page","link":"https:\/\/goias.gov.br\/parquesdegoias\/planbio\/","title":{"rendered":"Plano Estadual para Conserva\u00e7\u00e3o da Biodiversidade (PLANBio)"},"content":{"rendered":"\t\t<div data-elementor-type=\"wp-page\" data-elementor-id=\"3503\" class=\"elementor elementor-3503\">\n\t\t\t\t<div class=\"elementor-element elementor-element-1a467f39 e-con-full e-flex e-con e-parent\" data-id=\"1a467f39\" data-element_type=\"container\" data-e-type=\"container\">\n\t\t<div class=\"elementor-element elementor-element-62bac533 e-con-full e-flex e-con e-child\" data-id=\"62bac533\" data-element_type=\"container\" data-e-type=\"container\" data-settings=\"{&quot;background_background&quot;:&quot;classic&quot;}\">\n\t\t\t\t<div class=\"elementor-element elementor-element-4244a8c2 elementor-widget__width-initial elementor-widget-tablet__width-initial elementor-widget elementor-widget-heading\" data-id=\"4244a8c2\" data-element_type=\"widget\" data-e-type=\"widget\" data-widget_type=\"heading.default\">\n\t\t\t\t\t<h2 class=\"elementor-heading-title elementor-size-default\">PLANO ESTADUAL PARA CONSERVA\u00c7\u00c3O DA BIODIVERSIDADE (PLANBio)<\/h2>\t\t\t\t<\/div>\n\t\t\t\t<\/div>\n\t\t<div class=\"elementor-element elementor-element-4870f55a e-con-full e-flex e-con e-child\" data-id=\"4870f55a\" data-element_type=\"container\" data-e-type=\"container\">\n\t\t<div class=\"elementor-element elementor-element-7491224b e-con-full e-flex e-con e-child\" data-id=\"7491224b\" data-element_type=\"container\" data-e-type=\"container\">\n\t\t\t\t<div class=\"elementor-element elementor-element-1c0c6811 elementor-widget__width-initial elementor-widget-mobile__width-initial elementor-widget elementor-widget-text-editor\" data-id=\"1c0c6811\" data-element_type=\"widget\" data-e-type=\"widget\" data-widget_type=\"text-editor.default\">\n\t\t\t\t\t\t\t\t\t<p><span style=\"font-weight: 400; font-family: arial, helvetica, sans-serif; font-size: 12pt; color: #000000;\">O Governo de Goi\u00e1s, por meio da Secretaria de Estado de Meio Ambiente e Desenvolvimento Sustent\u00e1vel (SEMAD), iniciou a elabora\u00e7\u00e3o do Plano Estadual para Conserva\u00e7\u00e3o da Biodiversidade (PLANBio-GO), um marco estrat\u00e9gico para a gest\u00e3o ambiental p\u00fablica. Diante da responsabilidade de gerir um territ\u00f3rio que abriga mais de 90% do bioma Cerrado e importantes remanescentes de Mata Atl\u00e2ntica, o Estado desenvolve este instrumento para alinhar o desenvolvimento econ\u00f4mico \u00e0 seguran\u00e7a ecol\u00f3gica. O projeto responde \u00e0 urg\u00eancia de proteger os servi\u00e7os ecossist\u00eamicos essenciais, como o abastecimento h\u00eddrico e a regula\u00e7\u00e3o clim\u00e1tica, e integra Goi\u00e1s aos compromissos globais de sustentabilidade, incluindo as metas da Conven\u00e7\u00e3o sobre Diversidade Biol\u00f3gica da ONU.<\/span><\/p><p><span style=\"font-weight: 400; font-family: arial, helvetica, sans-serif; font-size: 12pt; color: #000000;\">A constru\u00e7\u00e3o do PLANBio-GO fundamenta-se na metodologia de Planejamento Sistem\u00e1tico da Conserva\u00e7\u00e3o, unindo rigor cient\u00edfico e participa\u00e7\u00e3o social. O processo envolve diagn\u00f3sticos t\u00e9cnicos multidisciplinares sobre a fauna, flora e socioeconomia, realizados simultaneamente a uma s\u00e9rie de oficinas participativas distribu\u00eddas pelas cinco mesorregi\u00f5es do estado. Essa abordagem assegura que o plano final n\u00e3o apenas reflita dados cient\u00edficos precisos sobre \u00e1reas priorit\u00e1rias e esp\u00e9cies amea\u00e7adas, mas tamb\u00e9m incorpore as demandas reais dos setores produtivos, da academia e das comunidades locais, conferindo legitimidade e aplicabilidade \u00e0s a\u00e7\u00f5es propostas.<\/span><\/p><p><span style=\"font-weight: 400; font-family: arial, helvetica, sans-serif; font-size: 12pt; color: #000000;\">Como resultado deste esfor\u00e7o, a sociedade goiana receber\u00e1 um conjunto robusto de produtos que transformar\u00e3o a governan\u00e7a ambiental. As entregas incluem a vers\u00e3o definitiva do Plano de A\u00e7\u00e3o, contendo diretrizes e metas claras de conserva\u00e7\u00e3o, acompanhada de uma minuta de Lei ou Decreto para instituir oficialmente a Pol\u00edtica Estadual de Biodiversidade, garantindo for\u00e7a jur\u00eddica e continuidade \u00e0s iniciativas. Al\u00e9m do arcabou\u00e7o legal, o projeto deixar\u00e1 um legado tecnol\u00f3gico: uma base de dados geoespaciais completa e estruturada conforme as normas da Infraestrutura Nacional de Dados Espaciais (INDE), permitindo o monitoramento cont\u00ednuo da biodiversidade. Para assegurar o engajamento p\u00fablico, ser\u00e1 tamb\u00e9m produzida e distribu\u00edda uma cartilha educativa com linguagem acess\u00edvel, democratizando o acesso \u00e0s informa\u00e7\u00f5es do plano.<\/span><\/p><p><span style=\"font-weight: 400; font-family: arial, helvetica, sans-serif; font-size: 12pt; color: #000000;\">A implementa\u00e7\u00e3o do PLANBio-GO proporcionar\u00e1 \u00e0 SEMAD e ao Estado de Goi\u00e1s maior capacidade de decis\u00e3o e de capta\u00e7\u00e3o de recursos financeiros nacionais e internacionais. Ao definir tecnicamente as \u00e1reas priorit\u00e1rias para conserva\u00e7\u00e3o e restaura\u00e7\u00e3o, o plano otimiza os investimentos p\u00fablicos e oferece seguran\u00e7a jur\u00eddica para o licenciamento e para o setor produtivo. Em \u00faltima an\u00e1lise, o projeto consolida um legado de desenvolvimento sustent\u00e1vel, protegendo o patrim\u00f4nio natural goiano e garantindo qualidade de vida e prosperidade para as presentes e futuras gera\u00e7\u00f5es.<\/span><\/p>\t\t\t\t\t\t\t\t<\/div>\n\t\t\t\t<\/div>\n\t\t\t\t<\/div>\n\t\t\t\t<\/div>\n\t\t\t\t<\/div>\n\t\t","protected":false},"excerpt":{"rendered":"<p>PLANO ESTADUAL PARA CONSERVA\u00c7\u00c3O DA BIODIVERSIDADE (PLANBio) O Governo de Goi\u00e1s, por meio da Secretaria de Estado de Meio Ambiente e Desenvolvimento Sustent\u00e1vel (SEMAD), iniciou a elabora\u00e7\u00e3o do Plano Estadual para Conserva\u00e7\u00e3o da Biodiversidade (PLANBio-GO), um marco estrat\u00e9gico para a gest\u00e3o ambiental p\u00fablica. Diante da responsabilidade de gerir um territ\u00f3rio que abriga mais de 90% [&hellip;]<\/p>\n","protected":false},"author":855,"featured_media":0,"parent":0,"menu_order":0,"comment_status":"closed","ping_status":"closed","template":"elementor_header_footer","meta":{"footnotes":""},"class_list":["post-3503","page","type-page","status-publish","hentry"],"acf":[],"rttpg_featured_image_url":null,"rttpg_author":{"display_name":"danyellaoliveira","author_link":"https:\/\/goias.gov.br\/parquesdegoias\/author\/danyellaoliveira\/"},"rttpg_comment":0,"rttpg_category":null,"rttpg_excerpt":"PLANO ESTADUAL PARA CONSERVA\u00c7\u00c3O DA BIODIVERSIDADE (PLANBio) O Governo de Goi\u00e1s, por meio da Secretaria de Estado de Meio Ambiente e Desenvolvimento Sustent\u00e1vel (SEMAD), iniciou a elabora\u00e7\u00e3o do Plano Estadual para Conserva\u00e7\u00e3o da Biodiversidade (PLANBio-GO), um marco estrat\u00e9gico para a gest\u00e3o ambiental p\u00fablica. Diante da responsabilidade de gerir um territ\u00f3rio que abriga mais de 90%&hellip;","_links":{"self":[{"href":"https:\/\/goias.gov.br\/parquesdegoias\/wp-json\/wp\/v2\/pages\/3503","targetHints":{"allow":["GET"]}}],"collection":[{"href":"https:\/\/goias.gov.br\/parquesdegoias\/wp-json\/wp\/v2\/pages"}],"about":[{"href":"https:\/\/goias.gov.br\/parquesdegoias\/wp-json\/wp\/v2\/types\/page"}],"author":[{"embeddable":true,"href":"https:\/\/goias.gov.br\/parquesdegoias\/wp-json\/wp\/v2\/users\/855"}],"replies":[{"embeddable":true,"href":"https:\/\/goias.gov.br\/parquesdegoias\/wp-json\/wp\/v2\/comments?post=3503"}],"version-history":[{"count":2,"href":"https:\/\/goias.gov.br\/parquesdegoias\/wp-json\/wp\/v2\/pages\/3503\/revisions"}],"predecessor-version":[{"id":4289,"href":"https:\/\/goias.gov.br\/parquesdegoias\/wp-json\/wp\/v2\/pages\/3503\/revisions\/4289"}],"wp:attachment":[{"href":"https:\/\/goias.gov.br\/parquesdegoias\/wp-json\/wp\/v2\/media?parent=3503"}],"curies":[{"name":"wp","href":"https:\/\/api.w.org\/{rel}","templated":true}]}}