
{"id":3175,"date":"2025-12-17T15:54:52","date_gmt":"2025-12-17T18:54:52","guid":{"rendered":"https:\/\/goias.gov.br\/parquesdegoias\/?page_id=3175"},"modified":"2026-01-26T11:05:52","modified_gmt":"2026-01-26T14:05:52","slug":"cetras","status":"publish","type":"page","link":"https:\/\/goias.gov.br\/parquesdegoias\/cetras\/","title":{"rendered":"CETRAS"},"content":{"rendered":"\t\t<div data-elementor-type=\"wp-page\" data-elementor-id=\"3175\" class=\"elementor elementor-3175\">\n\t\t\t\t<div class=\"elementor-element elementor-element-75900207 e-con-full e-flex e-con e-parent\" data-id=\"75900207\" data-element_type=\"container\" data-e-type=\"container\">\n\t\t<div class=\"elementor-element elementor-element-183198ce e-con-full e-flex e-con e-child\" data-id=\"183198ce\" data-element_type=\"container\" data-e-type=\"container\" data-settings=\"{&quot;background_background&quot;:&quot;classic&quot;}\">\n\t\t\t\t<div class=\"elementor-element elementor-element-4b5effd3 elementor-widget__width-initial elementor-widget-tablet__width-initial elementor-widget elementor-widget-heading\" data-id=\"4b5effd3\" data-element_type=\"widget\" data-e-type=\"widget\" data-widget_type=\"heading.default\">\n\t\t\t\t\t<h2 class=\"elementor-heading-title elementor-size-default\">CENTRO DE TRIAGEM E REABILITA\u00c7\u00c3O DE ANIMAIS SILVESTRES (CETRAS)<\/h2>\t\t\t\t<\/div>\n\t\t\t\t<\/div>\n\t\t<div class=\"elementor-element elementor-element-1256dd06 e-con-full e-flex e-con e-child\" data-id=\"1256dd06\" data-element_type=\"container\" data-e-type=\"container\">\n\t\t<div class=\"elementor-element elementor-element-3ac58009 e-con-full e-flex e-con e-child\" data-id=\"3ac58009\" data-element_type=\"container\" data-e-type=\"container\">\n\t\t\t\t<div class=\"elementor-element elementor-element-3ba82189 elementor-widget__width-initial elementor-widget-mobile__width-initial elementor-widget elementor-widget-text-editor\" data-id=\"3ba82189\" data-element_type=\"widget\" data-e-type=\"widget\" data-widget_type=\"text-editor.default\">\n\t\t\t\t\t\t\t\t\t<p><span style=\"font-weight: 400; font-family: arial, helvetica, sans-serif; font-size: 12pt; color: #000000;\">O Governo de Goi\u00e1s, por meio da Secretaria de Estado de Meio Ambiente e Desenvolvimento Sustent\u00e1vel (SEMAD), est\u00e1 implantando o Centro de Triagem e Reabilita\u00e7\u00e3o de Animais Silvestres de Goi\u00e1s (CETRAS\/GO), empreendimento estruturante destinado a fortalecer a gest\u00e3o, o monitoramento e a prote\u00e7\u00e3o da fauna silvestre no estado. A iniciativa integra as a\u00e7\u00f5es estrat\u00e9gicas da SEMAD para ampliar a capacidade institucional de resposta \u00e0s demandas relacionadas \u00e0 conserva\u00e7\u00e3o da biodiversidade, ao combate ao tr\u00e1fico de animais e ao atendimento de ocorr\u00eancias envolvendo a fauna silvestre.\u00a0<\/span><\/p><p><span style=\"font-weight: 400; font-family: arial, helvetica, sans-serif; font-size: 12pt; color: #000000;\">A implanta\u00e7\u00e3o do CETRAS\/GO decorre da necessidade de estabelecer, em Goi\u00e1s, um equipamento p\u00fablico moderno, tecnicamente qualificado e capaz de atender, de forma integrada, \u00e0s atividades de triagem, identifica\u00e7\u00e3o, avalia\u00e7\u00e3o, recupera\u00e7\u00e3o, reabilita\u00e7\u00e3o e destina\u00e7\u00e3o de animais silvestres provenientes de a\u00e7\u00f5es de fiscaliza\u00e7\u00e3o, resgates, entregas volunt\u00e1rias ou outras situa\u00e7\u00f5es de risco.\u00a0\u00a0<\/span><\/p><p><span style=\"font-weight: 400; font-family: arial, helvetica, sans-serif; font-size: 12pt; color: #000000;\">O empreendimento foi concebido com base em estudos t\u00e9cnicos, projetos arquitet\u00f4nicos e complementares elaborados por empresas especializadas, contemplando infraestrutura adequada para manejo, atendimento veterin\u00e1rio, recintos de reabilita\u00e7\u00e3o, \u00e1reas administrativas e sistemas de controle sanit\u00e1rio e ambiental.\u00a0<\/span><\/p><p><span style=\"font-weight: 400; font-family: arial, helvetica, sans-serif; font-size: 12pt; color: #000000;\">A Primeira Fase da obra, est\u00e1 sendo financiada com recursos de compensa\u00e7\u00e3o ambiental, assegurando rigor t\u00e9cnico, transpar\u00eancia e efici\u00eancia na execu\u00e7\u00e3o.\u00a0\u00a0<\/span><\/p><p><span style=\"font-family: arial, helvetica, sans-serif; font-size: 12pt; color: #000000;\"><b>Proposta de Implanta\u00e7\u00e3o<\/b><\/span><\/p><p><span style=\"font-weight: 400; font-family: arial, helvetica, sans-serif; font-size: 12pt; color: #000000;\">A implanta\u00e7\u00e3o do CETRAS\/GO decorre da necessidade de estabelecer, em Goi\u00e1s, um equipamento p\u00fablico moderno, tecnicamente qualificado e capaz de atender, de forma integrada, \u00e0s atividades de triagem, identifica\u00e7\u00e3o, avalia\u00e7\u00e3o, recupera\u00e7\u00e3o, reabilita\u00e7\u00e3o e destina\u00e7\u00e3o de animais silvestres provenientes de a\u00e7\u00f5es de fiscaliza\u00e7\u00e3o, resgates, entregas volunt\u00e1rias ou outras situa\u00e7\u00f5es de risco.<\/span><\/p><p><span style=\"font-weight: 400; font-family: arial, helvetica, sans-serif; font-size: 12pt; color: #000000;\">O empreendimento foi concebido com base em estudos t\u00e9cnicos, projetos arquitet\u00f4nicos e complementares elaborados por empresas especializadas, contemplando infraestrutura adequada para manejo, atendimento veterin\u00e1rio, recintos de reabilita\u00e7\u00e3o, \u00e1reas administrativas e sistemas de controle sanit\u00e1rio e ambiental.<\/span><\/p><p><span style=\"font-family: arial, helvetica, sans-serif; font-size: 12pt; color: #000000;\"><b>Import\u00e2ncia Estrat\u00e9gica<\/b><\/span><\/p><p><span style=\"font-weight: 400; font-family: arial, helvetica, sans-serif; font-size: 12pt; color: #000000;\">O CETRAS\/GO responde a um cen\u00e1rio de crescente demanda por atendimento \u00e0 fauna silvestre no estado, atualmente suprida de forma limitada. A insufici\u00eancia de infraestrutura compromete a capacidade de resposta do poder p\u00fablico e evidencia a necessidade de um centro de maior porte, com abrang\u00eancia estadual e capacidade de articula\u00e7\u00e3o regional.<\/span><\/p><p><span style=\"font-weight: 400; font-family: arial, helvetica, sans-serif; font-size: 12pt; color: #000000;\">Entre os benef\u00edcios esperados, destacam-se:\u00a0\u00a0<\/span><\/p><ul><li style=\"list-style-type: none;\"><ul style=\"list-style-type: circle;\"><li style=\"font-weight: 400;\" aria-level=\"1\"><span style=\"font-weight: 400; font-family: arial, helvetica, sans-serif; font-size: 12pt; color: #000000;\">O fortalecimento das a\u00e7\u00f5es de prote\u00e7\u00e3o e conserva\u00e7\u00e3o da fauna silvestre;\u00a0\u00a0<\/span><\/li><li style=\"font-weight: 400;\" aria-level=\"1\"><span style=\"font-weight: 400; font-family: arial, helvetica, sans-serif; font-size: 12pt; color: #000000;\">Amplia\u00e7\u00e3o da capacidade de atendimento a animais resgatados ou apreendidos;\u00a0\u00a0<\/span><\/li><li style=\"font-weight: 400;\" aria-level=\"1\"><span style=\"font-weight: 400; font-family: arial, helvetica, sans-serif; font-size: 12pt; color: #000000;\">Suporte t\u00e9cnico \u00e0s atividades de fiscaliza\u00e7\u00e3o ambiental;\u00a0\u00a0<\/span><\/li><li style=\"font-weight: 400;\" aria-level=\"1\"><span style=\"font-weight: 400; font-family: arial, helvetica, sans-serif; font-size: 12pt; color: #000000;\">Gera\u00e7\u00e3o e sistematiza\u00e7\u00e3o de dados sobre proced\u00eancia, rotas de tr\u00e1fico e destina\u00e7\u00e3o de fauna;\u00a0\u00a0<\/span><\/li><li style=\"font-weight: 400;\" aria-level=\"1\"><span style=\"font-weight: 400; font-family: arial, helvetica, sans-serif; font-size: 12pt; color: #000000;\">Promo\u00e7\u00e3o de sa\u00fade ambiental, animal e humana, em conson\u00e2ncia com o conceito de Sa\u00fade \u00danica;\u00a0\u00a0<\/span><\/li><li style=\"font-weight: 400;\" aria-level=\"1\"><span style=\"font-weight: 400; font-family: arial, helvetica, sans-serif; font-size: 12pt; color: #000000;\">Apoio a pesquisas cient\u00edficas, programas de conserva\u00e7\u00e3o e a\u00e7\u00f5es de educa\u00e7\u00e3o ambiental.\u00a0\u00a0<\/span><\/li><\/ul><\/li><\/ul><p><span style=\"font-family: arial, helvetica, sans-serif; font-size: 12pt; color: #000000;\"><b>Vis\u00e3o de Excel\u00eancia e Refer\u00eancia Nacional\u00a0<\/b><\/span><\/p><p><span style=\"font-weight: 400; font-family: arial, helvetica, sans-serif; font-size: 12pt; color: #000000;\">O CETRAS\/GO foi planejado para se consolidar como um centro de excel\u00eancia, com padr\u00f5es t\u00e9cnicos compat\u00edveis com os mais avan\u00e7ados empreendimentos de fauna do pa\u00eds.\u00a0<\/span><\/p><p><span style=\"font-weight: 400; font-family: arial, helvetica, sans-serif; font-size: 12pt; color: #000000;\">A proposta \u00e9 que o centro se torne refer\u00eancia nacional em triagem, reabilita\u00e7\u00e3o e manejo de animais silvestres, contribuindo para o desenvolvimento de pol\u00edticas p\u00fablicas, para o fortalecimento de redes de conserva\u00e7\u00e3o e para a forma\u00e7\u00e3o de profissionais especializados.\u00a0<\/span><\/p><p><span style=\"font-weight: 400; font-family: arial, helvetica, sans-serif; font-size: 12pt; color: #000000;\">A estrutura permitir\u00e1, ainda, o interc\u00e2mbio de informa\u00e7\u00f5es e a celebra\u00e7\u00e3o de parcerias com institui\u00e7\u00f5es p\u00fablicas e privadas, nacionais e internacionais, ampliando o alcance das a\u00e7\u00f5es de conserva\u00e7\u00e3o e promovendo inova\u00e7\u00e3o cient\u00edfica e tecnol\u00f3gica.\u00a0\u00a0<\/span><\/p><p><span style=\"font-family: arial, helvetica, sans-serif; font-size: 12pt; color: #000000;\"><b>Previs\u00e3o de Entrega da Primeira Fase\u00a0<\/b><\/span><\/p><p><span style=\"font-weight: 400; font-family: arial, helvetica, sans-serif; font-size: 12pt; color: #000000;\">A Fase I de constru\u00e7\u00e3o do CETRAS\/GO, correspondente \u00e0 implanta\u00e7\u00e3o inicial da infraestrutura essencial ao funcionamento do centro e possui previs\u00e3o de conclus\u00e3o para fevereiro de 2026.\u00a0<\/span><\/p><p><span style=\"font-family: arial, helvetica, sans-serif; font-size: 12pt; color: #000000;\"><b>Compromisso com a Conserva\u00e7\u00e3o da Biodiversidade\u00a0<\/b><\/span><\/p><p><span style=\"font-weight: 400; font-family: arial, helvetica, sans-serif; font-size: 12pt; color: #000000;\">A implanta\u00e7\u00e3o do CETRAS\/GO reafirma o compromisso do Governo de Goi\u00e1s com a prote\u00e7\u00e3o da fauna silvestre, com a gest\u00e3o ambiental respons\u00e1vel e com o fortalecimento das pol\u00edticas p\u00fablicas voltadas \u00e0 conserva\u00e7\u00e3o da biodiversidade. O centro representa um marco para o estado e um legado para as futuras gera\u00e7\u00f5es, consolidando Goi\u00e1s como refer\u00eancia nacional em manejo, prote\u00e7\u00e3o e reabilita\u00e7\u00e3o de animais silvestres.<\/span><\/p><p><span style=\"font-weight: 400; font-family: arial, helvetica, sans-serif; font-size: 12pt; color: #000000;\">A previs\u00e3o \u00e9 que as obras de instala\u00e7\u00e3o sejam conclu\u00eddas em 2026 e o in\u00edcio do funcionamento efetivo seja no ano de 2027. Confira as fotos do andamento das obras e as novidades por aqui!<\/span><\/p>\t\t\t\t\t\t\t\t<\/div>\n\t\t\t\t<\/div>\n\t\t\t\t<\/div>\n\t\t\t\t<\/div>\n\t\t<div class=\"elementor-element elementor-element-2a1c50c e-grid e-con-boxed e-con e-parent\" data-id=\"2a1c50c\" data-element_type=\"container\" data-e-type=\"container\">\n\t\t\t\t\t<div class=\"e-con-inner\">\n\t\t\t\t<div class=\"elementor-element elementor-element-1de31f5 elementor-widget elementor-widget-image\" data-id=\"1de31f5\" data-element_type=\"widget\" data-e-type=\"widget\" data-widget_type=\"image.default\">\n\t\t\t\t\t\t\t\t\t\t\t\t\t\t\t<img fetchpriority=\"high\" decoding=\"async\" width=\"1024\" height=\"768\" src=\"https:\/\/goias.gov.br\/parquesdegoias\/wp-content\/uploads\/sites\/70\/2025\/12\/WhatsApp-Image-2025-12-17-at-15.37.57-1024x768.jpeg\" class=\"attachment-large size-large wp-image-3233\" alt=\"\" srcset=\"https:\/\/goias.gov.br\/parquesdegoias\/wp-content\/uploads\/sites\/70\/2025\/12\/WhatsApp-Image-2025-12-17-at-15.37.57-1024x768.jpeg 1024w, https:\/\/goias.gov.br\/parquesdegoias\/wp-content\/uploads\/sites\/70\/2025\/12\/WhatsApp-Image-2025-12-17-at-15.37.57-300x225.jpeg 300w, https:\/\/goias.gov.br\/parquesdegoias\/wp-content\/uploads\/sites\/70\/2025\/12\/WhatsApp-Image-2025-12-17-at-15.37.57-768x576.jpeg 768w, https:\/\/goias.gov.br\/parquesdegoias\/wp-content\/uploads\/sites\/70\/2025\/12\/WhatsApp-Image-2025-12-17-at-15.37.57-600x450.jpeg 600w, https:\/\/goias.gov.br\/parquesdegoias\/wp-content\/uploads\/sites\/70\/2025\/12\/WhatsApp-Image-2025-12-17-at-15.37.57.jpeg 1280w\" sizes=\"(max-width: 1024px) 100vw, 1024px\" \/>\t\t\t\t\t\t\t\t\t\t\t\t\t\t\t<\/div>\n\t\t\t\t<div class=\"elementor-element elementor-element-d09025c elementor-widget elementor-widget-image\" data-id=\"d09025c\" data-element_type=\"widget\" data-e-type=\"widget\" data-widget_type=\"image.default\">\n\t\t\t\t\t\t\t\t\t\t\t\t\t\t\t<img decoding=\"async\" width=\"1024\" height=\"768\" src=\"https:\/\/goias.gov.br\/parquesdegoias\/wp-content\/uploads\/sites\/70\/2025\/12\/WhatsApp-Image-2025-12-18-at-15.16.25-1024x768.jpeg\" class=\"attachment-large size-large wp-image-3242\" alt=\"\" srcset=\"https:\/\/goias.gov.br\/parquesdegoias\/wp-content\/uploads\/sites\/70\/2025\/12\/WhatsApp-Image-2025-12-18-at-15.16.25-1024x768.jpeg 1024w, https:\/\/goias.gov.br\/parquesdegoias\/wp-content\/uploads\/sites\/70\/2025\/12\/WhatsApp-Image-2025-12-18-at-15.16.25-300x225.jpeg 300w, https:\/\/goias.gov.br\/parquesdegoias\/wp-content\/uploads\/sites\/70\/2025\/12\/WhatsApp-Image-2025-12-18-at-15.16.25-768x576.jpeg 768w, https:\/\/goias.gov.br\/parquesdegoias\/wp-content\/uploads\/sites\/70\/2025\/12\/WhatsApp-Image-2025-12-18-at-15.16.25-600x450.jpeg 600w, https:\/\/goias.gov.br\/parquesdegoias\/wp-content\/uploads\/sites\/70\/2025\/12\/WhatsApp-Image-2025-12-18-at-15.16.25.jpeg 1280w\" sizes=\"(max-width: 1024px) 100vw, 1024px\" \/>\t\t\t\t\t\t\t\t\t\t\t\t\t\t\t<\/div>\n\t\t\t\t<div class=\"elementor-element elementor-element-4ba1250 elementor-widget elementor-widget-image\" data-id=\"4ba1250\" data-element_type=\"widget\" data-e-type=\"widget\" data-widget_type=\"image.default\">\n\t\t\t\t\t\t\t\t\t\t\t\t\t\t\t<img decoding=\"async\" width=\"1024\" height=\"768\" src=\"https:\/\/goias.gov.br\/parquesdegoias\/wp-content\/uploads\/sites\/70\/2025\/12\/WhatsApp-Image-2025-12-18-at-15.16.26-1-1024x768.jpeg\" class=\"attachment-large size-large wp-image-3243\" alt=\"\" srcset=\"https:\/\/goias.gov.br\/parquesdegoias\/wp-content\/uploads\/sites\/70\/2025\/12\/WhatsApp-Image-2025-12-18-at-15.16.26-1-1024x768.jpeg 1024w, https:\/\/goias.gov.br\/parquesdegoias\/wp-content\/uploads\/sites\/70\/2025\/12\/WhatsApp-Image-2025-12-18-at-15.16.26-1-300x225.jpeg 300w, https:\/\/goias.gov.br\/parquesdegoias\/wp-content\/uploads\/sites\/70\/2025\/12\/WhatsApp-Image-2025-12-18-at-15.16.26-1-768x576.jpeg 768w, https:\/\/goias.gov.br\/parquesdegoias\/wp-content\/uploads\/sites\/70\/2025\/12\/WhatsApp-Image-2025-12-18-at-15.16.26-1-600x450.jpeg 600w, https:\/\/goias.gov.br\/parquesdegoias\/wp-content\/uploads\/sites\/70\/2025\/12\/WhatsApp-Image-2025-12-18-at-15.16.26-1.jpeg 1280w\" sizes=\"(max-width: 1024px) 100vw, 1024px\" \/>\t\t\t\t\t\t\t\t\t\t\t\t\t\t\t<\/div>\n\t\t\t\t\t<\/div>\n\t\t\t\t<\/div>\n\t\t<div class=\"elementor-element elementor-element-e8d6a68 e-grid e-con-boxed e-con e-parent\" data-id=\"e8d6a68\" data-element_type=\"container\" data-e-type=\"container\">\n\t\t\t\t\t<div class=\"e-con-inner\">\n\t\t\t\t<div class=\"elementor-element elementor-element-350d882 elementor-widget elementor-widget-image\" data-id=\"350d882\" data-element_type=\"widget\" data-e-type=\"widget\" data-widget_type=\"image.default\">\n\t\t\t\t\t\t\t\t\t\t\t\t\t\t\t<img loading=\"lazy\" decoding=\"async\" width=\"1024\" height=\"768\" src=\"https:\/\/goias.gov.br\/parquesdegoias\/wp-content\/uploads\/sites\/70\/2025\/12\/WhatsApp-Image-2025-12-18-at-15.16.26-2-1024x768.jpeg\" class=\"attachment-large size-large wp-image-3245\" alt=\"\" srcset=\"https:\/\/goias.gov.br\/parquesdegoias\/wp-content\/uploads\/sites\/70\/2025\/12\/WhatsApp-Image-2025-12-18-at-15.16.26-2-1024x768.jpeg 1024w, https:\/\/goias.gov.br\/parquesdegoias\/wp-content\/uploads\/sites\/70\/2025\/12\/WhatsApp-Image-2025-12-18-at-15.16.26-2-300x225.jpeg 300w, https:\/\/goias.gov.br\/parquesdegoias\/wp-content\/uploads\/sites\/70\/2025\/12\/WhatsApp-Image-2025-12-18-at-15.16.26-2-768x576.jpeg 768w, https:\/\/goias.gov.br\/parquesdegoias\/wp-content\/uploads\/sites\/70\/2025\/12\/WhatsApp-Image-2025-12-18-at-15.16.26-2-600x450.jpeg 600w, https:\/\/goias.gov.br\/parquesdegoias\/wp-content\/uploads\/sites\/70\/2025\/12\/WhatsApp-Image-2025-12-18-at-15.16.26-2.jpeg 1280w\" sizes=\"(max-width: 1024px) 100vw, 1024px\" \/>\t\t\t\t\t\t\t\t\t\t\t\t\t\t\t<\/div>\n\t\t\t\t<div class=\"elementor-element elementor-element-823ceeb elementor-widget elementor-widget-image\" data-id=\"823ceeb\" data-element_type=\"widget\" data-e-type=\"widget\" data-widget_type=\"image.default\">\n\t\t\t\t\t\t\t\t\t\t\t\t\t\t\t<img loading=\"lazy\" decoding=\"async\" width=\"1024\" height=\"768\" src=\"https:\/\/goias.gov.br\/parquesdegoias\/wp-content\/uploads\/sites\/70\/2025\/12\/WhatsApp-Image-2025-12-18-at-15.16.26-1024x768.jpeg\" class=\"attachment-large size-large wp-image-3246\" alt=\"\" srcset=\"https:\/\/goias.gov.br\/parquesdegoias\/wp-content\/uploads\/sites\/70\/2025\/12\/WhatsApp-Image-2025-12-18-at-15.16.26-1024x768.jpeg 1024w, https:\/\/goias.gov.br\/parquesdegoias\/wp-content\/uploads\/sites\/70\/2025\/12\/WhatsApp-Image-2025-12-18-at-15.16.26-300x225.jpeg 300w, https:\/\/goias.gov.br\/parquesdegoias\/wp-content\/uploads\/sites\/70\/2025\/12\/WhatsApp-Image-2025-12-18-at-15.16.26-768x576.jpeg 768w, https:\/\/goias.gov.br\/parquesdegoias\/wp-content\/uploads\/sites\/70\/2025\/12\/WhatsApp-Image-2025-12-18-at-15.16.26-600x450.jpeg 600w, https:\/\/goias.gov.br\/parquesdegoias\/wp-content\/uploads\/sites\/70\/2025\/12\/WhatsApp-Image-2025-12-18-at-15.16.26.jpeg 1280w\" sizes=\"(max-width: 1024px) 100vw, 1024px\" \/>\t\t\t\t\t\t\t\t\t\t\t\t\t\t\t<\/div>\n\t\t\t\t<div class=\"elementor-element elementor-element-207a9f2 elementor-widget elementor-widget-image\" data-id=\"207a9f2\" data-element_type=\"widget\" data-e-type=\"widget\" data-widget_type=\"image.default\">\n\t\t\t\t\t\t\t\t\t\t\t\t\t\t\t<img loading=\"lazy\" decoding=\"async\" width=\"1024\" height=\"768\" src=\"https:\/\/goias.gov.br\/parquesdegoias\/wp-content\/uploads\/sites\/70\/2025\/12\/WhatsApp-Image-2025-12-18-at-15.16.25-1-1024x768.jpeg\" class=\"attachment-large size-large wp-image-3248\" alt=\"\" srcset=\"https:\/\/goias.gov.br\/parquesdegoias\/wp-content\/uploads\/sites\/70\/2025\/12\/WhatsApp-Image-2025-12-18-at-15.16.25-1-1024x768.jpeg 1024w, https:\/\/goias.gov.br\/parquesdegoias\/wp-content\/uploads\/sites\/70\/2025\/12\/WhatsApp-Image-2025-12-18-at-15.16.25-1-300x225.jpeg 300w, https:\/\/goias.gov.br\/parquesdegoias\/wp-content\/uploads\/sites\/70\/2025\/12\/WhatsApp-Image-2025-12-18-at-15.16.25-1-768x576.jpeg 768w, https:\/\/goias.gov.br\/parquesdegoias\/wp-content\/uploads\/sites\/70\/2025\/12\/WhatsApp-Image-2025-12-18-at-15.16.25-1-600x450.jpeg 600w, https:\/\/goias.gov.br\/parquesdegoias\/wp-content\/uploads\/sites\/70\/2025\/12\/WhatsApp-Image-2025-12-18-at-15.16.25-1.jpeg 1280w\" sizes=\"(max-width: 1024px) 100vw, 1024px\" \/>\t\t\t\t\t\t\t\t\t\t\t\t\t\t\t<\/div>\n\t\t\t\t\t<\/div>\n\t\t\t\t<\/div>\n\t\t\t\t<\/div>\n\t\t","protected":false},"excerpt":{"rendered":"<p>CENTRO DE TRIAGEM E REABILITA\u00c7\u00c3O DE ANIMAIS SILVESTRES (CETRAS) O Governo de Goi\u00e1s, por meio da Secretaria de Estado de Meio Ambiente e Desenvolvimento Sustent\u00e1vel (SEMAD), est\u00e1 implantando o Centro de Triagem e Reabilita\u00e7\u00e3o de Animais Silvestres de Goi\u00e1s (CETRAS\/GO), empreendimento estruturante destinado a fortalecer a gest\u00e3o, o monitoramento e a prote\u00e7\u00e3o da fauna silvestre [&hellip;]<\/p>\n","protected":false},"author":855,"featured_media":0,"parent":0,"menu_order":0,"comment_status":"closed","ping_status":"closed","template":"elementor_header_footer","meta":{"footnotes":""},"class_list":["post-3175","page","type-page","status-publish","hentry"],"acf":[],"rttpg_featured_image_url":null,"rttpg_author":{"display_name":"danyellaoliveira","author_link":"https:\/\/goias.gov.br\/parquesdegoias\/author\/danyellaoliveira\/"},"rttpg_comment":0,"rttpg_category":null,"rttpg_excerpt":"CENTRO DE TRIAGEM E REABILITA\u00c7\u00c3O DE ANIMAIS SILVESTRES (CETRAS) O Governo de Goi\u00e1s, por meio da Secretaria de Estado de Meio Ambiente e Desenvolvimento Sustent\u00e1vel (SEMAD), est\u00e1 implantando o Centro de Triagem e Reabilita\u00e7\u00e3o de Animais Silvestres de Goi\u00e1s (CETRAS\/GO), empreendimento estruturante destinado a fortalecer a gest\u00e3o, o monitoramento e a prote\u00e7\u00e3o da fauna silvestre&hellip;","_links":{"self":[{"href":"https:\/\/goias.gov.br\/parquesdegoias\/wp-json\/wp\/v2\/pages\/3175","targetHints":{"allow":["GET"]}}],"collection":[{"href":"https:\/\/goias.gov.br\/parquesdegoias\/wp-json\/wp\/v2\/pages"}],"about":[{"href":"https:\/\/goias.gov.br\/parquesdegoias\/wp-json\/wp\/v2\/types\/page"}],"author":[{"embeddable":true,"href":"https:\/\/goias.gov.br\/parquesdegoias\/wp-json\/wp\/v2\/users\/855"}],"replies":[{"embeddable":true,"href":"https:\/\/goias.gov.br\/parquesdegoias\/wp-json\/wp\/v2\/comments?post=3175"}],"version-history":[{"count":2,"href":"https:\/\/goias.gov.br\/parquesdegoias\/wp-json\/wp\/v2\/pages\/3175\/revisions"}],"predecessor-version":[{"id":4349,"href":"https:\/\/goias.gov.br\/parquesdegoias\/wp-json\/wp\/v2\/pages\/3175\/revisions\/4349"}],"wp:attachment":[{"href":"https:\/\/goias.gov.br\/parquesdegoias\/wp-json\/wp\/v2\/media?parent=3175"}],"curies":[{"name":"wp","href":"https:\/\/api.w.org\/{rel}","templated":true}]}}