
{"id":3125,"date":"2025-12-16T20:26:10","date_gmt":"2025-12-16T23:26:10","guid":{"rendered":"https:\/\/goias.gov.br\/parquesdegoias\/?page_id=3125"},"modified":"2026-01-22T09:26:35","modified_gmt":"2026-01-22T12:26:35","slug":"inventario-de-fauna-silvestre","status":"publish","type":"page","link":"https:\/\/goias.gov.br\/parquesdegoias\/inventario-de-fauna-silvestre\/","title":{"rendered":"Invent\u00e1rio de Fauna Silvestre"},"content":{"rendered":"\t\t<div data-elementor-type=\"wp-page\" data-elementor-id=\"3125\" class=\"elementor elementor-3125\">\n\t\t\t\t<div class=\"elementor-element elementor-element-466aa388 e-con-full e-flex e-con e-parent\" data-id=\"466aa388\" data-element_type=\"container\" data-e-type=\"container\">\n\t\t<div class=\"elementor-element elementor-element-6cd969c0 e-con-full e-flex e-con e-child\" data-id=\"6cd969c0\" data-element_type=\"container\" data-e-type=\"container\" data-settings=\"{&quot;background_background&quot;:&quot;classic&quot;}\">\n\t\t\t\t<div class=\"elementor-element elementor-element-3606610 elementor-widget__width-initial elementor-widget elementor-widget-heading\" data-id=\"3606610\" data-element_type=\"widget\" data-e-type=\"widget\" data-widget_type=\"heading.default\">\n\t\t\t\t\t<h2 class=\"elementor-heading-title elementor-size-default\">INVENT\u00c1RIO DE FAUNA SILVESTRE TERRESTRE DO ESTADO DE GOI\u00c1S<\/h2>\t\t\t\t<\/div>\n\t\t\t\t<\/div>\n\t\t<div class=\"elementor-element elementor-element-72c0ed24 e-con-full e-flex e-con e-child\" data-id=\"72c0ed24\" data-element_type=\"container\" data-e-type=\"container\">\n\t\t<div class=\"elementor-element elementor-element-3af3c5bd e-con-full e-flex e-con e-child\" data-id=\"3af3c5bd\" data-element_type=\"container\" data-e-type=\"container\">\n\t\t\t\t<div class=\"elementor-element elementor-element-2dd7070b elementor-widget__width-initial elementor-widget elementor-widget-text-editor\" data-id=\"2dd7070b\" data-element_type=\"widget\" data-e-type=\"widget\" data-widget_type=\"text-editor.default\">\n\t\t\t\t\t\t\t\t\t<p><span style=\"font-family: arial, helvetica, sans-serif; font-size: 12pt; color: #000000;\">A Secretaria de Estado de Meio Ambiente e Desenvolvimento Sustent\u00e1vel (SEMAD), por meio da Ger\u00eancia de Conserva\u00e7\u00e3o, Biodiversidade e Fauna (GEBIO), d\u00e1 in\u00edcio ao Invent\u00e1rio de Fauna Silvestre Terrestre de Goi\u00e1s, o mais abrangente esfor\u00e7o cient\u00edfico j\u00e1 realizado para mapear a biodiversidade em territ\u00f3rio goiano. Com dura\u00e7\u00e3o prevista de 30 meses, a iniciativa mobilizar\u00e1 uma for\u00e7a-tarefa multidisciplinar para percorrer as cinco mesorregi\u00f5es do estado, investigando 40 m\u00f3dulos territoriais estrat\u00e9gicos (&#8220;Grids&#8221;) de aproximadamente 57 mil hectares cada. O objetivo central \u00e9 superar a car\u00eancia hist\u00f3rica de informa\u00e7\u00f5es precisas sobre a vida selvagem, transformando a gest\u00e3o ambiental estadual com base em evid\u00eancias cient\u00edficas robustas e audit\u00e1veis.<\/span><\/p><p><span style=\"font-family: arial, helvetica, sans-serif; font-size: 12pt; color: #000000;\">A metodologia do projeto combina t\u00e9cnicas tradicionais de campo com tecnologias de ponta, como monitoramento ac\u00fastico automatizado e an\u00e1lises moleculares, cobrindo tanto Unidades de Conserva\u00e7\u00e3o quanto \u00e1reas de matriz produtiva e privada. As equipes especializadas dedicar\u00e3o esfor\u00e7os ao levantamento dos quatro principais grupos da fauna terrestre: a Mastofauna, englobando mam\u00edferos de pequeno, m\u00e9dio e grande porte e morcegos; a Avifauna, cobrindo aves de h\u00e1bitos diurnos e noturnos; a Herpetofauna, composta por r\u00e9pteis e anf\u00edbios; e a Entomofauna, com foco exclusivo nas abelhas nativas, essenciais para a poliniza\u00e7\u00e3o. Essa abordagem integrada permitir\u00e1 n\u00e3o apenas catalogar a riqueza de esp\u00e9cies, mas tamb\u00e9m resolver complexos taxon\u00f4micos, identificar popula\u00e7\u00f5es raras e compreender a distribui\u00e7\u00e3o real dos animais no espa\u00e7o geogr\u00e1fico.<\/span><\/p><p><span style=\"font-family: arial, helvetica, sans-serif; font-size: 12pt; color: #000000;\">Os resultados deste invent\u00e1rio constituir\u00e3o um novo patrim\u00f4nio de intelig\u00eancia governamental, substituindo estimativas te\u00f3ricas por dados georreferenciados concretos. Essas informa\u00e7\u00f5es subsidiar\u00e3o diretamente a consolida\u00e7\u00e3o do Plano de A\u00e7\u00e3o Estadual para Conserva\u00e7\u00e3o da Biodiversidade (PLANBio-GO), a atualiza\u00e7\u00e3o rigorosa das listas de esp\u00e9cies amea\u00e7adas e a defini\u00e7\u00e3o t\u00e9cnica de \u00e1reas priorit\u00e1rias para conserva\u00e7\u00e3o. Simultaneamente, o projeto oferecer\u00e1 maior seguran\u00e7a jur\u00eddica aos processos de licenciamento ambiental e ao setor produtivo, indicando com clareza as \u00e1reas sens\u00edveis e aquelas aptas ao desenvolvimento, al\u00e9m de monitorar a sa\u00fade dos ecossistemas sob a \u00f3tica da preven\u00e7\u00e3o de zoonoses e da Sa\u00fade \u00danica.<\/span><\/p><p><span style=\"font-family: arial, helvetica, sans-serif; font-size: 12pt; color: #000000;\">Ao final, este esfor\u00e7o deixar\u00e1 um legado permanente para a sociedade goiana e para as futuras gera\u00e7\u00f5es. O conhecimento gerado destacar\u00e1 a import\u00e2ncia dos servi\u00e7os ecossist\u00eamicos, como a poliniza\u00e7\u00e3o agr\u00edcola e a regenera\u00e7\u00e3o florestal, e ser\u00e1 democratizado atrav\u00e9s da integra\u00e7\u00e3o ao Sistema BioData e da publica\u00e7\u00e3o de um Guia Ilustrado da Fauna de Goi\u00e1s. Com esta iniciativa, o Governo de Goi\u00e1s reafirma seu compromisso de conciliar o desenvolvimento econ\u00f4mico com a preserva\u00e7\u00e3o do seu patrim\u00f4nio natural, posicionando o estado como refer\u00eancia nacional em gest\u00e3o moderna da biodiversidade.<\/span><\/p><p><span style=\"font-family: arial, helvetica, sans-serif; font-size: 12pt; color: #000000;\">Acompanhe aqui a publica\u00e7\u00e3o do Edital de Licita\u00e7\u00e3o, na modalidade T\u00e9cnica e Pre\u00e7o, que selecionar\u00e1 a institui\u00e7\u00e3o respons\u00e1vel pela elabora\u00e7\u00e3o e execu\u00e7\u00e3o do Invent\u00e1rio de Fauna Terrestre do Estado de Goi\u00e1s.<\/span><\/p>\t\t\t\t\t\t\t\t<\/div>\n\t\t\t\t<\/div>\n\t\t\t\t<\/div>\n\t\t\t\t<\/div>\n\t\t\t\t<\/div>\n\t\t","protected":false},"excerpt":{"rendered":"<p>INVENT\u00c1RIO DE FAUNA SILVESTRE TERRESTRE DO ESTADO DE GOI\u00c1S A Secretaria de Estado de Meio Ambiente e Desenvolvimento Sustent\u00e1vel (SEMAD), por meio da Ger\u00eancia de Conserva\u00e7\u00e3o, Biodiversidade e Fauna (GEBIO), d\u00e1 in\u00edcio ao Invent\u00e1rio de Fauna Silvestre Terrestre de Goi\u00e1s, o mais abrangente esfor\u00e7o cient\u00edfico j\u00e1 realizado para mapear a biodiversidade em territ\u00f3rio goiano. Com [&hellip;]<\/p>\n","protected":false},"author":855,"featured_media":0,"parent":0,"menu_order":0,"comment_status":"closed","ping_status":"closed","template":"elementor_header_footer","meta":{"footnotes":""},"class_list":["post-3125","page","type-page","status-publish","hentry"],"acf":[],"rttpg_featured_image_url":null,"rttpg_author":{"display_name":"danyellaoliveira","author_link":"https:\/\/goias.gov.br\/parquesdegoias\/author\/danyellaoliveira\/"},"rttpg_comment":0,"rttpg_category":null,"rttpg_excerpt":"INVENT\u00c1RIO DE FAUNA SILVESTRE TERRESTRE DO ESTADO DE GOI\u00c1S A Secretaria de Estado de Meio Ambiente e Desenvolvimento Sustent\u00e1vel (SEMAD), por meio da Ger\u00eancia de Conserva\u00e7\u00e3o, Biodiversidade e Fauna (GEBIO), d\u00e1 in\u00edcio ao Invent\u00e1rio de Fauna Silvestre Terrestre de Goi\u00e1s, o mais abrangente esfor\u00e7o cient\u00edfico j\u00e1 realizado para mapear a biodiversidade em territ\u00f3rio goiano. Com&hellip;","_links":{"self":[{"href":"https:\/\/goias.gov.br\/parquesdegoias\/wp-json\/wp\/v2\/pages\/3125","targetHints":{"allow":["GET"]}}],"collection":[{"href":"https:\/\/goias.gov.br\/parquesdegoias\/wp-json\/wp\/v2\/pages"}],"about":[{"href":"https:\/\/goias.gov.br\/parquesdegoias\/wp-json\/wp\/v2\/types\/page"}],"author":[{"embeddable":true,"href":"https:\/\/goias.gov.br\/parquesdegoias\/wp-json\/wp\/v2\/users\/855"}],"replies":[{"embeddable":true,"href":"https:\/\/goias.gov.br\/parquesdegoias\/wp-json\/wp\/v2\/comments?post=3125"}],"version-history":[{"count":2,"href":"https:\/\/goias.gov.br\/parquesdegoias\/wp-json\/wp\/v2\/pages\/3125\/revisions"}],"predecessor-version":[{"id":4238,"href":"https:\/\/goias.gov.br\/parquesdegoias\/wp-json\/wp\/v2\/pages\/3125\/revisions\/4238"}],"wp:attachment":[{"href":"https:\/\/goias.gov.br\/parquesdegoias\/wp-json\/wp\/v2\/media?parent=3125"}],"curies":[{"name":"wp","href":"https:\/\/api.w.org\/{rel}","templated":true}]}}