
{"id":2529,"date":"2025-12-03T08:53:48","date_gmt":"2025-12-03T11:53:48","guid":{"rendered":"https:\/\/goias.gov.br\/parquesdegoias\/?page_id=2529"},"modified":"2026-01-22T09:28:02","modified_gmt":"2026-01-22T12:28:02","slug":"voluntariado","status":"publish","type":"page","link":"https:\/\/goias.gov.br\/parquesdegoias\/voluntariado\/","title":{"rendered":"Programa de Voluntariado"},"content":{"rendered":"\t\t<div data-elementor-type=\"wp-page\" data-elementor-id=\"2529\" class=\"elementor elementor-2529\">\n\t\t\t\t<div class=\"elementor-element elementor-element-20a399cc e-con-full e-flex e-con e-parent\" data-id=\"20a399cc\" data-element_type=\"container\" data-e-type=\"container\">\n\t\t<div class=\"elementor-element elementor-element-18532ba1 e-con-full e-flex e-con e-child\" data-id=\"18532ba1\" data-element_type=\"container\" data-e-type=\"container\" data-settings=\"{&quot;background_background&quot;:&quot;classic&quot;}\">\n\t\t\t\t<div class=\"elementor-element elementor-element-42fb886a elementor-widget__width-initial elementor-widget-tablet__width-initial elementor-widget elementor-widget-heading\" data-id=\"42fb886a\" data-element_type=\"widget\" data-e-type=\"widget\" data-widget_type=\"heading.default\">\n\t\t\t\t\t<h2 class=\"elementor-heading-title elementor-size-default\">PROGRAMA DE VOLUNTARIADO<\/h2>\t\t\t\t<\/div>\n\t\t\t\t<\/div>\n\t\t<div class=\"elementor-element elementor-element-4c9516c7 e-con-full e-flex e-con e-child\" data-id=\"4c9516c7\" data-element_type=\"container\" data-e-type=\"container\">\n\t\t<div class=\"elementor-element elementor-element-6983916d e-con-full e-flex e-con e-child\" data-id=\"6983916d\" data-element_type=\"container\" data-e-type=\"container\">\n\t\t\t\t<div class=\"elementor-element elementor-element-219f628a elementor-widget__width-initial elementor-widget elementor-widget-text-editor\" data-id=\"219f628a\" data-element_type=\"widget\" data-e-type=\"widget\" data-widget_type=\"text-editor.default\">\n\t\t\t\t\t\t\t\t\t<p><span style=\"color: #000000; font-family: arial, helvetica, sans-serif; font-size: 12pt;\">O Estado de Goi\u00e1s possui 25 Unidades de Conserva\u00e7\u00e3o (UC), sendo 13 parques, 8 \u00e1reas de prote\u00e7\u00e3o ambiental, 1 esta\u00e7\u00e3o ecol\u00f3gica, 1 monumento natural, 1 floresta estadual e 1 \u00e1rea de relevante interesse ecol\u00f3gico. Nesses locais, animais, plantas, paisagens e saberes tradicionais s\u00e3o especialmente protegidos da degrada\u00e7\u00e3o causada pela a\u00e7\u00e3o humana. E isso s\u00f3 \u00e9 poss\u00edvel gra\u00e7as ao trabalho de um grupo se profissionais altamente especializado. S\u00e3o administradores, monitores, t\u00e9cnicos de campo entre outros, os quais trabalham todos os dias com o objetivo de proteger nosso rico patrim\u00f4nio natural. E atrav\u00e9s do trabalho volunt\u00e1rio, qualquer pessoa tamb\u00e9m pode fazer parte dessa equipe e ajudar a proteger esses locais extraordin\u00e1rios, doando um pouco de seu tempo, de suas habilidades e conhecimentos em prol da conserva\u00e7\u00e3o da natureza.<\/span><\/p><p><span style=\"color: #000000; font-family: arial, helvetica, sans-serif; font-size: 12pt;\">O trabalho volunt\u00e1rio nas unidades de conserva\u00e7\u00e3o \u00e9 uma estrat\u00e9gia com grande potencial para aumentar o envolvimento da sociedade na gest\u00e3o socioambiental, de modo que as pessoas possam desenvolver uma rela\u00e7\u00e3o positiva com a natureza, contribuindo para a preserva\u00e7\u00e3o do patrim\u00f4nio natural. Nesse contexto, qualquer pessoa pode se juntar \u00e0 Semad na miss\u00e3o cuidar do meio ambiente, sendo que o \u00fanico requisito necess\u00e1rio \u00e9 ter disposi\u00e7\u00e3o, compromisso e vontade de cuidar da natureza.<\/span><\/p><p><span style=\"color: #000000; font-family: arial, helvetica, sans-serif; font-size: 12pt;\">O Programa de Voluntariado da Semad oferece oportunidades para atua\u00e7\u00e3o em toda a estrutura da Secretaria, em especial junto \u00e0s unidades de conserva\u00e7\u00e3o estaduais, de modo presencial ou a dist\u00e2ncia.<\/span><\/p><p><span style=\"color: #000000; font-family: arial, helvetica, sans-serif; font-size: 12pt;\">O Programa de Voluntariado da Semad tem como norteadores a Lei Estadual n\u00ba 17.329\/2011, que disp\u00f5e sobre a cria\u00e7\u00e3o do Servi\u00e7o Volunt\u00e1rio Ambiental no Estado de Goi\u00e1s e a Instru\u00e7\u00e3o Normativa n\u00ba 11\/2023, que trata da cria\u00e7\u00e3o do Programa de Voluntariado na Secretaria de Estado de Meio Ambiente e Desenvolvimento Sustent\u00e1vel.<\/span><\/p><p><span style=\"color: #000000; font-family: arial, helvetica, sans-serif; font-size: 12pt;\">O Programa de Voluntariado da Semad tem dura\u00e7\u00e3o m\u00ednima de 3 meses.<\/span><\/p><p><span style=\"font-family: arial, helvetica, sans-serif; font-size: 12pt;\"><strong><span style=\"color: #000000;\">\u00c1reas tem\u00e1ticas:<\/span><\/strong><\/span><\/p><ul><li style=\"list-style-type: none;\"><ul style=\"list-style-type: circle;\"><li><span style=\"color: #000000; font-family: arial, helvetica, sans-serif; font-size: 12pt;\">Educa\u00e7\u00e3o ambiental;<\/span><\/li><li><span style=\"color: #000000; font-family: arial, helvetica, sans-serif; font-size: 12pt;\">Monitoramento e gest\u00e3o;<\/span><\/li><li><span style=\"color: #000000; font-family: arial, helvetica, sans-serif; font-size: 12pt;\">Manuten\u00e7\u00e3o de trilhas;<\/span><\/li><li><span style=\"color: #000000; font-family: arial, helvetica, sans-serif; font-size: 12pt;\">Servi\u00e7os administrativos;<\/span><\/li><li><span style=\"color: #000000; font-family: arial, helvetica, sans-serif; font-size: 12pt;\">Manejo integrado do fogo.<\/span><\/li><\/ul><\/li><\/ul><p><span style=\"font-family: arial, helvetica, sans-serif; font-size: 12pt;\"><strong><span style=\"color: #000000;\">Como participar<\/span><\/strong><\/span><\/p><p><span style=\"color: #000000; font-family: arial, helvetica, sans-serif; font-size: 12pt;\">Para participar do Programa do Voluntariado voc\u00ea deve:<\/span><\/p><ul><li style=\"list-style-type: none;\"><ul style=\"list-style-type: circle;\"><li><span style=\"color: #000000; font-family: arial, helvetica, sans-serif; font-size: 12pt;\">Se inscrever no cadastro de volunt\u00e1rios da Semad;<\/span><\/li><li><span style=\"color: #000000; font-family: arial, helvetica, sans-serif; font-size: 12pt;\">Escolher uma das vagas ofertadas pela Semad.<\/span><\/li><\/ul><\/li><\/ul><p><span style=\"font-family: arial, helvetica, sans-serif; font-size: 12pt;\"><strong><span style=\"color: #000000;\">Cadastro<\/span><\/strong><\/span><\/p><p><span style=\"color: #000000; font-family: arial, helvetica, sans-serif; font-size: 12pt;\">Confira aqui os editais abertos para a sele\u00e7\u00e3o de volunt\u00e1rios.<\/span><\/p><p style=\"padding-left: 40px;\"><span style=\"color: #000000; font-family: arial, helvetica, sans-serif; font-size: 12pt;\">Cadastre-se aqui para se inscrever no Programa de Voluntariado.<\/span><\/p>\t\t\t\t\t\t\t\t<\/div>\n\t\t\t\t<\/div>\n\t\t\t\t<div class=\"elementor-element elementor-element-7099dc0 elementor-widget elementor-widget-video\" data-id=\"7099dc0\" data-element_type=\"widget\" data-e-type=\"widget\" data-settings=\"{&quot;youtube_url&quot;:&quot;https:\\\/\\\/youtu.be\\\/vGv7d-iKSmM&quot;,&quot;video_type&quot;:&quot;youtube&quot;,&quot;controls&quot;:&quot;yes&quot;}\" data-widget_type=\"video.default\">\n\t\t\t\t\t\t\t<div class=\"elementor-wrapper elementor-open-inline\">\n\t\t\t<div class=\"elementor-video\"><\/div>\t\t<\/div>\n\t\t\t\t\t\t<\/div>\n\t\t\t\t<\/div>\n\t\t\t\t<\/div>\n\t\t\t\t<\/div>\n\t\t","protected":false},"excerpt":{"rendered":"<p>PROGRAMA DE VOLUNTARIADO O Estado de Goi\u00e1s possui 25 Unidades de Conserva\u00e7\u00e3o (UC), sendo 13 parques, 8 \u00e1reas de prote\u00e7\u00e3o ambiental, 1 esta\u00e7\u00e3o ecol\u00f3gica, 1 monumento natural, 1 floresta estadual e 1 \u00e1rea de relevante interesse ecol\u00f3gico. Nesses locais, animais, plantas, paisagens e saberes tradicionais s\u00e3o especialmente protegidos da degrada\u00e7\u00e3o causada pela a\u00e7\u00e3o humana. E [&hellip;]<\/p>\n","protected":false},"author":1497,"featured_media":0,"parent":0,"menu_order":0,"comment_status":"closed","ping_status":"closed","template":"elementor_theme","meta":{"footnotes":""},"class_list":["post-2529","page","type-page","status-publish","hentry"],"acf":[],"rttpg_featured_image_url":null,"rttpg_author":{"display_name":"","author_link":"https:\/\/goias.gov.br\/parquesdegoias\/author\/"},"rttpg_comment":0,"rttpg_category":null,"rttpg_excerpt":"PROGRAMA DE VOLUNTARIADO O Estado de Goi\u00e1s possui 25 Unidades de Conserva\u00e7\u00e3o (UC), sendo 13 parques, 8 \u00e1reas de prote\u00e7\u00e3o ambiental, 1 esta\u00e7\u00e3o ecol\u00f3gica, 1 monumento natural, 1 floresta estadual e 1 \u00e1rea de relevante interesse ecol\u00f3gico. Nesses locais, animais, plantas, paisagens e saberes tradicionais s\u00e3o especialmente protegidos da degrada\u00e7\u00e3o causada pela a\u00e7\u00e3o humana. E&hellip;","_links":{"self":[{"href":"https:\/\/goias.gov.br\/parquesdegoias\/wp-json\/wp\/v2\/pages\/2529","targetHints":{"allow":["GET"]}}],"collection":[{"href":"https:\/\/goias.gov.br\/parquesdegoias\/wp-json\/wp\/v2\/pages"}],"about":[{"href":"https:\/\/goias.gov.br\/parquesdegoias\/wp-json\/wp\/v2\/types\/page"}],"author":[{"embeddable":true,"href":"https:\/\/goias.gov.br\/parquesdegoias\/wp-json\/wp\/v2\/users\/1497"}],"replies":[{"embeddable":true,"href":"https:\/\/goias.gov.br\/parquesdegoias\/wp-json\/wp\/v2\/comments?post=2529"}],"version-history":[{"count":2,"href":"https:\/\/goias.gov.br\/parquesdegoias\/wp-json\/wp\/v2\/pages\/2529\/revisions"}],"predecessor-version":[{"id":4241,"href":"https:\/\/goias.gov.br\/parquesdegoias\/wp-json\/wp\/v2\/pages\/2529\/revisions\/4241"}],"wp:attachment":[{"href":"https:\/\/goias.gov.br\/parquesdegoias\/wp-json\/wp\/v2\/media?parent=2529"}],"curies":[{"name":"wp","href":"https:\/\/api.w.org\/{rel}","templated":true}]}}